{"id":24553,"date":"2026-04-24T18:48:31","date_gmt":"2026-04-24T18:48:31","guid":{"rendered":"https:\/\/rucua.com\/?post_type=product&#038;p=24553"},"modified":"2026-04-24T18:48:32","modified_gmt":"2026-04-24T18:48:32","slug":"bx-00-starter-storm-spriggan-2-70m","status":"publish","type":"product","link":"https:\/\/rucua.com\/ja\/tienda\/bx-00-starter-storm-spriggan-2-70m\/","title":{"rendered":"BX-00 Starter Storm Spriggan 2-70M"},"content":{"rendered":"<p class=\"p1\"><b>\ud835\udde3\ud835\udde5\ud835\uddd8<\/b><span class=\"s1\"><b>VENTA<\/b><\/span> | <span class=\"s1\">\ud835\uddd8\ud835\uddfb\ud835\ude03\ud835\uddf6\u0301\ud835\uddfc<\/span> <span class=\"s1\">\ud835\uddf1\ud835\uddf2\ud835\ude00\ud835\uddf1\ud835\uddf2<\/span> <span class=\"s1\">\ud835\udddd\ud835\uddee\ud835\uddfd\ud835\uddfc\u0301\ud835\uddfb<\/span><strong> (2-3 <\/strong><span class=\"s1\"><strong>\ud835\ude00\ud835\uddf2<\/strong>\ud835\uddfa\ud835\uddee\ud835\uddfb\ud835\uddee\ud835\ude00<\/span>)<br \/>\n\u00a1Garantiza tu <em><strong>BX-00 Storm Spriggan 2-70M<\/strong><\/em>\u00a0antes de que se agote! Este art\u00edculo se importa directamente desde Jap\u00f3n en lotes limitados para asegurar autenticidad y el mejor precio.<\/p>\n<p class=\"p1\"><span style=\"color: #ff0000;\"><em>Fecha de lanzamiento en Jap\u00f3n:<strong> Marzo 28, 2026.<\/strong><\/em><\/span><\/p>\n<p>Adaptaci\u00f3n oficial de la generaci\u00f3n Burst al sistema X. El legendario <b data-path-to-node=\"6\" data-index-in-node=\"74\">BX-00 Storm Spriggan 2-70M<\/b> trae el ic\u00f3nico dise\u00f1o de la generaci\u00f3n <i data-path-to-node=\"6\" data-index-in-node=\"141\">Beyblade Burst<\/i> al sistema de rieles de Beyblade X. Esta es una pieza obligatoria para los coleccionistas y fan\u00e1ticos, redise\u00f1ada para soportar los impactos extremos de la nueva generaci\u00f3n. Su Blade de forma agresiva se combina con el Bit, el cual alterna entre movimientos veloces en el per\u00edmetro y una defensa est\u00e1tica en el centro, dependiendo de tu \u00e1ngulo de lanzamiento y la fuerza aplicada.<\/p>\n<p><b>Producto 100% original japon\u00e9s (Takara Tomy)<\/b> \u2013 Calidad premium, dise\u00f1o exclusivo, rendimiento real.<\/p>\n<p><strong>Detalles del producto<\/strong>: Blade (1), Ratchet (1), Bit (1), Lanzador de Jareta (1), Jareta Larga (1), Manual de Instrucciones (1), Beycode (1).<\/p>","protected":false},"excerpt":{"rendered":"<p>\ud835\udde3\ud835\udde5\ud835\uddd8VENTA | \ud835\uddd8\ud835\uddfb\ud835\ude03\ud835\uddf6\u0301\ud835\uddfc \ud835\uddf1\ud835\uddf2\ud835\ude00\ud835\uddf1\ud835\uddf2 \ud835\udddd\ud835\uddee\ud835\uddfd\ud835\uddfc\u0301\ud835\uddfb (2-3 \ud835\ude00\ud835\uddf2\ud835\uddfa\ud835\uddee\ud835\uddfb\ud835\uddee\ud835\ude00) \u00a1Garantiza tu BX-00 Storm Spriggan 2-70M\u00a0antes de que se agote! Este art\u00edculo se importa directamente desde Jap\u00f3n en lotes limitados para asegurar autenticidad y el mejor precio. Fecha de lanzamiento en Jap\u00f3n: Marzo 28, 2026. Adaptaci\u00f3n oficial de la generaci\u00f3n Burst al sistema X. El legendario BX-00 Storm Spriggan 2-70M trae el ic\u00f3nico dise\u00f1o de la generaci\u00f3n Beyblade Burst al sistema de rieles de Beyblade X. Esta es una pieza obligatoria para los coleccionistas y fan\u00e1ticos, redise\u00f1ada para soportar los impactos extremos de la nueva generaci\u00f3n. Su Blade de forma agresiva se combina con el Bit, el cual alterna entre movimientos veloces en [&hellip;]<\/p>","protected":false},"featured_media":24559,"comment_status":"open","ping_status":"closed","template":"","meta":[],"product_brand":[],"product_cat":[428,418,448],"product_tag":[440],"class_list":{"0":"post-24553","1":"product","2":"type-product","3":"status-publish","4":"has-post-thumbnail","6":"product_cat-ediciones-especiales","7":"product_cat-starter-set","8":"product_cat-preventas","9":"product_tag-preventa","11":"first","12":"onbackorder","13":"shipping-taxable","14":"purchasable","15":"product-type-simple"},"yoast_head":"<!-- This site is optimized with the Yoast SEO Premium plugin v26.4 (Yoast SEO v26.4) - https:\/\/yoast.com\/wordpress\/plugins\/seo\/ -->\n<title>BX-00 Starter Storm Spriggan 2-70M - Rucua<\/title>\n<meta name=\"robots\" content=\"index, follow, max-snippet:-1, max-image-preview:large, max-video-preview:-1\" \/>\n<link rel=\"canonical\" href=\"https:\/\/rucua.com\/ja\/tienda\/bx-00-starter-storm-spriggan-2-70m\/?wmc-currency=JPY\" \/>\n<meta property=\"og:locale\" content=\"ja_JP\" \/>\n<meta property=\"og:type\" content=\"article\" \/>\n<meta property=\"og:title\" content=\"BX-00 Starter Storm Spriggan 2-70M\" \/>\n<meta property=\"og:description\" content=\"\ud835\udde3\ud835\udde5\ud835\uddd8VENTA | \ud835\uddd8\ud835\uddfb\ud835\ude03\ud835\uddf6\u0301\ud835\uddfc \ud835\uddf1\ud835\uddf2\ud835\ude00\ud835\uddf1\ud835\uddf2 \ud835\udddd\ud835\uddee\ud835\uddfd\ud835\uddfc\u0301\ud835\uddfb (2-3 \ud835\ude00\ud835\uddf2\ud835\uddfa\ud835\uddee\ud835\uddfb\ud835\uddee\ud835\ude00) \u00a1Garantiza tu BX-00 Storm Spriggan 2-70M\u00a0antes de que se agote! Este art\u00edculo se importa directamente desde Jap\u00f3n en lotes limitados para asegurar autenticidad y el mejor precio. Fecha de lanzamiento en Jap\u00f3n: Marzo 28, 2026. Adaptaci\u00f3n oficial de la generaci\u00f3n Burst al sistema X. El legendario BX-00 Storm Spriggan 2-70M trae el ic\u00f3nico dise\u00f1o de la generaci\u00f3n Beyblade Burst al sistema de rieles de Beyblade X. Esta es una pieza obligatoria para los coleccionistas y fan\u00e1ticos, redise\u00f1ada para soportar los impactos extremos de la nueva generaci\u00f3n. Su Blade de forma agresiva se combina con el Bit, el cual alterna entre movimientos veloces en [&hellip;]\" \/>\n<meta property=\"og:url\" content=\"https:\/\/rucua.com\/ja\/tienda\/bx-00-starter-storm-spriggan-2-70m\/?wmc-currency=JPY\" \/>\n<meta property=\"og:site_name\" content=\"Rucua\" \/>\n<meta property=\"article:modified_time\" content=\"2026-04-24T18:48:32+00:00\" \/>\n<meta property=\"og:image\" content=\"http:\/\/rucua.com\/wp-content\/uploads\/2026\/03\/1.png\" \/>\n\t<meta property=\"og:image:width\" content=\"1000\" \/>\n\t<meta property=\"og:image:height\" content=\"1000\" \/>\n\t<meta property=\"og:image:type\" content=\"image\/png\" \/>\n<meta name=\"twitter:card\" content=\"summary_large_image\" \/>\n<meta name=\"twitter:label1\" content=\"\u4fa1\u683c\" \/>\n\t<meta name=\"twitter:data1\" content=\"1,079.00 MXN\" \/>\n\t<meta name=\"twitter:label2\" content=\"\u5728\u5eab\" \/>\n\t<meta name=\"twitter:data2\" content=\"\u5165\u8377\u5f85\u3061\" \/>\n<script type=\"application\/ld+json\" class=\"yoast-schema-graph\">{\"@context\":\"https:\/\/schema.org\",\"@graph\":[{\"@type\":\"WebPage\",\"@id\":\"https:\/\/rucua.com\/tienda\/bx-00-starter-storm-spriggan-2-70m\/\",\"url\":\"https:\/\/rucua.com\/tienda\/bx-00-starter-storm-spriggan-2-70m\/\",\"name\":\"BX-00 Starter Storm Spriggan 2-70M - Rucua\",\"isPartOf\":{\"@id\":\"https:\/\/rucua.com\/ja\/#website\"},\"primaryImageOfPage\":{\"@id\":\"https:\/\/rucua.com\/tienda\/bx-00-starter-storm-spriggan-2-70m\/#primaryimage\"},\"image\":{\"@id\":\"https:\/\/rucua.com\/tienda\/bx-00-starter-storm-spriggan-2-70m\/#primaryimage\"},\"thumbnailUrl\":\"https:\/\/rucua.com\/wp-content\/uploads\/2026\/03\/1.png\",\"datePublished\":\"2026-04-24T18:48:31+00:00\",\"dateModified\":\"2026-04-24T18:48:32+00:00\",\"breadcrumb\":{\"@id\":\"https:\/\/rucua.com\/tienda\/bx-00-starter-storm-spriggan-2-70m\/#breadcrumb\"},\"inLanguage\":\"ja\",\"potentialAction\":[{\"@type\":\"ReadAction\",\"target\":[\"https:\/\/rucua.com\/tienda\/bx-00-starter-storm-spriggan-2-70m\/\"]}]},{\"@type\":\"ImageObject\",\"inLanguage\":\"ja\",\"@id\":\"https:\/\/rucua.com\/tienda\/bx-00-starter-storm-spriggan-2-70m\/#primaryimage\",\"url\":\"https:\/\/rucua.com\/wp-content\/uploads\/2026\/03\/1.png\",\"contentUrl\":\"https:\/\/rucua.com\/wp-content\/uploads\/2026\/03\/1.png\",\"width\":1000,\"height\":1000},{\"@type\":\"BreadcrumbList\",\"@id\":\"https:\/\/rucua.com\/tienda\/bx-00-starter-storm-spriggan-2-70m\/#breadcrumb\",\"itemListElement\":[{\"@type\":\"ListItem\",\"position\":1,\"name\":\"Inicio\",\"item\":\"https:\/\/rucua.com\/\"},{\"@type\":\"ListItem\",\"position\":2,\"name\":\"Tienda\",\"item\":\"https:\/\/rucua.com\/tienda\/\"},{\"@type\":\"ListItem\",\"position\":3,\"name\":\"BX-00 Starter Storm Spriggan 2-70M\"}]},{\"@type\":\"WebSite\",\"@id\":\"https:\/\/rucua.com\/ja\/#website\",\"url\":\"https:\/\/rucua.com\/ja\/\",\"name\":\"Rucua\",\"description\":\"\",\"potentialAction\":[{\"@type\":\"SearchAction\",\"target\":{\"@type\":\"EntryPoint\",\"urlTemplate\":\"https:\/\/rucua.com\/ja\/?s={search_term_string}\"},\"query-input\":{\"@type\":\"PropertyValueSpecification\",\"valueRequired\":true,\"valueName\":\"search_term_string\"}}],\"inLanguage\":\"ja\"}]}<\/script>\n<meta property=\"product:price:amount\" content=\"1079.00\" \/>\n<meta property=\"product:price:currency\" content=\"MXN\" \/>\n<meta property=\"og:availability\" content=\"backorder\" \/>\n<meta property=\"product:availability\" content=\"available for order\" \/>\n<meta property=\"product:condition\" content=\"new\" \/>\n<!-- \/ Yoast SEO Premium plugin. -->","yoast_head_json":{"title":"BX-00 Starter Storm Spriggan 2-70M - Rucua","robots":{"index":"index","follow":"follow","max-snippet":"max-snippet:-1","max-image-preview":"max-image-preview:large","max-video-preview":"max-video-preview:-1"},"canonical":"https:\/\/rucua.com\/ja\/tienda\/bx-00-starter-storm-spriggan-2-70m\/?wmc-currency=JPY","og_locale":"ja_JP","og_type":"article","og_title":"BX-00 Starter Storm Spriggan 2-70M","og_description":"\ud835\udde3\ud835\udde5\ud835\uddd8VENTA | \ud835\uddd8\ud835\uddfb\ud835\ude03\ud835\uddf6\u0301\ud835\uddfc \ud835\uddf1\ud835\uddf2\ud835\ude00\ud835\uddf1\ud835\uddf2 \ud835\udddd\ud835\uddee\ud835\uddfd\ud835\uddfc\u0301\ud835\uddfb (2-3 \ud835\ude00\ud835\uddf2\ud835\uddfa\ud835\uddee\ud835\uddfb\ud835\uddee\ud835\ude00) \u00a1Garantiza tu BX-00 Storm Spriggan 2-70M\u00a0antes de que se agote! Este art\u00edculo se importa directamente desde Jap\u00f3n en lotes limitados para asegurar autenticidad y el mejor precio. Fecha de lanzamiento en Jap\u00f3n: Marzo 28, 2026. Adaptaci\u00f3n oficial de la generaci\u00f3n Burst al sistema X. El legendario BX-00 Storm Spriggan 2-70M trae el ic\u00f3nico dise\u00f1o de la generaci\u00f3n Beyblade Burst al sistema de rieles de Beyblade X. Esta es una pieza obligatoria para los coleccionistas y fan\u00e1ticos, redise\u00f1ada para soportar los impactos extremos de la nueva generaci\u00f3n. Su Blade de forma agresiva se combina con el Bit, el cual alterna entre movimientos veloces en [&hellip;]","og_url":"https:\/\/rucua.com\/ja\/tienda\/bx-00-starter-storm-spriggan-2-70m\/?wmc-currency=JPY","og_site_name":"Rucua","article_modified_time":"2026-04-24T18:48:32+00:00","og_image":[{"width":1000,"height":1000,"url":"http:\/\/rucua.com\/wp-content\/uploads\/2026\/03\/1.png","type":"image\/png"}],"twitter_card":"summary_large_image","twitter_misc":{"\u4fa1\u683c":"1,079.00 MXN","\u5728\u5eab":"\u5165\u8377\u5f85\u3061"},"schema":{"@context":"https:\/\/schema.org","@graph":[{"@type":"WebPage","@id":"https:\/\/rucua.com\/tienda\/bx-00-starter-storm-spriggan-2-70m\/","url":"https:\/\/rucua.com\/tienda\/bx-00-starter-storm-spriggan-2-70m\/","name":"BX-00 Starter Storm Spriggan 2-70M - Rucua","isPartOf":{"@id":"https:\/\/rucua.com\/ja\/#website"},"primaryImageOfPage":{"@id":"https:\/\/rucua.com\/tienda\/bx-00-starter-storm-spriggan-2-70m\/#primaryimage"},"image":{"@id":"https:\/\/rucua.com\/tienda\/bx-00-starter-storm-spriggan-2-70m\/#primaryimage"},"thumbnailUrl":"https:\/\/rucua.com\/wp-content\/uploads\/2026\/03\/1.png","datePublished":"2026-04-24T18:48:31+00:00","dateModified":"2026-04-24T18:48:32+00:00","breadcrumb":{"@id":"https:\/\/rucua.com\/tienda\/bx-00-starter-storm-spriggan-2-70m\/#breadcrumb"},"inLanguage":"ja","potentialAction":[{"@type":"ReadAction","target":["https:\/\/rucua.com\/tienda\/bx-00-starter-storm-spriggan-2-70m\/"]}]},{"@type":"ImageObject","inLanguage":"ja","@id":"https:\/\/rucua.com\/tienda\/bx-00-starter-storm-spriggan-2-70m\/#primaryimage","url":"https:\/\/rucua.com\/wp-content\/uploads\/2026\/03\/1.png","contentUrl":"https:\/\/rucua.com\/wp-content\/uploads\/2026\/03\/1.png","width":1000,"height":1000},{"@type":"BreadcrumbList","@id":"https:\/\/rucua.com\/tienda\/bx-00-starter-storm-spriggan-2-70m\/#breadcrumb","itemListElement":[{"@type":"ListItem","position":1,"name":"Inicio","item":"https:\/\/rucua.com\/"},{"@type":"ListItem","position":2,"name":"Tienda","item":"https:\/\/rucua.com\/tienda\/"},{"@type":"ListItem","position":3,"name":"BX-00 Starter Storm Spriggan 2-70M"}]},{"@type":"WebSite","@id":"https:\/\/rucua.com\/ja\/#website","url":"https:\/\/rucua.com\/ja\/","name":"Rucua","description":"","potentialAction":[{"@type":"SearchAction","target":{"@type":"EntryPoint","urlTemplate":"https:\/\/rucua.com\/ja\/?s={search_term_string}"},"query-input":{"@type":"PropertyValueSpecification","valueRequired":true,"valueName":"search_term_string"}}],"inLanguage":"ja"}]},"product_price_amount":"1079.00","product_price_currency":"MXN","og_availability":"backorder","product_availability":"available for order","product_condition":"new"},"_links":{"self":[{"href":"https:\/\/rucua.com\/ja\/wp-json\/wp\/v2\/product\/24553","targetHints":{"allow":["GET"]}}],"collection":[{"href":"https:\/\/rucua.com\/ja\/wp-json\/wp\/v2\/product"}],"about":[{"href":"https:\/\/rucua.com\/ja\/wp-json\/wp\/v2\/types\/product"}],"replies":[{"embeddable":true,"href":"https:\/\/rucua.com\/ja\/wp-json\/wp\/v2\/comments?post=24553"}],"wp:featuredmedia":[{"embeddable":true,"href":"https:\/\/rucua.com\/ja\/wp-json\/wp\/v2\/media\/24559"}],"wp:attachment":[{"href":"https:\/\/rucua.com\/ja\/wp-json\/wp\/v2\/media?parent=24553"}],"wp:term":[{"taxonomy":"product_brand","embeddable":true,"href":"https:\/\/rucua.com\/ja\/wp-json\/wp\/v2\/product_brand?post=24553"},{"taxonomy":"product_cat","embeddable":true,"href":"https:\/\/rucua.com\/ja\/wp-json\/wp\/v2\/product_cat?post=24553"},{"taxonomy":"product_tag","embeddable":true,"href":"https:\/\/rucua.com\/ja\/wp-json\/wp\/v2\/product_tag?post=24553"}],"curies":[{"name":"wp","href":"https:\/\/api.w.org\/{rel}","templated":true}]}}