{"id":23838,"date":"2025-08-10T16:58:51","date_gmt":"2025-08-10T16:58:51","guid":{"rendered":"https:\/\/rucua.com\/?post_type=product&#038;p=23838"},"modified":"2025-10-13T05:31:47","modified_gmt":"2025-10-13T05:31:47","slug":"cx-00-valkyrie-bolt-s4-70v-metal-coat-gold","status":"publish","type":"product","link":"https:\/\/rucua.com\/ja\/tienda\/cx-00-valkyrie-bolt-s4-70v-metal-coat-gold\/","title":{"rendered":"CX-00 Valkyrie Bolt S4-70V Metal Coat: Gold"},"content":{"rendered":"<p class=\"p1\"><span class=\"s1\">\ud835\udde3\ud835\udde5\ud835\uddd8<\/span>&#8211;<span class=\"s1\">\ud835\udde2\ud835\udde5\ud835\uddd7\ud835\uddd8\ud835\udde1<\/span> | <span class=\"s1\">\ud835\uddd8\ud835\uddfb\ud835\ude03\ud835\uddf6\u0301\ud835\uddfc<\/span> <span class=\"s1\">\ud835\uddf1\ud835\uddf2\ud835\ude00\ud835\uddf1\ud835\uddf2<\/span> <span class=\"s1\">\ud835\udddd\ud835\uddee\ud835\uddfd\ud835\uddfc\u0301\ud835\uddfb<\/span> (<span class=\"s1\">\ud835\udfee<\/span>&#8211;<span class=\"s1\">\ud835\udfef<\/span> <span class=\"s1\">\ud835\ude00\ud835\uddf2\ud835\uddfa\ud835\uddee\ud835\uddfb\ud835\uddee\ud835\ude00<\/span>)<br \/>\n\u00a1Garantiza tu CX-00 Valkyrie Bolt S4-70V Metal Coat: Gold antes de que se agote! Este art\u00edculo se importa directamente desde Jap\u00f3n en lotes limitados para asegurar autenticidad y el mejor precio.<\/p>\n<p dir=\"ltr\" data-pm-slice=\"1 1 []\">\u00a1Domina el estadio con el Beyblade CX-00 Valkyrie Bolt S4-70V Metal Coat: Gold, una joya de ataque de la serie Beyblade X! Su Blade Valkyrie Bolt ofrece golpes devastadores, el Ratchet S4-70 maximiza rotaci\u00f3n y estabilidad, y el Bit Volt con Metal Coat dorado asegura durabilidad anti-burst. Dise\u00f1ado para dashes ultra-r\u00e1pidos, es perfecto para torneos o duelos casuales. Su dise\u00f1o premium y peso optimizado garantizan potencia y estilo. \u00a1Eleva tu juego y colecciona esta leyenda ahora!<\/p>\n<p class=\"p1\"><b>Producto 100% original japon\u00e9s (Takara Tomy)<\/b> \u2013 Calidad premium, dise\u00f1o exclusivo, rendimiento real.<\/p>\n<p dir=\"ltr\" data-pm-slice=\"1 1 []\"><b>Detalles del producto:\u00a0<\/b>Chip de bloqueo con metal (Metal Lock Chip) (1), Hoja principal (Main Blade) (1), Hoja de asistencia (Assist Blade) (1), Trinquete (Ratchet) (1), Punta (Bit) (1), Tarjeta de c\u00f3digo Bey (BeyCode card).<\/p>","protected":false},"excerpt":{"rendered":"<p>\ud835\udde3\ud835\udde5\ud835\uddd8&#8211;\ud835\udde2\ud835\udde5\ud835\uddd7\ud835\uddd8\ud835\udde1 | \ud835\uddd8\ud835\uddfb\ud835\ude03\ud835\uddf6\u0301\ud835\uddfc \ud835\uddf1\ud835\uddf2\ud835\ude00\ud835\uddf1\ud835\uddf2 \ud835\udddd\ud835\uddee\ud835\uddfd\ud835\uddfc\u0301\ud835\uddfb (\ud835\udfee&#8211;\ud835\udfef \ud835\ude00\ud835\uddf2\ud835\uddfa\ud835\uddee\ud835\uddfb\ud835\uddee\ud835\ude00) \u00a1Garantiza tu CX-00 Valkyrie Bolt S4-70V Metal Coat: Gold antes de que se agote! Este art\u00edculo se importa directamente desde Jap\u00f3n en lotes limitados para asegurar autenticidad y el mejor precio. \u00a1Domina el estadio con el Beyblade CX-00 Valkyrie Bolt S4-70V Metal Coat: Gold, una joya de ataque de la serie Beyblade X! Su Blade Valkyrie Bolt ofrece golpes devastadores, el Ratchet S4-70 maximiza rotaci\u00f3n y estabilidad, y el Bit Volt con Metal Coat dorado asegura durabilidad anti-burst. Dise\u00f1ado para dashes ultra-r\u00e1pidos, es perfecto para torneos o duelos casuales. Su dise\u00f1o premium y peso optimizado garantizan potencia y estilo. \u00a1Eleva tu juego y [&hellip;]<\/p>","protected":false},"featured_media":23839,"comment_status":"open","ping_status":"closed","template":"","meta":[],"product_brand":[],"product_cat":[428],"product_tag":[],"class_list":{"0":"post-23838","1":"product","2":"type-product","3":"status-publish","4":"has-post-thumbnail","6":"product_cat-ediciones-especiales","8":"first","9":"onbackorder","10":"shipping-taxable","11":"purchasable","12":"product-type-simple"},"yoast_head":"<!-- This site is optimized with the Yoast SEO Premium plugin v26.4 (Yoast SEO v26.4) - https:\/\/yoast.com\/wordpress\/plugins\/seo\/ -->\n<title>CX-00 Valkyrie Bolt S4-70V Metal Coat: Gold - Rucua<\/title>\n<meta name=\"robots\" content=\"index, follow, max-snippet:-1, max-image-preview:large, max-video-preview:-1\" \/>\n<link rel=\"canonical\" href=\"https:\/\/rucua.com\/ja\/tienda\/cx-00-valkyrie-bolt-s4-70v-metal-coat-gold\/?wmc-currency=JPY\" \/>\n<meta property=\"og:locale\" content=\"ja_JP\" \/>\n<meta property=\"og:type\" content=\"article\" \/>\n<meta property=\"og:title\" content=\"CX-00 Valkyrie Bolt S4-70V Metal Coat: Gold\" \/>\n<meta property=\"og:description\" content=\"\ud835\udde3\ud835\udde5\ud835\uddd8&#8211;\ud835\udde2\ud835\udde5\ud835\uddd7\ud835\uddd8\ud835\udde1 | \ud835\uddd8\ud835\uddfb\ud835\ude03\ud835\uddf6\u0301\ud835\uddfc \ud835\uddf1\ud835\uddf2\ud835\ude00\ud835\uddf1\ud835\uddf2 \ud835\udddd\ud835\uddee\ud835\uddfd\ud835\uddfc\u0301\ud835\uddfb (\ud835\udfee&#8211;\ud835\udfef \ud835\ude00\ud835\uddf2\ud835\uddfa\ud835\uddee\ud835\uddfb\ud835\uddee\ud835\ude00) \u00a1Garantiza tu CX-00 Valkyrie Bolt S4-70V Metal Coat: Gold antes de que se agote! Este art\u00edculo se importa directamente desde Jap\u00f3n en lotes limitados para asegurar autenticidad y el mejor precio. \u00a1Domina el estadio con el Beyblade CX-00 Valkyrie Bolt S4-70V Metal Coat: Gold, una joya de ataque de la serie Beyblade X! Su Blade Valkyrie Bolt ofrece golpes devastadores, el Ratchet S4-70 maximiza rotaci\u00f3n y estabilidad, y el Bit Volt con Metal Coat dorado asegura durabilidad anti-burst. Dise\u00f1ado para dashes ultra-r\u00e1pidos, es perfecto para torneos o duelos casuales. Su dise\u00f1o premium y peso optimizado garantizan potencia y estilo. \u00a1Eleva tu juego y [&hellip;]\" \/>\n<meta property=\"og:url\" content=\"https:\/\/rucua.com\/ja\/tienda\/cx-00-valkyrie-bolt-s4-70v-metal-coat-gold\/?wmc-currency=JPY\" \/>\n<meta property=\"og:site_name\" content=\"Rucua\" \/>\n<meta property=\"article:modified_time\" content=\"2025-10-13T05:31:47+00:00\" \/>\n<meta property=\"og:image\" content=\"http:\/\/rucua.com\/wp-content\/uploads\/2025\/07\/12.png\" \/>\n\t<meta property=\"og:image:width\" content=\"1500\" \/>\n\t<meta property=\"og:image:height\" content=\"1500\" \/>\n\t<meta property=\"og:image:type\" content=\"image\/png\" \/>\n<meta name=\"twitter:card\" content=\"summary_large_image\" \/>\n<meta name=\"twitter:label1\" content=\"\u4fa1\u683c\" \/>\n\t<meta name=\"twitter:data1\" content=\"6,799.00 MXN\" \/>\n\t<meta name=\"twitter:label2\" content=\"\u5728\u5eab\" \/>\n\t<meta name=\"twitter:data2\" content=\"\u5165\u8377\u5f85\u3061\" \/>\n<script type=\"application\/ld+json\" class=\"yoast-schema-graph\">{\"@context\":\"https:\/\/schema.org\",\"@graph\":[{\"@type\":\"WebPage\",\"@id\":\"https:\/\/rucua.com\/tienda\/cx-00-valkyrie-bolt-s4-70v-metal-coat-gold\/\",\"url\":\"https:\/\/rucua.com\/tienda\/cx-00-valkyrie-bolt-s4-70v-metal-coat-gold\/\",\"name\":\"CX-00 Valkyrie Bolt S4-70V Metal Coat: Gold - Rucua\",\"isPartOf\":{\"@id\":\"https:\/\/rucua.com\/ja\/#website\"},\"primaryImageOfPage\":{\"@id\":\"https:\/\/rucua.com\/tienda\/cx-00-valkyrie-bolt-s4-70v-metal-coat-gold\/#primaryimage\"},\"image\":{\"@id\":\"https:\/\/rucua.com\/tienda\/cx-00-valkyrie-bolt-s4-70v-metal-coat-gold\/#primaryimage\"},\"thumbnailUrl\":\"https:\/\/rucua.com\/wp-content\/uploads\/2025\/07\/12.png\",\"datePublished\":\"2025-08-10T16:58:51+00:00\",\"dateModified\":\"2025-10-13T05:31:47+00:00\",\"breadcrumb\":{\"@id\":\"https:\/\/rucua.com\/tienda\/cx-00-valkyrie-bolt-s4-70v-metal-coat-gold\/#breadcrumb\"},\"inLanguage\":\"ja\",\"potentialAction\":[{\"@type\":\"ReadAction\",\"target\":[\"https:\/\/rucua.com\/tienda\/cx-00-valkyrie-bolt-s4-70v-metal-coat-gold\/\"]}]},{\"@type\":\"ImageObject\",\"inLanguage\":\"ja\",\"@id\":\"https:\/\/rucua.com\/tienda\/cx-00-valkyrie-bolt-s4-70v-metal-coat-gold\/#primaryimage\",\"url\":\"https:\/\/rucua.com\/wp-content\/uploads\/2025\/07\/12.png\",\"contentUrl\":\"https:\/\/rucua.com\/wp-content\/uploads\/2025\/07\/12.png\",\"width\":1500,\"height\":1500},{\"@type\":\"BreadcrumbList\",\"@id\":\"https:\/\/rucua.com\/tienda\/cx-00-valkyrie-bolt-s4-70v-metal-coat-gold\/#breadcrumb\",\"itemListElement\":[{\"@type\":\"ListItem\",\"position\":1,\"name\":\"Inicio\",\"item\":\"https:\/\/rucua.com\/\"},{\"@type\":\"ListItem\",\"position\":2,\"name\":\"Tienda\",\"item\":\"https:\/\/rucua.com\/tienda\/\"},{\"@type\":\"ListItem\",\"position\":3,\"name\":\"CX-00 Valkyrie Bolt S4-70V Metal Coat: Gold\"}]},{\"@type\":\"WebSite\",\"@id\":\"https:\/\/rucua.com\/ja\/#website\",\"url\":\"https:\/\/rucua.com\/ja\/\",\"name\":\"Rucua\",\"description\":\"\",\"potentialAction\":[{\"@type\":\"SearchAction\",\"target\":{\"@type\":\"EntryPoint\",\"urlTemplate\":\"https:\/\/rucua.com\/ja\/?s={search_term_string}\"},\"query-input\":{\"@type\":\"PropertyValueSpecification\",\"valueRequired\":true,\"valueName\":\"search_term_string\"}}],\"inLanguage\":\"ja\"}]}<\/script>\n<meta property=\"product:price:amount\" content=\"6799.00\" \/>\n<meta property=\"product:price:currency\" content=\"MXN\" \/>\n<meta property=\"og:availability\" content=\"backorder\" \/>\n<meta property=\"product:availability\" content=\"available for order\" \/>\n<meta property=\"product:condition\" content=\"new\" \/>\n<!-- \/ Yoast SEO Premium plugin. -->","yoast_head_json":{"title":"CX-00 Valkyrie Bolt S4-70V Metal Coat: Gold - Rucua","robots":{"index":"index","follow":"follow","max-snippet":"max-snippet:-1","max-image-preview":"max-image-preview:large","max-video-preview":"max-video-preview:-1"},"canonical":"https:\/\/rucua.com\/ja\/tienda\/cx-00-valkyrie-bolt-s4-70v-metal-coat-gold\/?wmc-currency=JPY","og_locale":"ja_JP","og_type":"article","og_title":"CX-00 Valkyrie Bolt S4-70V Metal Coat: Gold","og_description":"\ud835\udde3\ud835\udde5\ud835\uddd8&#8211;\ud835\udde2\ud835\udde5\ud835\uddd7\ud835\uddd8\ud835\udde1 | \ud835\uddd8\ud835\uddfb\ud835\ude03\ud835\uddf6\u0301\ud835\uddfc \ud835\uddf1\ud835\uddf2\ud835\ude00\ud835\uddf1\ud835\uddf2 \ud835\udddd\ud835\uddee\ud835\uddfd\ud835\uddfc\u0301\ud835\uddfb (\ud835\udfee&#8211;\ud835\udfef \ud835\ude00\ud835\uddf2\ud835\uddfa\ud835\uddee\ud835\uddfb\ud835\uddee\ud835\ude00) \u00a1Garantiza tu CX-00 Valkyrie Bolt S4-70V Metal Coat: Gold antes de que se agote! Este art\u00edculo se importa directamente desde Jap\u00f3n en lotes limitados para asegurar autenticidad y el mejor precio. \u00a1Domina el estadio con el Beyblade CX-00 Valkyrie Bolt S4-70V Metal Coat: Gold, una joya de ataque de la serie Beyblade X! Su Blade Valkyrie Bolt ofrece golpes devastadores, el Ratchet S4-70 maximiza rotaci\u00f3n y estabilidad, y el Bit Volt con Metal Coat dorado asegura durabilidad anti-burst. Dise\u00f1ado para dashes ultra-r\u00e1pidos, es perfecto para torneos o duelos casuales. Su dise\u00f1o premium y peso optimizado garantizan potencia y estilo. \u00a1Eleva tu juego y [&hellip;]","og_url":"https:\/\/rucua.com\/ja\/tienda\/cx-00-valkyrie-bolt-s4-70v-metal-coat-gold\/?wmc-currency=JPY","og_site_name":"Rucua","article_modified_time":"2025-10-13T05:31:47+00:00","og_image":[{"width":1500,"height":1500,"url":"http:\/\/rucua.com\/wp-content\/uploads\/2025\/07\/12.png","type":"image\/png"}],"twitter_card":"summary_large_image","twitter_misc":{"\u4fa1\u683c":"6,799.00 MXN","\u5728\u5eab":"\u5165\u8377\u5f85\u3061"},"schema":{"@context":"https:\/\/schema.org","@graph":[{"@type":"WebPage","@id":"https:\/\/rucua.com\/tienda\/cx-00-valkyrie-bolt-s4-70v-metal-coat-gold\/","url":"https:\/\/rucua.com\/tienda\/cx-00-valkyrie-bolt-s4-70v-metal-coat-gold\/","name":"CX-00 Valkyrie Bolt S4-70V Metal Coat: Gold - Rucua","isPartOf":{"@id":"https:\/\/rucua.com\/ja\/#website"},"primaryImageOfPage":{"@id":"https:\/\/rucua.com\/tienda\/cx-00-valkyrie-bolt-s4-70v-metal-coat-gold\/#primaryimage"},"image":{"@id":"https:\/\/rucua.com\/tienda\/cx-00-valkyrie-bolt-s4-70v-metal-coat-gold\/#primaryimage"},"thumbnailUrl":"https:\/\/rucua.com\/wp-content\/uploads\/2025\/07\/12.png","datePublished":"2025-08-10T16:58:51+00:00","dateModified":"2025-10-13T05:31:47+00:00","breadcrumb":{"@id":"https:\/\/rucua.com\/tienda\/cx-00-valkyrie-bolt-s4-70v-metal-coat-gold\/#breadcrumb"},"inLanguage":"ja","potentialAction":[{"@type":"ReadAction","target":["https:\/\/rucua.com\/tienda\/cx-00-valkyrie-bolt-s4-70v-metal-coat-gold\/"]}]},{"@type":"ImageObject","inLanguage":"ja","@id":"https:\/\/rucua.com\/tienda\/cx-00-valkyrie-bolt-s4-70v-metal-coat-gold\/#primaryimage","url":"https:\/\/rucua.com\/wp-content\/uploads\/2025\/07\/12.png","contentUrl":"https:\/\/rucua.com\/wp-content\/uploads\/2025\/07\/12.png","width":1500,"height":1500},{"@type":"BreadcrumbList","@id":"https:\/\/rucua.com\/tienda\/cx-00-valkyrie-bolt-s4-70v-metal-coat-gold\/#breadcrumb","itemListElement":[{"@type":"ListItem","position":1,"name":"Inicio","item":"https:\/\/rucua.com\/"},{"@type":"ListItem","position":2,"name":"Tienda","item":"https:\/\/rucua.com\/tienda\/"},{"@type":"ListItem","position":3,"name":"CX-00 Valkyrie Bolt S4-70V Metal Coat: Gold"}]},{"@type":"WebSite","@id":"https:\/\/rucua.com\/ja\/#website","url":"https:\/\/rucua.com\/ja\/","name":"Rucua","description":"","potentialAction":[{"@type":"SearchAction","target":{"@type":"EntryPoint","urlTemplate":"https:\/\/rucua.com\/ja\/?s={search_term_string}"},"query-input":{"@type":"PropertyValueSpecification","valueRequired":true,"valueName":"search_term_string"}}],"inLanguage":"ja"}]},"product_price_amount":"6799.00","product_price_currency":"MXN","og_availability":"backorder","product_availability":"available for order","product_condition":"new"},"_links":{"self":[{"href":"https:\/\/rucua.com\/ja\/wp-json\/wp\/v2\/product\/23838","targetHints":{"allow":["GET"]}}],"collection":[{"href":"https:\/\/rucua.com\/ja\/wp-json\/wp\/v2\/product"}],"about":[{"href":"https:\/\/rucua.com\/ja\/wp-json\/wp\/v2\/types\/product"}],"replies":[{"embeddable":true,"href":"https:\/\/rucua.com\/ja\/wp-json\/wp\/v2\/comments?post=23838"}],"wp:featuredmedia":[{"embeddable":true,"href":"https:\/\/rucua.com\/ja\/wp-json\/wp\/v2\/media\/23839"}],"wp:attachment":[{"href":"https:\/\/rucua.com\/ja\/wp-json\/wp\/v2\/media?parent=23838"}],"wp:term":[{"taxonomy":"product_brand","embeddable":true,"href":"https:\/\/rucua.com\/ja\/wp-json\/wp\/v2\/product_brand?post=23838"},{"taxonomy":"product_cat","embeddable":true,"href":"https:\/\/rucua.com\/ja\/wp-json\/wp\/v2\/product_cat?post=23838"},{"taxonomy":"product_tag","embeddable":true,"href":"https:\/\/rucua.com\/ja\/wp-json\/wp\/v2\/product_tag?post=23838"}],"curies":[{"name":"wp","href":"https:\/\/api.w.org\/{rel}","templated":true}]}}