{"id":23718,"date":"2025-07-30T05:14:42","date_gmt":"2025-07-30T05:14:42","guid":{"rendered":"https:\/\/rucua.com\/?post_type=product&#038;p=23718"},"modified":"2026-04-17T22:37:17","modified_gmt":"2026-04-17T22:37:17","slug":"ux-15-shark-scale-deck-set","status":"publish","type":"product","link":"https:\/\/rucua.com\/ja\/tienda\/ux-15-shark-scale-deck-set\/","title":{"rendered":"UX-15 Shark Scale Deck Set"},"content":{"rendered":"<p class=\"p1\"><span class=\"s1\">\ud835\udde3\ud835\udde5\ud835\uddd8<\/span>&#8211;<span class=\"s1\">\ud835\udde2\ud835\udde5\ud835\uddd7\ud835\uddd8\ud835\udde1<\/span> | <span class=\"s1\">\ud835\uddd8\ud835\uddfb\ud835\ude03\ud835\uddf6\u0301\ud835\uddfc<\/span> <span class=\"s1\">\ud835\uddf1\ud835\uddf2\ud835\ude00\ud835\uddf1\ud835\uddf2<\/span> <span class=\"s1\">\ud835\udddd\ud835\uddee\ud835\uddfd\ud835\uddfc\u0301\ud835\uddfb<\/span> (<span class=\"s1\">\ud835\udfee<\/span>&#8211;<span class=\"s1\">\ud835\udfef<\/span> <span class=\"s1\">\ud835\ude00\ud835\uddf2\ud835\uddfa\ud835\uddee\ud835\uddfb\ud835\uddee\ud835\ude00<\/span>)<br \/>\n\u00a1Garantiza tu UX-15 Shark Scale Deck Set antes de que se agote! Este art\u00edculo se importa directamente desde Jap\u00f3n en lotes limitados para asegurar autenticidad y el mejor precio.<\/p>\n<p class=\"p1\"><b>3 Beyblades de tipo ataque de las l\u00edneas de productos BX, UX y CX.<\/b><\/p>\n<p class=\"p1\">Este\u00a0<b>set exclusivo<\/b>\u00a0est\u00e1 dise\u00f1ado para bladers que buscan\u00a0<b>versatilidad y agresividad<\/b>. Incluye componentes de alto rendimiento inspirados en la ferocidad de un tibur\u00f3n, con un\u00a0<b>sistema de ataque balanceado<\/b>\u00a0y un dise\u00f1o aerodin\u00e1mico para\u00a0<b>movimientos r\u00e1pidos y precisos<\/b>. Perfecto para\u00a0<b>estrategias ofensivas.<\/b><\/p>\n<p class=\"p1\"><b>Producto 100% original japon\u00e9s (Takara Tomy)<\/b> \u2013 Calidad premium, dise\u00f1o exclusivo, rendimiento real.<\/p>\n<p><strong>Detalles del producto<\/strong>: Chip de bloqueo (Lock Chip) (1), Hoja principal (Main Blade) (3), Hoja de asistencia (Assist Blade) (1), Trinquete (Ratchet) (3), Punta (Bit) (3),Tarjeta de c\u00f3digo Bey (BeyCode card) (1).<\/p>","protected":false},"excerpt":{"rendered":"<p>\ud835\udde3\ud835\udde5\ud835\uddd8&#8211;\ud835\udde2\ud835\udde5\ud835\uddd7\ud835\uddd8\ud835\udde1 | \ud835\uddd8\ud835\uddfb\ud835\ude03\ud835\uddf6\u0301\ud835\uddfc \ud835\uddf1\ud835\uddf2\ud835\ude00\ud835\uddf1\ud835\uddf2 \ud835\udddd\ud835\uddee\ud835\uddfd\ud835\uddfc\u0301\ud835\uddfb (\ud835\udfee&#8211;\ud835\udfef \ud835\ude00\ud835\uddf2\ud835\uddfa\ud835\uddee\ud835\uddfb\ud835\uddee\ud835\ude00) \u00a1Garantiza tu UX-15 Shark Scale Deck Set antes de que se agote! Este art\u00edculo se importa directamente desde Jap\u00f3n en lotes limitados para asegurar autenticidad y el mejor precio. 3 Beyblades de tipo ataque de las l\u00edneas de productos BX, UX y CX. Este\u00a0set exclusivo\u00a0est\u00e1 dise\u00f1ado para bladers que buscan\u00a0versatilidad y agresividad. Incluye componentes de alto rendimiento inspirados en la ferocidad de un tibur\u00f3n, con un\u00a0sistema de ataque balanceado\u00a0y un dise\u00f1o aerodin\u00e1mico para\u00a0movimientos r\u00e1pidos y precisos. Perfecto para\u00a0estrategias ofensivas. Producto 100% original japon\u00e9s (Takara Tomy) \u2013 Calidad premium, dise\u00f1o exclusivo, rendimiento real. Detalles del producto: Chip de bloqueo (Lock Chip) (1), Hoja principal [&hellip;]<\/p>","protected":false},"featured_media":23812,"comment_status":"open","ping_status":"closed","template":"","meta":[],"product_brand":[],"product_cat":[419],"product_tag":[442],"class_list":{"0":"post-23718","1":"product","2":"type-product","3":"status-publish","4":"has-post-thumbnail","6":"product_cat-boosters-y-sets","7":"product_tag-lo-vendidos","9":"first","10":"outofstock","11":"shipping-taxable","12":"purchasable","13":"product-type-simple"},"yoast_head":"<!-- This site is optimized with the Yoast SEO Premium plugin v26.4 (Yoast SEO v26.4) - https:\/\/yoast.com\/wordpress\/plugins\/seo\/ -->\n<title>UX-15 Shark Scale Deck Set - Rucua<\/title>\n<meta name=\"robots\" content=\"index, follow, max-snippet:-1, max-image-preview:large, max-video-preview:-1\" \/>\n<link rel=\"canonical\" href=\"https:\/\/rucua.com\/ja\/tienda\/ux-15-shark-scale-deck-set\/?wmc-currency=JPY\" \/>\n<meta property=\"og:locale\" content=\"ja_JP\" \/>\n<meta property=\"og:type\" content=\"article\" \/>\n<meta property=\"og:title\" content=\"UX-15 Shark Scale Deck Set\" \/>\n<meta property=\"og:description\" content=\"\ud835\udde3\ud835\udde5\ud835\uddd8&#8211;\ud835\udde2\ud835\udde5\ud835\uddd7\ud835\uddd8\ud835\udde1 | \ud835\uddd8\ud835\uddfb\ud835\ude03\ud835\uddf6\u0301\ud835\uddfc \ud835\uddf1\ud835\uddf2\ud835\ude00\ud835\uddf1\ud835\uddf2 \ud835\udddd\ud835\uddee\ud835\uddfd\ud835\uddfc\u0301\ud835\uddfb (\ud835\udfee&#8211;\ud835\udfef \ud835\ude00\ud835\uddf2\ud835\uddfa\ud835\uddee\ud835\uddfb\ud835\uddee\ud835\ude00) \u00a1Garantiza tu UX-15 Shark Scale Deck Set antes de que se agote! Este art\u00edculo se importa directamente desde Jap\u00f3n en lotes limitados para asegurar autenticidad y el mejor precio. 3 Beyblades de tipo ataque de las l\u00edneas de productos BX, UX y CX. Este\u00a0set exclusivo\u00a0est\u00e1 dise\u00f1ado para bladers que buscan\u00a0versatilidad y agresividad. Incluye componentes de alto rendimiento inspirados en la ferocidad de un tibur\u00f3n, con un\u00a0sistema de ataque balanceado\u00a0y un dise\u00f1o aerodin\u00e1mico para\u00a0movimientos r\u00e1pidos y precisos. Perfecto para\u00a0estrategias ofensivas. Producto 100% original japon\u00e9s (Takara Tomy) \u2013 Calidad premium, dise\u00f1o exclusivo, rendimiento real. Detalles del producto: Chip de bloqueo (Lock Chip) (1), Hoja principal [&hellip;]\" \/>\n<meta property=\"og:url\" content=\"https:\/\/rucua.com\/ja\/tienda\/ux-15-shark-scale-deck-set\/?wmc-currency=JPY\" \/>\n<meta property=\"og:site_name\" content=\"Rucua\" \/>\n<meta property=\"article:modified_time\" content=\"2026-04-17T22:37:17+00:00\" \/>\n<meta property=\"og:image\" content=\"http:\/\/rucua.com\/wp-content\/uploads\/2025\/07\/28.png\" \/>\n\t<meta property=\"og:image:width\" content=\"1500\" \/>\n\t<meta property=\"og:image:height\" content=\"1500\" \/>\n\t<meta property=\"og:image:type\" content=\"image\/png\" \/>\n<meta name=\"twitter:card\" content=\"summary_large_image\" \/>\n<meta name=\"twitter:label1\" content=\"\u4fa1\u683c\" \/>\n\t<meta name=\"twitter:data1\" content=\"1,299.00 MXN\" \/>\n\t<meta name=\"twitter:label2\" content=\"\u5728\u5eab\" \/>\n\t<meta name=\"twitter:data2\" content=\"\u5728\u5eab\u5207\u308c\" \/>\n<script type=\"application\/ld+json\" class=\"yoast-schema-graph\">{\"@context\":\"https:\/\/schema.org\",\"@graph\":[{\"@type\":\"WebPage\",\"@id\":\"https:\/\/rucua.com\/tienda\/ux-15-shark-scale-deck-set\/\",\"url\":\"https:\/\/rucua.com\/tienda\/ux-15-shark-scale-deck-set\/\",\"name\":\"UX-15 Shark Scale Deck Set - Rucua\",\"isPartOf\":{\"@id\":\"https:\/\/rucua.com\/ja\/#website\"},\"primaryImageOfPage\":{\"@id\":\"https:\/\/rucua.com\/tienda\/ux-15-shark-scale-deck-set\/#primaryimage\"},\"image\":{\"@id\":\"https:\/\/rucua.com\/tienda\/ux-15-shark-scale-deck-set\/#primaryimage\"},\"thumbnailUrl\":\"https:\/\/rucua.com\/wp-content\/uploads\/2025\/07\/28.png\",\"datePublished\":\"2025-07-30T05:14:42+00:00\",\"dateModified\":\"2026-04-17T22:37:17+00:00\",\"breadcrumb\":{\"@id\":\"https:\/\/rucua.com\/tienda\/ux-15-shark-scale-deck-set\/#breadcrumb\"},\"inLanguage\":\"ja\",\"potentialAction\":[{\"@type\":\"ReadAction\",\"target\":[\"https:\/\/rucua.com\/tienda\/ux-15-shark-scale-deck-set\/\"]}]},{\"@type\":\"ImageObject\",\"inLanguage\":\"ja\",\"@id\":\"https:\/\/rucua.com\/tienda\/ux-15-shark-scale-deck-set\/#primaryimage\",\"url\":\"https:\/\/rucua.com\/wp-content\/uploads\/2025\/07\/28.png\",\"contentUrl\":\"https:\/\/rucua.com\/wp-content\/uploads\/2025\/07\/28.png\",\"width\":1500,\"height\":1500},{\"@type\":\"BreadcrumbList\",\"@id\":\"https:\/\/rucua.com\/tienda\/ux-15-shark-scale-deck-set\/#breadcrumb\",\"itemListElement\":[{\"@type\":\"ListItem\",\"position\":1,\"name\":\"Inicio\",\"item\":\"https:\/\/rucua.com\/\"},{\"@type\":\"ListItem\",\"position\":2,\"name\":\"Tienda\",\"item\":\"https:\/\/rucua.com\/tienda\/\"},{\"@type\":\"ListItem\",\"position\":3,\"name\":\"UX-15 Shark Scale Deck Set\"}]},{\"@type\":\"WebSite\",\"@id\":\"https:\/\/rucua.com\/ja\/#website\",\"url\":\"https:\/\/rucua.com\/ja\/\",\"name\":\"Rucua\",\"description\":\"\",\"potentialAction\":[{\"@type\":\"SearchAction\",\"target\":{\"@type\":\"EntryPoint\",\"urlTemplate\":\"https:\/\/rucua.com\/ja\/?s={search_term_string}\"},\"query-input\":{\"@type\":\"PropertyValueSpecification\",\"valueRequired\":true,\"valueName\":\"search_term_string\"}}],\"inLanguage\":\"ja\"}]}<\/script>\n<meta property=\"product:price:amount\" content=\"1299.00\" \/>\n<meta property=\"product:price:currency\" content=\"MXN\" \/>\n<meta property=\"og:availability\" content=\"out of stock\" \/>\n<meta property=\"product:availability\" content=\"out of stock\" \/>\n<meta property=\"product:condition\" content=\"new\" \/>\n<!-- \/ Yoast SEO Premium plugin. -->","yoast_head_json":{"title":"UX-15 Shark Scale Deck Set - Rucua","robots":{"index":"index","follow":"follow","max-snippet":"max-snippet:-1","max-image-preview":"max-image-preview:large","max-video-preview":"max-video-preview:-1"},"canonical":"https:\/\/rucua.com\/ja\/tienda\/ux-15-shark-scale-deck-set\/?wmc-currency=JPY","og_locale":"ja_JP","og_type":"article","og_title":"UX-15 Shark Scale Deck Set","og_description":"\ud835\udde3\ud835\udde5\ud835\uddd8&#8211;\ud835\udde2\ud835\udde5\ud835\uddd7\ud835\uddd8\ud835\udde1 | \ud835\uddd8\ud835\uddfb\ud835\ude03\ud835\uddf6\u0301\ud835\uddfc \ud835\uddf1\ud835\uddf2\ud835\ude00\ud835\uddf1\ud835\uddf2 \ud835\udddd\ud835\uddee\ud835\uddfd\ud835\uddfc\u0301\ud835\uddfb (\ud835\udfee&#8211;\ud835\udfef \ud835\ude00\ud835\uddf2\ud835\uddfa\ud835\uddee\ud835\uddfb\ud835\uddee\ud835\ude00) \u00a1Garantiza tu UX-15 Shark Scale Deck Set antes de que se agote! Este art\u00edculo se importa directamente desde Jap\u00f3n en lotes limitados para asegurar autenticidad y el mejor precio. 3 Beyblades de tipo ataque de las l\u00edneas de productos BX, UX y CX. Este\u00a0set exclusivo\u00a0est\u00e1 dise\u00f1ado para bladers que buscan\u00a0versatilidad y agresividad. Incluye componentes de alto rendimiento inspirados en la ferocidad de un tibur\u00f3n, con un\u00a0sistema de ataque balanceado\u00a0y un dise\u00f1o aerodin\u00e1mico para\u00a0movimientos r\u00e1pidos y precisos. Perfecto para\u00a0estrategias ofensivas. Producto 100% original japon\u00e9s (Takara Tomy) \u2013 Calidad premium, dise\u00f1o exclusivo, rendimiento real. Detalles del producto: Chip de bloqueo (Lock Chip) (1), Hoja principal [&hellip;]","og_url":"https:\/\/rucua.com\/ja\/tienda\/ux-15-shark-scale-deck-set\/?wmc-currency=JPY","og_site_name":"Rucua","article_modified_time":"2026-04-17T22:37:17+00:00","og_image":[{"width":1500,"height":1500,"url":"http:\/\/rucua.com\/wp-content\/uploads\/2025\/07\/28.png","type":"image\/png"}],"twitter_card":"summary_large_image","twitter_misc":{"\u4fa1\u683c":"1,299.00 MXN","\u5728\u5eab":"\u5728\u5eab\u5207\u308c"},"schema":{"@context":"https:\/\/schema.org","@graph":[{"@type":"WebPage","@id":"https:\/\/rucua.com\/tienda\/ux-15-shark-scale-deck-set\/","url":"https:\/\/rucua.com\/tienda\/ux-15-shark-scale-deck-set\/","name":"UX-15 Shark Scale Deck Set - Rucua","isPartOf":{"@id":"https:\/\/rucua.com\/ja\/#website"},"primaryImageOfPage":{"@id":"https:\/\/rucua.com\/tienda\/ux-15-shark-scale-deck-set\/#primaryimage"},"image":{"@id":"https:\/\/rucua.com\/tienda\/ux-15-shark-scale-deck-set\/#primaryimage"},"thumbnailUrl":"https:\/\/rucua.com\/wp-content\/uploads\/2025\/07\/28.png","datePublished":"2025-07-30T05:14:42+00:00","dateModified":"2026-04-17T22:37:17+00:00","breadcrumb":{"@id":"https:\/\/rucua.com\/tienda\/ux-15-shark-scale-deck-set\/#breadcrumb"},"inLanguage":"ja","potentialAction":[{"@type":"ReadAction","target":["https:\/\/rucua.com\/tienda\/ux-15-shark-scale-deck-set\/"]}]},{"@type":"ImageObject","inLanguage":"ja","@id":"https:\/\/rucua.com\/tienda\/ux-15-shark-scale-deck-set\/#primaryimage","url":"https:\/\/rucua.com\/wp-content\/uploads\/2025\/07\/28.png","contentUrl":"https:\/\/rucua.com\/wp-content\/uploads\/2025\/07\/28.png","width":1500,"height":1500},{"@type":"BreadcrumbList","@id":"https:\/\/rucua.com\/tienda\/ux-15-shark-scale-deck-set\/#breadcrumb","itemListElement":[{"@type":"ListItem","position":1,"name":"Inicio","item":"https:\/\/rucua.com\/"},{"@type":"ListItem","position":2,"name":"Tienda","item":"https:\/\/rucua.com\/tienda\/"},{"@type":"ListItem","position":3,"name":"UX-15 Shark Scale Deck Set"}]},{"@type":"WebSite","@id":"https:\/\/rucua.com\/ja\/#website","url":"https:\/\/rucua.com\/ja\/","name":"Rucua","description":"","potentialAction":[{"@type":"SearchAction","target":{"@type":"EntryPoint","urlTemplate":"https:\/\/rucua.com\/ja\/?s={search_term_string}"},"query-input":{"@type":"PropertyValueSpecification","valueRequired":true,"valueName":"search_term_string"}}],"inLanguage":"ja"}]},"product_price_amount":"1299.00","product_price_currency":"MXN","og_availability":"out of stock","product_availability":"out of stock","product_condition":"new"},"_links":{"self":[{"href":"https:\/\/rucua.com\/ja\/wp-json\/wp\/v2\/product\/23718","targetHints":{"allow":["GET"]}}],"collection":[{"href":"https:\/\/rucua.com\/ja\/wp-json\/wp\/v2\/product"}],"about":[{"href":"https:\/\/rucua.com\/ja\/wp-json\/wp\/v2\/types\/product"}],"replies":[{"embeddable":true,"href":"https:\/\/rucua.com\/ja\/wp-json\/wp\/v2\/comments?post=23718"}],"wp:featuredmedia":[{"embeddable":true,"href":"https:\/\/rucua.com\/ja\/wp-json\/wp\/v2\/media\/23812"}],"wp:attachment":[{"href":"https:\/\/rucua.com\/ja\/wp-json\/wp\/v2\/media?parent=23718"}],"wp:term":[{"taxonomy":"product_brand","embeddable":true,"href":"https:\/\/rucua.com\/ja\/wp-json\/wp\/v2\/product_brand?post=23718"},{"taxonomy":"product_cat","embeddable":true,"href":"https:\/\/rucua.com\/ja\/wp-json\/wp\/v2\/product_cat?post=23718"},{"taxonomy":"product_tag","embeddable":true,"href":"https:\/\/rucua.com\/ja\/wp-json\/wp\/v2\/product_tag?post=23718"}],"curies":[{"name":"wp","href":"https:\/\/api.w.org\/{rel}","templated":true}]}}