{"id":23717,"date":"2025-07-30T05:14:27","date_gmt":"2025-07-30T05:14:27","guid":{"rendered":"https:\/\/rucua.com\/?post_type=product&#038;p=23717"},"modified":"2026-01-16T18:06:54","modified_gmt":"2026-01-16T18:06:54","slug":"bx-45-booster-samurai-calibur-6-7m","status":"publish","type":"product","link":"https:\/\/rucua.com\/ja\/tienda\/bx-45-booster-samurai-calibur-6-7m\/","title":{"rendered":"BX-45 Booster Samurai Calibur 6-7M"},"content":{"rendered":"<p><strong>\u00a1Domina la batalla con el Beyblade X BX-45 Samurai Calibur 6-70m!<\/strong><br \/>\nDise\u00f1ado para los bladers m\u00e1s estrat\u00e9gicos, este Beyblade combina <strong>precisi\u00f3n y potencia<\/strong> con su<strong> disco Calibur 6-70m<\/strong>, optimizado para giros estables y ataques fulminantes. Su hoja samur\u00e1i garantiza cortes r\u00e1pidos en el estadio, mientras que su rendimiento balanceado lo hace letal en cualquier modalidad.<\/p>\n<p class=\"p1\"><b>Producto 100% original japon\u00e9s (Takara Tomy)<\/b> \u2013 Calidad premium, dise\u00f1o exclusivo, rendimiento real.<\/p>\n<p><strong>Detalles del Producto: <\/strong>Hoja (Blade) (1), Trinquete (Ratchet) (1), Punta (Bit) (1), Manual de instrucciones (Instruction manual) (1).<\/p>","protected":false},"excerpt":{"rendered":"<p>\u00a1Domina la batalla con el Beyblade X BX-45 Samurai Calibur 6-70m! Dise\u00f1ado para los bladers m\u00e1s estrat\u00e9gicos, este Beyblade combina precisi\u00f3n y potencia con su disco Calibur 6-70m, optimizado para giros estables y ataques fulminantes. Su hoja samur\u00e1i garantiza cortes r\u00e1pidos en el estadio, mientras que su rendimiento balanceado lo hace letal en cualquier modalidad. Producto 100% original japon\u00e9s (Takara Tomy) \u2013 Calidad premium, dise\u00f1o exclusivo, rendimiento real. Detalles del Producto: Hoja (Blade) (1), Trinquete (Ratchet) (1), Punta (Bit) (1), Manual de instrucciones (Instruction manual) (1).<\/p>","protected":false},"featured_media":23721,"comment_status":"open","ping_status":"closed","template":"","meta":[],"product_brand":[],"product_cat":[419],"product_tag":[],"class_list":{"0":"post-23717","1":"product","2":"type-product","3":"status-publish","4":"has-post-thumbnail","6":"product_cat-boosters-y-sets","8":"first","9":"onbackorder","10":"shipping-taxable","11":"purchasable","12":"product-type-simple"},"yoast_head":"<!-- This site is optimized with the Yoast SEO Premium plugin v26.4 (Yoast SEO v26.4) - https:\/\/yoast.com\/wordpress\/plugins\/seo\/ -->\n<title>BX-45 Booster Samurai Calibur 6-7M - Rucua<\/title>\n<meta name=\"robots\" content=\"index, follow, max-snippet:-1, max-image-preview:large, max-video-preview:-1\" \/>\n<link rel=\"canonical\" href=\"https:\/\/rucua.com\/ja\/tienda\/bx-45-booster-samurai-calibur-6-7m\/?wmc-currency=JPY\" \/>\n<meta property=\"og:locale\" content=\"ja_JP\" \/>\n<meta property=\"og:type\" content=\"article\" \/>\n<meta property=\"og:title\" content=\"BX-45 Booster Samurai Calibur 6-7M\" \/>\n<meta property=\"og:description\" content=\"\u00a1Domina la batalla con el Beyblade X BX-45 Samurai Calibur 6-70m! Dise\u00f1ado para los bladers m\u00e1s estrat\u00e9gicos, este Beyblade combina precisi\u00f3n y potencia con su disco Calibur 6-70m, optimizado para giros estables y ataques fulminantes. Su hoja samur\u00e1i garantiza cortes r\u00e1pidos en el estadio, mientras que su rendimiento balanceado lo hace letal en cualquier modalidad. Producto 100% original japon\u00e9s (Takara Tomy) \u2013 Calidad premium, dise\u00f1o exclusivo, rendimiento real. Detalles del Producto: Hoja (Blade) (1), Trinquete (Ratchet) (1), Punta (Bit) (1), Manual de instrucciones (Instruction manual) (1).\" \/>\n<meta property=\"og:url\" content=\"https:\/\/rucua.com\/ja\/tienda\/bx-45-booster-samurai-calibur-6-7m\/?wmc-currency=JPY\" \/>\n<meta property=\"og:site_name\" content=\"Rucua\" \/>\n<meta property=\"article:modified_time\" content=\"2026-01-16T18:06:54+00:00\" \/>\n<meta property=\"og:image\" content=\"http:\/\/rucua.com\/wp-content\/uploads\/2025\/07\/31.png\" \/>\n\t<meta property=\"og:image:width\" content=\"2000\" \/>\n\t<meta property=\"og:image:height\" content=\"2000\" \/>\n\t<meta property=\"og:image:type\" content=\"image\/png\" \/>\n<meta name=\"twitter:card\" content=\"summary_large_image\" \/>\n<meta name=\"twitter:label1\" content=\"\u4fa1\u683c\" \/>\n\t<meta name=\"twitter:data1\" content=\"499.00 MXN\" \/>\n\t<meta name=\"twitter:label2\" content=\"\u5728\u5eab\" \/>\n\t<meta name=\"twitter:data2\" content=\"\u5165\u8377\u5f85\u3061\" \/>\n<script type=\"application\/ld+json\" class=\"yoast-schema-graph\">{\"@context\":\"https:\/\/schema.org\",\"@graph\":[{\"@type\":\"WebPage\",\"@id\":\"https:\/\/rucua.com\/tienda\/bx-45-booster-samurai-calibur-6-7m\/\",\"url\":\"https:\/\/rucua.com\/tienda\/bx-45-booster-samurai-calibur-6-7m\/\",\"name\":\"BX-45 Booster Samurai Calibur 6-7M - Rucua\",\"isPartOf\":{\"@id\":\"https:\/\/rucua.com\/ja\/#website\"},\"primaryImageOfPage\":{\"@id\":\"https:\/\/rucua.com\/tienda\/bx-45-booster-samurai-calibur-6-7m\/#primaryimage\"},\"image\":{\"@id\":\"https:\/\/rucua.com\/tienda\/bx-45-booster-samurai-calibur-6-7m\/#primaryimage\"},\"thumbnailUrl\":\"https:\/\/rucua.com\/wp-content\/uploads\/2025\/07\/31.png\",\"datePublished\":\"2025-07-30T05:14:27+00:00\",\"dateModified\":\"2026-01-16T18:06:54+00:00\",\"breadcrumb\":{\"@id\":\"https:\/\/rucua.com\/tienda\/bx-45-booster-samurai-calibur-6-7m\/#breadcrumb\"},\"inLanguage\":\"ja\",\"potentialAction\":[{\"@type\":\"ReadAction\",\"target\":[\"https:\/\/rucua.com\/tienda\/bx-45-booster-samurai-calibur-6-7m\/\"]}]},{\"@type\":\"ImageObject\",\"inLanguage\":\"ja\",\"@id\":\"https:\/\/rucua.com\/tienda\/bx-45-booster-samurai-calibur-6-7m\/#primaryimage\",\"url\":\"https:\/\/rucua.com\/wp-content\/uploads\/2025\/07\/31.png\",\"contentUrl\":\"https:\/\/rucua.com\/wp-content\/uploads\/2025\/07\/31.png\",\"width\":2000,\"height\":2000},{\"@type\":\"BreadcrumbList\",\"@id\":\"https:\/\/rucua.com\/tienda\/bx-45-booster-samurai-calibur-6-7m\/#breadcrumb\",\"itemListElement\":[{\"@type\":\"ListItem\",\"position\":1,\"name\":\"Inicio\",\"item\":\"https:\/\/rucua.com\/\"},{\"@type\":\"ListItem\",\"position\":2,\"name\":\"Tienda\",\"item\":\"https:\/\/rucua.com\/tienda\/\"},{\"@type\":\"ListItem\",\"position\":3,\"name\":\"BX-45 Booster Samurai Calibur 6-7M\"}]},{\"@type\":\"WebSite\",\"@id\":\"https:\/\/rucua.com\/ja\/#website\",\"url\":\"https:\/\/rucua.com\/ja\/\",\"name\":\"Rucua\",\"description\":\"\",\"potentialAction\":[{\"@type\":\"SearchAction\",\"target\":{\"@type\":\"EntryPoint\",\"urlTemplate\":\"https:\/\/rucua.com\/ja\/?s={search_term_string}\"},\"query-input\":{\"@type\":\"PropertyValueSpecification\",\"valueRequired\":true,\"valueName\":\"search_term_string\"}}],\"inLanguage\":\"ja\"}]}<\/script>\n<meta property=\"product:price:amount\" content=\"499.00\" \/>\n<meta property=\"product:price:currency\" content=\"MXN\" \/>\n<meta property=\"og:availability\" content=\"backorder\" \/>\n<meta property=\"product:availability\" content=\"available for order\" \/>\n<meta property=\"product:condition\" content=\"new\" \/>\n<!-- \/ Yoast SEO Premium plugin. -->","yoast_head_json":{"title":"BX-45 Booster Samurai Calibur 6-7M - Rucua","robots":{"index":"index","follow":"follow","max-snippet":"max-snippet:-1","max-image-preview":"max-image-preview:large","max-video-preview":"max-video-preview:-1"},"canonical":"https:\/\/rucua.com\/ja\/tienda\/bx-45-booster-samurai-calibur-6-7m\/?wmc-currency=JPY","og_locale":"ja_JP","og_type":"article","og_title":"BX-45 Booster Samurai Calibur 6-7M","og_description":"\u00a1Domina la batalla con el Beyblade X BX-45 Samurai Calibur 6-70m! Dise\u00f1ado para los bladers m\u00e1s estrat\u00e9gicos, este Beyblade combina precisi\u00f3n y potencia con su disco Calibur 6-70m, optimizado para giros estables y ataques fulminantes. Su hoja samur\u00e1i garantiza cortes r\u00e1pidos en el estadio, mientras que su rendimiento balanceado lo hace letal en cualquier modalidad. Producto 100% original japon\u00e9s (Takara Tomy) \u2013 Calidad premium, dise\u00f1o exclusivo, rendimiento real. Detalles del Producto: Hoja (Blade) (1), Trinquete (Ratchet) (1), Punta (Bit) (1), Manual de instrucciones (Instruction manual) (1).","og_url":"https:\/\/rucua.com\/ja\/tienda\/bx-45-booster-samurai-calibur-6-7m\/?wmc-currency=JPY","og_site_name":"Rucua","article_modified_time":"2026-01-16T18:06:54+00:00","og_image":[{"width":2000,"height":2000,"url":"http:\/\/rucua.com\/wp-content\/uploads\/2025\/07\/31.png","type":"image\/png"}],"twitter_card":"summary_large_image","twitter_misc":{"\u4fa1\u683c":"499.00 MXN","\u5728\u5eab":"\u5165\u8377\u5f85\u3061"},"schema":{"@context":"https:\/\/schema.org","@graph":[{"@type":"WebPage","@id":"https:\/\/rucua.com\/tienda\/bx-45-booster-samurai-calibur-6-7m\/","url":"https:\/\/rucua.com\/tienda\/bx-45-booster-samurai-calibur-6-7m\/","name":"BX-45 Booster Samurai Calibur 6-7M - Rucua","isPartOf":{"@id":"https:\/\/rucua.com\/ja\/#website"},"primaryImageOfPage":{"@id":"https:\/\/rucua.com\/tienda\/bx-45-booster-samurai-calibur-6-7m\/#primaryimage"},"image":{"@id":"https:\/\/rucua.com\/tienda\/bx-45-booster-samurai-calibur-6-7m\/#primaryimage"},"thumbnailUrl":"https:\/\/rucua.com\/wp-content\/uploads\/2025\/07\/31.png","datePublished":"2025-07-30T05:14:27+00:00","dateModified":"2026-01-16T18:06:54+00:00","breadcrumb":{"@id":"https:\/\/rucua.com\/tienda\/bx-45-booster-samurai-calibur-6-7m\/#breadcrumb"},"inLanguage":"ja","potentialAction":[{"@type":"ReadAction","target":["https:\/\/rucua.com\/tienda\/bx-45-booster-samurai-calibur-6-7m\/"]}]},{"@type":"ImageObject","inLanguage":"ja","@id":"https:\/\/rucua.com\/tienda\/bx-45-booster-samurai-calibur-6-7m\/#primaryimage","url":"https:\/\/rucua.com\/wp-content\/uploads\/2025\/07\/31.png","contentUrl":"https:\/\/rucua.com\/wp-content\/uploads\/2025\/07\/31.png","width":2000,"height":2000},{"@type":"BreadcrumbList","@id":"https:\/\/rucua.com\/tienda\/bx-45-booster-samurai-calibur-6-7m\/#breadcrumb","itemListElement":[{"@type":"ListItem","position":1,"name":"Inicio","item":"https:\/\/rucua.com\/"},{"@type":"ListItem","position":2,"name":"Tienda","item":"https:\/\/rucua.com\/tienda\/"},{"@type":"ListItem","position":3,"name":"BX-45 Booster Samurai Calibur 6-7M"}]},{"@type":"WebSite","@id":"https:\/\/rucua.com\/ja\/#website","url":"https:\/\/rucua.com\/ja\/","name":"Rucua","description":"","potentialAction":[{"@type":"SearchAction","target":{"@type":"EntryPoint","urlTemplate":"https:\/\/rucua.com\/ja\/?s={search_term_string}"},"query-input":{"@type":"PropertyValueSpecification","valueRequired":true,"valueName":"search_term_string"}}],"inLanguage":"ja"}]},"product_price_amount":"499.00","product_price_currency":"MXN","og_availability":"backorder","product_availability":"available for order","product_condition":"new"},"_links":{"self":[{"href":"https:\/\/rucua.com\/ja\/wp-json\/wp\/v2\/product\/23717","targetHints":{"allow":["GET"]}}],"collection":[{"href":"https:\/\/rucua.com\/ja\/wp-json\/wp\/v2\/product"}],"about":[{"href":"https:\/\/rucua.com\/ja\/wp-json\/wp\/v2\/types\/product"}],"replies":[{"embeddable":true,"href":"https:\/\/rucua.com\/ja\/wp-json\/wp\/v2\/comments?post=23717"}],"wp:featuredmedia":[{"embeddable":true,"href":"https:\/\/rucua.com\/ja\/wp-json\/wp\/v2\/media\/23721"}],"wp:attachment":[{"href":"https:\/\/rucua.com\/ja\/wp-json\/wp\/v2\/media?parent=23717"}],"wp:term":[{"taxonomy":"product_brand","embeddable":true,"href":"https:\/\/rucua.com\/ja\/wp-json\/wp\/v2\/product_brand?post=23717"},{"taxonomy":"product_cat","embeddable":true,"href":"https:\/\/rucua.com\/ja\/wp-json\/wp\/v2\/product_cat?post=23717"},{"taxonomy":"product_tag","embeddable":true,"href":"https:\/\/rucua.com\/ja\/wp-json\/wp\/v2\/product_tag?post=23717"}],"curies":[{"name":"wp","href":"https:\/\/api.w.org\/{rel}","templated":true}]}}