{"id":23179,"date":"2025-05-14T07:11:02","date_gmt":"2025-05-14T07:11:02","guid":{"rendered":"https:\/\/rucua.com\/?post_type=product&#038;p=23179"},"modified":"2025-06-26T09:17:29","modified_gmt":"2025-06-26T09:17:29","slug":"bx-00-corocoro-phoenix-wing-9-80db-metal-coat-navy","status":"publish","type":"product","link":"https:\/\/rucua.com\/ja\/tienda\/bx-00-corocoro-phoenix-wing-9-80db-metal-coat-navy\/","title":{"rendered":"BX-00 CoroCoro Phoenix Wing 9-80DB Metal Coat: Navy"},"content":{"rendered":"<p class=\"p1\"><span class=\"s1\">\ud835\udde3\ud835\udde5\ud835\uddd8<\/span>\u2013<span class=\"s1\">\ud835\udde2\ud835\udde5\ud835\uddd7\ud835\uddd8\ud835\udde1<\/span>\u00a0|\u00a0<span class=\"s1\">\ud835\uddd8\ud835\uddfb\ud835\ude03\ud835\uddf6\u0301\ud835\uddfc<\/span>\u00a0<span class=\"s1\">\ud835\uddf1\ud835\uddf2\ud835\ude00\ud835\uddf1\ud835\uddf2<\/span>\u00a0<span class=\"s1\">\ud835\udddd\ud835\uddee\ud835\uddfd\ud835\uddfc\u0301\ud835\uddfb<\/span>\u00a0(<span class=\"s1\">\ud835\udfee<\/span>\u2013<span class=\"s1\">\ud835\udfef<\/span>\u00a0<span class=\"s1\">\ud835\ude00\ud835\uddf2\ud835\uddfa\ud835\uddee\ud835\uddfb\ud835\uddee\ud835\ude00<\/span>)<br \/>\n\u00a1Garantiza tu BX-00 CoroCoro Phoenix Wing 9-80DB Metal Coat: Navy antes de que se agote! Este art\u00edculo se importa directamente desde Jap\u00f3n en lotes limitados para asegurar autenticidad y el mejor precio.<\/p>\n<p class=\"p1\"><span class=\"s2\"><img decoding=\"async\" class=\"emoji\" role=\"img\" draggable=\"false\" src=\"https:\/\/s.w.org\/images\/core\/emoji\/15.1.0\/svg\/1f4e6.svg\" alt=\"\ud83d\udce6\" \/><\/span>\u00a0\u00bfPor qu\u00e9 comprar en PRE-ORDER?<br \/>\n<span class=\"s3\"><img decoding=\"async\" class=\"emoji\" role=\"img\" draggable=\"false\" src=\"https:\/\/s.w.org\/images\/core\/emoji\/15.1.0\/svg\/2714.svg\" alt=\"\u2714\" \/><\/span>\u00a0Precio exclusivo (evita sobrecostos de reventa).<br \/>\n<span class=\"s3\"><img decoding=\"async\" class=\"emoji\" role=\"img\" draggable=\"false\" src=\"https:\/\/s.w.org\/images\/core\/emoji\/15.1.0\/svg\/2714.svg\" alt=\"\u2714\" \/><\/span>\u00a0Producto 100% original, sin intermediarios.<br \/>\n<span class=\"s3\"><img decoding=\"async\" class=\"emoji\" role=\"img\" draggable=\"false\" src=\"https:\/\/s.w.org\/images\/core\/emoji\/15.1.0\/svg\/2714.svg\" alt=\"\u2714\" \/><\/span>\u00a0\u00daltimas unidades disponibles en este lote.<\/p>\n<p>El m\u00edtico <strong data-start=\"325\" data-end=\"341\">Phoenix Wing<\/strong> regresa como una edici\u00f3n especial del sistema <strong data-start=\"388\" data-end=\"402\">Beyblade X<\/strong>, esta vez en un elegante acabado <strong data-start=\"436\" data-end=\"456\">Metal Coat: Navy<\/strong>, exclusivo de la <strong data-start=\"474\" data-end=\"492\">CoroCoro Comic<\/strong>. Este beyblade de tipo <strong data-start=\"516\" data-end=\"526\">ataque<\/strong> ofrece gran velocidad, potencia y presencia visual en el estadio.<\/p>\n<p class=\"p1\"><b>Producto 100% original japon\u00e9s (Takara Tomy)<\/b>\u00a0\u2013 Calidad premium, dise\u00f1o exclusivo, rendimiento real.<\/p>\n<p class=\"p1\"><strong>Detalles del Producto:<\/strong>\u00a0Hoja (Blade) (1), Trinquete (Ratchet) (1), Punta (Bit) (1), Manual de instrucciones (Instruction manual) (1).<\/p>","protected":false},"excerpt":{"rendered":"<p>\ud835\udde3\ud835\udde5\ud835\uddd8\u2013\ud835\udde2\ud835\udde5\ud835\uddd7\ud835\uddd8\ud835\udde1\u00a0|\u00a0\ud835\uddd8\ud835\uddfb\ud835\ude03\ud835\uddf6\u0301\ud835\uddfc\u00a0\ud835\uddf1\ud835\uddf2\ud835\ude00\ud835\uddf1\ud835\uddf2\u00a0\ud835\udddd\ud835\uddee\ud835\uddfd\ud835\uddfc\u0301\ud835\uddfb\u00a0(\ud835\udfee\u2013\ud835\udfef\u00a0\ud835\ude00\ud835\uddf2\ud835\uddfa\ud835\uddee\ud835\uddfb\ud835\uddee\ud835\ude00) \u00a1Garantiza tu BX-00 CoroCoro Phoenix Wing 9-80DB Metal Coat: Navy antes de que se agote! Este art\u00edculo se importa directamente desde Jap\u00f3n en lotes limitados para asegurar autenticidad y el mejor precio. \u00a0\u00bfPor qu\u00e9 comprar en PRE-ORDER? \u00a0Precio exclusivo (evita sobrecostos de reventa). \u00a0Producto 100% original, sin intermediarios. \u00a0\u00daltimas unidades disponibles en este lote. El m\u00edtico Phoenix Wing regresa como una edici\u00f3n especial del sistema Beyblade X, esta vez en un elegante acabado Metal Coat: Navy, exclusivo de la CoroCoro Comic. Este beyblade de tipo ataque ofrece gran velocidad, potencia y presencia visual en el estadio. Producto 100% original japon\u00e9s (Takara Tomy)\u00a0\u2013 Calidad premium, dise\u00f1o exclusivo, rendimiento real. Detalles [&hellip;]<\/p>","protected":false},"featured_media":23196,"comment_status":"open","ping_status":"closed","template":"","meta":[],"product_brand":[],"product_cat":[428],"product_tag":[],"class_list":{"0":"post-23179","1":"product","2":"type-product","3":"status-publish","4":"has-post-thumbnail","6":"product_cat-ediciones-especiales","8":"first","9":"outofstock","10":"shipping-taxable","11":"purchasable","12":"product-type-simple"},"yoast_head":"<!-- This site is optimized with the Yoast SEO Premium plugin v26.4 (Yoast SEO v26.4) - https:\/\/yoast.com\/wordpress\/plugins\/seo\/ -->\n<title>BX-00 CoroCoro Phoenix Wing 9-80DB Metal Coat: Navy - Rucua<\/title>\n<meta name=\"robots\" content=\"index, follow, max-snippet:-1, max-image-preview:large, max-video-preview:-1\" \/>\n<link rel=\"canonical\" href=\"https:\/\/rucua.com\/ja\/tienda\/bx-00-corocoro-phoenix-wing-9-80db-metal-coat-navy\/?wmc-currency=JPY\" \/>\n<meta property=\"og:locale\" content=\"ja_JP\" \/>\n<meta property=\"og:type\" content=\"article\" \/>\n<meta property=\"og:title\" content=\"BX-00 CoroCoro Phoenix Wing 9-80DB Metal Coat: Navy\" \/>\n<meta property=\"og:description\" content=\"\ud835\udde3\ud835\udde5\ud835\uddd8\u2013\ud835\udde2\ud835\udde5\ud835\uddd7\ud835\uddd8\ud835\udde1\u00a0|\u00a0\ud835\uddd8\ud835\uddfb\ud835\ude03\ud835\uddf6\u0301\ud835\uddfc\u00a0\ud835\uddf1\ud835\uddf2\ud835\ude00\ud835\uddf1\ud835\uddf2\u00a0\ud835\udddd\ud835\uddee\ud835\uddfd\ud835\uddfc\u0301\ud835\uddfb\u00a0(\ud835\udfee\u2013\ud835\udfef\u00a0\ud835\ude00\ud835\uddf2\ud835\uddfa\ud835\uddee\ud835\uddfb\ud835\uddee\ud835\ude00) \u00a1Garantiza tu BX-00 CoroCoro Phoenix Wing 9-80DB Metal Coat: Navy antes de que se agote! Este art\u00edculo se importa directamente desde Jap\u00f3n en lotes limitados para asegurar autenticidad y el mejor precio. \u00a0\u00bfPor qu\u00e9 comprar en PRE-ORDER? \u00a0Precio exclusivo (evita sobrecostos de reventa). \u00a0Producto 100% original, sin intermediarios. \u00a0\u00daltimas unidades disponibles en este lote. El m\u00edtico Phoenix Wing regresa como una edici\u00f3n especial del sistema Beyblade X, esta vez en un elegante acabado Metal Coat: Navy, exclusivo de la CoroCoro Comic. Este beyblade de tipo ataque ofrece gran velocidad, potencia y presencia visual en el estadio. Producto 100% original japon\u00e9s (Takara Tomy)\u00a0\u2013 Calidad premium, dise\u00f1o exclusivo, rendimiento real. Detalles [&hellip;]\" \/>\n<meta property=\"og:url\" content=\"https:\/\/rucua.com\/ja\/tienda\/bx-00-corocoro-phoenix-wing-9-80db-metal-coat-navy\/?wmc-currency=JPY\" \/>\n<meta property=\"og:site_name\" content=\"Rucua\" \/>\n<meta property=\"article:modified_time\" content=\"2025-06-26T09:17:29+00:00\" \/>\n<meta property=\"og:image\" content=\"https:\/\/rucua.com\/wp-content\/uploads\/2025\/05\/16-1-1024x1024.png\" \/>\n\t<meta property=\"og:image:width\" content=\"1024\" \/>\n\t<meta property=\"og:image:height\" content=\"1024\" \/>\n\t<meta property=\"og:image:type\" content=\"image\/png\" \/>\n<meta name=\"twitter:card\" content=\"summary_large_image\" \/>\n<meta name=\"twitter:label1\" content=\"\u4fa1\u683c\" \/>\n\t<meta name=\"twitter:data1\" content=\"3,199.00 MXN\" \/>\n\t<meta name=\"twitter:label2\" content=\"\u5728\u5eab\" \/>\n\t<meta name=\"twitter:data2\" content=\"\u5728\u5eab\u5207\u308c\" \/>\n<script type=\"application\/ld+json\" class=\"yoast-schema-graph\">{\"@context\":\"https:\/\/schema.org\",\"@graph\":[{\"@type\":\"WebPage\",\"@id\":\"https:\/\/rucua.com\/tienda\/bx-00-corocoro-phoenix-wing-9-80db-metal-coat-navy\/\",\"url\":\"https:\/\/rucua.com\/tienda\/bx-00-corocoro-phoenix-wing-9-80db-metal-coat-navy\/\",\"name\":\"BX-00 CoroCoro Phoenix Wing 9-80DB Metal Coat: Navy - Rucua\",\"isPartOf\":{\"@id\":\"https:\/\/rucua.com\/ja\/#website\"},\"primaryImageOfPage\":{\"@id\":\"https:\/\/rucua.com\/tienda\/bx-00-corocoro-phoenix-wing-9-80db-metal-coat-navy\/#primaryimage\"},\"image\":{\"@id\":\"https:\/\/rucua.com\/tienda\/bx-00-corocoro-phoenix-wing-9-80db-metal-coat-navy\/#primaryimage\"},\"thumbnailUrl\":\"https:\/\/rucua.com\/wp-content\/uploads\/2025\/05\/16-1.png\",\"datePublished\":\"2025-05-14T07:11:02+00:00\",\"dateModified\":\"2025-06-26T09:17:29+00:00\",\"breadcrumb\":{\"@id\":\"https:\/\/rucua.com\/tienda\/bx-00-corocoro-phoenix-wing-9-80db-metal-coat-navy\/#breadcrumb\"},\"inLanguage\":\"ja\",\"potentialAction\":[{\"@type\":\"ReadAction\",\"target\":[\"https:\/\/rucua.com\/tienda\/bx-00-corocoro-phoenix-wing-9-80db-metal-coat-navy\/\"]}]},{\"@type\":\"ImageObject\",\"inLanguage\":\"ja\",\"@id\":\"https:\/\/rucua.com\/tienda\/bx-00-corocoro-phoenix-wing-9-80db-metal-coat-navy\/#primaryimage\",\"url\":\"https:\/\/rucua.com\/wp-content\/uploads\/2025\/05\/16-1.png\",\"contentUrl\":\"https:\/\/rucua.com\/wp-content\/uploads\/2025\/05\/16-1.png\",\"width\":2000,\"height\":2000},{\"@type\":\"BreadcrumbList\",\"@id\":\"https:\/\/rucua.com\/tienda\/bx-00-corocoro-phoenix-wing-9-80db-metal-coat-navy\/#breadcrumb\",\"itemListElement\":[{\"@type\":\"ListItem\",\"position\":1,\"name\":\"Inicio\",\"item\":\"https:\/\/rucua.com\/\"},{\"@type\":\"ListItem\",\"position\":2,\"name\":\"Tienda\",\"item\":\"https:\/\/rucua.com\/tienda\/\"},{\"@type\":\"ListItem\",\"position\":3,\"name\":\"BX-00 CoroCoro Phoenix Wing 9-80DB Metal Coat: Navy\"}]},{\"@type\":\"WebSite\",\"@id\":\"https:\/\/rucua.com\/ja\/#website\",\"url\":\"https:\/\/rucua.com\/ja\/\",\"name\":\"Rucua\",\"description\":\"\",\"potentialAction\":[{\"@type\":\"SearchAction\",\"target\":{\"@type\":\"EntryPoint\",\"urlTemplate\":\"https:\/\/rucua.com\/ja\/?s={search_term_string}\"},\"query-input\":{\"@type\":\"PropertyValueSpecification\",\"valueRequired\":true,\"valueName\":\"search_term_string\"}}],\"inLanguage\":\"ja\"}]}<\/script>\n<meta property=\"product:price:amount\" content=\"3199.00\" \/>\n<meta property=\"product:price:currency\" content=\"MXN\" \/>\n<meta property=\"og:availability\" content=\"out of stock\" \/>\n<meta property=\"product:availability\" content=\"out of stock\" \/>\n<meta property=\"product:condition\" content=\"new\" \/>\n<!-- \/ Yoast SEO Premium plugin. -->","yoast_head_json":{"title":"BX-00 CoroCoro Phoenix Wing 9-80DB Metal Coat: Navy - Rucua","robots":{"index":"index","follow":"follow","max-snippet":"max-snippet:-1","max-image-preview":"max-image-preview:large","max-video-preview":"max-video-preview:-1"},"canonical":"https:\/\/rucua.com\/ja\/tienda\/bx-00-corocoro-phoenix-wing-9-80db-metal-coat-navy\/?wmc-currency=JPY","og_locale":"ja_JP","og_type":"article","og_title":"BX-00 CoroCoro Phoenix Wing 9-80DB Metal Coat: Navy","og_description":"\ud835\udde3\ud835\udde5\ud835\uddd8\u2013\ud835\udde2\ud835\udde5\ud835\uddd7\ud835\uddd8\ud835\udde1\u00a0|\u00a0\ud835\uddd8\ud835\uddfb\ud835\ude03\ud835\uddf6\u0301\ud835\uddfc\u00a0\ud835\uddf1\ud835\uddf2\ud835\ude00\ud835\uddf1\ud835\uddf2\u00a0\ud835\udddd\ud835\uddee\ud835\uddfd\ud835\uddfc\u0301\ud835\uddfb\u00a0(\ud835\udfee\u2013\ud835\udfef\u00a0\ud835\ude00\ud835\uddf2\ud835\uddfa\ud835\uddee\ud835\uddfb\ud835\uddee\ud835\ude00) \u00a1Garantiza tu BX-00 CoroCoro Phoenix Wing 9-80DB Metal Coat: Navy antes de que se agote! Este art\u00edculo se importa directamente desde Jap\u00f3n en lotes limitados para asegurar autenticidad y el mejor precio. \u00a0\u00bfPor qu\u00e9 comprar en PRE-ORDER? \u00a0Precio exclusivo (evita sobrecostos de reventa). \u00a0Producto 100% original, sin intermediarios. \u00a0\u00daltimas unidades disponibles en este lote. El m\u00edtico Phoenix Wing regresa como una edici\u00f3n especial del sistema Beyblade X, esta vez en un elegante acabado Metal Coat: Navy, exclusivo de la CoroCoro Comic. Este beyblade de tipo ataque ofrece gran velocidad, potencia y presencia visual en el estadio. Producto 100% original japon\u00e9s (Takara Tomy)\u00a0\u2013 Calidad premium, dise\u00f1o exclusivo, rendimiento real. Detalles [&hellip;]","og_url":"https:\/\/rucua.com\/ja\/tienda\/bx-00-corocoro-phoenix-wing-9-80db-metal-coat-navy\/?wmc-currency=JPY","og_site_name":"Rucua","article_modified_time":"2025-06-26T09:17:29+00:00","og_image":[{"width":1024,"height":1024,"url":"https:\/\/rucua.com\/wp-content\/uploads\/2025\/05\/16-1-1024x1024.png","type":"image\/png"}],"twitter_card":"summary_large_image","twitter_misc":{"\u4fa1\u683c":"3,199.00 MXN","\u5728\u5eab":"\u5728\u5eab\u5207\u308c"},"schema":{"@context":"https:\/\/schema.org","@graph":[{"@type":"WebPage","@id":"https:\/\/rucua.com\/tienda\/bx-00-corocoro-phoenix-wing-9-80db-metal-coat-navy\/","url":"https:\/\/rucua.com\/tienda\/bx-00-corocoro-phoenix-wing-9-80db-metal-coat-navy\/","name":"BX-00 CoroCoro Phoenix Wing 9-80DB Metal Coat: Navy - Rucua","isPartOf":{"@id":"https:\/\/rucua.com\/ja\/#website"},"primaryImageOfPage":{"@id":"https:\/\/rucua.com\/tienda\/bx-00-corocoro-phoenix-wing-9-80db-metal-coat-navy\/#primaryimage"},"image":{"@id":"https:\/\/rucua.com\/tienda\/bx-00-corocoro-phoenix-wing-9-80db-metal-coat-navy\/#primaryimage"},"thumbnailUrl":"https:\/\/rucua.com\/wp-content\/uploads\/2025\/05\/16-1.png","datePublished":"2025-05-14T07:11:02+00:00","dateModified":"2025-06-26T09:17:29+00:00","breadcrumb":{"@id":"https:\/\/rucua.com\/tienda\/bx-00-corocoro-phoenix-wing-9-80db-metal-coat-navy\/#breadcrumb"},"inLanguage":"ja","potentialAction":[{"@type":"ReadAction","target":["https:\/\/rucua.com\/tienda\/bx-00-corocoro-phoenix-wing-9-80db-metal-coat-navy\/"]}]},{"@type":"ImageObject","inLanguage":"ja","@id":"https:\/\/rucua.com\/tienda\/bx-00-corocoro-phoenix-wing-9-80db-metal-coat-navy\/#primaryimage","url":"https:\/\/rucua.com\/wp-content\/uploads\/2025\/05\/16-1.png","contentUrl":"https:\/\/rucua.com\/wp-content\/uploads\/2025\/05\/16-1.png","width":2000,"height":2000},{"@type":"BreadcrumbList","@id":"https:\/\/rucua.com\/tienda\/bx-00-corocoro-phoenix-wing-9-80db-metal-coat-navy\/#breadcrumb","itemListElement":[{"@type":"ListItem","position":1,"name":"Inicio","item":"https:\/\/rucua.com\/"},{"@type":"ListItem","position":2,"name":"Tienda","item":"https:\/\/rucua.com\/tienda\/"},{"@type":"ListItem","position":3,"name":"BX-00 CoroCoro Phoenix Wing 9-80DB Metal Coat: Navy"}]},{"@type":"WebSite","@id":"https:\/\/rucua.com\/ja\/#website","url":"https:\/\/rucua.com\/ja\/","name":"Rucua","description":"","potentialAction":[{"@type":"SearchAction","target":{"@type":"EntryPoint","urlTemplate":"https:\/\/rucua.com\/ja\/?s={search_term_string}"},"query-input":{"@type":"PropertyValueSpecification","valueRequired":true,"valueName":"search_term_string"}}],"inLanguage":"ja"}]},"product_price_amount":"3199.00","product_price_currency":"MXN","og_availability":"out of stock","product_availability":"out of stock","product_condition":"new"},"_links":{"self":[{"href":"https:\/\/rucua.com\/ja\/wp-json\/wp\/v2\/product\/23179","targetHints":{"allow":["GET"]}}],"collection":[{"href":"https:\/\/rucua.com\/ja\/wp-json\/wp\/v2\/product"}],"about":[{"href":"https:\/\/rucua.com\/ja\/wp-json\/wp\/v2\/types\/product"}],"replies":[{"embeddable":true,"href":"https:\/\/rucua.com\/ja\/wp-json\/wp\/v2\/comments?post=23179"}],"wp:featuredmedia":[{"embeddable":true,"href":"https:\/\/rucua.com\/ja\/wp-json\/wp\/v2\/media\/23196"}],"wp:attachment":[{"href":"https:\/\/rucua.com\/ja\/wp-json\/wp\/v2\/media?parent=23179"}],"wp:term":[{"taxonomy":"product_brand","embeddable":true,"href":"https:\/\/rucua.com\/ja\/wp-json\/wp\/v2\/product_brand?post=23179"},{"taxonomy":"product_cat","embeddable":true,"href":"https:\/\/rucua.com\/ja\/wp-json\/wp\/v2\/product_cat?post=23179"},{"taxonomy":"product_tag","embeddable":true,"href":"https:\/\/rucua.com\/ja\/wp-json\/wp\/v2\/product_tag?post=23179"}],"curies":[{"name":"wp","href":"https:\/\/api.w.org\/{rel}","templated":true}]}}