{"id":22129,"date":"2025-03-04T18:54:45","date_gmt":"2025-03-04T18:54:45","guid":{"rendered":"https:\/\/rucua.com\/?post_type=product&#038;p=22129"},"modified":"2026-01-16T22:32:54","modified_gmt":"2026-01-16T22:32:54","slug":"bx-00-cobalt-drake-4-60f-clear-version","status":"publish","type":"product","link":"https:\/\/rucua.com\/ja\/tienda\/bx-00-cobalt-drake-4-60f-clear-version\/","title":{"rendered":"BX-00 Booster Cobalt Drake 4-60F Clear Version."},"content":{"rendered":"<p>El <strong data-start=\"348\" data-end=\"387\">BX-00 Cobalt Drake 4-60F Clear Ver.<\/strong> es una <strong data-start=\"395\" data-end=\"427\">edici\u00f3n promocional limitada<\/strong> que marc\u00f3 el inicio oficial de la l\u00ednea <strong data-start=\"468\" data-end=\"482\">Beyblade X<\/strong> en Jap\u00f3n. Con un dise\u00f1o transparente espectacular y rendimiento balanceado, este Beyblade se ha convertido en una <strong data-start=\"597\" data-end=\"639\">pieza de colecci\u00f3n altamente codiciada<\/strong> entre Bladers y fans de la serie.<\/p>\n<p class=\"p2\"><b>Producto 100% original japon\u00e9s (Takara Tomy)<\/b> \u2013 Calidad premium, dise\u00f1o exclusivo, rendimiento real.<\/p>\n<p class=\"p1\"><strong>Detalles del Producto:<\/strong> Hoja (Blade) (1), Trinquete (Ratchet) (1), Punta (Bit) (1), Tarjeta Beycode (Beycode card) (1), Manual de instrucciones (Instruction manual) (1).<\/p>","protected":false},"excerpt":{"rendered":"<p>El BX-00 Cobalt Drake 4-60F Clear Ver. es una edici\u00f3n promocional limitada que marc\u00f3 el inicio oficial de la l\u00ednea Beyblade X en Jap\u00f3n. Con un dise\u00f1o transparente espectacular y rendimiento balanceado, este Beyblade se ha convertido en una pieza de colecci\u00f3n altamente codiciada entre Bladers y fans de la serie. Producto 100% original japon\u00e9s (Takara Tomy) \u2013 Calidad premium, dise\u00f1o exclusivo, rendimiento real. Detalles del Producto: Hoja (Blade) (1), Trinquete (Ratchet) (1), Punta (Bit) (1), Tarjeta Beycode (Beycode card) (1), Manual de instrucciones (Instruction manual) (1).<\/p>","protected":false},"featured_media":23397,"comment_status":"open","ping_status":"closed","template":"","meta":[],"product_brand":[],"product_cat":[428],"product_tag":[],"class_list":{"0":"post-22129","1":"product","2":"type-product","3":"status-publish","4":"has-post-thumbnail","6":"product_cat-ediciones-especiales","8":"first","9":"instock","10":"shipping-taxable","11":"purchasable","12":"product-type-simple"},"yoast_head":"<!-- This site is optimized with the Yoast SEO Premium plugin v26.4 (Yoast SEO v26.4) - https:\/\/yoast.com\/wordpress\/plugins\/seo\/ -->\n<title>BX-00 Booster Cobalt Drake 4-60F Clear Version. - Rucua<\/title>\n<meta name=\"robots\" content=\"index, follow, max-snippet:-1, max-image-preview:large, max-video-preview:-1\" \/>\n<link rel=\"canonical\" href=\"https:\/\/rucua.com\/ja\/tienda\/bx-00-cobalt-drake-4-60f-clear-version\/?wmc-currency=JPY\" \/>\n<meta property=\"og:locale\" content=\"ja_JP\" \/>\n<meta property=\"og:type\" content=\"article\" \/>\n<meta property=\"og:title\" content=\"BX-00 Booster Cobalt Drake 4-60F Clear Version.\" \/>\n<meta property=\"og:description\" content=\"El BX-00 Cobalt Drake 4-60F Clear Ver. es una edici\u00f3n promocional limitada que marc\u00f3 el inicio oficial de la l\u00ednea Beyblade X en Jap\u00f3n. Con un dise\u00f1o transparente espectacular y rendimiento balanceado, este Beyblade se ha convertido en una pieza de colecci\u00f3n altamente codiciada entre Bladers y fans de la serie. Producto 100% original japon\u00e9s (Takara Tomy) \u2013 Calidad premium, dise\u00f1o exclusivo, rendimiento real. Detalles del Producto: Hoja (Blade) (1), Trinquete (Ratchet) (1), Punta (Bit) (1), Tarjeta Beycode (Beycode card) (1), Manual de instrucciones (Instruction manual) (1).\" \/>\n<meta property=\"og:url\" content=\"https:\/\/rucua.com\/ja\/tienda\/bx-00-cobalt-drake-4-60f-clear-version\/?wmc-currency=JPY\" \/>\n<meta property=\"og:site_name\" content=\"Rucua\" \/>\n<meta property=\"article:modified_time\" content=\"2026-01-16T22:32:54+00:00\" \/>\n<meta property=\"og:image\" content=\"http:\/\/rucua.com\/wp-content\/uploads\/2025\/03\/6-3-1024x1024.png\" \/>\n\t<meta property=\"og:image:width\" content=\"1024\" \/>\n\t<meta property=\"og:image:height\" content=\"1024\" \/>\n\t<meta property=\"og:image:type\" content=\"image\/png\" \/>\n<meta name=\"twitter:card\" content=\"summary_large_image\" \/>\n<meta name=\"twitter:label1\" content=\"\u4fa1\u683c\" \/>\n\t<meta name=\"twitter:data1\" content=\"999.00 MXN\" \/>\n\t<meta name=\"twitter:label2\" content=\"\u5728\u5eab\" \/>\n\t<meta name=\"twitter:data2\" content=\"\u5728\u5eab\u3042\u308a\" \/>\n<script type=\"application\/ld+json\" class=\"yoast-schema-graph\">{\"@context\":\"https:\/\/schema.org\",\"@graph\":[{\"@type\":\"WebPage\",\"@id\":\"https:\/\/rucua.com\/tienda\/bx-00-cobalt-drake-4-60f-clear-version\/\",\"url\":\"https:\/\/rucua.com\/tienda\/bx-00-cobalt-drake-4-60f-clear-version\/\",\"name\":\"BX-00 Booster Cobalt Drake 4-60F Clear Version. - Rucua\",\"isPartOf\":{\"@id\":\"https:\/\/rucua.com\/ja\/#website\"},\"primaryImageOfPage\":{\"@id\":\"https:\/\/rucua.com\/tienda\/bx-00-cobalt-drake-4-60f-clear-version\/#primaryimage\"},\"image\":{\"@id\":\"https:\/\/rucua.com\/tienda\/bx-00-cobalt-drake-4-60f-clear-version\/#primaryimage\"},\"thumbnailUrl\":\"https:\/\/rucua.com\/wp-content\/uploads\/2025\/03\/6-3.png\",\"datePublished\":\"2025-03-04T18:54:45+00:00\",\"dateModified\":\"2026-01-16T22:32:54+00:00\",\"breadcrumb\":{\"@id\":\"https:\/\/rucua.com\/tienda\/bx-00-cobalt-drake-4-60f-clear-version\/#breadcrumb\"},\"inLanguage\":\"ja\",\"potentialAction\":[{\"@type\":\"ReadAction\",\"target\":[\"https:\/\/rucua.com\/tienda\/bx-00-cobalt-drake-4-60f-clear-version\/\"]}]},{\"@type\":\"ImageObject\",\"inLanguage\":\"ja\",\"@id\":\"https:\/\/rucua.com\/tienda\/bx-00-cobalt-drake-4-60f-clear-version\/#primaryimage\",\"url\":\"https:\/\/rucua.com\/wp-content\/uploads\/2025\/03\/6-3.png\",\"contentUrl\":\"https:\/\/rucua.com\/wp-content\/uploads\/2025\/03\/6-3.png\",\"width\":2000,\"height\":2000},{\"@type\":\"BreadcrumbList\",\"@id\":\"https:\/\/rucua.com\/tienda\/bx-00-cobalt-drake-4-60f-clear-version\/#breadcrumb\",\"itemListElement\":[{\"@type\":\"ListItem\",\"position\":1,\"name\":\"Inicio\",\"item\":\"https:\/\/rucua.com\/\"},{\"@type\":\"ListItem\",\"position\":2,\"name\":\"Tienda\",\"item\":\"https:\/\/rucua.com\/tienda\/\"},{\"@type\":\"ListItem\",\"position\":3,\"name\":\"BX-00 Booster Cobalt Drake 4-60F Clear Version.\"}]},{\"@type\":\"WebSite\",\"@id\":\"https:\/\/rucua.com\/ja\/#website\",\"url\":\"https:\/\/rucua.com\/ja\/\",\"name\":\"Rucua\",\"description\":\"\",\"potentialAction\":[{\"@type\":\"SearchAction\",\"target\":{\"@type\":\"EntryPoint\",\"urlTemplate\":\"https:\/\/rucua.com\/ja\/?s={search_term_string}\"},\"query-input\":{\"@type\":\"PropertyValueSpecification\",\"valueRequired\":true,\"valueName\":\"search_term_string\"}}],\"inLanguage\":\"ja\"}]}<\/script>\n<meta property=\"product:price:amount\" content=\"999.00\" \/>\n<meta property=\"product:price:currency\" content=\"MXN\" \/>\n<meta property=\"og:availability\" content=\"instock\" \/>\n<meta property=\"product:availability\" content=\"instock\" \/>\n<meta property=\"product:condition\" content=\"new\" \/>\n<!-- \/ Yoast SEO Premium plugin. -->","yoast_head_json":{"title":"BX-00 Booster Cobalt Drake 4-60F Clear Version. - Rucua","robots":{"index":"index","follow":"follow","max-snippet":"max-snippet:-1","max-image-preview":"max-image-preview:large","max-video-preview":"max-video-preview:-1"},"canonical":"https:\/\/rucua.com\/ja\/tienda\/bx-00-cobalt-drake-4-60f-clear-version\/?wmc-currency=JPY","og_locale":"ja_JP","og_type":"article","og_title":"BX-00 Booster Cobalt Drake 4-60F Clear Version.","og_description":"El BX-00 Cobalt Drake 4-60F Clear Ver. es una edici\u00f3n promocional limitada que marc\u00f3 el inicio oficial de la l\u00ednea Beyblade X en Jap\u00f3n. Con un dise\u00f1o transparente espectacular y rendimiento balanceado, este Beyblade se ha convertido en una pieza de colecci\u00f3n altamente codiciada entre Bladers y fans de la serie. Producto 100% original japon\u00e9s (Takara Tomy) \u2013 Calidad premium, dise\u00f1o exclusivo, rendimiento real. Detalles del Producto: Hoja (Blade) (1), Trinquete (Ratchet) (1), Punta (Bit) (1), Tarjeta Beycode (Beycode card) (1), Manual de instrucciones (Instruction manual) (1).","og_url":"https:\/\/rucua.com\/ja\/tienda\/bx-00-cobalt-drake-4-60f-clear-version\/?wmc-currency=JPY","og_site_name":"Rucua","article_modified_time":"2026-01-16T22:32:54+00:00","og_image":[{"width":1024,"height":1024,"url":"http:\/\/rucua.com\/wp-content\/uploads\/2025\/03\/6-3-1024x1024.png","type":"image\/png"}],"twitter_card":"summary_large_image","twitter_misc":{"\u4fa1\u683c":"999.00 MXN","\u5728\u5eab":"\u5728\u5eab\u3042\u308a"},"schema":{"@context":"https:\/\/schema.org","@graph":[{"@type":"WebPage","@id":"https:\/\/rucua.com\/tienda\/bx-00-cobalt-drake-4-60f-clear-version\/","url":"https:\/\/rucua.com\/tienda\/bx-00-cobalt-drake-4-60f-clear-version\/","name":"BX-00 Booster Cobalt Drake 4-60F Clear Version. - Rucua","isPartOf":{"@id":"https:\/\/rucua.com\/ja\/#website"},"primaryImageOfPage":{"@id":"https:\/\/rucua.com\/tienda\/bx-00-cobalt-drake-4-60f-clear-version\/#primaryimage"},"image":{"@id":"https:\/\/rucua.com\/tienda\/bx-00-cobalt-drake-4-60f-clear-version\/#primaryimage"},"thumbnailUrl":"https:\/\/rucua.com\/wp-content\/uploads\/2025\/03\/6-3.png","datePublished":"2025-03-04T18:54:45+00:00","dateModified":"2026-01-16T22:32:54+00:00","breadcrumb":{"@id":"https:\/\/rucua.com\/tienda\/bx-00-cobalt-drake-4-60f-clear-version\/#breadcrumb"},"inLanguage":"ja","potentialAction":[{"@type":"ReadAction","target":["https:\/\/rucua.com\/tienda\/bx-00-cobalt-drake-4-60f-clear-version\/"]}]},{"@type":"ImageObject","inLanguage":"ja","@id":"https:\/\/rucua.com\/tienda\/bx-00-cobalt-drake-4-60f-clear-version\/#primaryimage","url":"https:\/\/rucua.com\/wp-content\/uploads\/2025\/03\/6-3.png","contentUrl":"https:\/\/rucua.com\/wp-content\/uploads\/2025\/03\/6-3.png","width":2000,"height":2000},{"@type":"BreadcrumbList","@id":"https:\/\/rucua.com\/tienda\/bx-00-cobalt-drake-4-60f-clear-version\/#breadcrumb","itemListElement":[{"@type":"ListItem","position":1,"name":"Inicio","item":"https:\/\/rucua.com\/"},{"@type":"ListItem","position":2,"name":"Tienda","item":"https:\/\/rucua.com\/tienda\/"},{"@type":"ListItem","position":3,"name":"BX-00 Booster Cobalt Drake 4-60F Clear Version."}]},{"@type":"WebSite","@id":"https:\/\/rucua.com\/ja\/#website","url":"https:\/\/rucua.com\/ja\/","name":"Rucua","description":"","potentialAction":[{"@type":"SearchAction","target":{"@type":"EntryPoint","urlTemplate":"https:\/\/rucua.com\/ja\/?s={search_term_string}"},"query-input":{"@type":"PropertyValueSpecification","valueRequired":true,"valueName":"search_term_string"}}],"inLanguage":"ja"}]},"product_price_amount":"999.00","product_price_currency":"MXN","og_availability":"instock","product_availability":"instock","product_condition":"new"},"_links":{"self":[{"href":"https:\/\/rucua.com\/ja\/wp-json\/wp\/v2\/product\/22129","targetHints":{"allow":["GET"]}}],"collection":[{"href":"https:\/\/rucua.com\/ja\/wp-json\/wp\/v2\/product"}],"about":[{"href":"https:\/\/rucua.com\/ja\/wp-json\/wp\/v2\/types\/product"}],"replies":[{"embeddable":true,"href":"https:\/\/rucua.com\/ja\/wp-json\/wp\/v2\/comments?post=22129"}],"wp:featuredmedia":[{"embeddable":true,"href":"https:\/\/rucua.com\/ja\/wp-json\/wp\/v2\/media\/23397"}],"wp:attachment":[{"href":"https:\/\/rucua.com\/ja\/wp-json\/wp\/v2\/media?parent=22129"}],"wp:term":[{"taxonomy":"product_brand","embeddable":true,"href":"https:\/\/rucua.com\/ja\/wp-json\/wp\/v2\/product_brand?post=22129"},{"taxonomy":"product_cat","embeddable":true,"href":"https:\/\/rucua.com\/ja\/wp-json\/wp\/v2\/product_cat?post=22129"},{"taxonomy":"product_tag","embeddable":true,"href":"https:\/\/rucua.com\/ja\/wp-json\/wp\/v2\/product_tag?post=22129"}],"curies":[{"name":"wp","href":"https:\/\/api.w.org\/{rel}","templated":true}]}}