{"id":21468,"date":"2024-12-07T03:29:21","date_gmt":"2024-12-07T03:29:21","guid":{"rendered":"https:\/\/manuelrodarte.com\/rucua\/nueva\/product\/stand-ry\/"},"modified":"2025-10-14T23:14:19","modified_gmt":"2025-10-14T23:14:19","slug":"stand-ry","status":"publish","type":"product","link":"https:\/\/rucua.com\/ja\/tienda\/stand-ry\/","title":{"rendered":"Stand RY"},"content":{"rendered":"<h5><strong>\u00a1EL SECRETO PARA BATALLAS \u00c9PICAS!<\/strong><\/h5>\n<p><em><strong>\u00a1Adi\u00f3s a estadios que se mueven! Nuestro sistema de agarre mantiene tu estadio FIRME en los combates m\u00e1s intensos<\/strong><\/em><\/p>\n<p style=\"padding-left: 40px;\">Hecho a mano con pasi\u00f3n\u00a0\u2013 Cada unidad es fabricada\u00a0artesanalmente\u00a0en nuestro taller mexicano con materiales premium.<\/p>\n<p style=\"padding-left: 40px;\">Tiempo de elaboraci\u00f3n:\u00a01-2 semanas (garantizando calidad y detalles perfectos).<\/p>\n<p><strong>Dise\u00f1ado para bladers competitivos:<\/strong><\/p>\n<ul>\n<li style=\"list-style-type: none;\">\n<ul>\n<li><strong>Inspirado en torneos oficiales <\/strong>de Takara Tomy &#8211; Beyblade X en Jap\u00f3n y Asia<\/li>\n<li><strong>Base antideslizante <\/strong>que fija el estadio en batallas intensas<\/li>\n<\/ul>\n<\/li>\n<\/ul>\n<p><strong>Exclusividad Rucua:<\/strong><\/p>\n<ul>\n<li style=\"list-style-type: none;\">\n<ul>\n<li><strong>Pieza \u00fanica<\/strong><\/li>\n<li>Genera\u00a0<strong>combates m\u00e1s intensos<\/strong>\u00a0(los Beyblades toman el riel con precisi\u00f3n)<\/li>\n<li><strong>F\u00e1cil almacenamiento\u00a0y portabilidad<\/strong>\u00a0sin perder autenticidad competitiva<\/li>\n<li><strong>Combates profesionales<\/strong>\u00a0desde tu hogar<\/li>\n<li><strong>Color negro s\u00f3lido <\/strong>(A\u00f1ade stickers o calcoman\u00edas para personal\u00edzalo a tu gusto)<\/li>\n<\/ul>\n<\/li>\n<\/ul>\n<p><strong>Producto 100% mexicano (RUCUA)<\/strong>\u00a0\u2013 Calidad premium, dise\u00f1o exclusivo, rendimiento real.<\/p>\n<p><span style=\"color: #ff0000;\"><em data-start=\"2148\" data-end=\"2226\">Ideal para torneos, exhibiciones y bladers que quieren destacar visualmente.<\/em><\/span><\/p>\n<hr \/>\n<p><strong>Detalles del producto:<\/strong> Stand (1)<\/p>\n<p><strong>Dimensiones: <\/strong>50 cm de altura, 70 cm de longitud y 50 cm de anchura (<em>abierto<\/em>); <strong>: <\/strong>50 cm de altura, 35 cm de longitud y 5 cm de anchura (<em>cerrado<\/em>)<\/p>","protected":false},"excerpt":{"rendered":"<p>\u00a1EL SECRETO PARA BATALLAS \u00c9PICAS! \u00a1Adi\u00f3s a estadios que se mueven! Nuestro sistema de agarre mantiene tu estadio FIRME en los combates m\u00e1s intensos Hecho a mano con pasi\u00f3n\u00a0\u2013 Cada unidad es fabricada\u00a0artesanalmente\u00a0en nuestro taller mexicano con materiales premium. Tiempo de elaboraci\u00f3n:\u00a01-2 semanas (garantizando calidad y detalles perfectos). Dise\u00f1ado para bladers competitivos: Inspirado en torneos oficiales de Takara Tomy &#8211; Beyblade X en Jap\u00f3n y Asia Base antideslizante que fija el estadio en batallas intensas Exclusividad Rucua: Pieza \u00fanica Genera\u00a0combates m\u00e1s intensos\u00a0(los Beyblades toman el riel con precisi\u00f3n) F\u00e1cil almacenamiento\u00a0y portabilidad\u00a0sin perder autenticidad competitiva Combates profesionales\u00a0desde tu hogar Color negro s\u00f3lido (A\u00f1ade stickers o calcoman\u00edas para personal\u00edzalo a tu gusto) [&hellip;]<\/p>","protected":false},"featured_media":22077,"comment_status":"open","ping_status":"closed","template":"","meta":[],"product_brand":[],"product_cat":[456,422,425],"product_tag":[],"class_list":{"0":"post-21468","1":"product","2":"type-product","3":"status-publish","4":"has-post-thumbnail","6":"product_cat-productos-rucua","7":"product_cat-estadios-y-stands","8":"product_cat-accesorios","9":"product_shipping_class-03-grande","11":"first","12":"outofstock","13":"shipping-taxable","14":"purchasable","15":"product-type-simple"},"yoast_head":"<!-- This site is optimized with the Yoast SEO Premium plugin v26.4 (Yoast SEO v26.4) - https:\/\/yoast.com\/wordpress\/plugins\/seo\/ -->\n<title>Stand RY - Rucua<\/title>\n<meta name=\"robots\" content=\"index, follow, max-snippet:-1, max-image-preview:large, max-video-preview:-1\" \/>\n<link rel=\"canonical\" href=\"https:\/\/rucua.com\/ja\/tienda\/stand-ry\/?wmc-currency=JPY\" \/>\n<meta property=\"og:locale\" content=\"ja_JP\" \/>\n<meta property=\"og:type\" content=\"article\" \/>\n<meta property=\"og:title\" content=\"Stand RY\" \/>\n<meta property=\"og:description\" content=\"\u00a1EL SECRETO PARA BATALLAS \u00c9PICAS! \u00a1Adi\u00f3s a estadios que se mueven! Nuestro sistema de agarre mantiene tu estadio FIRME en los combates m\u00e1s intensos Hecho a mano con pasi\u00f3n\u00a0\u2013 Cada unidad es fabricada\u00a0artesanalmente\u00a0en nuestro taller mexicano con materiales premium. Tiempo de elaboraci\u00f3n:\u00a01-2 semanas (garantizando calidad y detalles perfectos). Dise\u00f1ado para bladers competitivos: Inspirado en torneos oficiales de Takara Tomy &#8211; Beyblade X en Jap\u00f3n y Asia Base antideslizante que fija el estadio en batallas intensas Exclusividad Rucua: Pieza \u00fanica Genera\u00a0combates m\u00e1s intensos\u00a0(los Beyblades toman el riel con precisi\u00f3n) F\u00e1cil almacenamiento\u00a0y portabilidad\u00a0sin perder autenticidad competitiva Combates profesionales\u00a0desde tu hogar Color negro s\u00f3lido (A\u00f1ade stickers o calcoman\u00edas para personal\u00edzalo a tu gusto) [&hellip;]\" \/>\n<meta property=\"og:url\" content=\"https:\/\/rucua.com\/ja\/tienda\/stand-ry\/?wmc-currency=JPY\" \/>\n<meta property=\"og:site_name\" content=\"Rucua\" \/>\n<meta property=\"article:modified_time\" content=\"2025-10-14T23:14:19+00:00\" \/>\n<meta property=\"og:image\" content=\"http:\/\/rucua.com\/wp-content\/uploads\/2024\/12\/11.png\" \/>\n\t<meta property=\"og:image:width\" content=\"2000\" \/>\n\t<meta property=\"og:image:height\" content=\"2000\" \/>\n\t<meta property=\"og:image:type\" content=\"image\/png\" \/>\n<meta name=\"twitter:card\" content=\"summary_large_image\" \/>\n<meta name=\"twitter:label1\" content=\"\u4fa1\u683c\" \/>\n\t<meta name=\"twitter:data1\" content=\"1,899.00 MXN\" \/>\n\t<meta name=\"twitter:label2\" content=\"\u5728\u5eab\" \/>\n\t<meta name=\"twitter:data2\" content=\"\u5728\u5eab\u5207\u308c\" \/>\n<script type=\"application\/ld+json\" class=\"yoast-schema-graph\">{\"@context\":\"https:\/\/schema.org\",\"@graph\":[{\"@type\":\"WebPage\",\"@id\":\"https:\/\/rucua.com\/tienda\/stand-ry\/\",\"url\":\"https:\/\/rucua.com\/tienda\/stand-ry\/\",\"name\":\"Stand RY - Rucua\",\"isPartOf\":{\"@id\":\"https:\/\/rucua.com\/ja\/#website\"},\"primaryImageOfPage\":{\"@id\":\"https:\/\/rucua.com\/tienda\/stand-ry\/#primaryimage\"},\"image\":{\"@id\":\"https:\/\/rucua.com\/tienda\/stand-ry\/#primaryimage\"},\"thumbnailUrl\":\"https:\/\/rucua.com\/wp-content\/uploads\/2024\/12\/11.png\",\"datePublished\":\"2024-12-07T03:29:21+00:00\",\"dateModified\":\"2025-10-14T23:14:19+00:00\",\"breadcrumb\":{\"@id\":\"https:\/\/rucua.com\/tienda\/stand-ry\/#breadcrumb\"},\"inLanguage\":\"ja\",\"potentialAction\":[{\"@type\":\"ReadAction\",\"target\":[\"https:\/\/rucua.com\/tienda\/stand-ry\/\"]}]},{\"@type\":\"ImageObject\",\"inLanguage\":\"ja\",\"@id\":\"https:\/\/rucua.com\/tienda\/stand-ry\/#primaryimage\",\"url\":\"https:\/\/rucua.com\/wp-content\/uploads\/2024\/12\/11.png\",\"contentUrl\":\"https:\/\/rucua.com\/wp-content\/uploads\/2024\/12\/11.png\",\"width\":2000,\"height\":2000},{\"@type\":\"BreadcrumbList\",\"@id\":\"https:\/\/rucua.com\/tienda\/stand-ry\/#breadcrumb\",\"itemListElement\":[{\"@type\":\"ListItem\",\"position\":1,\"name\":\"Inicio\",\"item\":\"https:\/\/rucua.com\/\"},{\"@type\":\"ListItem\",\"position\":2,\"name\":\"Tienda\",\"item\":\"https:\/\/rucua.com\/tienda\/\"},{\"@type\":\"ListItem\",\"position\":3,\"name\":\"Stand RY\"}]},{\"@type\":\"WebSite\",\"@id\":\"https:\/\/rucua.com\/ja\/#website\",\"url\":\"https:\/\/rucua.com\/ja\/\",\"name\":\"Rucua\",\"description\":\"\",\"potentialAction\":[{\"@type\":\"SearchAction\",\"target\":{\"@type\":\"EntryPoint\",\"urlTemplate\":\"https:\/\/rucua.com\/ja\/?s={search_term_string}\"},\"query-input\":{\"@type\":\"PropertyValueSpecification\",\"valueRequired\":true,\"valueName\":\"search_term_string\"}}],\"inLanguage\":\"ja\"}]}<\/script>\n<meta property=\"product:price:amount\" content=\"1899.00\" \/>\n<meta property=\"product:price:currency\" content=\"MXN\" \/>\n<meta property=\"og:availability\" content=\"out of stock\" \/>\n<meta property=\"product:availability\" content=\"out of stock\" \/>\n<meta property=\"product:condition\" content=\"new\" \/>\n<!-- \/ Yoast SEO Premium plugin. -->","yoast_head_json":{"title":"Stand RY - Rucua","robots":{"index":"index","follow":"follow","max-snippet":"max-snippet:-1","max-image-preview":"max-image-preview:large","max-video-preview":"max-video-preview:-1"},"canonical":"https:\/\/rucua.com\/ja\/tienda\/stand-ry\/?wmc-currency=JPY","og_locale":"ja_JP","og_type":"article","og_title":"Stand RY","og_description":"\u00a1EL SECRETO PARA BATALLAS \u00c9PICAS! \u00a1Adi\u00f3s a estadios que se mueven! Nuestro sistema de agarre mantiene tu estadio FIRME en los combates m\u00e1s intensos Hecho a mano con pasi\u00f3n\u00a0\u2013 Cada unidad es fabricada\u00a0artesanalmente\u00a0en nuestro taller mexicano con materiales premium. Tiempo de elaboraci\u00f3n:\u00a01-2 semanas (garantizando calidad y detalles perfectos). Dise\u00f1ado para bladers competitivos: Inspirado en torneos oficiales de Takara Tomy &#8211; Beyblade X en Jap\u00f3n y Asia Base antideslizante que fija el estadio en batallas intensas Exclusividad Rucua: Pieza \u00fanica Genera\u00a0combates m\u00e1s intensos\u00a0(los Beyblades toman el riel con precisi\u00f3n) F\u00e1cil almacenamiento\u00a0y portabilidad\u00a0sin perder autenticidad competitiva Combates profesionales\u00a0desde tu hogar Color negro s\u00f3lido (A\u00f1ade stickers o calcoman\u00edas para personal\u00edzalo a tu gusto) [&hellip;]","og_url":"https:\/\/rucua.com\/ja\/tienda\/stand-ry\/?wmc-currency=JPY","og_site_name":"Rucua","article_modified_time":"2025-10-14T23:14:19+00:00","og_image":[{"width":2000,"height":2000,"url":"http:\/\/rucua.com\/wp-content\/uploads\/2024\/12\/11.png","type":"image\/png"}],"twitter_card":"summary_large_image","twitter_misc":{"\u4fa1\u683c":"1,899.00 MXN","\u5728\u5eab":"\u5728\u5eab\u5207\u308c"},"schema":{"@context":"https:\/\/schema.org","@graph":[{"@type":"WebPage","@id":"https:\/\/rucua.com\/tienda\/stand-ry\/","url":"https:\/\/rucua.com\/tienda\/stand-ry\/","name":"Stand RY - Rucua","isPartOf":{"@id":"https:\/\/rucua.com\/ja\/#website"},"primaryImageOfPage":{"@id":"https:\/\/rucua.com\/tienda\/stand-ry\/#primaryimage"},"image":{"@id":"https:\/\/rucua.com\/tienda\/stand-ry\/#primaryimage"},"thumbnailUrl":"https:\/\/rucua.com\/wp-content\/uploads\/2024\/12\/11.png","datePublished":"2024-12-07T03:29:21+00:00","dateModified":"2025-10-14T23:14:19+00:00","breadcrumb":{"@id":"https:\/\/rucua.com\/tienda\/stand-ry\/#breadcrumb"},"inLanguage":"ja","potentialAction":[{"@type":"ReadAction","target":["https:\/\/rucua.com\/tienda\/stand-ry\/"]}]},{"@type":"ImageObject","inLanguage":"ja","@id":"https:\/\/rucua.com\/tienda\/stand-ry\/#primaryimage","url":"https:\/\/rucua.com\/wp-content\/uploads\/2024\/12\/11.png","contentUrl":"https:\/\/rucua.com\/wp-content\/uploads\/2024\/12\/11.png","width":2000,"height":2000},{"@type":"BreadcrumbList","@id":"https:\/\/rucua.com\/tienda\/stand-ry\/#breadcrumb","itemListElement":[{"@type":"ListItem","position":1,"name":"Inicio","item":"https:\/\/rucua.com\/"},{"@type":"ListItem","position":2,"name":"Tienda","item":"https:\/\/rucua.com\/tienda\/"},{"@type":"ListItem","position":3,"name":"Stand RY"}]},{"@type":"WebSite","@id":"https:\/\/rucua.com\/ja\/#website","url":"https:\/\/rucua.com\/ja\/","name":"Rucua","description":"","potentialAction":[{"@type":"SearchAction","target":{"@type":"EntryPoint","urlTemplate":"https:\/\/rucua.com\/ja\/?s={search_term_string}"},"query-input":{"@type":"PropertyValueSpecification","valueRequired":true,"valueName":"search_term_string"}}],"inLanguage":"ja"}]},"product_price_amount":"1899.00","product_price_currency":"MXN","og_availability":"out of stock","product_availability":"out of stock","product_condition":"new"},"_links":{"self":[{"href":"https:\/\/rucua.com\/ja\/wp-json\/wp\/v2\/product\/21468","targetHints":{"allow":["GET"]}}],"collection":[{"href":"https:\/\/rucua.com\/ja\/wp-json\/wp\/v2\/product"}],"about":[{"href":"https:\/\/rucua.com\/ja\/wp-json\/wp\/v2\/types\/product"}],"replies":[{"embeddable":true,"href":"https:\/\/rucua.com\/ja\/wp-json\/wp\/v2\/comments?post=21468"}],"wp:featuredmedia":[{"embeddable":true,"href":"https:\/\/rucua.com\/ja\/wp-json\/wp\/v2\/media\/22077"}],"wp:attachment":[{"href":"https:\/\/rucua.com\/ja\/wp-json\/wp\/v2\/media?parent=21468"}],"wp:term":[{"taxonomy":"product_brand","embeddable":true,"href":"https:\/\/rucua.com\/ja\/wp-json\/wp\/v2\/product_brand?post=21468"},{"taxonomy":"product_cat","embeddable":true,"href":"https:\/\/rucua.com\/ja\/wp-json\/wp\/v2\/product_cat?post=21468"},{"taxonomy":"product_tag","embeddable":true,"href":"https:\/\/rucua.com\/ja\/wp-json\/wp\/v2\/product_tag?post=21468"}],"curies":[{"name":"wp","href":"https:\/\/api.w.org\/{rel}","templated":true}]}}