{"id":21448,"date":"2024-11-29T18:36:42","date_gmt":"2024-11-29T18:36:42","guid":{"rendered":"https:\/\/manuelrodarte.com\/rucua\/nueva\/product\/ux-09-starter-samurai-saber-2-70l\/"},"modified":"2026-03-20T21:55:05","modified_gmt":"2026-03-20T21:55:05","slug":"ux-09-starter-samurai-saber-2-70l","status":"publish","type":"product","link":"https:\/\/rucua.com\/ja\/tienda\/ux-09-starter-samurai-saber-2-70l\/","title":{"rendered":"UX-09 Starter Samurai Saber 2-70L"},"content":{"rendered":"<p class=\"p1\"><strong data-start=\"539\" data-end=\"599\">\u00a1Libera el poder del Bushido con el Samurai Saber 2-70L!<\/strong><br data-start=\"599\" data-end=\"602\" \/>El <strong data-start=\"605\" data-end=\"642\">UX-09 Starter Samurai Saber 2-70L<\/strong> es la elecci\u00f3n perfecta para los Bladers que buscan velocidad, impacto y precisi\u00f3n. Con un dise\u00f1o que evoca el esp\u00edritu de un espadach\u00edn samur\u00e1i, este Beyblade ofensivo te coloca al frente de la batalla desde el primer lanzamiento.<\/p>\n<p><strong data-start=\"1401\" data-end=\"1444\">Producto original japon\u00e9s (Takara Tomy)<\/strong> \u2014 m\u00e1xima calidad, dise\u00f1o exclusivo y compatibilidad completa con otros Beyblade X.<\/p>\n<p class=\"p1\"><b>Detalles del producto:<\/b> Blade (1), Ratchet (1), Punta (Bit) (1), Lanzador con agarre (Hold launcher) (1), Cuerda larga (Long winder) (1), Panel de goma (Rubber panel) (4), Manual de instrucciones (Instruction manual) (1), Tarjeta Beycode (Beycode card) (1).<\/p>\n<p>&nbsp;<\/p>","protected":false},"excerpt":{"rendered":"<p>\u00a1Libera el poder del Bushido con el Samurai Saber 2-70L!El UX-09 Starter Samurai Saber 2-70L es la elecci\u00f3n perfecta para los Bladers que buscan velocidad, impacto y precisi\u00f3n. Con un dise\u00f1o que evoca el esp\u00edritu de un espadach\u00edn samur\u00e1i, este Beyblade ofensivo te coloca al frente de la batalla desde el primer lanzamiento. Producto original japon\u00e9s (Takara Tomy) \u2014 m\u00e1xima calidad, dise\u00f1o exclusivo y compatibilidad completa con otros Beyblade X. Detalles del producto: Blade (1), Ratchet (1), Punta (Bit) (1), Lanzador con agarre (Hold launcher) (1), Cuerda larga (Long winder) (1), Panel de goma (Rubber panel) (4), Manual de instrucciones (Instruction manual) (1), Tarjeta Beycode (Beycode card) (1). &nbsp;<\/p>","protected":false},"featured_media":22856,"comment_status":"open","ping_status":"closed","template":"","meta":[],"product_brand":[],"product_cat":[449,418],"product_tag":[],"class_list":{"0":"post-21448","1":"product","2":"type-product","3":"status-publish","4":"has-post-thumbnail","6":"product_cat-mejores-ofertas","7":"product_cat-starter-set","9":"first","10":"instock","11":"shipping-taxable","12":"purchasable","13":"product-type-simple"},"yoast_head":"<!-- This site is optimized with the Yoast SEO Premium plugin v26.4 (Yoast SEO v26.4) - https:\/\/yoast.com\/wordpress\/plugins\/seo\/ -->\n<title>UX-09 Starter Samurai Saber 2-70L - Rucua<\/title>\n<meta name=\"robots\" content=\"index, follow, max-snippet:-1, max-image-preview:large, max-video-preview:-1\" \/>\n<link rel=\"canonical\" href=\"https:\/\/rucua.com\/ja\/tienda\/ux-09-starter-samurai-saber-2-70l\/?wmc-currency=JPY\" \/>\n<meta property=\"og:locale\" content=\"ja_JP\" \/>\n<meta property=\"og:type\" content=\"article\" \/>\n<meta property=\"og:title\" content=\"UX-09 Starter Samurai Saber 2-70L\" \/>\n<meta property=\"og:description\" content=\"\u00a1Libera el poder del Bushido con el Samurai Saber 2-70L!El UX-09 Starter Samurai Saber 2-70L es la elecci\u00f3n perfecta para los Bladers que buscan velocidad, impacto y precisi\u00f3n. Con un dise\u00f1o que evoca el esp\u00edritu de un espadach\u00edn samur\u00e1i, este Beyblade ofensivo te coloca al frente de la batalla desde el primer lanzamiento. Producto original japon\u00e9s (Takara Tomy) \u2014 m\u00e1xima calidad, dise\u00f1o exclusivo y compatibilidad completa con otros Beyblade X. Detalles del producto: Blade (1), Ratchet (1), Punta (Bit) (1), Lanzador con agarre (Hold launcher) (1), Cuerda larga (Long winder) (1), Panel de goma (Rubber panel) (4), Manual de instrucciones (Instruction manual) (1), Tarjeta Beycode (Beycode card) (1). &nbsp;\" \/>\n<meta property=\"og:url\" content=\"https:\/\/rucua.com\/ja\/tienda\/ux-09-starter-samurai-saber-2-70l\/?wmc-currency=JPY\" \/>\n<meta property=\"og:site_name\" content=\"Rucua\" \/>\n<meta property=\"article:modified_time\" content=\"2026-03-20T21:55:05+00:00\" \/>\n<meta property=\"og:image\" content=\"http:\/\/rucua.com\/wp-content\/uploads\/2024\/11\/6-6.png\" \/>\n\t<meta property=\"og:image:width\" content=\"2000\" \/>\n\t<meta property=\"og:image:height\" content=\"2000\" \/>\n\t<meta property=\"og:image:type\" content=\"image\/png\" \/>\n<meta name=\"twitter:card\" content=\"summary_large_image\" \/>\n<meta name=\"twitter:label1\" content=\"\u4fa1\u683c\" \/>\n\t<meta name=\"twitter:data1\" content=\"899.00 MXN\" \/>\n\t<meta name=\"twitter:label2\" content=\"\u5728\u5eab\" \/>\n\t<meta name=\"twitter:data2\" content=\"\u5728\u5eab\u3042\u308a\" \/>\n<script type=\"application\/ld+json\" class=\"yoast-schema-graph\">{\"@context\":\"https:\/\/schema.org\",\"@graph\":[{\"@type\":\"WebPage\",\"@id\":\"https:\/\/rucua.com\/tienda\/ux-09-starter-samurai-saber-2-70l\/\",\"url\":\"https:\/\/rucua.com\/tienda\/ux-09-starter-samurai-saber-2-70l\/\",\"name\":\"UX-09 Starter Samurai Saber 2-70L - Rucua\",\"isPartOf\":{\"@id\":\"https:\/\/rucua.com\/ja\/#website\"},\"primaryImageOfPage\":{\"@id\":\"https:\/\/rucua.com\/tienda\/ux-09-starter-samurai-saber-2-70l\/#primaryimage\"},\"image\":{\"@id\":\"https:\/\/rucua.com\/tienda\/ux-09-starter-samurai-saber-2-70l\/#primaryimage\"},\"thumbnailUrl\":\"https:\/\/rucua.com\/wp-content\/uploads\/2024\/11\/6-6.png\",\"datePublished\":\"2024-11-29T18:36:42+00:00\",\"dateModified\":\"2026-03-20T21:55:05+00:00\",\"breadcrumb\":{\"@id\":\"https:\/\/rucua.com\/tienda\/ux-09-starter-samurai-saber-2-70l\/#breadcrumb\"},\"inLanguage\":\"ja\",\"potentialAction\":[{\"@type\":\"ReadAction\",\"target\":[\"https:\/\/rucua.com\/tienda\/ux-09-starter-samurai-saber-2-70l\/\"]}]},{\"@type\":\"ImageObject\",\"inLanguage\":\"ja\",\"@id\":\"https:\/\/rucua.com\/tienda\/ux-09-starter-samurai-saber-2-70l\/#primaryimage\",\"url\":\"https:\/\/rucua.com\/wp-content\/uploads\/2024\/11\/6-6.png\",\"contentUrl\":\"https:\/\/rucua.com\/wp-content\/uploads\/2024\/11\/6-6.png\",\"width\":2000,\"height\":2000},{\"@type\":\"BreadcrumbList\",\"@id\":\"https:\/\/rucua.com\/tienda\/ux-09-starter-samurai-saber-2-70l\/#breadcrumb\",\"itemListElement\":[{\"@type\":\"ListItem\",\"position\":1,\"name\":\"Inicio\",\"item\":\"https:\/\/rucua.com\/\"},{\"@type\":\"ListItem\",\"position\":2,\"name\":\"Tienda\",\"item\":\"https:\/\/rucua.com\/tienda\/\"},{\"@type\":\"ListItem\",\"position\":3,\"name\":\"UX-09 Starter Samurai Saber 2-70L\"}]},{\"@type\":\"WebSite\",\"@id\":\"https:\/\/rucua.com\/ja\/#website\",\"url\":\"https:\/\/rucua.com\/ja\/\",\"name\":\"Rucua\",\"description\":\"\",\"potentialAction\":[{\"@type\":\"SearchAction\",\"target\":{\"@type\":\"EntryPoint\",\"urlTemplate\":\"https:\/\/rucua.com\/ja\/?s={search_term_string}\"},\"query-input\":{\"@type\":\"PropertyValueSpecification\",\"valueRequired\":true,\"valueName\":\"search_term_string\"}}],\"inLanguage\":\"ja\"}]}<\/script>\n<meta property=\"product:price:amount\" content=\"899.00\" \/>\n<meta property=\"product:price:currency\" content=\"MXN\" \/>\n<meta property=\"og:availability\" content=\"instock\" \/>\n<meta property=\"product:availability\" content=\"instock\" \/>\n<meta property=\"product:condition\" content=\"new\" \/>\n<!-- \/ Yoast SEO Premium plugin. -->","yoast_head_json":{"title":"UX-09 Starter Samurai Saber 2-70L - Rucua","robots":{"index":"index","follow":"follow","max-snippet":"max-snippet:-1","max-image-preview":"max-image-preview:large","max-video-preview":"max-video-preview:-1"},"canonical":"https:\/\/rucua.com\/ja\/tienda\/ux-09-starter-samurai-saber-2-70l\/?wmc-currency=JPY","og_locale":"ja_JP","og_type":"article","og_title":"UX-09 Starter Samurai Saber 2-70L","og_description":"\u00a1Libera el poder del Bushido con el Samurai Saber 2-70L!El UX-09 Starter Samurai Saber 2-70L es la elecci\u00f3n perfecta para los Bladers que buscan velocidad, impacto y precisi\u00f3n. Con un dise\u00f1o que evoca el esp\u00edritu de un espadach\u00edn samur\u00e1i, este Beyblade ofensivo te coloca al frente de la batalla desde el primer lanzamiento. Producto original japon\u00e9s (Takara Tomy) \u2014 m\u00e1xima calidad, dise\u00f1o exclusivo y compatibilidad completa con otros Beyblade X. Detalles del producto: Blade (1), Ratchet (1), Punta (Bit) (1), Lanzador con agarre (Hold launcher) (1), Cuerda larga (Long winder) (1), Panel de goma (Rubber panel) (4), Manual de instrucciones (Instruction manual) (1), Tarjeta Beycode (Beycode card) (1). &nbsp;","og_url":"https:\/\/rucua.com\/ja\/tienda\/ux-09-starter-samurai-saber-2-70l\/?wmc-currency=JPY","og_site_name":"Rucua","article_modified_time":"2026-03-20T21:55:05+00:00","og_image":[{"width":2000,"height":2000,"url":"http:\/\/rucua.com\/wp-content\/uploads\/2024\/11\/6-6.png","type":"image\/png"}],"twitter_card":"summary_large_image","twitter_misc":{"\u4fa1\u683c":"899.00 MXN","\u5728\u5eab":"\u5728\u5eab\u3042\u308a"},"schema":{"@context":"https:\/\/schema.org","@graph":[{"@type":"WebPage","@id":"https:\/\/rucua.com\/tienda\/ux-09-starter-samurai-saber-2-70l\/","url":"https:\/\/rucua.com\/tienda\/ux-09-starter-samurai-saber-2-70l\/","name":"UX-09 Starter Samurai Saber 2-70L - Rucua","isPartOf":{"@id":"https:\/\/rucua.com\/ja\/#website"},"primaryImageOfPage":{"@id":"https:\/\/rucua.com\/tienda\/ux-09-starter-samurai-saber-2-70l\/#primaryimage"},"image":{"@id":"https:\/\/rucua.com\/tienda\/ux-09-starter-samurai-saber-2-70l\/#primaryimage"},"thumbnailUrl":"https:\/\/rucua.com\/wp-content\/uploads\/2024\/11\/6-6.png","datePublished":"2024-11-29T18:36:42+00:00","dateModified":"2026-03-20T21:55:05+00:00","breadcrumb":{"@id":"https:\/\/rucua.com\/tienda\/ux-09-starter-samurai-saber-2-70l\/#breadcrumb"},"inLanguage":"ja","potentialAction":[{"@type":"ReadAction","target":["https:\/\/rucua.com\/tienda\/ux-09-starter-samurai-saber-2-70l\/"]}]},{"@type":"ImageObject","inLanguage":"ja","@id":"https:\/\/rucua.com\/tienda\/ux-09-starter-samurai-saber-2-70l\/#primaryimage","url":"https:\/\/rucua.com\/wp-content\/uploads\/2024\/11\/6-6.png","contentUrl":"https:\/\/rucua.com\/wp-content\/uploads\/2024\/11\/6-6.png","width":2000,"height":2000},{"@type":"BreadcrumbList","@id":"https:\/\/rucua.com\/tienda\/ux-09-starter-samurai-saber-2-70l\/#breadcrumb","itemListElement":[{"@type":"ListItem","position":1,"name":"Inicio","item":"https:\/\/rucua.com\/"},{"@type":"ListItem","position":2,"name":"Tienda","item":"https:\/\/rucua.com\/tienda\/"},{"@type":"ListItem","position":3,"name":"UX-09 Starter Samurai Saber 2-70L"}]},{"@type":"WebSite","@id":"https:\/\/rucua.com\/ja\/#website","url":"https:\/\/rucua.com\/ja\/","name":"Rucua","description":"","potentialAction":[{"@type":"SearchAction","target":{"@type":"EntryPoint","urlTemplate":"https:\/\/rucua.com\/ja\/?s={search_term_string}"},"query-input":{"@type":"PropertyValueSpecification","valueRequired":true,"valueName":"search_term_string"}}],"inLanguage":"ja"}]},"product_price_amount":"899.00","product_price_currency":"MXN","og_availability":"instock","product_availability":"instock","product_condition":"new"},"_links":{"self":[{"href":"https:\/\/rucua.com\/ja\/wp-json\/wp\/v2\/product\/21448","targetHints":{"allow":["GET"]}}],"collection":[{"href":"https:\/\/rucua.com\/ja\/wp-json\/wp\/v2\/product"}],"about":[{"href":"https:\/\/rucua.com\/ja\/wp-json\/wp\/v2\/types\/product"}],"replies":[{"embeddable":true,"href":"https:\/\/rucua.com\/ja\/wp-json\/wp\/v2\/comments?post=21448"}],"wp:featuredmedia":[{"embeddable":true,"href":"https:\/\/rucua.com\/ja\/wp-json\/wp\/v2\/media\/22856"}],"wp:attachment":[{"href":"https:\/\/rucua.com\/ja\/wp-json\/wp\/v2\/media?parent=21448"}],"wp:term":[{"taxonomy":"product_brand","embeddable":true,"href":"https:\/\/rucua.com\/ja\/wp-json\/wp\/v2\/product_brand?post=21448"},{"taxonomy":"product_cat","embeddable":true,"href":"https:\/\/rucua.com\/ja\/wp-json\/wp\/v2\/product_cat?post=21448"},{"taxonomy":"product_tag","embeddable":true,"href":"https:\/\/rucua.com\/ja\/wp-json\/wp\/v2\/product_tag?post=21448"}],"curies":[{"name":"wp","href":"https:\/\/api.w.org\/{rel}","templated":true}]}}