{"id":21408,"date":"2024-11-29T18:37:48","date_gmt":"2024-11-29T18:37:48","guid":{"rendered":"https:\/\/manuelrodarte.com\/rucua\/nueva\/product\/ux-00-g3-prize-wizard-rod-5-70db-metal-coat-gold\/"},"modified":"2026-02-18T18:24:10","modified_gmt":"2026-02-18T18:24:10","slug":"ux-00-g3-prize-wizard-rod-5-70db-metal-coat-gold","status":"publish","type":"product","link":"https:\/\/rucua.com\/ja\/tienda\/ux-00-g3-prize-wizard-rod-5-70db-metal-coat-gold\/","title":{"rendered":"UX-00 G3 Tournament Prize Wizard Rod 5-70DB Metal Coat: Gold"},"content":{"rendered":"<p class=\"p1\"><span class=\"s1\">\ud835\udde3\ud835\udde5\ud835\uddd8<\/span>&#8211;<span class=\"s1\">\ud835\udde2\ud835\udde5\ud835\uddd7\ud835\uddd8\ud835\udde1<\/span> | <span class=\"s1\">\ud835\uddd8\ud835\uddfb\ud835\ude03\ud835\uddf6\u0301\ud835\uddfc<\/span> <span class=\"s1\">\ud835\uddf1\ud835\uddf2\ud835\ude00\ud835\uddf1\ud835\uddf2<\/span> <span class=\"s1\">\ud835\udddd\ud835\uddee\ud835\uddfd\ud835\uddfc\u0301\ud835\uddfb<\/span> (<span class=\"s1\">\ud835\udfee<\/span>&#8211;<span class=\"s1\">\ud835\udfef<\/span> <span class=\"s1\">\ud835\ude00\ud835\uddf2\ud835\uddfa\ud835\uddee\ud835\uddfb\ud835\uddee\ud835\ude00<\/span>)<br \/>\n\u00a1Garantiza tu Blade: Wizard Rod (Metal Coat: Gold) antes de que se agote! Este art\u00edculo se importa directamente desde Jap\u00f3n en lotes limitados para asegurar autenticidad y el mejor precio.<\/p>\n<p><strong data-start=\"193\" data-end=\"226\">\u00a1Poder m\u00edstico ba\u00f1ado en oro!<\/strong><br data-start=\"226\" data-end=\"229\" \/>El <strong data-start=\"232\" data-end=\"272\">Wizard Rod 5-70DB (Metal Coat: Gold)<\/strong> es un Beyblade exclusivo de premio otorgado en torneos <strong data-start=\"328\" data-end=\"353\">G3 oficiales en Jap\u00f3n<\/strong>. Esta versi\u00f3n limitada y brillante destaca por su elegante acabado <strong data-start=\"421\" data-end=\"442\">Metal Coat dorado<\/strong>, siendo uno de los premios m\u00e1s codiciados entre coleccionistas y jugadores competitivos.<\/p>\n<p class=\"p1\"><b>Producto 100% original japon\u00e9s (Takara Tomy)<\/b> \u2013 Calidad premium, dise\u00f1o exclusivo, rendimiento real.<\/p>\n<p class=\"p1\"><b>Detalles del producto:<\/b> Hoja (Blade) (1), Trinquete (Ratchet) (1), Punta (Bit) (1).<\/p>\n<p>&nbsp;<\/p>","protected":false},"excerpt":{"rendered":"<p>\ud835\udde3\ud835\udde5\ud835\uddd8&#8211;\ud835\udde2\ud835\udde5\ud835\uddd7\ud835\uddd8\ud835\udde1 | \ud835\uddd8\ud835\uddfb\ud835\ude03\ud835\uddf6\u0301\ud835\uddfc \ud835\uddf1\ud835\uddf2\ud835\ude00\ud835\uddf1\ud835\uddf2 \ud835\udddd\ud835\uddee\ud835\uddfd\ud835\uddfc\u0301\ud835\uddfb (\ud835\udfee&#8211;\ud835\udfef \ud835\ude00\ud835\uddf2\ud835\uddfa\ud835\uddee\ud835\uddfb\ud835\uddee\ud835\ude00) \u00a1Garantiza tu Blade: Wizard Rod (Metal Coat: Gold) antes de que se agote! Este art\u00edculo se importa directamente desde Jap\u00f3n en lotes limitados para asegurar autenticidad y el mejor precio. \u00a1Poder m\u00edstico ba\u00f1ado en oro!El Wizard Rod 5-70DB (Metal Coat: Gold) es un Beyblade exclusivo de premio otorgado en torneos G3 oficiales en Jap\u00f3n. Esta versi\u00f3n limitada y brillante destaca por su elegante acabado Metal Coat dorado, siendo uno de los premios m\u00e1s codiciados entre coleccionistas y jugadores competitivos. Producto 100% original japon\u00e9s (Takara Tomy) \u2013 Calidad premium, dise\u00f1o exclusivo, rendimiento real. Detalles del producto: Hoja (Blade) (1), Trinquete (Ratchet) (1), Punta (Bit) [&hellip;]<\/p>","protected":false},"featured_media":23526,"comment_status":"open","ping_status":"closed","template":"","meta":[],"product_brand":[],"product_cat":[428],"product_tag":[],"class_list":{"0":"post-21408","1":"product","2":"type-product","3":"status-publish","4":"has-post-thumbnail","6":"product_cat-ediciones-especiales","7":"product-has-variation-images","9":"first","10":"instock","11":"shipping-taxable","12":"purchasable","13":"product-type-variable"},"yoast_head":"<!-- This site is optimized with the Yoast SEO Premium plugin v26.4 (Yoast SEO v26.4) - https:\/\/yoast.com\/wordpress\/plugins\/seo\/ -->\n<title>UX-00 G3 Tournament Prize Wizard Rod 5-70DB Metal Coat: Gold - Rucua<\/title>\n<meta name=\"robots\" content=\"index, follow, max-snippet:-1, max-image-preview:large, max-video-preview:-1\" \/>\n<link rel=\"canonical\" href=\"https:\/\/rucua.com\/ja\/tienda\/ux-00-g3-prize-wizard-rod-5-70db-metal-coat-gold\/?wmc-currency=JPY\" \/>\n<meta property=\"og:locale\" content=\"ja_JP\" \/>\n<meta property=\"og:type\" content=\"article\" \/>\n<meta property=\"og:title\" content=\"UX-00 G3 Tournament Prize Wizard Rod 5-70DB Metal Coat: Gold\" \/>\n<meta property=\"og:description\" content=\"\ud835\udde3\ud835\udde5\ud835\uddd8&#8211;\ud835\udde2\ud835\udde5\ud835\uddd7\ud835\uddd8\ud835\udde1 | \ud835\uddd8\ud835\uddfb\ud835\ude03\ud835\uddf6\u0301\ud835\uddfc \ud835\uddf1\ud835\uddf2\ud835\ude00\ud835\uddf1\ud835\uddf2 \ud835\udddd\ud835\uddee\ud835\uddfd\ud835\uddfc\u0301\ud835\uddfb (\ud835\udfee&#8211;\ud835\udfef \ud835\ude00\ud835\uddf2\ud835\uddfa\ud835\uddee\ud835\uddfb\ud835\uddee\ud835\ude00) \u00a1Garantiza tu Blade: Wizard Rod (Metal Coat: Gold) antes de que se agote! Este art\u00edculo se importa directamente desde Jap\u00f3n en lotes limitados para asegurar autenticidad y el mejor precio. \u00a1Poder m\u00edstico ba\u00f1ado en oro!El Wizard Rod 5-70DB (Metal Coat: Gold) es un Beyblade exclusivo de premio otorgado en torneos G3 oficiales en Jap\u00f3n. Esta versi\u00f3n limitada y brillante destaca por su elegante acabado Metal Coat dorado, siendo uno de los premios m\u00e1s codiciados entre coleccionistas y jugadores competitivos. Producto 100% original japon\u00e9s (Takara Tomy) \u2013 Calidad premium, dise\u00f1o exclusivo, rendimiento real. Detalles del producto: Hoja (Blade) (1), Trinquete (Ratchet) (1), Punta (Bit) [&hellip;]\" \/>\n<meta property=\"og:url\" content=\"https:\/\/rucua.com\/ja\/tienda\/ux-00-g3-prize-wizard-rod-5-70db-metal-coat-gold\/?wmc-currency=JPY\" \/>\n<meta property=\"og:site_name\" content=\"Rucua\" \/>\n<meta property=\"article:modified_time\" content=\"2026-02-18T18:24:10+00:00\" \/>\n<meta property=\"og:image\" content=\"https:\/\/rucua.com\/wp-content\/uploads\/2024\/11\/73.png\" \/>\n\t<meta property=\"og:image:width\" content=\"2000\" \/>\n\t<meta property=\"og:image:height\" content=\"2000\" \/>\n\t<meta property=\"og:image:type\" content=\"image\/png\" \/>\n<meta name=\"twitter:card\" content=\"summary_large_image\" \/>\n<meta name=\"twitter:label1\" content=\"\u5728\u5eab\" \/>\n\t<meta name=\"twitter:data1\" content=\"\u5728\u5eab\u3042\u308a\" \/>\n<script type=\"application\/ld+json\" class=\"yoast-schema-graph\">{\"@context\":\"https:\/\/schema.org\",\"@graph\":[{\"@type\":\"WebPage\",\"@id\":\"https:\/\/rucua.com\/en_uss\/tienda\/ux-00-g3-prize-wizard-rod-5-70db-metal-coat-gold\/\",\"url\":\"https:\/\/rucua.com\/en_uss\/tienda\/ux-00-g3-prize-wizard-rod-5-70db-metal-coat-gold\/\",\"name\":\"UX-00 G3 Tournament Prize Wizard Rod 5-70DB Metal Coat: Gold - Rucua\",\"isPartOf\":{\"@id\":\"https:\/\/rucua.com\/ja\/#website\"},\"primaryImageOfPage\":{\"@id\":\"https:\/\/rucua.com\/en_uss\/tienda\/ux-00-g3-prize-wizard-rod-5-70db-metal-coat-gold\/#primaryimage\"},\"image\":{\"@id\":\"https:\/\/rucua.com\/en_uss\/tienda\/ux-00-g3-prize-wizard-rod-5-70db-metal-coat-gold\/#primaryimage\"},\"thumbnailUrl\":\"https:\/\/rucua.com\/wp-content\/uploads\/2024\/11\/73.png\",\"datePublished\":\"2024-11-29T18:37:48+00:00\",\"dateModified\":\"2026-02-18T18:24:10+00:00\",\"breadcrumb\":{\"@id\":\"https:\/\/rucua.com\/en_uss\/tienda\/ux-00-g3-prize-wizard-rod-5-70db-metal-coat-gold\/#breadcrumb\"},\"inLanguage\":\"ja\",\"potentialAction\":[{\"@type\":\"ReadAction\",\"target\":[\"https:\/\/rucua.com\/en_uss\/tienda\/ux-00-g3-prize-wizard-rod-5-70db-metal-coat-gold\/\"]}]},{\"@type\":\"ImageObject\",\"inLanguage\":\"ja\",\"@id\":\"https:\/\/rucua.com\/en_uss\/tienda\/ux-00-g3-prize-wizard-rod-5-70db-metal-coat-gold\/#primaryimage\",\"url\":\"https:\/\/rucua.com\/wp-content\/uploads\/2024\/11\/73.png\",\"contentUrl\":\"https:\/\/rucua.com\/wp-content\/uploads\/2024\/11\/73.png\",\"width\":2000,\"height\":2000},{\"@type\":\"BreadcrumbList\",\"@id\":\"https:\/\/rucua.com\/en_uss\/tienda\/ux-00-g3-prize-wizard-rod-5-70db-metal-coat-gold\/#breadcrumb\",\"itemListElement\":[{\"@type\":\"ListItem\",\"position\":1,\"name\":\"Inicio\",\"item\":\"https:\/\/rucua.com\/\"},{\"@type\":\"ListItem\",\"position\":2,\"name\":\"Tienda\",\"item\":\"https:\/\/rucua.com\/tienda\/\"},{\"@type\":\"ListItem\",\"position\":3,\"name\":\"UX-00 G3 Tournament Prize Wizard Rod 5-70DB Metal Coat: Gold\"}]},{\"@type\":\"WebSite\",\"@id\":\"https:\/\/rucua.com\/ja\/#website\",\"url\":\"https:\/\/rucua.com\/ja\/\",\"name\":\"Rucua\",\"description\":\"\",\"potentialAction\":[{\"@type\":\"SearchAction\",\"target\":{\"@type\":\"EntryPoint\",\"urlTemplate\":\"https:\/\/rucua.com\/ja\/?s={search_term_string}\"},\"query-input\":{\"@type\":\"PropertyValueSpecification\",\"valueRequired\":true,\"valueName\":\"search_term_string\"}}],\"inLanguage\":\"ja\"}]}<\/script>\n<meta property=\"og:availability\" content=\"instock\" \/>\n<meta property=\"product:availability\" content=\"instock\" \/>\n<meta property=\"product:condition\" content=\"new\" \/>\n<!-- \/ Yoast SEO Premium plugin. -->","yoast_head_json":{"title":"UX-00 G3 Tournament Prize Wizard Rod 5-70DB Metal Coat: Gold - Rucua","robots":{"index":"index","follow":"follow","max-snippet":"max-snippet:-1","max-image-preview":"max-image-preview:large","max-video-preview":"max-video-preview:-1"},"canonical":"https:\/\/rucua.com\/ja\/tienda\/ux-00-g3-prize-wizard-rod-5-70db-metal-coat-gold\/?wmc-currency=JPY","og_locale":"ja_JP","og_type":"article","og_title":"UX-00 G3 Tournament Prize Wizard Rod 5-70DB Metal Coat: Gold","og_description":"\ud835\udde3\ud835\udde5\ud835\uddd8&#8211;\ud835\udde2\ud835\udde5\ud835\uddd7\ud835\uddd8\ud835\udde1 | \ud835\uddd8\ud835\uddfb\ud835\ude03\ud835\uddf6\u0301\ud835\uddfc \ud835\uddf1\ud835\uddf2\ud835\ude00\ud835\uddf1\ud835\uddf2 \ud835\udddd\ud835\uddee\ud835\uddfd\ud835\uddfc\u0301\ud835\uddfb (\ud835\udfee&#8211;\ud835\udfef \ud835\ude00\ud835\uddf2\ud835\uddfa\ud835\uddee\ud835\uddfb\ud835\uddee\ud835\ude00) \u00a1Garantiza tu Blade: Wizard Rod (Metal Coat: Gold) antes de que se agote! Este art\u00edculo se importa directamente desde Jap\u00f3n en lotes limitados para asegurar autenticidad y el mejor precio. \u00a1Poder m\u00edstico ba\u00f1ado en oro!El Wizard Rod 5-70DB (Metal Coat: Gold) es un Beyblade exclusivo de premio otorgado en torneos G3 oficiales en Jap\u00f3n. Esta versi\u00f3n limitada y brillante destaca por su elegante acabado Metal Coat dorado, siendo uno de los premios m\u00e1s codiciados entre coleccionistas y jugadores competitivos. Producto 100% original japon\u00e9s (Takara Tomy) \u2013 Calidad premium, dise\u00f1o exclusivo, rendimiento real. Detalles del producto: Hoja (Blade) (1), Trinquete (Ratchet) (1), Punta (Bit) [&hellip;]","og_url":"https:\/\/rucua.com\/ja\/tienda\/ux-00-g3-prize-wizard-rod-5-70db-metal-coat-gold\/?wmc-currency=JPY","og_site_name":"Rucua","article_modified_time":"2026-02-18T18:24:10+00:00","og_image":[{"width":2000,"height":2000,"url":"https:\/\/rucua.com\/wp-content\/uploads\/2024\/11\/73.png","type":"image\/png"}],"twitter_card":"summary_large_image","twitter_misc":{"\u5728\u5eab":"\u5728\u5eab\u3042\u308a"},"schema":{"@context":"https:\/\/schema.org","@graph":[{"@type":"WebPage","@id":"https:\/\/rucua.com\/en_uss\/tienda\/ux-00-g3-prize-wizard-rod-5-70db-metal-coat-gold\/","url":"https:\/\/rucua.com\/en_uss\/tienda\/ux-00-g3-prize-wizard-rod-5-70db-metal-coat-gold\/","name":"UX-00 G3 Tournament Prize Wizard Rod 5-70DB Metal Coat: Gold - Rucua","isPartOf":{"@id":"https:\/\/rucua.com\/ja\/#website"},"primaryImageOfPage":{"@id":"https:\/\/rucua.com\/en_uss\/tienda\/ux-00-g3-prize-wizard-rod-5-70db-metal-coat-gold\/#primaryimage"},"image":{"@id":"https:\/\/rucua.com\/en_uss\/tienda\/ux-00-g3-prize-wizard-rod-5-70db-metal-coat-gold\/#primaryimage"},"thumbnailUrl":"https:\/\/rucua.com\/wp-content\/uploads\/2024\/11\/73.png","datePublished":"2024-11-29T18:37:48+00:00","dateModified":"2026-02-18T18:24:10+00:00","breadcrumb":{"@id":"https:\/\/rucua.com\/en_uss\/tienda\/ux-00-g3-prize-wizard-rod-5-70db-metal-coat-gold\/#breadcrumb"},"inLanguage":"ja","potentialAction":[{"@type":"ReadAction","target":["https:\/\/rucua.com\/en_uss\/tienda\/ux-00-g3-prize-wizard-rod-5-70db-metal-coat-gold\/"]}]},{"@type":"ImageObject","inLanguage":"ja","@id":"https:\/\/rucua.com\/en_uss\/tienda\/ux-00-g3-prize-wizard-rod-5-70db-metal-coat-gold\/#primaryimage","url":"https:\/\/rucua.com\/wp-content\/uploads\/2024\/11\/73.png","contentUrl":"https:\/\/rucua.com\/wp-content\/uploads\/2024\/11\/73.png","width":2000,"height":2000},{"@type":"BreadcrumbList","@id":"https:\/\/rucua.com\/en_uss\/tienda\/ux-00-g3-prize-wizard-rod-5-70db-metal-coat-gold\/#breadcrumb","itemListElement":[{"@type":"ListItem","position":1,"name":"Inicio","item":"https:\/\/rucua.com\/"},{"@type":"ListItem","position":2,"name":"Tienda","item":"https:\/\/rucua.com\/tienda\/"},{"@type":"ListItem","position":3,"name":"UX-00 G3 Tournament Prize Wizard Rod 5-70DB Metal Coat: Gold"}]},{"@type":"WebSite","@id":"https:\/\/rucua.com\/ja\/#website","url":"https:\/\/rucua.com\/ja\/","name":"Rucua","description":"","potentialAction":[{"@type":"SearchAction","target":{"@type":"EntryPoint","urlTemplate":"https:\/\/rucua.com\/ja\/?s={search_term_string}"},"query-input":{"@type":"PropertyValueSpecification","valueRequired":true,"valueName":"search_term_string"}}],"inLanguage":"ja"}]},"og_availability":"instock","product_availability":"instock","product_condition":"new"},"_links":{"self":[{"href":"https:\/\/rucua.com\/ja\/wp-json\/wp\/v2\/product\/21408","targetHints":{"allow":["GET"]}}],"collection":[{"href":"https:\/\/rucua.com\/ja\/wp-json\/wp\/v2\/product"}],"about":[{"href":"https:\/\/rucua.com\/ja\/wp-json\/wp\/v2\/types\/product"}],"replies":[{"embeddable":true,"href":"https:\/\/rucua.com\/ja\/wp-json\/wp\/v2\/comments?post=21408"}],"wp:featuredmedia":[{"embeddable":true,"href":"https:\/\/rucua.com\/ja\/wp-json\/wp\/v2\/media\/23526"}],"wp:attachment":[{"href":"https:\/\/rucua.com\/ja\/wp-json\/wp\/v2\/media?parent=21408"}],"wp:term":[{"taxonomy":"product_brand","embeddable":true,"href":"https:\/\/rucua.com\/ja\/wp-json\/wp\/v2\/product_brand?post=21408"},{"taxonomy":"product_cat","embeddable":true,"href":"https:\/\/rucua.com\/ja\/wp-json\/wp\/v2\/product_cat?post=21408"},{"taxonomy":"product_tag","embeddable":true,"href":"https:\/\/rucua.com\/ja\/wp-json\/wp\/v2\/product_tag?post=21408"}],"curies":[{"name":"wp","href":"https:\/\/api.w.org\/{rel}","templated":true}]}}