{"id":21390,"date":"2024-11-29T18:38:37","date_gmt":"2024-11-29T18:38:37","guid":{"rendered":"https:\/\/manuelrodarte.com\/rucua\/nueva\/product\/ux-00-aero-pegasus-3-70a\/"},"modified":"2025-09-27T20:40:53","modified_gmt":"2025-09-27T20:40:53","slug":"ux-00-aero-pegasus-3-70a","status":"publish","type":"product","link":"https:\/\/rucua.com\/ja\/tienda\/ux-00-aero-pegasus-3-70a\/","title":{"rendered":"UX-00 Booster Aero Pegasus 3-70A"},"content":{"rendered":"<p class=\"p1\"><span class=\"s1\">\ud835\udde3\ud835\udde5\ud835\uddd8<\/span>\u2013<span class=\"s1\">\ud835\udde2\ud835\udde5\ud835\uddd7\ud835\uddd8\ud835\udde1<\/span>\u00a0|\u00a0<span class=\"s1\">\ud835\uddd8\ud835\uddfb\ud835\ude03\ud835\uddf6\u0301\ud835\uddfc<\/span>\u00a0<span class=\"s1\">\ud835\uddf1\ud835\uddf2\ud835\ude00\ud835\uddf1\ud835\uddf2<\/span>\u00a0<span class=\"s1\">\ud835\udddd\ud835\uddee\ud835\uddfd\ud835\uddfc\u0301\ud835\uddfb<\/span>\u00a0(<span class=\"s1\">\ud835\udfee<\/span>\u2013<span class=\"s1\">\ud835\udfef<\/span>\u00a0<span class=\"s1\">\ud835\ude00\ud835\uddf2\ud835\uddfa\ud835\uddee\ud835\uddfb\ud835\uddee\ud835\ude00<\/span>)<br \/>\n\u00a1Garantiza tu UX-00 Booster Aero Pegasus 3-70A Aero Pegasus 3-70A antes de que se agote! Este art\u00edculo se importa directamente desde Jap\u00f3n en lotes limitados para asegurar autenticidad y el mejor precio.<\/p>\n<p class=\"p1\"><span class=\"s2\"><img decoding=\"async\" class=\"emoji\" role=\"img\" draggable=\"false\" src=\"https:\/\/s.w.org\/images\/core\/emoji\/15.1.0\/svg\/1f4e6.svg\" alt=\"\ud83d\udce6\" \/><\/span>\u00a0\u00bfPor qu\u00e9 comprar en PRE-ORDER?<br \/>\n<span class=\"s3\"><img decoding=\"async\" class=\"emoji\" role=\"img\" draggable=\"false\" src=\"https:\/\/s.w.org\/images\/core\/emoji\/15.1.0\/svg\/2714.svg\" alt=\"\u2714\" \/><\/span>\u00a0Precio exclusivo (evita sobrecostos de reventa).<br \/>\n<span class=\"s3\"><img decoding=\"async\" class=\"emoji\" role=\"img\" draggable=\"false\" src=\"https:\/\/s.w.org\/images\/core\/emoji\/15.1.0\/svg\/2714.svg\" alt=\"\u2714\" \/><\/span>\u00a0Producto 100% original, sin intermediarios.<br \/>\n<span class=\"s3\"><img decoding=\"async\" class=\"emoji\" role=\"img\" draggable=\"false\" src=\"https:\/\/s.w.org\/images\/core\/emoji\/15.1.0\/svg\/2714.svg\" alt=\"\u2714\" \/><\/span>\u00a0\u00daltimas unidades disponibles en este lote.<\/p>\n<p>El majestuoso <strong data-start=\"258\" data-end=\"274\">Aero Pegasus<\/strong> llega al sistema <strong data-start=\"292\" data-end=\"306\">Beyblade X<\/strong> como parte de una edici\u00f3n <strong data-start=\"333\" data-end=\"360\">UX exclusiva y limitada<\/strong>. Este combo de tipo <strong data-start=\"381\" data-end=\"396\">equilibrado<\/strong> combina velocidad, control y un dise\u00f1o celestial inspirado en el legendario Pegaso de generaciones anteriores.<\/p>\n<p class=\"p1\"><b>Producto 100% original japon\u00e9s (Takara Tomy)<\/b>\u00a0\u2013 Calidad premium, dise\u00f1o exclusivo, rendimiento real.<\/p>\n<p><strong>Detalles del Producto:<\/strong>\u00a0Hoja (Blade) (1), Trinquete (Ratchet) (1), Punta (Bit) (1), Manual de instrucciones (Instruction manual) (1).<\/p>","protected":false},"excerpt":{"rendered":"<p>\ud835\udde3\ud835\udde5\ud835\uddd8\u2013\ud835\udde2\ud835\udde5\ud835\uddd7\ud835\uddd8\ud835\udde1\u00a0|\u00a0\ud835\uddd8\ud835\uddfb\ud835\ude03\ud835\uddf6\u0301\ud835\uddfc\u00a0\ud835\uddf1\ud835\uddf2\ud835\ude00\ud835\uddf1\ud835\uddf2\u00a0\ud835\udddd\ud835\uddee\ud835\uddfd\ud835\uddfc\u0301\ud835\uddfb\u00a0(\ud835\udfee\u2013\ud835\udfef\u00a0\ud835\ude00\ud835\uddf2\ud835\uddfa\ud835\uddee\ud835\uddfb\ud835\uddee\ud835\ude00) \u00a1Garantiza tu UX-00 Booster Aero Pegasus 3-70A Aero Pegasus 3-70A antes de que se agote! Este art\u00edculo se importa directamente desde Jap\u00f3n en lotes limitados para asegurar autenticidad y el mejor precio. \u00a0\u00bfPor qu\u00e9 comprar en PRE-ORDER? \u00a0Precio exclusivo (evita sobrecostos de reventa). \u00a0Producto 100% original, sin intermediarios. \u00a0\u00daltimas unidades disponibles en este lote. El majestuoso Aero Pegasus llega al sistema Beyblade X como parte de una edici\u00f3n UX exclusiva y limitada. Este combo de tipo equilibrado combina velocidad, control y un dise\u00f1o celestial inspirado en el legendario Pegaso de generaciones anteriores. Producto 100% original japon\u00e9s (Takara Tomy)\u00a0\u2013 Calidad premium, dise\u00f1o exclusivo, rendimiento real. Detalles del Producto:\u00a0Hoja (Blade) (1), [&hellip;]<\/p>","protected":false},"featured_media":23450,"comment_status":"open","ping_status":"closed","template":"","meta":[],"product_brand":[],"product_cat":[428],"product_tag":[],"class_list":{"0":"post-21390","1":"product","2":"type-product","3":"status-publish","4":"has-post-thumbnail","6":"product_cat-ediciones-especiales","8":"first","9":"onbackorder","10":"shipping-taxable","11":"purchasable","12":"product-type-simple"},"yoast_head":"<!-- This site is optimized with the Yoast SEO Premium plugin v26.4 (Yoast SEO v26.4) - https:\/\/yoast.com\/wordpress\/plugins\/seo\/ -->\n<title>UX-00 Booster Aero Pegasus 3-70A - Rucua<\/title>\n<meta name=\"robots\" content=\"index, follow, max-snippet:-1, max-image-preview:large, max-video-preview:-1\" \/>\n<link rel=\"canonical\" href=\"https:\/\/rucua.com\/ja\/tienda\/ux-00-aero-pegasus-3-70a\/?wmc-currency=JPY\" \/>\n<meta property=\"og:locale\" content=\"ja_JP\" \/>\n<meta property=\"og:type\" content=\"article\" \/>\n<meta property=\"og:title\" content=\"UX-00 Booster Aero Pegasus 3-70A\" \/>\n<meta property=\"og:description\" content=\"\ud835\udde3\ud835\udde5\ud835\uddd8\u2013\ud835\udde2\ud835\udde5\ud835\uddd7\ud835\uddd8\ud835\udde1\u00a0|\u00a0\ud835\uddd8\ud835\uddfb\ud835\ude03\ud835\uddf6\u0301\ud835\uddfc\u00a0\ud835\uddf1\ud835\uddf2\ud835\ude00\ud835\uddf1\ud835\uddf2\u00a0\ud835\udddd\ud835\uddee\ud835\uddfd\ud835\uddfc\u0301\ud835\uddfb\u00a0(\ud835\udfee\u2013\ud835\udfef\u00a0\ud835\ude00\ud835\uddf2\ud835\uddfa\ud835\uddee\ud835\uddfb\ud835\uddee\ud835\ude00) \u00a1Garantiza tu UX-00 Booster Aero Pegasus 3-70A Aero Pegasus 3-70A antes de que se agote! Este art\u00edculo se importa directamente desde Jap\u00f3n en lotes limitados para asegurar autenticidad y el mejor precio. \u00a0\u00bfPor qu\u00e9 comprar en PRE-ORDER? \u00a0Precio exclusivo (evita sobrecostos de reventa). \u00a0Producto 100% original, sin intermediarios. \u00a0\u00daltimas unidades disponibles en este lote. El majestuoso Aero Pegasus llega al sistema Beyblade X como parte de una edici\u00f3n UX exclusiva y limitada. Este combo de tipo equilibrado combina velocidad, control y un dise\u00f1o celestial inspirado en el legendario Pegaso de generaciones anteriores. Producto 100% original japon\u00e9s (Takara Tomy)\u00a0\u2013 Calidad premium, dise\u00f1o exclusivo, rendimiento real. Detalles del Producto:\u00a0Hoja (Blade) (1), [&hellip;]\" \/>\n<meta property=\"og:url\" content=\"https:\/\/rucua.com\/ja\/tienda\/ux-00-aero-pegasus-3-70a\/?wmc-currency=JPY\" \/>\n<meta property=\"og:site_name\" content=\"Rucua\" \/>\n<meta property=\"article:modified_time\" content=\"2025-09-27T20:40:53+00:00\" \/>\n<meta property=\"og:image\" content=\"https:\/\/rucua.com\/wp-content\/uploads\/2024\/11\/66-3-1024x1024.png\" \/>\n\t<meta property=\"og:image:width\" content=\"1024\" \/>\n\t<meta property=\"og:image:height\" content=\"1024\" \/>\n\t<meta property=\"og:image:type\" content=\"image\/png\" \/>\n<meta name=\"twitter:card\" content=\"summary_large_image\" \/>\n<meta name=\"twitter:label1\" content=\"\u4fa1\u683c\" \/>\n\t<meta name=\"twitter:data1\" content=\"6,399.00 MXN\" \/>\n\t<meta name=\"twitter:label2\" content=\"\u5728\u5eab\" \/>\n\t<meta name=\"twitter:data2\" content=\"\u5165\u8377\u5f85\u3061\" \/>\n<script type=\"application\/ld+json\" class=\"yoast-schema-graph\">{\"@context\":\"https:\/\/schema.org\",\"@graph\":[{\"@type\":\"WebPage\",\"@id\":\"https:\/\/rucua.com\/tienda\/ux-00-aero-pegasus-3-70a\/\",\"url\":\"https:\/\/rucua.com\/tienda\/ux-00-aero-pegasus-3-70a\/\",\"name\":\"UX-00 Booster Aero Pegasus 3-70A - Rucua\",\"isPartOf\":{\"@id\":\"https:\/\/rucua.com\/ja\/#website\"},\"primaryImageOfPage\":{\"@id\":\"https:\/\/rucua.com\/tienda\/ux-00-aero-pegasus-3-70a\/#primaryimage\"},\"image\":{\"@id\":\"https:\/\/rucua.com\/tienda\/ux-00-aero-pegasus-3-70a\/#primaryimage\"},\"thumbnailUrl\":\"https:\/\/rucua.com\/wp-content\/uploads\/2024\/11\/66-3.png\",\"datePublished\":\"2024-11-29T18:38:37+00:00\",\"dateModified\":\"2025-09-27T20:40:53+00:00\",\"breadcrumb\":{\"@id\":\"https:\/\/rucua.com\/tienda\/ux-00-aero-pegasus-3-70a\/#breadcrumb\"},\"inLanguage\":\"ja\",\"potentialAction\":[{\"@type\":\"ReadAction\",\"target\":[\"https:\/\/rucua.com\/tienda\/ux-00-aero-pegasus-3-70a\/\"]}]},{\"@type\":\"ImageObject\",\"inLanguage\":\"ja\",\"@id\":\"https:\/\/rucua.com\/tienda\/ux-00-aero-pegasus-3-70a\/#primaryimage\",\"url\":\"https:\/\/rucua.com\/wp-content\/uploads\/2024\/11\/66-3.png\",\"contentUrl\":\"https:\/\/rucua.com\/wp-content\/uploads\/2024\/11\/66-3.png\",\"width\":2000,\"height\":2000},{\"@type\":\"BreadcrumbList\",\"@id\":\"https:\/\/rucua.com\/tienda\/ux-00-aero-pegasus-3-70a\/#breadcrumb\",\"itemListElement\":[{\"@type\":\"ListItem\",\"position\":1,\"name\":\"Inicio\",\"item\":\"https:\/\/rucua.com\/\"},{\"@type\":\"ListItem\",\"position\":2,\"name\":\"Tienda\",\"item\":\"https:\/\/rucua.com\/tienda\/\"},{\"@type\":\"ListItem\",\"position\":3,\"name\":\"UX-00 Booster Aero Pegasus 3-70A\"}]},{\"@type\":\"WebSite\",\"@id\":\"https:\/\/rucua.com\/ja\/#website\",\"url\":\"https:\/\/rucua.com\/ja\/\",\"name\":\"Rucua\",\"description\":\"\",\"potentialAction\":[{\"@type\":\"SearchAction\",\"target\":{\"@type\":\"EntryPoint\",\"urlTemplate\":\"https:\/\/rucua.com\/ja\/?s={search_term_string}\"},\"query-input\":{\"@type\":\"PropertyValueSpecification\",\"valueRequired\":true,\"valueName\":\"search_term_string\"}}],\"inLanguage\":\"ja\"}]}<\/script>\n<meta property=\"product:price:amount\" content=\"6399.00\" \/>\n<meta property=\"product:price:currency\" content=\"MXN\" \/>\n<meta property=\"og:availability\" content=\"backorder\" \/>\n<meta property=\"product:availability\" content=\"available for order\" \/>\n<meta property=\"product:condition\" content=\"new\" \/>\n<!-- \/ Yoast SEO Premium plugin. -->","yoast_head_json":{"title":"UX-00 Booster Aero Pegasus 3-70A - Rucua","robots":{"index":"index","follow":"follow","max-snippet":"max-snippet:-1","max-image-preview":"max-image-preview:large","max-video-preview":"max-video-preview:-1"},"canonical":"https:\/\/rucua.com\/ja\/tienda\/ux-00-aero-pegasus-3-70a\/?wmc-currency=JPY","og_locale":"ja_JP","og_type":"article","og_title":"UX-00 Booster Aero Pegasus 3-70A","og_description":"\ud835\udde3\ud835\udde5\ud835\uddd8\u2013\ud835\udde2\ud835\udde5\ud835\uddd7\ud835\uddd8\ud835\udde1\u00a0|\u00a0\ud835\uddd8\ud835\uddfb\ud835\ude03\ud835\uddf6\u0301\ud835\uddfc\u00a0\ud835\uddf1\ud835\uddf2\ud835\ude00\ud835\uddf1\ud835\uddf2\u00a0\ud835\udddd\ud835\uddee\ud835\uddfd\ud835\uddfc\u0301\ud835\uddfb\u00a0(\ud835\udfee\u2013\ud835\udfef\u00a0\ud835\ude00\ud835\uddf2\ud835\uddfa\ud835\uddee\ud835\uddfb\ud835\uddee\ud835\ude00) \u00a1Garantiza tu UX-00 Booster Aero Pegasus 3-70A Aero Pegasus 3-70A antes de que se agote! Este art\u00edculo se importa directamente desde Jap\u00f3n en lotes limitados para asegurar autenticidad y el mejor precio. \u00a0\u00bfPor qu\u00e9 comprar en PRE-ORDER? \u00a0Precio exclusivo (evita sobrecostos de reventa). \u00a0Producto 100% original, sin intermediarios. \u00a0\u00daltimas unidades disponibles en este lote. El majestuoso Aero Pegasus llega al sistema Beyblade X como parte de una edici\u00f3n UX exclusiva y limitada. Este combo de tipo equilibrado combina velocidad, control y un dise\u00f1o celestial inspirado en el legendario Pegaso de generaciones anteriores. Producto 100% original japon\u00e9s (Takara Tomy)\u00a0\u2013 Calidad premium, dise\u00f1o exclusivo, rendimiento real. Detalles del Producto:\u00a0Hoja (Blade) (1), [&hellip;]","og_url":"https:\/\/rucua.com\/ja\/tienda\/ux-00-aero-pegasus-3-70a\/?wmc-currency=JPY","og_site_name":"Rucua","article_modified_time":"2025-09-27T20:40:53+00:00","og_image":[{"width":1024,"height":1024,"url":"https:\/\/rucua.com\/wp-content\/uploads\/2024\/11\/66-3-1024x1024.png","type":"image\/png"}],"twitter_card":"summary_large_image","twitter_misc":{"\u4fa1\u683c":"6,399.00 MXN","\u5728\u5eab":"\u5165\u8377\u5f85\u3061"},"schema":{"@context":"https:\/\/schema.org","@graph":[{"@type":"WebPage","@id":"https:\/\/rucua.com\/tienda\/ux-00-aero-pegasus-3-70a\/","url":"https:\/\/rucua.com\/tienda\/ux-00-aero-pegasus-3-70a\/","name":"UX-00 Booster Aero Pegasus 3-70A - Rucua","isPartOf":{"@id":"https:\/\/rucua.com\/ja\/#website"},"primaryImageOfPage":{"@id":"https:\/\/rucua.com\/tienda\/ux-00-aero-pegasus-3-70a\/#primaryimage"},"image":{"@id":"https:\/\/rucua.com\/tienda\/ux-00-aero-pegasus-3-70a\/#primaryimage"},"thumbnailUrl":"https:\/\/rucua.com\/wp-content\/uploads\/2024\/11\/66-3.png","datePublished":"2024-11-29T18:38:37+00:00","dateModified":"2025-09-27T20:40:53+00:00","breadcrumb":{"@id":"https:\/\/rucua.com\/tienda\/ux-00-aero-pegasus-3-70a\/#breadcrumb"},"inLanguage":"ja","potentialAction":[{"@type":"ReadAction","target":["https:\/\/rucua.com\/tienda\/ux-00-aero-pegasus-3-70a\/"]}]},{"@type":"ImageObject","inLanguage":"ja","@id":"https:\/\/rucua.com\/tienda\/ux-00-aero-pegasus-3-70a\/#primaryimage","url":"https:\/\/rucua.com\/wp-content\/uploads\/2024\/11\/66-3.png","contentUrl":"https:\/\/rucua.com\/wp-content\/uploads\/2024\/11\/66-3.png","width":2000,"height":2000},{"@type":"BreadcrumbList","@id":"https:\/\/rucua.com\/tienda\/ux-00-aero-pegasus-3-70a\/#breadcrumb","itemListElement":[{"@type":"ListItem","position":1,"name":"Inicio","item":"https:\/\/rucua.com\/"},{"@type":"ListItem","position":2,"name":"Tienda","item":"https:\/\/rucua.com\/tienda\/"},{"@type":"ListItem","position":3,"name":"UX-00 Booster Aero Pegasus 3-70A"}]},{"@type":"WebSite","@id":"https:\/\/rucua.com\/ja\/#website","url":"https:\/\/rucua.com\/ja\/","name":"Rucua","description":"","potentialAction":[{"@type":"SearchAction","target":{"@type":"EntryPoint","urlTemplate":"https:\/\/rucua.com\/ja\/?s={search_term_string}"},"query-input":{"@type":"PropertyValueSpecification","valueRequired":true,"valueName":"search_term_string"}}],"inLanguage":"ja"}]},"product_price_amount":"6399.00","product_price_currency":"MXN","og_availability":"backorder","product_availability":"available for order","product_condition":"new"},"_links":{"self":[{"href":"https:\/\/rucua.com\/ja\/wp-json\/wp\/v2\/product\/21390","targetHints":{"allow":["GET"]}}],"collection":[{"href":"https:\/\/rucua.com\/ja\/wp-json\/wp\/v2\/product"}],"about":[{"href":"https:\/\/rucua.com\/ja\/wp-json\/wp\/v2\/types\/product"}],"replies":[{"embeddable":true,"href":"https:\/\/rucua.com\/ja\/wp-json\/wp\/v2\/comments?post=21390"}],"wp:featuredmedia":[{"embeddable":true,"href":"https:\/\/rucua.com\/ja\/wp-json\/wp\/v2\/media\/23450"}],"wp:attachment":[{"href":"https:\/\/rucua.com\/ja\/wp-json\/wp\/v2\/media?parent=21390"}],"wp:term":[{"taxonomy":"product_brand","embeddable":true,"href":"https:\/\/rucua.com\/ja\/wp-json\/wp\/v2\/product_brand?post=21390"},{"taxonomy":"product_cat","embeddable":true,"href":"https:\/\/rucua.com\/ja\/wp-json\/wp\/v2\/product_cat?post=21390"},{"taxonomy":"product_tag","embeddable":true,"href":"https:\/\/rucua.com\/ja\/wp-json\/wp\/v2\/product_tag?post=21390"}],"curies":[{"name":"wp","href":"https:\/\/api.w.org\/{rel}","templated":true}]}}