{"id":8697,"date":"2022-07-08T03:29:16","date_gmt":"2022-07-08T03:29:16","guid":{"rendered":"http:\/\/localhost\/dev\/motta\/?page_id=8697"},"modified":"2025-02-11T06:36:38","modified_gmt":"2025-02-11T06:36:38","slug":"preguntas-frecuentes","status":"publish","type":"page","link":"https:\/\/rucua.com\/ja\/preguntas-frecuentes\/","title":{"rendered":"Preguntas Frecuentes"},"content":{"rendered":"<div data-elementor-type=\"wp-page\" data-elementor-id=\"8697\" class=\"elementor elementor-8697\" data-elementor-post-type=\"page\">\n\t\t\t\t\t\t<section class=\"elementor-section elementor-top-section elementor-element elementor-element-ffa500a elementor-section-full_width elementor-section-stretched elementor-section-height-default elementor-section-height-default motta-responsive-column motta-tablet-column--default motta-responsive-column motta-mobile-column--default\" data-id=\"ffa500a\" data-element_type=\"section\" data-settings=\"{&quot;stretch_section&quot;:&quot;section-stretched&quot;,&quot;background_background&quot;:&quot;classic&quot;}\">\n\t\t\t\t\t\t<div class=\"elementor-container elementor-column-gap-default\">\n\t\t\t\t\t<div class=\"elementor-column elementor-col-100 elementor-top-column elementor-element elementor-element-6c274ae\" data-id=\"6c274ae\" data-element_type=\"column\">\n\t\t\t<div class=\"elementor-widget-wrap elementor-element-populated\">\n\t\t\t\t\t\t<div class=\"elementor-element elementor-element-75ebc67 elementor-widget elementor-widget-motta-heading\" data-id=\"75ebc67\" data-element_type=\"widget\" data-widget_type=\"motta-heading.default\">\n\t\t\t\t<div class=\"elementor-widget-container\">\n\t\t\t\t\t\t\t<div class=\"motta-heading-elementor motta-heading__button-on\">\n\t\t\t\t<h2 class=\"motta-heading motta-heading--default\">\n\t\t\t\t\t\u00bfTiene preguntas?<br>\n\u00a1Tenemos respuestas!\t\t\t\t<\/h2>\n\t\t\t\t\t\t\t<\/div>\n\t\t\t\t\t\t<\/div>\n\t\t\t\t<\/div>\n\t\t\t\t<div class=\"elementor-element elementor-element-0e1fe2a elementor-widget elementor-widget-text-editor\" data-id=\"0e1fe2a\" data-element_type=\"widget\" data-widget_type=\"text-editor.default\">\n\t\t\t\t<div class=\"elementor-widget-container\">\n\t\t\t\t\t\t\t\t\t<p>Todo lo que necesitas saber sobre el producto y facturaci\u00f3n.<\/p>\t\t\t\t\t\t\t\t<\/div>\n\t\t\t\t<\/div>\n\t\t\t\t\t<\/div>\n\t\t<\/div>\n\t\t\t\t\t<\/div>\n\t\t<\/section>\n\t\t\t\t<section class=\"elementor-section elementor-top-section elementor-element elementor-element-6af27c5f elementor-section-boxed elementor-section-height-default elementor-section-height-default motta-responsive-column motta-tablet-column--default motta-responsive-column motta-mobile-column--default\" data-id=\"6af27c5f\" data-element_type=\"section\">\n\t\t\t\t\t\t<div class=\"elementor-container elementor-column-gap-default\">\n\t\t\t\t\t<div class=\"elementor-column elementor-col-33 elementor-top-column elementor-element elementor-element-20ef45f7 elementor-hidden-mobile\" data-id=\"20ef45f7\" data-element_type=\"column\">\n\t\t\t<div class=\"elementor-widget-wrap elementor-element-populated\">\n\t\t\t\t\t\t<div class=\"elementor-element elementor-element-ad886af elementor-widget elementor-widget-global elementor-global-21552 elementor-widget-motta-navigation-bar\" data-id=\"ad886af\" data-element_type=\"widget\" data-widget_type=\"motta-navigation-bar.default\">\n\t\t\t\t<div class=\"elementor-widget-container\">\n\t\t\t\t\t<div class=\"motta-navigation-bar\"><div class=\"motta-navigation-bar__title motta-navigation-bar__title-item--9d3b048 active\"><a href=\"\/legal\/terminos-y-condiciones\/\">T\u00e9rminos y Condiciones<\/a> <\/div><div class=\"motta-navigation-bar__title motta-navigation-bar__title-item--a93a3a7\"><a href=\"\/politica-privacidad\/\">Aviso de Privacidad<\/a> <\/div><div class=\"motta-navigation-bar__title motta-navigation-bar__title-item--7ba8fe9\"><a href=\"\/pagos-y-envios\">Pagos y Envios<\/a> <\/div><\/div>\t\t\t\t<\/div>\n\t\t\t\t<\/div>\n\t\t\t\t\t<\/div>\n\t\t<\/div>\n\t\t\t\t<div class=\"elementor-column elementor-col-33 elementor-top-column elementor-element elementor-element-b58f016\" data-id=\"b58f016\" data-element_type=\"column\">\n\t\t\t<div class=\"elementor-widget-wrap elementor-element-populated\">\n\t\t\t\t\t\t<div class=\"elementor-element elementor-element-662ddefe elementor-widget elementor-widget-motta-heading\" data-id=\"662ddefe\" data-element_type=\"widget\" id=\"section-orders-purchases\" data-widget_type=\"motta-heading.default\">\n\t\t\t\t<div class=\"elementor-widget-container\">\n\t\t\t\t\t\t\t<div class=\"motta-heading-elementor motta-heading__button-on\">\n\t\t\t\t<h2 class=\"motta-heading motta-heading--default\">\n\t\t\t\t\tPreguntas Frecuentes\t\t\t\t<\/h2>\n\t\t\t\t\t\t\t<\/div>\n\t\t\t\t\t\t<\/div>\n\t\t\t\t<\/div>\n\t\t\t\t<div class=\"elementor-element elementor-element-65f27b4d elementor-widget elementor-widget-motta-accordion\" data-id=\"65f27b4d\" data-element_type=\"widget\" data-widget_type=\"motta-accordion.default\">\n\t\t\t\t<div class=\"elementor-widget-container\">\n\t\t\t\t\t\t\t<div class=\"motta-accordion\" role=\"tablist\">\n\t\t\t\t\t\t\t<div class=\"motta-accordion__item\">\n\t\t\t\t\t<div id=\"motta-tab-title-1711\" class=\"motta-accordion__title\" data-tab=\"1\" role=\"tab\" aria-controls=\"motta-tab-content-1711\">\n\t\t\t\t\t\t\t\t\t\t\t\t\t<span class=\"motta-accordion__icon motta-accordion__icon--default\" aria-hidden=\"true\"><\/span>\n\t\t\t\t\t\t\t\t\t\t\t\t<a class=\"motta-accordion__title-text\" href=\"#motta-tab-content-1711\">\u00bfC\u00f3mo hago una compra?<\/a>\n\t\t\t\t\t<\/div>\n\t\t\t\t\t<div id=\"motta-tab-content-1711\" class=\"motta-accordion__content clearfix\" data-tab=\"1\" role=\"tabpanel\" aria-labelledby=\"motta-tab-title-1711\"><div class=\"elementor-element elementor-element-5886e42 elementor-widget elementor-widget-text-editor\" data-id=\"5886e42\" data-element_type=\"widget\" data-widget_type=\"text-editor.default\"><div class=\"elementor-widget-container\"><p>\u00a1Es muy f\u00e1cil!<\/p><\/div><\/div><div class=\"elementor-element elementor-element-b223661 elementor-icon-list--layout-traditional elementor-list-item-link-full_width elementor-widget elementor-widget-icon-list\" data-id=\"b223661\" data-element_type=\"widget\" data-widget_type=\"icon-list.default\"><div class=\"elementor-widget-container\"><ul class=\"elementor-icon-list-items\"><li class=\"elementor-icon-list-item\"><span class=\"elementor-icon-list-text\">1.- Elige el producto, a\u00f1ade al carrito de compra y ajusta la cantidad.<\/span><\/li><li class=\"elementor-icon-list-item\"><span class=\"elementor-icon-list-text\">2.- Ingresa la informaci\u00f3n de env\u00edo y facturaci\u00f3n (domicilio registrado de tu tarjeta bancaria).<\/span><\/li><li class=\"elementor-icon-list-item\"><span class=\"elementor-icon-list-text\">3.- Elige el m\u00e9todo de pago y realiza el pago.<\/span><\/li><li class=\"elementor-icon-list-item\"><span class=\"elementor-icon-list-text\">4.- Si la transacci\u00f3n fue exitosa, recibir\u00e1s un email de confirmaci\u00f3n.<\/span><\/li><\/ul><\/div><\/div><\/div>\n\t\t\t\t<\/div>\n\t\t\t\t\t\t\t<div class=\"motta-accordion__item\">\n\t\t\t\t\t<div id=\"motta-tab-title-1712\" class=\"motta-accordion__title\" data-tab=\"2\" role=\"tab\" aria-controls=\"motta-tab-content-1712\">\n\t\t\t\t\t\t\t\t\t\t\t\t\t<span class=\"motta-accordion__icon motta-accordion__icon--default\" aria-hidden=\"true\"><\/span>\n\t\t\t\t\t\t\t\t\t\t\t\t<a class=\"motta-accordion__title-text\" href=\"#motta-tab-content-1712\">\u00bfCu\u00e1nto se tardar\u00e1 en llegar mi pedido de pre-order?<\/a>\n\t\t\t\t\t<\/div>\n\t\t\t\t\t<div id=\"motta-tab-content-1712\" class=\"motta-accordion__content clearfix\" data-tab=\"2\" role=\"tabpanel\" aria-labelledby=\"motta-tab-title-1712\"><p>Si realizaste una compra de un producto en pre-orden revisa la fecha de env\u00edo indicada en la p\u00e1gina del producto. Si compraste m\u00e1s productos disponibles adem\u00e1s del producto en pre-orden, no saldr\u00e1 la orden hasta que est\u00e9 de vuelta el producto en pre-orden.<\/p><\/div>\n\t\t\t\t<\/div>\n\t\t\t\t\t\t\t<div class=\"motta-accordion__item\">\n\t\t\t\t\t<div id=\"motta-tab-title-1713\" class=\"motta-accordion__title\" data-tab=\"3\" role=\"tab\" aria-controls=\"motta-tab-content-1713\">\n\t\t\t\t\t\t\t\t\t\t\t\t\t<span class=\"motta-accordion__icon motta-accordion__icon--default\" aria-hidden=\"true\"><\/span>\n\t\t\t\t\t\t\t\t\t\t\t\t<a class=\"motta-accordion__title-text\" href=\"#motta-tab-content-1713\">El producto que quiero est\u00e1 agotado, \u00bfqu\u00e9 hago?<\/a>\n\t\t\t\t\t<\/div>\n\t\t\t\t\t<div id=\"motta-tab-content-1713\" class=\"motta-accordion__content clearfix\" data-tab=\"3\" role=\"tabpanel\" aria-labelledby=\"motta-tab-title-1713\"><div style=\"font-weight: 500;\">Todos los productos recorren un largo viaje desde Asia y han pasado por un riguroso proceso de selecci\u00f3n por nuestra parte. Cuando un producto est\u00e1 agotado, normalmente estar\u00e1 de regreso en aproximadamente 2 semanas. Recuerda que puedes reservarlo antes de su llegada para asegurarlo y ser el primero en tenerlo.<\/div><\/div>\n\t\t\t\t<\/div>\n\t\t\t\t\t\t\t<div class=\"motta-accordion__item\">\n\t\t\t\t\t<div id=\"motta-tab-title-1714\" class=\"motta-accordion__title\" data-tab=\"4\" role=\"tab\" aria-controls=\"motta-tab-content-1714\">\n\t\t\t\t\t\t\t\t\t\t\t\t\t<span class=\"motta-accordion__icon motta-accordion__icon--default\" aria-hidden=\"true\"><\/span>\n\t\t\t\t\t\t\t\t\t\t\t\t<a class=\"motta-accordion__title-text\" href=\"#motta-tab-content-1714\">Recib\u00ed mi pedido, pero no lleg\u00f3 completo\/lleg\u00f3 maltratado, \u00bfqu\u00e9 puedo hacer?<\/a>\n\t\t\t\t\t<\/div>\n\t\t\t\t\t<div id=\"motta-tab-content-1714\" class=\"motta-accordion__content clearfix\" data-tab=\"4\" role=\"tabpanel\" aria-labelledby=\"motta-tab-title-1714\"><p>Primero que nada, \u00a1una disculpa! Por favor, escr\u00edbenos serviciocliente@rucua.com incluyendo el n\u00famero de tu orden, para poder dar seguimiento y resoluci\u00f3n a tu caso.<\/p><\/div>\n\t\t\t\t<\/div>\n\t\t\t\t\t\t\t<div class=\"motta-accordion__item\">\n\t\t\t\t\t<div id=\"motta-tab-title-1715\" class=\"motta-accordion__title\" data-tab=\"5\" role=\"tab\" aria-controls=\"motta-tab-content-1715\">\n\t\t\t\t\t\t\t\t\t\t\t\t\t<span class=\"motta-accordion__icon motta-accordion__icon--default\" aria-hidden=\"true\"><\/span>\n\t\t\t\t\t\t\t\t\t\t\t\t<a class=\"motta-accordion__title-text\" href=\"#motta-tab-content-1715\">\u00bfLos productos son originales?<\/a>\n\t\t\t\t\t<\/div>\n\t\t\t\t\t<div id=\"motta-tab-content-1715\" class=\"motta-accordion__content clearfix\" data-tab=\"5\" role=\"tabpanel\" aria-labelledby=\"motta-tab-title-1715\"><p>Todos los productos en Rucua son originales e importados directamente de Jap\u00f3n. Puedes estar 100% seguro de que el producto que est\u00e1s comprando viene directamente desde Jap\u00f3n, adem\u00e1s de los productos y accesorios elaborados por el equipo de Rucua.<\/p><\/div>\n\t\t\t\t<\/div>\n\t\t\t\t\t\t\t<div class=\"motta-accordion__item\">\n\t\t\t\t\t<div id=\"motta-tab-title-1716\" class=\"motta-accordion__title\" data-tab=\"6\" role=\"tab\" aria-controls=\"motta-tab-content-1716\">\n\t\t\t\t\t\t\t\t\t\t\t\t\t<span class=\"motta-accordion__icon motta-accordion__icon--default\" aria-hidden=\"true\"><\/span>\n\t\t\t\t\t\t\t\t\t\t\t\t<a class=\"motta-accordion__title-text\" href=\"#motta-tab-content-1716\">\u00bfCu\u00e1ndo hay promociones?<\/a>\n\t\t\t\t\t<\/div>\n\t\t\t\t\t<div id=\"motta-tab-content-1716\" class=\"motta-accordion__content clearfix\" data-tab=\"6\" role=\"tabpanel\" aria-labelledby=\"motta-tab-title-1716\"><p>\u00a1Tenemos promociones de manera muy frecuente! La mejor forma de estar enterado es seguirnos en nuestras redes sociales y visitar nuestra p\u00e1gina web:\u00a0<a target=\"_new\" rel=\"noopener\">www.rucua.com<\/a>.<\/p><\/div>\n\t\t\t\t<\/div>\n\t\t\t\t\t<\/div>\n\t\t\t\t\t\t<\/div>\n\t\t\t\t<\/div>\n\t\t\t\t\t<\/div>\n\t\t<\/div>\n\t\t\t\t<div class=\"elementor-column elementor-col-33 elementor-top-column elementor-element elementor-element-76f9ac1d\" data-id=\"76f9ac1d\" data-element_type=\"column\">\n\t\t\t<div class=\"elementor-widget-wrap\">\n\t\t\t\t\t\t\t<\/div>\n\t\t<\/div>\n\t\t\t\t\t<\/div>\n\t\t<\/section>\n\t\t\t\t<\/div>","protected":false},"excerpt":{"rendered":"<p>\u00bfTiene preguntas? \u00a1Tenemos respuestas! Todo lo que necesitas saber sobre el producto y facturaci\u00f3n. T\u00e9rminos y Condiciones Aviso de Privacidad Pagos y Envios Preguntas Frecuentes \u00bfC\u00f3mo hago una compra? \u00a1Es muy f\u00e1cil! 1.- Elige el producto, a\u00f1ade al carrito de compra y ajusta la cantidad. 2.- Ingresa la informaci\u00f3n de env\u00edo y facturaci\u00f3n (domicilio registrado de tu tarjeta bancaria). 3.- Elige el m\u00e9todo de pago y realiza el pago. 4.- Si la transacci\u00f3n fue exitosa, recibir\u00e1s un email de confirmaci\u00f3n. \u00bfCu\u00e1nto se tardar\u00e1 en llegar mi pedido de pre-order? Si realizaste una compra de un producto en pre-orden revisa la fecha de env\u00edo indicada en la p\u00e1gina del producto. Si [&hellip;]<\/p>","protected":false},"author":1,"featured_media":0,"parent":0,"menu_order":0,"comment_status":"closed","ping_status":"closed","template":"","meta":{"footnotes":""},"class_list":["post-8697","page","type-page","status-publish","hentry"],"yoast_head":"<!-- This site is optimized with the Yoast SEO Premium plugin v26.4 (Yoast SEO v26.4) - https:\/\/yoast.com\/wordpress\/plugins\/seo\/ -->\n<title>Preguntas Frecuentes - Rucua<\/title>\n<meta name=\"robots\" content=\"index, follow, max-snippet:-1, max-image-preview:large, max-video-preview:-1\" \/>\n<link rel=\"canonical\" href=\"https:\/\/rucua.com\/ja\/preguntas-frecuentes\/?wmc-currency=JPY\" \/>\n<meta property=\"og:locale\" content=\"ja_JP\" \/>\n<meta property=\"og:type\" content=\"article\" \/>\n<meta property=\"og:title\" content=\"Preguntas Frecuentes\" \/>\n<meta property=\"og:description\" content=\"\u00bfTiene preguntas? \u00a1Tenemos respuestas! Todo lo que necesitas saber sobre el producto y facturaci\u00f3n. T\u00e9rminos y Condiciones Aviso de Privacidad Pagos y Envios Preguntas Frecuentes \u00bfC\u00f3mo hago una compra? \u00a1Es muy f\u00e1cil! 1.- Elige el producto, a\u00f1ade al carrito de compra y ajusta la cantidad. 2.- Ingresa la informaci\u00f3n de env\u00edo y facturaci\u00f3n (domicilio registrado de tu tarjeta bancaria). 3.- Elige el m\u00e9todo de pago y realiza el pago. 4.- Si la transacci\u00f3n fue exitosa, recibir\u00e1s un email de confirmaci\u00f3n. \u00bfCu\u00e1nto se tardar\u00e1 en llegar mi pedido de pre-order? Si realizaste una compra de un producto en pre-orden revisa la fecha de env\u00edo indicada en la p\u00e1gina del producto. Si [&hellip;]\" \/>\n<meta property=\"og:url\" content=\"https:\/\/rucua.com\/ja\/preguntas-frecuentes\/?wmc-currency=JPY\" \/>\n<meta property=\"og:site_name\" content=\"Rucua\" \/>\n<meta property=\"article:modified_time\" content=\"2025-02-11T06:36:38+00:00\" \/>\n<meta name=\"twitter:card\" content=\"summary_large_image\" \/>\n<meta name=\"twitter:label1\" content=\"\u63a8\u5b9a\u8aad\u307f\u53d6\u308a\u6642\u9593\" \/>\n\t<meta name=\"twitter:data1\" content=\"2\u5206\" \/>\n<script type=\"application\/ld+json\" class=\"yoast-schema-graph\">{\"@context\":\"https:\/\/schema.org\",\"@graph\":[{\"@type\":\"WebPage\",\"@id\":\"https:\/\/rucua.com\/es_mx\/preguntas-frecuentes\/\",\"url\":\"https:\/\/rucua.com\/es_mx\/preguntas-frecuentes\/\",\"name\":\"Preguntas Frecuentes - Rucua\",\"isPartOf\":{\"@id\":\"https:\/\/rucua.com\/ja\/#website\"},\"datePublished\":\"2022-07-08T03:29:16+00:00\",\"dateModified\":\"2025-02-11T06:36:38+00:00\",\"breadcrumb\":{\"@id\":\"https:\/\/rucua.com\/es_mx\/preguntas-frecuentes\/#breadcrumb\"},\"inLanguage\":\"ja\",\"potentialAction\":[{\"@type\":\"ReadAction\",\"target\":[\"https:\/\/rucua.com\/es_mx\/preguntas-frecuentes\/\"]}]},{\"@type\":\"BreadcrumbList\",\"@id\":\"https:\/\/rucua.com\/es_mx\/preguntas-frecuentes\/#breadcrumb\",\"itemListElement\":[{\"@type\":\"ListItem\",\"position\":1,\"name\":\"Inicio\",\"item\":\"https:\/\/rucua.com\/\"},{\"@type\":\"ListItem\",\"position\":2,\"name\":\"Preguntas Frecuentes\"}]},{\"@type\":\"WebSite\",\"@id\":\"https:\/\/rucua.com\/ja\/#website\",\"url\":\"https:\/\/rucua.com\/ja\/\",\"name\":\"Rucua\",\"description\":\"\",\"potentialAction\":[{\"@type\":\"SearchAction\",\"target\":{\"@type\":\"EntryPoint\",\"urlTemplate\":\"https:\/\/rucua.com\/ja\/?s={search_term_string}\"},\"query-input\":{\"@type\":\"PropertyValueSpecification\",\"valueRequired\":true,\"valueName\":\"search_term_string\"}}],\"inLanguage\":\"ja\"}]}<\/script>\n<!-- \/ Yoast SEO Premium plugin. -->","yoast_head_json":{"title":"Preguntas Frecuentes - Rucua","robots":{"index":"index","follow":"follow","max-snippet":"max-snippet:-1","max-image-preview":"max-image-preview:large","max-video-preview":"max-video-preview:-1"},"canonical":"https:\/\/rucua.com\/ja\/preguntas-frecuentes\/?wmc-currency=JPY","og_locale":"ja_JP","og_type":"article","og_title":"Preguntas Frecuentes","og_description":"\u00bfTiene preguntas? \u00a1Tenemos respuestas! Todo lo que necesitas saber sobre el producto y facturaci\u00f3n. T\u00e9rminos y Condiciones Aviso de Privacidad Pagos y Envios Preguntas Frecuentes \u00bfC\u00f3mo hago una compra? \u00a1Es muy f\u00e1cil! 1.- Elige el producto, a\u00f1ade al carrito de compra y ajusta la cantidad. 2.- Ingresa la informaci\u00f3n de env\u00edo y facturaci\u00f3n (domicilio registrado de tu tarjeta bancaria). 3.- Elige el m\u00e9todo de pago y realiza el pago. 4.- Si la transacci\u00f3n fue exitosa, recibir\u00e1s un email de confirmaci\u00f3n. \u00bfCu\u00e1nto se tardar\u00e1 en llegar mi pedido de pre-order? Si realizaste una compra de un producto en pre-orden revisa la fecha de env\u00edo indicada en la p\u00e1gina del producto. Si [&hellip;]","og_url":"https:\/\/rucua.com\/ja\/preguntas-frecuentes\/?wmc-currency=JPY","og_site_name":"Rucua","article_modified_time":"2025-02-11T06:36:38+00:00","twitter_card":"summary_large_image","twitter_misc":{"\u63a8\u5b9a\u8aad\u307f\u53d6\u308a\u6642\u9593":"2\u5206"},"schema":{"@context":"https:\/\/schema.org","@graph":[{"@type":"WebPage","@id":"https:\/\/rucua.com\/es_mx\/preguntas-frecuentes\/","url":"https:\/\/rucua.com\/es_mx\/preguntas-frecuentes\/","name":"Preguntas Frecuentes - Rucua","isPartOf":{"@id":"https:\/\/rucua.com\/ja\/#website"},"datePublished":"2022-07-08T03:29:16+00:00","dateModified":"2025-02-11T06:36:38+00:00","breadcrumb":{"@id":"https:\/\/rucua.com\/es_mx\/preguntas-frecuentes\/#breadcrumb"},"inLanguage":"ja","potentialAction":[{"@type":"ReadAction","target":["https:\/\/rucua.com\/es_mx\/preguntas-frecuentes\/"]}]},{"@type":"BreadcrumbList","@id":"https:\/\/rucua.com\/es_mx\/preguntas-frecuentes\/#breadcrumb","itemListElement":[{"@type":"ListItem","position":1,"name":"Inicio","item":"https:\/\/rucua.com\/"},{"@type":"ListItem","position":2,"name":"Preguntas Frecuentes"}]},{"@type":"WebSite","@id":"https:\/\/rucua.com\/ja\/#website","url":"https:\/\/rucua.com\/ja\/","name":"Rucua","description":"","potentialAction":[{"@type":"SearchAction","target":{"@type":"EntryPoint","urlTemplate":"https:\/\/rucua.com\/ja\/?s={search_term_string}"},"query-input":{"@type":"PropertyValueSpecification","valueRequired":true,"valueName":"search_term_string"}}],"inLanguage":"ja"}]}},"_links":{"self":[{"href":"https:\/\/rucua.com\/ja\/wp-json\/wp\/v2\/pages\/8697","targetHints":{"allow":["GET"]}}],"collection":[{"href":"https:\/\/rucua.com\/ja\/wp-json\/wp\/v2\/pages"}],"about":[{"href":"https:\/\/rucua.com\/ja\/wp-json\/wp\/v2\/types\/page"}],"author":[{"embeddable":true,"href":"https:\/\/rucua.com\/ja\/wp-json\/wp\/v2\/users\/1"}],"replies":[{"embeddable":true,"href":"https:\/\/rucua.com\/ja\/wp-json\/wp\/v2\/comments?post=8697"}],"version-history":[{"count":0,"href":"https:\/\/rucua.com\/ja\/wp-json\/wp\/v2\/pages\/8697\/revisions"}],"wp:attachment":[{"href":"https:\/\/rucua.com\/ja\/wp-json\/wp\/v2\/media?parent=8697"}],"curies":[{"name":"wp","href":"https:\/\/api.w.org\/{rel}","templated":true}]}}