{"id":24171,"date":"2025-12-22T02:07:08","date_gmt":"2025-12-22T02:07:08","guid":{"rendered":"https:\/\/rucua.com\/?post_type=product&#038;p=24171"},"modified":"2026-03-01T01:45:36","modified_gmt":"2026-03-01T01:45:36","slug":"ux-17-starter-meteor-dragoon-3-70j","status":"publish","type":"product","link":"https:\/\/rucua.com\/es_mx\/tienda\/ux-17-starter-meteor-dragoon-3-70j\/","title":{"rendered":"UX-17 Starter Meteor Dragoon 3-70J"},"content":{"rendered":"<p><span style=\"color: #ff0000;\"><em>Fecha de lanzamiento en Jap\u00f3n:<strong> Diciembre 27, 2025.<\/strong><\/em><\/span><\/p>\n<div class=\"dad65929\">\n<div class=\"_4f9bf79 d7dc56a8 _43c05b5\">\n<div class=\"ds-message _63c77b1\">\n<div class=\"ds-markdown\">\n<p class=\"ds-markdown-paragraph\">\u00a1La Evoluci\u00f3n del Ataque Inverso! El <b>Meteor Dragoon 3-70J<\/b> entra al estadio como parte de la serie <b>UX <\/b>(Unique Line), dise\u00f1ada con materiales y distribuci\u00f3n de peso especializados. Este Beyblade rompe las reglas con su Giro a la Izquierda (Left Spin), permiti\u00e9ndole robar energ\u00eda o chocar de frente contra la mayor\u00eda de los oponentes (que giran a la derecha) para duplicar el impacto.<\/p>\n<\/div>\n<\/div>\n<\/div>\n<\/div>\n<p class=\"p1\"><b>Producto 100% original japon\u00e9s (Takara Tomy)<\/b> \u2013 Calidad premium, dise\u00f1o exclusivo, rendimiento real.<\/p>\n<p><strong>Detalles del producto<\/strong>: Blade (1), Ratchet (1), Bit (1), Lanzador de Jareta (1), Jareta Larga (1), Manual de Instrucciones (1), Beycode (1).<\/p>\n<p><span style=\"color: #707070;\"><em>Debido a la naturaleza del Metal Coat, la pintura puede sufrir desgaste natural tras batallas intensas.<\/em><\/span><\/p>\n","protected":false},"excerpt":{"rendered":"<p>Fecha de lanzamiento en Jap\u00f3n: Diciembre 27, 2025. \u00a1La Evoluci\u00f3n del Ataque Inverso! El Meteor Dragoon 3-70J entra al estadio como parte de la serie UX (Unique Line), dise\u00f1ada con materiales y distribuci\u00f3n de peso especializados. Este Beyblade rompe las reglas con su Giro a la Izquierda (Left Spin), permiti\u00e9ndole robar energ\u00eda o chocar de [&hellip;]<\/p>\n","protected":false},"featured_media":24174,"comment_status":"open","ping_status":"closed","template":"","meta":[],"product_brand":[],"product_cat":[418],"product_tag":[441],"class_list":{"0":"post-24171","1":"product","2":"type-product","3":"status-publish","4":"has-post-thumbnail","6":"product_cat-starter-set","7":"product_tag-recien-llegados","9":"first","10":"onbackorder","11":"shipping-taxable","12":"purchasable","13":"product-type-simple"},"yoast_head":"<!-- This site is optimized with the Yoast SEO Premium plugin v26.4 (Yoast SEO v26.4) - https:\/\/yoast.com\/wordpress\/plugins\/seo\/ -->\n<title>UX-17 Starter Meteor Dragoon 3-70J - Rucua<\/title>\n<meta name=\"robots\" content=\"index, follow, max-snippet:-1, max-image-preview:large, max-video-preview:-1\" \/>\n<link rel=\"canonical\" href=\"https:\/\/rucua.com\/es_mx\/tienda\/ux-17-starter-meteor-dragoon-3-70j\/?wmc-currency=MXN\" \/>\n<meta property=\"og:locale\" content=\"es_MX\" \/>\n<meta property=\"og:type\" content=\"article\" \/>\n<meta property=\"og:title\" content=\"UX-17 Starter Meteor Dragoon 3-70J\" \/>\n<meta property=\"og:description\" content=\"Fecha de lanzamiento en Jap\u00f3n: Diciembre 27, 2025. \u00a1La Evoluci\u00f3n del Ataque Inverso! El Meteor Dragoon 3-70J entra al estadio como parte de la serie UX (Unique Line), dise\u00f1ada con materiales y distribuci\u00f3n de peso especializados. Este Beyblade rompe las reglas con su Giro a la Izquierda (Left Spin), permiti\u00e9ndole robar energ\u00eda o chocar de [&hellip;]\" \/>\n<meta property=\"og:url\" content=\"https:\/\/rucua.com\/es_mx\/tienda\/ux-17-starter-meteor-dragoon-3-70j\/?wmc-currency=MXN\" \/>\n<meta property=\"og:site_name\" content=\"Rucua\" \/>\n<meta property=\"article:modified_time\" content=\"2026-03-01T01:45:36+00:00\" \/>\n<meta property=\"og:image\" content=\"http:\/\/rucua.com\/wp-content\/uploads\/2025\/12\/1.png\" \/>\n\t<meta property=\"og:image:width\" content=\"1000\" \/>\n\t<meta property=\"og:image:height\" content=\"1000\" \/>\n\t<meta property=\"og:image:type\" content=\"image\/png\" \/>\n<meta name=\"twitter:card\" content=\"summary_large_image\" \/>\n<meta name=\"twitter:label1\" content=\"Precio\" \/>\n\t<meta name=\"twitter:data1\" content=\"699.00 MXN\" \/>\n\t<meta name=\"twitter:label2\" content=\"Disponibilidad\" \/>\n\t<meta name=\"twitter:data2\" content=\"Disponible para reservar\" \/>\n<script type=\"application\/ld+json\" class=\"yoast-schema-graph\">{\"@context\":\"https:\/\/schema.org\",\"@graph\":[{\"@type\":\"WebPage\",\"@id\":\"https:\/\/rucua.com\/tienda\/ux-17-starter-meteor-dragoon-3-70j\/\",\"url\":\"https:\/\/rucua.com\/tienda\/ux-17-starter-meteor-dragoon-3-70j\/\",\"name\":\"UX-17 Starter Meteor Dragoon 3-70J - Rucua\",\"isPartOf\":{\"@id\":\"https:\/\/rucua.com\/ja\/#website\"},\"primaryImageOfPage\":{\"@id\":\"https:\/\/rucua.com\/tienda\/ux-17-starter-meteor-dragoon-3-70j\/#primaryimage\"},\"image\":{\"@id\":\"https:\/\/rucua.com\/tienda\/ux-17-starter-meteor-dragoon-3-70j\/#primaryimage\"},\"thumbnailUrl\":\"https:\/\/rucua.com\/wp-content\/uploads\/2025\/12\/1.png\",\"datePublished\":\"2025-12-22T02:07:08+00:00\",\"dateModified\":\"2026-03-01T01:45:36+00:00\",\"breadcrumb\":{\"@id\":\"https:\/\/rucua.com\/tienda\/ux-17-starter-meteor-dragoon-3-70j\/#breadcrumb\"},\"inLanguage\":\"es\",\"potentialAction\":[{\"@type\":\"ReadAction\",\"target\":[\"https:\/\/rucua.com\/tienda\/ux-17-starter-meteor-dragoon-3-70j\/\"]}]},{\"@type\":\"ImageObject\",\"inLanguage\":\"es\",\"@id\":\"https:\/\/rucua.com\/tienda\/ux-17-starter-meteor-dragoon-3-70j\/#primaryimage\",\"url\":\"https:\/\/rucua.com\/wp-content\/uploads\/2025\/12\/1.png\",\"contentUrl\":\"https:\/\/rucua.com\/wp-content\/uploads\/2025\/12\/1.png\",\"width\":1000,\"height\":1000},{\"@type\":\"BreadcrumbList\",\"@id\":\"https:\/\/rucua.com\/tienda\/ux-17-starter-meteor-dragoon-3-70j\/#breadcrumb\",\"itemListElement\":[{\"@type\":\"ListItem\",\"position\":1,\"name\":\"Inicio\",\"item\":\"https:\/\/rucua.com\/\"},{\"@type\":\"ListItem\",\"position\":2,\"name\":\"Tienda\",\"item\":\"https:\/\/rucua.com\/tienda\/\"},{\"@type\":\"ListItem\",\"position\":3,\"name\":\"UX-17 Starter Meteor Dragoon 3-70J\"}]},{\"@type\":\"WebSite\",\"@id\":\"https:\/\/rucua.com\/ja\/#website\",\"url\":\"https:\/\/rucua.com\/ja\/\",\"name\":\"Rucua\",\"description\":\"\",\"potentialAction\":[{\"@type\":\"SearchAction\",\"target\":{\"@type\":\"EntryPoint\",\"urlTemplate\":\"https:\/\/rucua.com\/ja\/?s={search_term_string}\"},\"query-input\":{\"@type\":\"PropertyValueSpecification\",\"valueRequired\":true,\"valueName\":\"search_term_string\"}}],\"inLanguage\":\"es\"}]}<\/script>\n<meta property=\"product:price:amount\" content=\"699.00\" \/>\n<meta property=\"product:price:currency\" content=\"MXN\" \/>\n<meta property=\"og:availability\" content=\"backorder\" \/>\n<meta property=\"product:availability\" content=\"available for order\" \/>\n<meta property=\"product:condition\" content=\"new\" \/>\n<!-- \/ Yoast SEO Premium plugin. -->","yoast_head_json":{"title":"UX-17 Starter Meteor Dragoon 3-70J - Rucua","robots":{"index":"index","follow":"follow","max-snippet":"max-snippet:-1","max-image-preview":"max-image-preview:large","max-video-preview":"max-video-preview:-1"},"canonical":"https:\/\/rucua.com\/es_mx\/tienda\/ux-17-starter-meteor-dragoon-3-70j\/?wmc-currency=MXN","og_locale":"es_MX","og_type":"article","og_title":"UX-17 Starter Meteor Dragoon 3-70J","og_description":"Fecha de lanzamiento en Jap\u00f3n: Diciembre 27, 2025. \u00a1La Evoluci\u00f3n del Ataque Inverso! El Meteor Dragoon 3-70J entra al estadio como parte de la serie UX (Unique Line), dise\u00f1ada con materiales y distribuci\u00f3n de peso especializados. Este Beyblade rompe las reglas con su Giro a la Izquierda (Left Spin), permiti\u00e9ndole robar energ\u00eda o chocar de [&hellip;]","og_url":"https:\/\/rucua.com\/es_mx\/tienda\/ux-17-starter-meteor-dragoon-3-70j\/?wmc-currency=MXN","og_site_name":"Rucua","article_modified_time":"2026-03-01T01:45:36+00:00","og_image":[{"width":1000,"height":1000,"url":"http:\/\/rucua.com\/wp-content\/uploads\/2025\/12\/1.png","type":"image\/png"}],"twitter_card":"summary_large_image","twitter_misc":{"Precio":"699.00 MXN","Disponibilidad":"Disponible para reservar"},"schema":{"@context":"https:\/\/schema.org","@graph":[{"@type":"WebPage","@id":"https:\/\/rucua.com\/tienda\/ux-17-starter-meteor-dragoon-3-70j\/","url":"https:\/\/rucua.com\/tienda\/ux-17-starter-meteor-dragoon-3-70j\/","name":"UX-17 Starter Meteor Dragoon 3-70J - Rucua","isPartOf":{"@id":"https:\/\/rucua.com\/ja\/#website"},"primaryImageOfPage":{"@id":"https:\/\/rucua.com\/tienda\/ux-17-starter-meteor-dragoon-3-70j\/#primaryimage"},"image":{"@id":"https:\/\/rucua.com\/tienda\/ux-17-starter-meteor-dragoon-3-70j\/#primaryimage"},"thumbnailUrl":"https:\/\/rucua.com\/wp-content\/uploads\/2025\/12\/1.png","datePublished":"2025-12-22T02:07:08+00:00","dateModified":"2026-03-01T01:45:36+00:00","breadcrumb":{"@id":"https:\/\/rucua.com\/tienda\/ux-17-starter-meteor-dragoon-3-70j\/#breadcrumb"},"inLanguage":"es","potentialAction":[{"@type":"ReadAction","target":["https:\/\/rucua.com\/tienda\/ux-17-starter-meteor-dragoon-3-70j\/"]}]},{"@type":"ImageObject","inLanguage":"es","@id":"https:\/\/rucua.com\/tienda\/ux-17-starter-meteor-dragoon-3-70j\/#primaryimage","url":"https:\/\/rucua.com\/wp-content\/uploads\/2025\/12\/1.png","contentUrl":"https:\/\/rucua.com\/wp-content\/uploads\/2025\/12\/1.png","width":1000,"height":1000},{"@type":"BreadcrumbList","@id":"https:\/\/rucua.com\/tienda\/ux-17-starter-meteor-dragoon-3-70j\/#breadcrumb","itemListElement":[{"@type":"ListItem","position":1,"name":"Inicio","item":"https:\/\/rucua.com\/"},{"@type":"ListItem","position":2,"name":"Tienda","item":"https:\/\/rucua.com\/tienda\/"},{"@type":"ListItem","position":3,"name":"UX-17 Starter Meteor Dragoon 3-70J"}]},{"@type":"WebSite","@id":"https:\/\/rucua.com\/ja\/#website","url":"https:\/\/rucua.com\/ja\/","name":"Rucua","description":"","potentialAction":[{"@type":"SearchAction","target":{"@type":"EntryPoint","urlTemplate":"https:\/\/rucua.com\/ja\/?s={search_term_string}"},"query-input":{"@type":"PropertyValueSpecification","valueRequired":true,"valueName":"search_term_string"}}],"inLanguage":"es"}]},"product_price_amount":"699.00","product_price_currency":"MXN","og_availability":"backorder","product_availability":"available for order","product_condition":"new"},"_links":{"self":[{"href":"https:\/\/rucua.com\/es_mx\/wp-json\/wp\/v2\/product\/24171","targetHints":{"allow":["GET"]}}],"collection":[{"href":"https:\/\/rucua.com\/es_mx\/wp-json\/wp\/v2\/product"}],"about":[{"href":"https:\/\/rucua.com\/es_mx\/wp-json\/wp\/v2\/types\/product"}],"replies":[{"embeddable":true,"href":"https:\/\/rucua.com\/es_mx\/wp-json\/wp\/v2\/comments?post=24171"}],"wp:featuredmedia":[{"embeddable":true,"href":"https:\/\/rucua.com\/es_mx\/wp-json\/wp\/v2\/media\/24174"}],"wp:attachment":[{"href":"https:\/\/rucua.com\/es_mx\/wp-json\/wp\/v2\/media?parent=24171"}],"wp:term":[{"taxonomy":"product_brand","embeddable":true,"href":"https:\/\/rucua.com\/es_mx\/wp-json\/wp\/v2\/product_brand?post=24171"},{"taxonomy":"product_cat","embeddable":true,"href":"https:\/\/rucua.com\/es_mx\/wp-json\/wp\/v2\/product_cat?post=24171"},{"taxonomy":"product_tag","embeddable":true,"href":"https:\/\/rucua.com\/es_mx\/wp-json\/wp\/v2\/product_tag?post=24171"}],"curies":[{"name":"wp","href":"https:\/\/api.w.org\/{rel}","templated":true}]}}