{"id":24086,"date":"2025-10-20T17:31:41","date_gmt":"2025-10-20T17:31:41","guid":{"rendered":"https:\/\/rucua.com\/?post_type=product&#038;p=24086"},"modified":"2026-03-01T01:21:30","modified_gmt":"2026-03-01T01:21:30","slug":"cx-11-emperormight-deck-set","status":"publish","type":"product","link":"https:\/\/rucua.com\/es_mx\/tienda\/cx-11-emperormight-deck-set\/","title":{"rendered":"CX-11 Emperor Might Deck Set"},"content":{"rendered":"<p class=\"ds-markdown-paragraph\">Domina todos los rincones de la arena con este conjunto de \u00e9lite que fusiona poder y estrategia. Incluye dos Beyblades \u00fanicos: el\u00a0<strong>Emperor Forge 8-80P<\/strong>, un tit\u00e1n de ataque con un Blade forjado para impactos catastr\u00f3ficos, y el\u00a0<strong>Might Anvil D5-60B<\/strong>, especialista en equilibrar defensa f\u00e9rrea y contraataques explosivos. Intercambia sus\u00a0<strong>Ratchets met\u00e1licos<\/strong>,\u00a0<strong>Bits de alto rendimiento<\/strong>\u00a0y componentes con tecnolog\u00eda\u00a0<strong>Metal Lock<\/strong>\u00a0para crear hasta 8 combinaciones t\u00e1cticas. Acabados en oro bru\u00f1ido y plata ancestral, este set no solo es una herramienta competitiva, sino una pieza de colecci\u00f3n.<\/p>\n<p><span style=\"color: #ff0000;\"><em>Fecha de lanzamiento en Jap\u00f3n:<strong> Noviembre 1, 2025.<\/strong><\/em><\/span><\/p>\n<p class=\"p1\"><b>Producto 100% original japon\u00e9s (Takara Tomy)<\/b> \u2013 Calidad premium, dise\u00f1o exclusivo, rendimiento real.<\/p>\n<p><b>Detalles del producto: <\/b>Chip de bloqueo con metal (Metal Lock Chip) (1), Hoja principal (Main Blade) (1), Hoja de asistencia (Assist Blade) (1), Trinquete (Ratchet) (1), Punta (Bit) (1), Tarjeta de c\u00f3digo Bey (BeyCode card).<\/p>\n","protected":false},"excerpt":{"rendered":"<p>Domina todos los rincones de la arena con este conjunto de \u00e9lite que fusiona poder y estrategia. Incluye dos Beyblades \u00fanicos: el\u00a0Emperor Forge 8-80P, un tit\u00e1n de ataque con un Blade forjado para impactos catastr\u00f3ficos, y el\u00a0Might Anvil D5-60B, especialista en equilibrar defensa f\u00e9rrea y contraataques explosivos. Intercambia sus\u00a0Ratchets met\u00e1licos,\u00a0Bits de alto rendimiento\u00a0y componentes con [&hellip;]<\/p>\n","protected":false},"featured_media":24087,"comment_status":"open","ping_status":"closed","template":"","meta":[],"product_brand":[],"product_cat":[419,448],"product_tag":[],"class_list":{"0":"post-24086","1":"product","2":"type-product","3":"status-publish","4":"has-post-thumbnail","6":"product_cat-boosters-y-sets","7":"product_cat-preventas","9":"first","10":"instock","11":"shipping-taxable","12":"purchasable","13":"product-type-simple"},"yoast_head":"<!-- This site is optimized with the Yoast SEO Premium plugin v26.4 (Yoast SEO v26.4) - https:\/\/yoast.com\/wordpress\/plugins\/seo\/ -->\n<title>CX-11 Emperor Might Deck Set - Rucua<\/title>\n<meta name=\"robots\" content=\"index, follow, max-snippet:-1, max-image-preview:large, max-video-preview:-1\" \/>\n<link rel=\"canonical\" href=\"https:\/\/rucua.com\/es_mx\/tienda\/cx-11-emperormight-deck-set\/?wmc-currency=MXN\" \/>\n<meta property=\"og:locale\" content=\"es_MX\" \/>\n<meta property=\"og:type\" content=\"article\" \/>\n<meta property=\"og:title\" content=\"CX-11 Emperor Might Deck Set\" \/>\n<meta property=\"og:description\" content=\"Domina todos los rincones de la arena con este conjunto de \u00e9lite que fusiona poder y estrategia. Incluye dos Beyblades \u00fanicos: el\u00a0Emperor Forge 8-80P, un tit\u00e1n de ataque con un Blade forjado para impactos catastr\u00f3ficos, y el\u00a0Might Anvil D5-60B, especialista en equilibrar defensa f\u00e9rrea y contraataques explosivos. Intercambia sus\u00a0Ratchets met\u00e1licos,\u00a0Bits de alto rendimiento\u00a0y componentes con [&hellip;]\" \/>\n<meta property=\"og:url\" content=\"https:\/\/rucua.com\/es_mx\/tienda\/cx-11-emperormight-deck-set\/?wmc-currency=MXN\" \/>\n<meta property=\"og:site_name\" content=\"Rucua\" \/>\n<meta property=\"article:modified_time\" content=\"2026-03-01T01:21:30+00:00\" \/>\n<meta property=\"og:image\" content=\"http:\/\/rucua.com\/wp-content\/uploads\/2025\/10\/9-1.png\" \/>\n\t<meta property=\"og:image:width\" content=\"1250\" \/>\n\t<meta property=\"og:image:height\" content=\"1250\" \/>\n\t<meta property=\"og:image:type\" content=\"image\/png\" \/>\n<meta name=\"twitter:card\" content=\"summary_large_image\" \/>\n<meta name=\"twitter:label1\" content=\"Precio\" \/>\n\t<meta name=\"twitter:data1\" content=\"1,299.00 MXN\" \/>\n\t<meta name=\"twitter:label2\" content=\"Disponibilidad\" \/>\n\t<meta name=\"twitter:data2\" content=\"Disponible\" \/>\n<script type=\"application\/ld+json\" class=\"yoast-schema-graph\">{\"@context\":\"https:\/\/schema.org\",\"@graph\":[{\"@type\":\"WebPage\",\"@id\":\"https:\/\/rucua.com\/tienda\/cx-11-emperormight-deck-set\/\",\"url\":\"https:\/\/rucua.com\/tienda\/cx-11-emperormight-deck-set\/\",\"name\":\"CX-11 Emperor Might Deck Set - Rucua\",\"isPartOf\":{\"@id\":\"https:\/\/rucua.com\/ja\/#website\"},\"primaryImageOfPage\":{\"@id\":\"https:\/\/rucua.com\/tienda\/cx-11-emperormight-deck-set\/#primaryimage\"},\"image\":{\"@id\":\"https:\/\/rucua.com\/tienda\/cx-11-emperormight-deck-set\/#primaryimage\"},\"thumbnailUrl\":\"https:\/\/rucua.com\/wp-content\/uploads\/2025\/10\/9-1.png\",\"datePublished\":\"2025-10-20T17:31:41+00:00\",\"dateModified\":\"2026-03-01T01:21:30+00:00\",\"breadcrumb\":{\"@id\":\"https:\/\/rucua.com\/tienda\/cx-11-emperormight-deck-set\/#breadcrumb\"},\"inLanguage\":\"es\",\"potentialAction\":[{\"@type\":\"ReadAction\",\"target\":[\"https:\/\/rucua.com\/tienda\/cx-11-emperormight-deck-set\/\"]}]},{\"@type\":\"ImageObject\",\"inLanguage\":\"es\",\"@id\":\"https:\/\/rucua.com\/tienda\/cx-11-emperormight-deck-set\/#primaryimage\",\"url\":\"https:\/\/rucua.com\/wp-content\/uploads\/2025\/10\/9-1.png\",\"contentUrl\":\"https:\/\/rucua.com\/wp-content\/uploads\/2025\/10\/9-1.png\",\"width\":1250,\"height\":1250},{\"@type\":\"BreadcrumbList\",\"@id\":\"https:\/\/rucua.com\/tienda\/cx-11-emperormight-deck-set\/#breadcrumb\",\"itemListElement\":[{\"@type\":\"ListItem\",\"position\":1,\"name\":\"Inicio\",\"item\":\"https:\/\/rucua.com\/\"},{\"@type\":\"ListItem\",\"position\":2,\"name\":\"Tienda\",\"item\":\"https:\/\/rucua.com\/tienda\/\"},{\"@type\":\"ListItem\",\"position\":3,\"name\":\"CX-11 Emperor Might Deck Set\"}]},{\"@type\":\"WebSite\",\"@id\":\"https:\/\/rucua.com\/ja\/#website\",\"url\":\"https:\/\/rucua.com\/ja\/\",\"name\":\"Rucua\",\"description\":\"\",\"potentialAction\":[{\"@type\":\"SearchAction\",\"target\":{\"@type\":\"EntryPoint\",\"urlTemplate\":\"https:\/\/rucua.com\/ja\/?s={search_term_string}\"},\"query-input\":{\"@type\":\"PropertyValueSpecification\",\"valueRequired\":true,\"valueName\":\"search_term_string\"}}],\"inLanguage\":\"es\"}]}<\/script>\n<meta property=\"product:price:amount\" content=\"1299.00\" \/>\n<meta property=\"product:price:currency\" content=\"MXN\" \/>\n<meta property=\"og:availability\" content=\"instock\" \/>\n<meta property=\"product:availability\" content=\"instock\" \/>\n<meta property=\"product:condition\" content=\"new\" \/>\n<!-- \/ Yoast SEO Premium plugin. -->","yoast_head_json":{"title":"CX-11 Emperor Might Deck Set - Rucua","robots":{"index":"index","follow":"follow","max-snippet":"max-snippet:-1","max-image-preview":"max-image-preview:large","max-video-preview":"max-video-preview:-1"},"canonical":"https:\/\/rucua.com\/es_mx\/tienda\/cx-11-emperormight-deck-set\/?wmc-currency=MXN","og_locale":"es_MX","og_type":"article","og_title":"CX-11 Emperor Might Deck Set","og_description":"Domina todos los rincones de la arena con este conjunto de \u00e9lite que fusiona poder y estrategia. Incluye dos Beyblades \u00fanicos: el\u00a0Emperor Forge 8-80P, un tit\u00e1n de ataque con un Blade forjado para impactos catastr\u00f3ficos, y el\u00a0Might Anvil D5-60B, especialista en equilibrar defensa f\u00e9rrea y contraataques explosivos. Intercambia sus\u00a0Ratchets met\u00e1licos,\u00a0Bits de alto rendimiento\u00a0y componentes con [&hellip;]","og_url":"https:\/\/rucua.com\/es_mx\/tienda\/cx-11-emperormight-deck-set\/?wmc-currency=MXN","og_site_name":"Rucua","article_modified_time":"2026-03-01T01:21:30+00:00","og_image":[{"width":1250,"height":1250,"url":"http:\/\/rucua.com\/wp-content\/uploads\/2025\/10\/9-1.png","type":"image\/png"}],"twitter_card":"summary_large_image","twitter_misc":{"Precio":"1,299.00 MXN","Disponibilidad":"Disponible"},"schema":{"@context":"https:\/\/schema.org","@graph":[{"@type":"WebPage","@id":"https:\/\/rucua.com\/tienda\/cx-11-emperormight-deck-set\/","url":"https:\/\/rucua.com\/tienda\/cx-11-emperormight-deck-set\/","name":"CX-11 Emperor Might Deck Set - Rucua","isPartOf":{"@id":"https:\/\/rucua.com\/ja\/#website"},"primaryImageOfPage":{"@id":"https:\/\/rucua.com\/tienda\/cx-11-emperormight-deck-set\/#primaryimage"},"image":{"@id":"https:\/\/rucua.com\/tienda\/cx-11-emperormight-deck-set\/#primaryimage"},"thumbnailUrl":"https:\/\/rucua.com\/wp-content\/uploads\/2025\/10\/9-1.png","datePublished":"2025-10-20T17:31:41+00:00","dateModified":"2026-03-01T01:21:30+00:00","breadcrumb":{"@id":"https:\/\/rucua.com\/tienda\/cx-11-emperormight-deck-set\/#breadcrumb"},"inLanguage":"es","potentialAction":[{"@type":"ReadAction","target":["https:\/\/rucua.com\/tienda\/cx-11-emperormight-deck-set\/"]}]},{"@type":"ImageObject","inLanguage":"es","@id":"https:\/\/rucua.com\/tienda\/cx-11-emperormight-deck-set\/#primaryimage","url":"https:\/\/rucua.com\/wp-content\/uploads\/2025\/10\/9-1.png","contentUrl":"https:\/\/rucua.com\/wp-content\/uploads\/2025\/10\/9-1.png","width":1250,"height":1250},{"@type":"BreadcrumbList","@id":"https:\/\/rucua.com\/tienda\/cx-11-emperormight-deck-set\/#breadcrumb","itemListElement":[{"@type":"ListItem","position":1,"name":"Inicio","item":"https:\/\/rucua.com\/"},{"@type":"ListItem","position":2,"name":"Tienda","item":"https:\/\/rucua.com\/tienda\/"},{"@type":"ListItem","position":3,"name":"CX-11 Emperor Might Deck Set"}]},{"@type":"WebSite","@id":"https:\/\/rucua.com\/ja\/#website","url":"https:\/\/rucua.com\/ja\/","name":"Rucua","description":"","potentialAction":[{"@type":"SearchAction","target":{"@type":"EntryPoint","urlTemplate":"https:\/\/rucua.com\/ja\/?s={search_term_string}"},"query-input":{"@type":"PropertyValueSpecification","valueRequired":true,"valueName":"search_term_string"}}],"inLanguage":"es"}]},"product_price_amount":"1299.00","product_price_currency":"MXN","og_availability":"instock","product_availability":"instock","product_condition":"new"},"_links":{"self":[{"href":"https:\/\/rucua.com\/es_mx\/wp-json\/wp\/v2\/product\/24086","targetHints":{"allow":["GET"]}}],"collection":[{"href":"https:\/\/rucua.com\/es_mx\/wp-json\/wp\/v2\/product"}],"about":[{"href":"https:\/\/rucua.com\/es_mx\/wp-json\/wp\/v2\/types\/product"}],"replies":[{"embeddable":true,"href":"https:\/\/rucua.com\/es_mx\/wp-json\/wp\/v2\/comments?post=24086"}],"wp:featuredmedia":[{"embeddable":true,"href":"https:\/\/rucua.com\/es_mx\/wp-json\/wp\/v2\/media\/24087"}],"wp:attachment":[{"href":"https:\/\/rucua.com\/es_mx\/wp-json\/wp\/v2\/media?parent=24086"}],"wp:term":[{"taxonomy":"product_brand","embeddable":true,"href":"https:\/\/rucua.com\/es_mx\/wp-json\/wp\/v2\/product_brand?post=24086"},{"taxonomy":"product_cat","embeddable":true,"href":"https:\/\/rucua.com\/es_mx\/wp-json\/wp\/v2\/product_cat?post=24086"},{"taxonomy":"product_tag","embeddable":true,"href":"https:\/\/rucua.com\/es_mx\/wp-json\/wp\/v2\/product_tag?post=24086"}],"curies":[{"name":"wp","href":"https:\/\/api.w.org\/{rel}","templated":true}]}}