{"id":23940,"date":"2025-09-24T18:35:26","date_gmt":"2025-09-24T18:35:26","guid":{"rendered":"https:\/\/rucua.com\/?post_type=product&#038;p=23940"},"modified":"2026-03-27T02:35:29","modified_gmt":"2026-03-27T02:35:29","slug":"bx-46-battle-entry-set-%e2%88%9e","status":"publish","type":"product","link":"https:\/\/rucua.com\/es_mx\/tienda\/bx-46-battle-entry-set-%e2%88%9e\/","title":{"rendered":"BX-46 Battle Entry Set \u221e"},"content":{"rendered":"<p class=\"p1\"><b>\ud835\udde3\ud835\udde5\ud835\uddd8<\/b><span class=\"s1\"><b>VENTA<\/b><\/span> | <span class=\"s1\">\ud835\uddd8\ud835\uddfb\ud835\ude03\ud835\uddf6\u0301\ud835\uddfc<\/span> <span class=\"s1\">\ud835\uddf1\ud835\uddf2\ud835\ude00\ud835\uddf1\ud835\uddf2<\/span> <span class=\"s1\">\ud835\udddd\ud835\uddee\ud835\uddfd\ud835\uddfc\u0301\ud835\uddfb<\/span> (<span class=\"s1\">\ud835\udfee<\/span>\u00a0<span class=\"s1\">\ud835\ude00\ud835\uddf2\ud835\uddfa\ud835\uddee\ud835\uddfb\ud835\uddee\ud835\ude00<\/span>)<br \/>\n\u00a1Garantiza tu BX-46 Battle Entry Set \u221e antes de que se agote! Este art\u00edculo se importa directamente desde Jap\u00f3n en lotes limitados para asegurar autenticidad y el mejor precio.<\/p>\n<p class=\"p1\"><span style=\"color: #ff0000;\"><em>Fecha de lanzamiento en Jap\u00f3n:<strong> Octubre 11, 2025.<\/strong><\/em><\/span><\/p>\n<p>\u00a1Desata la leyenda con el <strong>BX-46 Battle Entry Set \u221e<\/strong>! El Estadio Infinity es donde podr\u00e1s disfrutar de emocionantes batallas con la <strong>&#8220;Infinity Dash&#8221;<\/strong>, una serie de X-Dashes, y los intensos choques de los X-Dashes, dise\u00f1ado para bladers que exigen poder y precisi\u00f3n. Incluye dos Beyblades: el <strong>Cobalt Drake 9-60R<\/strong>, un Beyblade de tipo ataque que destaca por derribar oponentes con sus potentes ataques Infinity Dash, y el\u00a0<strong>Goat Tackle 7-70T<\/strong>, un Beyblade equilibrado que puede bloquear los ataques rivales mientras ejecuta Infinity Dashes. onquista la arena y escribe tu historia. \u00a1No esperes m\u00e1s, la batalla infinita comienza ahora!<\/p>\n<p class=\"p1\"><b>Producto 100% original japon\u00e9s (Takara Tomy)<\/b> \u2013 Calidad premium, dise\u00f1o exclusivo, rendimiento real.<\/p>\n<p><strong>Detalles del producto<\/strong>: Blade (2), Ratchet (2), Bit (2), Lanzador de jareta (2), Jareta (2), Estadio (Tapa) (1), Estadio (Cuerpo Principal) (1), Fijador (4), Manual de Instrucciones (1), Tarjeta Beycode (1).<\/p>\n","protected":false},"excerpt":{"rendered":"<p>\ud835\udde3\ud835\udde5\ud835\uddd8VENTA | \ud835\uddd8\ud835\uddfb\ud835\ude03\ud835\uddf6\u0301\ud835\uddfc \ud835\uddf1\ud835\uddf2\ud835\ude00\ud835\uddf1\ud835\uddf2 \ud835\udddd\ud835\uddee\ud835\uddfd\ud835\uddfc\u0301\ud835\uddfb (\ud835\udfee\u00a0\ud835\ude00\ud835\uddf2\ud835\uddfa\ud835\uddee\ud835\uddfb\ud835\uddee\ud835\ude00) \u00a1Garantiza tu BX-46 Battle Entry Set \u221e antes de que se agote! Este art\u00edculo se importa directamente desde Jap\u00f3n en lotes limitados para asegurar autenticidad y el mejor precio. Fecha de lanzamiento en Jap\u00f3n: Octubre 11, 2025. \u00a1Desata la leyenda con el BX-46 Battle Entry Set \u221e! El Estadio [&hellip;]<\/p>\n","protected":false},"featured_media":23941,"comment_status":"open","ping_status":"closed","template":"","meta":[],"product_brand":[],"product_cat":[422],"product_tag":[],"class_list":{"0":"post-23940","1":"product","2":"type-product","3":"status-publish","4":"has-post-thumbnail","6":"product_cat-estadios-y-stands","8":"first","9":"instock","10":"shipping-taxable","11":"purchasable","12":"product-type-simple"},"yoast_head":"<!-- This site is optimized with the Yoast SEO Premium plugin v26.4 (Yoast SEO v26.4) - https:\/\/yoast.com\/wordpress\/plugins\/seo\/ -->\n<title>BX-46 Battle Entry Set \u221e - Rucua<\/title>\n<meta name=\"robots\" content=\"index, follow, max-snippet:-1, max-image-preview:large, max-video-preview:-1\" \/>\n<link rel=\"canonical\" href=\"https:\/\/rucua.com\/es_mx\/tienda\/bx-46-battle-entry-set-\u221e\/?wmc-currency=MXN\" \/>\n<meta property=\"og:locale\" content=\"es_MX\" \/>\n<meta property=\"og:type\" content=\"article\" \/>\n<meta property=\"og:title\" content=\"BX-46 Battle Entry Set \u221e\" \/>\n<meta property=\"og:description\" content=\"\ud835\udde3\ud835\udde5\ud835\uddd8VENTA | \ud835\uddd8\ud835\uddfb\ud835\ude03\ud835\uddf6\u0301\ud835\uddfc \ud835\uddf1\ud835\uddf2\ud835\ude00\ud835\uddf1\ud835\uddf2 \ud835\udddd\ud835\uddee\ud835\uddfd\ud835\uddfc\u0301\ud835\uddfb (\ud835\udfee\u00a0\ud835\ude00\ud835\uddf2\ud835\uddfa\ud835\uddee\ud835\uddfb\ud835\uddee\ud835\ude00) \u00a1Garantiza tu BX-46 Battle Entry Set \u221e antes de que se agote! Este art\u00edculo se importa directamente desde Jap\u00f3n en lotes limitados para asegurar autenticidad y el mejor precio. Fecha de lanzamiento en Jap\u00f3n: Octubre 11, 2025. \u00a1Desata la leyenda con el BX-46 Battle Entry Set \u221e! El Estadio [&hellip;]\" \/>\n<meta property=\"og:url\" content=\"https:\/\/rucua.com\/es_mx\/tienda\/bx-46-battle-entry-set-\u221e\/?wmc-currency=MXN\" \/>\n<meta property=\"og:site_name\" content=\"Rucua\" \/>\n<meta property=\"article:modified_time\" content=\"2026-03-27T02:35:29+00:00\" \/>\n<meta property=\"og:image\" content=\"http:\/\/rucua.com\/wp-content\/uploads\/2025\/08\/1-1.png\" \/>\n\t<meta property=\"og:image:width\" content=\"1250\" \/>\n\t<meta property=\"og:image:height\" content=\"1250\" \/>\n\t<meta property=\"og:image:type\" content=\"image\/png\" \/>\n<meta name=\"twitter:card\" content=\"summary_large_image\" \/>\n<meta name=\"twitter:label1\" content=\"Precio\" \/>\n\t<meta name=\"twitter:data1\" content=\"2,799.00 MXN\" \/>\n\t<meta name=\"twitter:label2\" content=\"Disponibilidad\" \/>\n\t<meta name=\"twitter:data2\" content=\"Disponible\" \/>\n<script type=\"application\/ld+json\" class=\"yoast-schema-graph\">{\"@context\":\"https:\/\/schema.org\",\"@graph\":[{\"@type\":\"WebPage\",\"@id\":\"https:\/\/rucua.com\/tienda\/bx-46-battle-entry-set-%e2%88%9e\/\",\"url\":\"https:\/\/rucua.com\/tienda\/bx-46-battle-entry-set-%e2%88%9e\/\",\"name\":\"BX-46 Battle Entry Set \u221e - Rucua\",\"isPartOf\":{\"@id\":\"https:\/\/rucua.com\/ja\/#website\"},\"primaryImageOfPage\":{\"@id\":\"https:\/\/rucua.com\/tienda\/bx-46-battle-entry-set-%e2%88%9e\/#primaryimage\"},\"image\":{\"@id\":\"https:\/\/rucua.com\/tienda\/bx-46-battle-entry-set-%e2%88%9e\/#primaryimage\"},\"thumbnailUrl\":\"https:\/\/rucua.com\/wp-content\/uploads\/2025\/08\/1-1.png\",\"datePublished\":\"2025-09-24T18:35:26+00:00\",\"dateModified\":\"2026-03-27T02:35:29+00:00\",\"breadcrumb\":{\"@id\":\"https:\/\/rucua.com\/tienda\/bx-46-battle-entry-set-%e2%88%9e\/#breadcrumb\"},\"inLanguage\":\"es\",\"potentialAction\":[{\"@type\":\"ReadAction\",\"target\":[\"https:\/\/rucua.com\/tienda\/bx-46-battle-entry-set-%e2%88%9e\/\"]}]},{\"@type\":\"ImageObject\",\"inLanguage\":\"es\",\"@id\":\"https:\/\/rucua.com\/tienda\/bx-46-battle-entry-set-%e2%88%9e\/#primaryimage\",\"url\":\"https:\/\/rucua.com\/wp-content\/uploads\/2025\/08\/1-1.png\",\"contentUrl\":\"https:\/\/rucua.com\/wp-content\/uploads\/2025\/08\/1-1.png\",\"width\":1250,\"height\":1250},{\"@type\":\"BreadcrumbList\",\"@id\":\"https:\/\/rucua.com\/tienda\/bx-46-battle-entry-set-%e2%88%9e\/#breadcrumb\",\"itemListElement\":[{\"@type\":\"ListItem\",\"position\":1,\"name\":\"Inicio\",\"item\":\"https:\/\/rucua.com\/\"},{\"@type\":\"ListItem\",\"position\":2,\"name\":\"Tienda\",\"item\":\"https:\/\/rucua.com\/tienda\/\"},{\"@type\":\"ListItem\",\"position\":3,\"name\":\"BX-46 Battle Entry Set \u221e\"}]},{\"@type\":\"WebSite\",\"@id\":\"https:\/\/rucua.com\/ja\/#website\",\"url\":\"https:\/\/rucua.com\/ja\/\",\"name\":\"Rucua\",\"description\":\"\",\"potentialAction\":[{\"@type\":\"SearchAction\",\"target\":{\"@type\":\"EntryPoint\",\"urlTemplate\":\"https:\/\/rucua.com\/ja\/?s={search_term_string}\"},\"query-input\":{\"@type\":\"PropertyValueSpecification\",\"valueRequired\":true,\"valueName\":\"search_term_string\"}}],\"inLanguage\":\"es\"}]}<\/script>\n<meta property=\"product:price:amount\" content=\"2799.00\" \/>\n<meta property=\"product:price:currency\" content=\"MXN\" \/>\n<meta property=\"og:availability\" content=\"instock\" \/>\n<meta property=\"product:availability\" content=\"instock\" \/>\n<meta property=\"product:condition\" content=\"new\" \/>\n<!-- \/ Yoast SEO Premium plugin. -->","yoast_head_json":{"title":"BX-46 Battle Entry Set \u221e - Rucua","robots":{"index":"index","follow":"follow","max-snippet":"max-snippet:-1","max-image-preview":"max-image-preview:large","max-video-preview":"max-video-preview:-1"},"canonical":"https:\/\/rucua.com\/es_mx\/tienda\/bx-46-battle-entry-set-\u221e\/?wmc-currency=MXN","og_locale":"es_MX","og_type":"article","og_title":"BX-46 Battle Entry Set \u221e","og_description":"\ud835\udde3\ud835\udde5\ud835\uddd8VENTA | \ud835\uddd8\ud835\uddfb\ud835\ude03\ud835\uddf6\u0301\ud835\uddfc \ud835\uddf1\ud835\uddf2\ud835\ude00\ud835\uddf1\ud835\uddf2 \ud835\udddd\ud835\uddee\ud835\uddfd\ud835\uddfc\u0301\ud835\uddfb (\ud835\udfee\u00a0\ud835\ude00\ud835\uddf2\ud835\uddfa\ud835\uddee\ud835\uddfb\ud835\uddee\ud835\ude00) \u00a1Garantiza tu BX-46 Battle Entry Set \u221e antes de que se agote! Este art\u00edculo se importa directamente desde Jap\u00f3n en lotes limitados para asegurar autenticidad y el mejor precio. Fecha de lanzamiento en Jap\u00f3n: Octubre 11, 2025. \u00a1Desata la leyenda con el BX-46 Battle Entry Set \u221e! El Estadio [&hellip;]","og_url":"https:\/\/rucua.com\/es_mx\/tienda\/bx-46-battle-entry-set-\u221e\/?wmc-currency=MXN","og_site_name":"Rucua","article_modified_time":"2026-03-27T02:35:29+00:00","og_image":[{"width":1250,"height":1250,"url":"http:\/\/rucua.com\/wp-content\/uploads\/2025\/08\/1-1.png","type":"image\/png"}],"twitter_card":"summary_large_image","twitter_misc":{"Precio":"2,799.00 MXN","Disponibilidad":"Disponible"},"schema":{"@context":"https:\/\/schema.org","@graph":[{"@type":"WebPage","@id":"https:\/\/rucua.com\/tienda\/bx-46-battle-entry-set-%e2%88%9e\/","url":"https:\/\/rucua.com\/tienda\/bx-46-battle-entry-set-%e2%88%9e\/","name":"BX-46 Battle Entry Set \u221e - Rucua","isPartOf":{"@id":"https:\/\/rucua.com\/ja\/#website"},"primaryImageOfPage":{"@id":"https:\/\/rucua.com\/tienda\/bx-46-battle-entry-set-%e2%88%9e\/#primaryimage"},"image":{"@id":"https:\/\/rucua.com\/tienda\/bx-46-battle-entry-set-%e2%88%9e\/#primaryimage"},"thumbnailUrl":"https:\/\/rucua.com\/wp-content\/uploads\/2025\/08\/1-1.png","datePublished":"2025-09-24T18:35:26+00:00","dateModified":"2026-03-27T02:35:29+00:00","breadcrumb":{"@id":"https:\/\/rucua.com\/tienda\/bx-46-battle-entry-set-%e2%88%9e\/#breadcrumb"},"inLanguage":"es","potentialAction":[{"@type":"ReadAction","target":["https:\/\/rucua.com\/tienda\/bx-46-battle-entry-set-%e2%88%9e\/"]}]},{"@type":"ImageObject","inLanguage":"es","@id":"https:\/\/rucua.com\/tienda\/bx-46-battle-entry-set-%e2%88%9e\/#primaryimage","url":"https:\/\/rucua.com\/wp-content\/uploads\/2025\/08\/1-1.png","contentUrl":"https:\/\/rucua.com\/wp-content\/uploads\/2025\/08\/1-1.png","width":1250,"height":1250},{"@type":"BreadcrumbList","@id":"https:\/\/rucua.com\/tienda\/bx-46-battle-entry-set-%e2%88%9e\/#breadcrumb","itemListElement":[{"@type":"ListItem","position":1,"name":"Inicio","item":"https:\/\/rucua.com\/"},{"@type":"ListItem","position":2,"name":"Tienda","item":"https:\/\/rucua.com\/tienda\/"},{"@type":"ListItem","position":3,"name":"BX-46 Battle Entry Set \u221e"}]},{"@type":"WebSite","@id":"https:\/\/rucua.com\/ja\/#website","url":"https:\/\/rucua.com\/ja\/","name":"Rucua","description":"","potentialAction":[{"@type":"SearchAction","target":{"@type":"EntryPoint","urlTemplate":"https:\/\/rucua.com\/ja\/?s={search_term_string}"},"query-input":{"@type":"PropertyValueSpecification","valueRequired":true,"valueName":"search_term_string"}}],"inLanguage":"es"}]},"product_price_amount":"2799.00","product_price_currency":"MXN","og_availability":"instock","product_availability":"instock","product_condition":"new"},"_links":{"self":[{"href":"https:\/\/rucua.com\/es_mx\/wp-json\/wp\/v2\/product\/23940","targetHints":{"allow":["GET"]}}],"collection":[{"href":"https:\/\/rucua.com\/es_mx\/wp-json\/wp\/v2\/product"}],"about":[{"href":"https:\/\/rucua.com\/es_mx\/wp-json\/wp\/v2\/types\/product"}],"replies":[{"embeddable":true,"href":"https:\/\/rucua.com\/es_mx\/wp-json\/wp\/v2\/comments?post=23940"}],"wp:featuredmedia":[{"embeddable":true,"href":"https:\/\/rucua.com\/es_mx\/wp-json\/wp\/v2\/media\/23941"}],"wp:attachment":[{"href":"https:\/\/rucua.com\/es_mx\/wp-json\/wp\/v2\/media?parent=23940"}],"wp:term":[{"taxonomy":"product_brand","embeddable":true,"href":"https:\/\/rucua.com\/es_mx\/wp-json\/wp\/v2\/product_brand?post=23940"},{"taxonomy":"product_cat","embeddable":true,"href":"https:\/\/rucua.com\/es_mx\/wp-json\/wp\/v2\/product_cat?post=23940"},{"taxonomy":"product_tag","embeddable":true,"href":"https:\/\/rucua.com\/es_mx\/wp-json\/wp\/v2\/product_tag?post=23940"}],"curies":[{"name":"wp","href":"https:\/\/api.w.org\/{rel}","templated":true}]}}