{"id":22305,"date":"2025-03-12T02:29:34","date_gmt":"2025-03-12T02:29:34","guid":{"rendered":"https:\/\/rucua.com\/?post_type=product&#038;p=22305"},"modified":"2026-03-01T01:29:46","modified_gmt":"2026-03-01T01:29:46","slug":"el-cx-01-dran-brave-s6-60v","status":"publish","type":"product","link":"https:\/\/rucua.com\/es_mx\/tienda\/el-cx-01-dran-brave-s6-60v\/","title":{"rendered":"CX-01 Starter Dran Brave S6-60V"},"content":{"rendered":"<p>El\u00a0<strong>CX-01 Dran Brave S6-60V<\/strong>\u00a0es un Beyblade de tipo balanceado, dise\u00f1ado para bladers que buscan versatilidad en la pista. Con su sistema\u00a0<strong>S6-60V<\/strong>, combina velocidad y estabilidad, permitiendo ataques r\u00e1pidos y defensas s\u00f3lidas. Su dise\u00f1o din\u00e1mico y componentes de alta calidad lo convierten en una opci\u00f3n confiable para bladers de todos los niveles.<\/p>\n<p class=\"p1\"><b>Producto 100% original japon\u00e9s (Takara Tomy)<\/b>\u00a0\u2013 Calidad premium, dise\u00f1o exclusivo, rendimiento real.<\/p>\n<p class=\"p1\"><b>Detalles del producto: <\/b>Chip de bloqueo (Lock Chip) (1), Hoja principal (Main Blade) (1), Hoja de asistencia (Assist Blade) (1), Trinquete (Ratchet) (1), Punta (Bit) (1), Lanzador de cuerda (Winder launcher)\u00a0(1), Cuerda (Winder) (1).<\/p>\n","protected":false},"excerpt":{"rendered":"<p>El\u00a0CX-01 Dran Brave S6-60V\u00a0es un Beyblade de tipo balanceado, dise\u00f1ado para bladers que buscan versatilidad en la pista. Con su sistema\u00a0S6-60V, combina velocidad y estabilidad, permitiendo ataques r\u00e1pidos y defensas s\u00f3lidas. Su dise\u00f1o din\u00e1mico y componentes de alta calidad lo convierten en una opci\u00f3n confiable para bladers de todos los niveles. Producto 100% original japon\u00e9s [&hellip;]<\/p>\n","protected":false},"featured_media":22306,"comment_status":"open","ping_status":"closed","template":"","meta":[],"product_brand":[],"product_cat":[418],"product_tag":[],"class_list":{"0":"post-22305","1":"product","2":"type-product","3":"status-publish","4":"has-post-thumbnail","6":"product_cat-starter-set","8":"first","9":"instock","10":"shipping-taxable","11":"purchasable","12":"product-type-simple"},"yoast_head":"<!-- This site is optimized with the Yoast SEO Premium plugin v26.4 (Yoast SEO v26.4) - https:\/\/yoast.com\/wordpress\/plugins\/seo\/ -->\n<title>CX-01 Starter Dran Brave S6-60V - Rucua<\/title>\n<meta name=\"robots\" content=\"index, follow, max-snippet:-1, max-image-preview:large, max-video-preview:-1\" \/>\n<link rel=\"canonical\" href=\"https:\/\/rucua.com\/es_mx\/tienda\/el-cx-01-dran-brave-s6-60v\/?wmc-currency=MXN\" \/>\n<meta property=\"og:locale\" content=\"es_MX\" \/>\n<meta property=\"og:type\" content=\"article\" \/>\n<meta property=\"og:title\" content=\"CX-01 Starter Dran Brave S6-60V\" \/>\n<meta property=\"og:description\" content=\"El\u00a0CX-01 Dran Brave S6-60V\u00a0es un Beyblade de tipo balanceado, dise\u00f1ado para bladers que buscan versatilidad en la pista. Con su sistema\u00a0S6-60V, combina velocidad y estabilidad, permitiendo ataques r\u00e1pidos y defensas s\u00f3lidas. Su dise\u00f1o din\u00e1mico y componentes de alta calidad lo convierten en una opci\u00f3n confiable para bladers de todos los niveles. Producto 100% original japon\u00e9s [&hellip;]\" \/>\n<meta property=\"og:url\" content=\"https:\/\/rucua.com\/es_mx\/tienda\/el-cx-01-dran-brave-s6-60v\/?wmc-currency=MXN\" \/>\n<meta property=\"og:site_name\" content=\"Rucua\" \/>\n<meta property=\"article:modified_time\" content=\"2026-03-01T01:29:46+00:00\" \/>\n<meta property=\"og:image\" content=\"http:\/\/rucua.com\/wp-content\/uploads\/2025\/03\/71.png\" \/>\n\t<meta property=\"og:image:width\" content=\"1000\" \/>\n\t<meta property=\"og:image:height\" content=\"1000\" \/>\n\t<meta property=\"og:image:type\" content=\"image\/png\" \/>\n<meta name=\"twitter:card\" content=\"summary_large_image\" \/>\n<meta name=\"twitter:label1\" content=\"Precio\" \/>\n\t<meta name=\"twitter:data1\" content=\"599.00 MXN\" \/>\n\t<meta name=\"twitter:label2\" content=\"Disponibilidad\" \/>\n\t<meta name=\"twitter:data2\" content=\"Disponible\" \/>\n<script type=\"application\/ld+json\" class=\"yoast-schema-graph\">{\"@context\":\"https:\/\/schema.org\",\"@graph\":[{\"@type\":\"WebPage\",\"@id\":\"https:\/\/rucua.com\/tienda\/el-cx-01-dran-brave-s6-60v\/\",\"url\":\"https:\/\/rucua.com\/tienda\/el-cx-01-dran-brave-s6-60v\/\",\"name\":\"CX-01 Starter Dran Brave S6-60V - Rucua\",\"isPartOf\":{\"@id\":\"https:\/\/rucua.com\/ja\/#website\"},\"primaryImageOfPage\":{\"@id\":\"https:\/\/rucua.com\/tienda\/el-cx-01-dran-brave-s6-60v\/#primaryimage\"},\"image\":{\"@id\":\"https:\/\/rucua.com\/tienda\/el-cx-01-dran-brave-s6-60v\/#primaryimage\"},\"thumbnailUrl\":\"https:\/\/rucua.com\/wp-content\/uploads\/2025\/03\/71.png\",\"datePublished\":\"2025-03-12T02:29:34+00:00\",\"dateModified\":\"2026-03-01T01:29:46+00:00\",\"breadcrumb\":{\"@id\":\"https:\/\/rucua.com\/tienda\/el-cx-01-dran-brave-s6-60v\/#breadcrumb\"},\"inLanguage\":\"es\",\"potentialAction\":[{\"@type\":\"ReadAction\",\"target\":[\"https:\/\/rucua.com\/tienda\/el-cx-01-dran-brave-s6-60v\/\"]}]},{\"@type\":\"ImageObject\",\"inLanguage\":\"es\",\"@id\":\"https:\/\/rucua.com\/tienda\/el-cx-01-dran-brave-s6-60v\/#primaryimage\",\"url\":\"https:\/\/rucua.com\/wp-content\/uploads\/2025\/03\/71.png\",\"contentUrl\":\"https:\/\/rucua.com\/wp-content\/uploads\/2025\/03\/71.png\",\"width\":1000,\"height\":1000},{\"@type\":\"BreadcrumbList\",\"@id\":\"https:\/\/rucua.com\/tienda\/el-cx-01-dran-brave-s6-60v\/#breadcrumb\",\"itemListElement\":[{\"@type\":\"ListItem\",\"position\":1,\"name\":\"Inicio\",\"item\":\"https:\/\/rucua.com\/\"},{\"@type\":\"ListItem\",\"position\":2,\"name\":\"Tienda\",\"item\":\"https:\/\/rucua.com\/tienda\/\"},{\"@type\":\"ListItem\",\"position\":3,\"name\":\"CX-01 Starter Dran Brave S6-60V\"}]},{\"@type\":\"WebSite\",\"@id\":\"https:\/\/rucua.com\/ja\/#website\",\"url\":\"https:\/\/rucua.com\/ja\/\",\"name\":\"Rucua\",\"description\":\"\",\"potentialAction\":[{\"@type\":\"SearchAction\",\"target\":{\"@type\":\"EntryPoint\",\"urlTemplate\":\"https:\/\/rucua.com\/ja\/?s={search_term_string}\"},\"query-input\":{\"@type\":\"PropertyValueSpecification\",\"valueRequired\":true,\"valueName\":\"search_term_string\"}}],\"inLanguage\":\"es\"}]}<\/script>\n<meta property=\"product:price:amount\" content=\"599.00\" \/>\n<meta property=\"product:price:currency\" content=\"MXN\" \/>\n<meta property=\"og:availability\" content=\"instock\" \/>\n<meta property=\"product:availability\" content=\"instock\" \/>\n<meta property=\"product:condition\" content=\"new\" \/>\n<!-- \/ Yoast SEO Premium plugin. -->","yoast_head_json":{"title":"CX-01 Starter Dran Brave S6-60V - Rucua","robots":{"index":"index","follow":"follow","max-snippet":"max-snippet:-1","max-image-preview":"max-image-preview:large","max-video-preview":"max-video-preview:-1"},"canonical":"https:\/\/rucua.com\/es_mx\/tienda\/el-cx-01-dran-brave-s6-60v\/?wmc-currency=MXN","og_locale":"es_MX","og_type":"article","og_title":"CX-01 Starter Dran Brave S6-60V","og_description":"El\u00a0CX-01 Dran Brave S6-60V\u00a0es un Beyblade de tipo balanceado, dise\u00f1ado para bladers que buscan versatilidad en la pista. Con su sistema\u00a0S6-60V, combina velocidad y estabilidad, permitiendo ataques r\u00e1pidos y defensas s\u00f3lidas. Su dise\u00f1o din\u00e1mico y componentes de alta calidad lo convierten en una opci\u00f3n confiable para bladers de todos los niveles. Producto 100% original japon\u00e9s [&hellip;]","og_url":"https:\/\/rucua.com\/es_mx\/tienda\/el-cx-01-dran-brave-s6-60v\/?wmc-currency=MXN","og_site_name":"Rucua","article_modified_time":"2026-03-01T01:29:46+00:00","og_image":[{"width":1000,"height":1000,"url":"http:\/\/rucua.com\/wp-content\/uploads\/2025\/03\/71.png","type":"image\/png"}],"twitter_card":"summary_large_image","twitter_misc":{"Precio":"599.00 MXN","Disponibilidad":"Disponible"},"schema":{"@context":"https:\/\/schema.org","@graph":[{"@type":"WebPage","@id":"https:\/\/rucua.com\/tienda\/el-cx-01-dran-brave-s6-60v\/","url":"https:\/\/rucua.com\/tienda\/el-cx-01-dran-brave-s6-60v\/","name":"CX-01 Starter Dran Brave S6-60V - Rucua","isPartOf":{"@id":"https:\/\/rucua.com\/ja\/#website"},"primaryImageOfPage":{"@id":"https:\/\/rucua.com\/tienda\/el-cx-01-dran-brave-s6-60v\/#primaryimage"},"image":{"@id":"https:\/\/rucua.com\/tienda\/el-cx-01-dran-brave-s6-60v\/#primaryimage"},"thumbnailUrl":"https:\/\/rucua.com\/wp-content\/uploads\/2025\/03\/71.png","datePublished":"2025-03-12T02:29:34+00:00","dateModified":"2026-03-01T01:29:46+00:00","breadcrumb":{"@id":"https:\/\/rucua.com\/tienda\/el-cx-01-dran-brave-s6-60v\/#breadcrumb"},"inLanguage":"es","potentialAction":[{"@type":"ReadAction","target":["https:\/\/rucua.com\/tienda\/el-cx-01-dran-brave-s6-60v\/"]}]},{"@type":"ImageObject","inLanguage":"es","@id":"https:\/\/rucua.com\/tienda\/el-cx-01-dran-brave-s6-60v\/#primaryimage","url":"https:\/\/rucua.com\/wp-content\/uploads\/2025\/03\/71.png","contentUrl":"https:\/\/rucua.com\/wp-content\/uploads\/2025\/03\/71.png","width":1000,"height":1000},{"@type":"BreadcrumbList","@id":"https:\/\/rucua.com\/tienda\/el-cx-01-dran-brave-s6-60v\/#breadcrumb","itemListElement":[{"@type":"ListItem","position":1,"name":"Inicio","item":"https:\/\/rucua.com\/"},{"@type":"ListItem","position":2,"name":"Tienda","item":"https:\/\/rucua.com\/tienda\/"},{"@type":"ListItem","position":3,"name":"CX-01 Starter Dran Brave S6-60V"}]},{"@type":"WebSite","@id":"https:\/\/rucua.com\/ja\/#website","url":"https:\/\/rucua.com\/ja\/","name":"Rucua","description":"","potentialAction":[{"@type":"SearchAction","target":{"@type":"EntryPoint","urlTemplate":"https:\/\/rucua.com\/ja\/?s={search_term_string}"},"query-input":{"@type":"PropertyValueSpecification","valueRequired":true,"valueName":"search_term_string"}}],"inLanguage":"es"}]},"product_price_amount":"599.00","product_price_currency":"MXN","og_availability":"instock","product_availability":"instock","product_condition":"new"},"_links":{"self":[{"href":"https:\/\/rucua.com\/es_mx\/wp-json\/wp\/v2\/product\/22305","targetHints":{"allow":["GET"]}}],"collection":[{"href":"https:\/\/rucua.com\/es_mx\/wp-json\/wp\/v2\/product"}],"about":[{"href":"https:\/\/rucua.com\/es_mx\/wp-json\/wp\/v2\/types\/product"}],"replies":[{"embeddable":true,"href":"https:\/\/rucua.com\/es_mx\/wp-json\/wp\/v2\/comments?post=22305"}],"wp:featuredmedia":[{"embeddable":true,"href":"https:\/\/rucua.com\/es_mx\/wp-json\/wp\/v2\/media\/22306"}],"wp:attachment":[{"href":"https:\/\/rucua.com\/es_mx\/wp-json\/wp\/v2\/media?parent=22305"}],"wp:term":[{"taxonomy":"product_brand","embeddable":true,"href":"https:\/\/rucua.com\/es_mx\/wp-json\/wp\/v2\/product_brand?post=22305"},{"taxonomy":"product_cat","embeddable":true,"href":"https:\/\/rucua.com\/es_mx\/wp-json\/wp\/v2\/product_cat?post=22305"},{"taxonomy":"product_tag","embeddable":true,"href":"https:\/\/rucua.com\/es_mx\/wp-json\/wp\/v2\/product_tag?post=22305"}],"curies":[{"name":"wp","href":"https:\/\/api.w.org\/{rel}","templated":true}]}}