{"id":21271,"date":"2024-11-29T18:22:52","date_gmt":"2024-11-29T18:22:52","guid":{"rendered":"https:\/\/manuelrodarte.com\/rucua\/nueva\/product\/bx-34-starter-cobalt-dragoon-2-60c\/"},"modified":"2026-03-01T01:35:04","modified_gmt":"2026-03-01T01:35:04","slug":"bx-34-starter-cobalt-dragoon-2-60c","status":"publish","type":"product","link":"https:\/\/rucua.com\/es_mx\/tienda\/bx-34-starter-cobalt-dragoon-2-60c\/","title":{"rendered":"BX-34 Starter Cobalt Dragoon 2-60C"},"content":{"rendered":"<p>El\u00a0<strong>Cobalt Dragoon 2-60C<\/strong>\u00a0es un Beyblade\u00a0<strong>ideal para principiantes<\/strong>\u00a0que buscan un rendimiento equilibrado entre ataque y defensa. Con su sistema\u00a0<strong>2-60C<\/strong>\u00a0y el\u00a0<strong>Bit Cyclone (C)<\/strong>, este modelo ofrece giros r\u00e1pidos, estabilidad en la pista y la versatilidad necesaria para aprender estrategias b\u00e1sicas. Su dise\u00f1o aerodin\u00e1mico inspirado en un drag\u00f3n y su acabado azul met\u00e1lico lo convierten en una pieza llamativa y funcional.<\/p>\n<p><strong data-start=\"1548\" data-end=\"1596\">Producto 100% original japon\u00e9s (Takara Tomy)<\/strong> \u2013 Calidad premium, dise\u00f1o exclusivo, rendimiento real.<\/p>\n<p><strong>Detalles del producto: <\/strong>Hoja\u00a0(Blade)\u00a0(1), Trinquete (Ratchet)\u00a0(1), Punta (Bit)\u00a0(1), Lanzador de cuerda, (String launcher)\u00a0(1), Manual de instrucciones (Instruction manual) (1)<\/p>\n","protected":false},"excerpt":{"rendered":"<p>El\u00a0Cobalt Dragoon 2-60C\u00a0es un Beyblade\u00a0ideal para principiantes\u00a0que buscan un rendimiento equilibrado entre ataque y defensa. Con su sistema\u00a02-60C\u00a0y el\u00a0Bit Cyclone (C), este modelo ofrece giros r\u00e1pidos, estabilidad en la pista y la versatilidad necesaria para aprender estrategias b\u00e1sicas. Su dise\u00f1o aerodin\u00e1mico inspirado en un drag\u00f3n y su acabado azul met\u00e1lico lo convierten en una pieza [&hellip;]<\/p>\n","protected":false},"featured_media":23029,"comment_status":"open","ping_status":"closed","template":"","meta":[],"product_brand":[],"product_cat":[418],"product_tag":[],"class_list":{"0":"post-21271","1":"product","2":"type-product","3":"status-publish","4":"has-post-thumbnail","6":"product_cat-starter-set","8":"first","9":"instock","10":"shipping-taxable","11":"purchasable","12":"product-type-simple"},"yoast_head":"<!-- This site is optimized with the Yoast SEO Premium plugin v26.4 (Yoast SEO v26.4) - https:\/\/yoast.com\/wordpress\/plugins\/seo\/ -->\n<title>BX-34 Starter Cobalt Dragoon 2-60C - Rucua<\/title>\n<meta name=\"robots\" content=\"index, follow, max-snippet:-1, max-image-preview:large, max-video-preview:-1\" \/>\n<link rel=\"canonical\" href=\"https:\/\/rucua.com\/es_mx\/tienda\/bx-34-starter-cobalt-dragoon-2-60c\/?wmc-currency=MXN\" \/>\n<meta property=\"og:locale\" content=\"es_MX\" \/>\n<meta property=\"og:type\" content=\"article\" \/>\n<meta property=\"og:title\" content=\"BX-34 Starter Cobalt Dragoon 2-60C\" \/>\n<meta property=\"og:description\" content=\"El\u00a0Cobalt Dragoon 2-60C\u00a0es un Beyblade\u00a0ideal para principiantes\u00a0que buscan un rendimiento equilibrado entre ataque y defensa. Con su sistema\u00a02-60C\u00a0y el\u00a0Bit Cyclone (C), este modelo ofrece giros r\u00e1pidos, estabilidad en la pista y la versatilidad necesaria para aprender estrategias b\u00e1sicas. Su dise\u00f1o aerodin\u00e1mico inspirado en un drag\u00f3n y su acabado azul met\u00e1lico lo convierten en una pieza [&hellip;]\" \/>\n<meta property=\"og:url\" content=\"https:\/\/rucua.com\/es_mx\/tienda\/bx-34-starter-cobalt-dragoon-2-60c\/?wmc-currency=MXN\" \/>\n<meta property=\"og:site_name\" content=\"Rucua\" \/>\n<meta property=\"article:modified_time\" content=\"2026-03-01T01:35:04+00:00\" \/>\n<meta property=\"og:image\" content=\"http:\/\/rucua.com\/wp-content\/uploads\/2024\/11\/46-4-1024x1024.png\" \/>\n\t<meta property=\"og:image:width\" content=\"1024\" \/>\n\t<meta property=\"og:image:height\" content=\"1024\" \/>\n\t<meta property=\"og:image:type\" content=\"image\/png\" \/>\n<meta name=\"twitter:card\" content=\"summary_large_image\" \/>\n<meta name=\"twitter:label1\" content=\"Precio\" \/>\n\t<meta name=\"twitter:data1\" content=\"699.00 MXN\" \/>\n\t<meta name=\"twitter:label2\" content=\"Disponibilidad\" \/>\n\t<meta name=\"twitter:data2\" content=\"Disponible\" \/>\n<script type=\"application\/ld+json\" class=\"yoast-schema-graph\">{\"@context\":\"https:\/\/schema.org\",\"@graph\":[{\"@type\":\"WebPage\",\"@id\":\"https:\/\/rucua.com\/tienda\/bx-34-starter-cobalt-dragoon-2-60c\/\",\"url\":\"https:\/\/rucua.com\/tienda\/bx-34-starter-cobalt-dragoon-2-60c\/\",\"name\":\"BX-34 Starter Cobalt Dragoon 2-60C - Rucua\",\"isPartOf\":{\"@id\":\"https:\/\/rucua.com\/ja\/#website\"},\"primaryImageOfPage\":{\"@id\":\"https:\/\/rucua.com\/tienda\/bx-34-starter-cobalt-dragoon-2-60c\/#primaryimage\"},\"image\":{\"@id\":\"https:\/\/rucua.com\/tienda\/bx-34-starter-cobalt-dragoon-2-60c\/#primaryimage\"},\"thumbnailUrl\":\"https:\/\/rucua.com\/wp-content\/uploads\/2024\/11\/46-4.png\",\"datePublished\":\"2024-11-29T18:22:52+00:00\",\"dateModified\":\"2026-03-01T01:35:04+00:00\",\"breadcrumb\":{\"@id\":\"https:\/\/rucua.com\/tienda\/bx-34-starter-cobalt-dragoon-2-60c\/#breadcrumb\"},\"inLanguage\":\"es\",\"potentialAction\":[{\"@type\":\"ReadAction\",\"target\":[\"https:\/\/rucua.com\/tienda\/bx-34-starter-cobalt-dragoon-2-60c\/\"]}]},{\"@type\":\"ImageObject\",\"inLanguage\":\"es\",\"@id\":\"https:\/\/rucua.com\/tienda\/bx-34-starter-cobalt-dragoon-2-60c\/#primaryimage\",\"url\":\"https:\/\/rucua.com\/wp-content\/uploads\/2024\/11\/46-4.png\",\"contentUrl\":\"https:\/\/rucua.com\/wp-content\/uploads\/2024\/11\/46-4.png\",\"width\":2000,\"height\":2000},{\"@type\":\"BreadcrumbList\",\"@id\":\"https:\/\/rucua.com\/tienda\/bx-34-starter-cobalt-dragoon-2-60c\/#breadcrumb\",\"itemListElement\":[{\"@type\":\"ListItem\",\"position\":1,\"name\":\"Inicio\",\"item\":\"https:\/\/rucua.com\/\"},{\"@type\":\"ListItem\",\"position\":2,\"name\":\"Tienda\",\"item\":\"https:\/\/rucua.com\/tienda\/\"},{\"@type\":\"ListItem\",\"position\":3,\"name\":\"BX-34 Starter Cobalt Dragoon 2-60C\"}]},{\"@type\":\"WebSite\",\"@id\":\"https:\/\/rucua.com\/ja\/#website\",\"url\":\"https:\/\/rucua.com\/ja\/\",\"name\":\"Rucua\",\"description\":\"\",\"potentialAction\":[{\"@type\":\"SearchAction\",\"target\":{\"@type\":\"EntryPoint\",\"urlTemplate\":\"https:\/\/rucua.com\/ja\/?s={search_term_string}\"},\"query-input\":{\"@type\":\"PropertyValueSpecification\",\"valueRequired\":true,\"valueName\":\"search_term_string\"}}],\"inLanguage\":\"es\"}]}<\/script>\n<meta property=\"product:price:amount\" content=\"699.00\" \/>\n<meta property=\"product:price:currency\" content=\"MXN\" \/>\n<meta property=\"og:availability\" content=\"instock\" \/>\n<meta property=\"product:availability\" content=\"instock\" \/>\n<meta property=\"product:condition\" content=\"new\" \/>\n<!-- \/ Yoast SEO Premium plugin. -->","yoast_head_json":{"title":"BX-34 Starter Cobalt Dragoon 2-60C - Rucua","robots":{"index":"index","follow":"follow","max-snippet":"max-snippet:-1","max-image-preview":"max-image-preview:large","max-video-preview":"max-video-preview:-1"},"canonical":"https:\/\/rucua.com\/es_mx\/tienda\/bx-34-starter-cobalt-dragoon-2-60c\/?wmc-currency=MXN","og_locale":"es_MX","og_type":"article","og_title":"BX-34 Starter Cobalt Dragoon 2-60C","og_description":"El\u00a0Cobalt Dragoon 2-60C\u00a0es un Beyblade\u00a0ideal para principiantes\u00a0que buscan un rendimiento equilibrado entre ataque y defensa. Con su sistema\u00a02-60C\u00a0y el\u00a0Bit Cyclone (C), este modelo ofrece giros r\u00e1pidos, estabilidad en la pista y la versatilidad necesaria para aprender estrategias b\u00e1sicas. Su dise\u00f1o aerodin\u00e1mico inspirado en un drag\u00f3n y su acabado azul met\u00e1lico lo convierten en una pieza [&hellip;]","og_url":"https:\/\/rucua.com\/es_mx\/tienda\/bx-34-starter-cobalt-dragoon-2-60c\/?wmc-currency=MXN","og_site_name":"Rucua","article_modified_time":"2026-03-01T01:35:04+00:00","og_image":[{"width":1024,"height":1024,"url":"http:\/\/rucua.com\/wp-content\/uploads\/2024\/11\/46-4-1024x1024.png","type":"image\/png"}],"twitter_card":"summary_large_image","twitter_misc":{"Precio":"699.00 MXN","Disponibilidad":"Disponible"},"schema":{"@context":"https:\/\/schema.org","@graph":[{"@type":"WebPage","@id":"https:\/\/rucua.com\/tienda\/bx-34-starter-cobalt-dragoon-2-60c\/","url":"https:\/\/rucua.com\/tienda\/bx-34-starter-cobalt-dragoon-2-60c\/","name":"BX-34 Starter Cobalt Dragoon 2-60C - Rucua","isPartOf":{"@id":"https:\/\/rucua.com\/ja\/#website"},"primaryImageOfPage":{"@id":"https:\/\/rucua.com\/tienda\/bx-34-starter-cobalt-dragoon-2-60c\/#primaryimage"},"image":{"@id":"https:\/\/rucua.com\/tienda\/bx-34-starter-cobalt-dragoon-2-60c\/#primaryimage"},"thumbnailUrl":"https:\/\/rucua.com\/wp-content\/uploads\/2024\/11\/46-4.png","datePublished":"2024-11-29T18:22:52+00:00","dateModified":"2026-03-01T01:35:04+00:00","breadcrumb":{"@id":"https:\/\/rucua.com\/tienda\/bx-34-starter-cobalt-dragoon-2-60c\/#breadcrumb"},"inLanguage":"es","potentialAction":[{"@type":"ReadAction","target":["https:\/\/rucua.com\/tienda\/bx-34-starter-cobalt-dragoon-2-60c\/"]}]},{"@type":"ImageObject","inLanguage":"es","@id":"https:\/\/rucua.com\/tienda\/bx-34-starter-cobalt-dragoon-2-60c\/#primaryimage","url":"https:\/\/rucua.com\/wp-content\/uploads\/2024\/11\/46-4.png","contentUrl":"https:\/\/rucua.com\/wp-content\/uploads\/2024\/11\/46-4.png","width":2000,"height":2000},{"@type":"BreadcrumbList","@id":"https:\/\/rucua.com\/tienda\/bx-34-starter-cobalt-dragoon-2-60c\/#breadcrumb","itemListElement":[{"@type":"ListItem","position":1,"name":"Inicio","item":"https:\/\/rucua.com\/"},{"@type":"ListItem","position":2,"name":"Tienda","item":"https:\/\/rucua.com\/tienda\/"},{"@type":"ListItem","position":3,"name":"BX-34 Starter Cobalt Dragoon 2-60C"}]},{"@type":"WebSite","@id":"https:\/\/rucua.com\/ja\/#website","url":"https:\/\/rucua.com\/ja\/","name":"Rucua","description":"","potentialAction":[{"@type":"SearchAction","target":{"@type":"EntryPoint","urlTemplate":"https:\/\/rucua.com\/ja\/?s={search_term_string}"},"query-input":{"@type":"PropertyValueSpecification","valueRequired":true,"valueName":"search_term_string"}}],"inLanguage":"es"}]},"product_price_amount":"699.00","product_price_currency":"MXN","og_availability":"instock","product_availability":"instock","product_condition":"new"},"_links":{"self":[{"href":"https:\/\/rucua.com\/es_mx\/wp-json\/wp\/v2\/product\/21271","targetHints":{"allow":["GET"]}}],"collection":[{"href":"https:\/\/rucua.com\/es_mx\/wp-json\/wp\/v2\/product"}],"about":[{"href":"https:\/\/rucua.com\/es_mx\/wp-json\/wp\/v2\/types\/product"}],"replies":[{"embeddable":true,"href":"https:\/\/rucua.com\/es_mx\/wp-json\/wp\/v2\/comments?post=21271"}],"wp:featuredmedia":[{"embeddable":true,"href":"https:\/\/rucua.com\/es_mx\/wp-json\/wp\/v2\/media\/23029"}],"wp:attachment":[{"href":"https:\/\/rucua.com\/es_mx\/wp-json\/wp\/v2\/media?parent=21271"}],"wp:term":[{"taxonomy":"product_brand","embeddable":true,"href":"https:\/\/rucua.com\/es_mx\/wp-json\/wp\/v2\/product_brand?post=21271"},{"taxonomy":"product_cat","embeddable":true,"href":"https:\/\/rucua.com\/es_mx\/wp-json\/wp\/v2\/product_cat?post=21271"},{"taxonomy":"product_tag","embeddable":true,"href":"https:\/\/rucua.com\/es_mx\/wp-json\/wp\/v2\/product_tag?post=21271"}],"curies":[{"name":"wp","href":"https:\/\/api.w.org\/{rel}","templated":true}]}}