{"id":21208,"date":"2024-11-28T02:28:51","date_gmt":"2024-11-28T02:28:51","guid":{"rendered":"https:\/\/manuelrodarte.com\/rucua\/nueva\/product\/ux-03-booster-wizard-rod-5-70db\/"},"modified":"2025-05-19T19:09:44","modified_gmt":"2025-05-19T19:09:44","slug":"ux-03-booster-wizard-rod-5-70db","status":"publish","type":"product","link":"https:\/\/rucua.com\/es_mx\/tienda\/ux-03-booster-wizard-rod-5-70db\/","title":{"rendered":"UX-03 Booster Wizard Rod 5-70DB"},"content":{"rendered":"<p>El\u00a0<strong>UX-03 Wizard Rod 5-70DB<\/strong>\u00a0es un Beyblade de\u00a0<strong>tipo balanceado<\/strong>\u00a0y\u00a0<strong>giro derecho<\/strong>, dise\u00f1ado para bladers que buscan versatilidad t\u00e1ctica. Su sistema\u00a0<strong>5-70DB<\/strong>\u00a0combina el\u00a0<strong>Disco Ball<\/strong>\u00a0(DB), una pieza \u00fanica que alterna entre movimientos fluidos y ataques repentinos, con la capa\u00a0<strong>Wizard Rod<\/strong>\u00a0de dise\u00f1o aerodin\u00e1mico. Ideal para quienes dominan estrategias din\u00e1micas.<\/p>\n<p class=\"p1\"><b>Producto 100% original japon\u00e9s (Takara Tomy)<\/b> \u2013 Calidad premium, dise\u00f1o exclusivo, rendimiento real.<\/p>\n<p class=\"p1\"><b>Detalles del producto:<\/b> Hoja (Blade) (1), Trinquete (Ratchet) (1), Punta (Bit) (1, ), Manual de instrucciones (Instruction manual) (1).<\/p>\n","protected":false},"excerpt":{"rendered":"<p>El\u00a0UX-03 Wizard Rod 5-70DB\u00a0es un Beyblade de\u00a0tipo balanceado\u00a0y\u00a0giro derecho, dise\u00f1ado para bladers que buscan versatilidad t\u00e1ctica. Su sistema\u00a05-70DB\u00a0combina el\u00a0Disco Ball\u00a0(DB), una pieza \u00fanica que alterna entre movimientos fluidos y ataques repentinos, con la capa\u00a0Wizard Rod\u00a0de dise\u00f1o aerodin\u00e1mico. Ideal para quienes dominan estrategias din\u00e1micas. Producto 100% original japon\u00e9s (Takara Tomy) \u2013 Calidad premium, dise\u00f1o exclusivo, rendimiento [&hellip;]<\/p>\n","protected":false},"featured_media":22638,"comment_status":"open","ping_status":"closed","template":"","meta":[],"product_brand":[],"product_cat":[419],"product_tag":[],"class_list":{"0":"post-21208","1":"product","2":"type-product","3":"status-publish","4":"has-post-thumbnail","6":"product_cat-boosters-y-sets","8":"first","9":"outofstock","10":"shipping-taxable","11":"purchasable","12":"product-type-simple"},"yoast_head":"<!-- This site is optimized with the Yoast SEO Premium plugin v26.4 (Yoast SEO v26.4) - https:\/\/yoast.com\/wordpress\/plugins\/seo\/ -->\n<title>UX-03 Booster Wizard Rod 5-70DB - Rucua<\/title>\n<meta name=\"robots\" content=\"index, follow, max-snippet:-1, max-image-preview:large, max-video-preview:-1\" \/>\n<link rel=\"canonical\" href=\"https:\/\/rucua.com\/es_mx\/tienda\/ux-03-booster-wizard-rod-5-70db\/?wmc-currency=MXN\" \/>\n<meta property=\"og:locale\" content=\"es_MX\" \/>\n<meta property=\"og:type\" content=\"article\" \/>\n<meta property=\"og:title\" content=\"UX-03 Booster Wizard Rod 5-70DB\" \/>\n<meta property=\"og:description\" content=\"El\u00a0UX-03 Wizard Rod 5-70DB\u00a0es un Beyblade de\u00a0tipo balanceado\u00a0y\u00a0giro derecho, dise\u00f1ado para bladers que buscan versatilidad t\u00e1ctica. Su sistema\u00a05-70DB\u00a0combina el\u00a0Disco Ball\u00a0(DB), una pieza \u00fanica que alterna entre movimientos fluidos y ataques repentinos, con la capa\u00a0Wizard Rod\u00a0de dise\u00f1o aerodin\u00e1mico. Ideal para quienes dominan estrategias din\u00e1micas. Producto 100% original japon\u00e9s (Takara Tomy) \u2013 Calidad premium, dise\u00f1o exclusivo, rendimiento [&hellip;]\" \/>\n<meta property=\"og:url\" content=\"https:\/\/rucua.com\/es_mx\/tienda\/ux-03-booster-wizard-rod-5-70db\/?wmc-currency=MXN\" \/>\n<meta property=\"og:site_name\" content=\"Rucua\" \/>\n<meta property=\"article:modified_time\" content=\"2025-05-19T19:09:44+00:00\" \/>\n<meta property=\"og:image\" content=\"https:\/\/rucua.com\/wp-content\/uploads\/2024\/11\/41-2.png\" \/>\n\t<meta property=\"og:image:width\" content=\"2000\" \/>\n\t<meta property=\"og:image:height\" content=\"2000\" \/>\n\t<meta property=\"og:image:type\" content=\"image\/png\" \/>\n<meta name=\"twitter:card\" content=\"summary_large_image\" \/>\n<meta name=\"twitter:label1\" content=\"Precio\" \/>\n\t<meta name=\"twitter:data1\" content=\"449.00 MXN\" \/>\n\t<meta name=\"twitter:label2\" content=\"Disponibilidad\" \/>\n\t<meta name=\"twitter:data2\" content=\"Sin existencias\" \/>\n<script type=\"application\/ld+json\" class=\"yoast-schema-graph\">{\"@context\":\"https:\/\/schema.org\",\"@graph\":[{\"@type\":\"WebPage\",\"@id\":\"https:\/\/rucua.com\/en_uss\/tienda\/ux-03-booster-wizard-rod-5-70db\/\",\"url\":\"https:\/\/rucua.com\/en_uss\/tienda\/ux-03-booster-wizard-rod-5-70db\/\",\"name\":\"UX-03 Booster Wizard Rod 5-70DB - Rucua\",\"isPartOf\":{\"@id\":\"https:\/\/rucua.com\/ja\/#website\"},\"primaryImageOfPage\":{\"@id\":\"https:\/\/rucua.com\/en_uss\/tienda\/ux-03-booster-wizard-rod-5-70db\/#primaryimage\"},\"image\":{\"@id\":\"https:\/\/rucua.com\/en_uss\/tienda\/ux-03-booster-wizard-rod-5-70db\/#primaryimage\"},\"thumbnailUrl\":\"https:\/\/rucua.com\/wp-content\/uploads\/2024\/11\/41-2.png\",\"datePublished\":\"2024-11-28T02:28:51+00:00\",\"dateModified\":\"2025-05-19T19:09:44+00:00\",\"breadcrumb\":{\"@id\":\"https:\/\/rucua.com\/en_uss\/tienda\/ux-03-booster-wizard-rod-5-70db\/#breadcrumb\"},\"inLanguage\":\"es\",\"potentialAction\":[{\"@type\":\"ReadAction\",\"target\":[\"https:\/\/rucua.com\/en_uss\/tienda\/ux-03-booster-wizard-rod-5-70db\/\"]}]},{\"@type\":\"ImageObject\",\"inLanguage\":\"es\",\"@id\":\"https:\/\/rucua.com\/en_uss\/tienda\/ux-03-booster-wizard-rod-5-70db\/#primaryimage\",\"url\":\"https:\/\/rucua.com\/wp-content\/uploads\/2024\/11\/41-2.png\",\"contentUrl\":\"https:\/\/rucua.com\/wp-content\/uploads\/2024\/11\/41-2.png\",\"width\":2000,\"height\":2000},{\"@type\":\"BreadcrumbList\",\"@id\":\"https:\/\/rucua.com\/en_uss\/tienda\/ux-03-booster-wizard-rod-5-70db\/#breadcrumb\",\"itemListElement\":[{\"@type\":\"ListItem\",\"position\":1,\"name\":\"Inicio\",\"item\":\"https:\/\/rucua.com\/\"},{\"@type\":\"ListItem\",\"position\":2,\"name\":\"Tienda\",\"item\":\"https:\/\/rucua.com\/tienda\/\"},{\"@type\":\"ListItem\",\"position\":3,\"name\":\"UX-03 Booster Wizard Rod 5-70DB\"}]},{\"@type\":\"WebSite\",\"@id\":\"https:\/\/rucua.com\/ja\/#website\",\"url\":\"https:\/\/rucua.com\/ja\/\",\"name\":\"Rucua\",\"description\":\"\",\"potentialAction\":[{\"@type\":\"SearchAction\",\"target\":{\"@type\":\"EntryPoint\",\"urlTemplate\":\"https:\/\/rucua.com\/ja\/?s={search_term_string}\"},\"query-input\":{\"@type\":\"PropertyValueSpecification\",\"valueRequired\":true,\"valueName\":\"search_term_string\"}}],\"inLanguage\":\"es\"}]}<\/script>\n<meta property=\"product:price:amount\" content=\"449.00\" \/>\n<meta property=\"product:price:currency\" content=\"MXN\" \/>\n<meta property=\"og:availability\" content=\"out of stock\" \/>\n<meta property=\"product:availability\" content=\"out of stock\" \/>\n<meta property=\"product:condition\" content=\"new\" \/>\n<!-- \/ Yoast SEO Premium plugin. -->","yoast_head_json":{"title":"UX-03 Booster Wizard Rod 5-70DB - Rucua","robots":{"index":"index","follow":"follow","max-snippet":"max-snippet:-1","max-image-preview":"max-image-preview:large","max-video-preview":"max-video-preview:-1"},"canonical":"https:\/\/rucua.com\/es_mx\/tienda\/ux-03-booster-wizard-rod-5-70db\/?wmc-currency=MXN","og_locale":"es_MX","og_type":"article","og_title":"UX-03 Booster Wizard Rod 5-70DB","og_description":"El\u00a0UX-03 Wizard Rod 5-70DB\u00a0es un Beyblade de\u00a0tipo balanceado\u00a0y\u00a0giro derecho, dise\u00f1ado para bladers que buscan versatilidad t\u00e1ctica. Su sistema\u00a05-70DB\u00a0combina el\u00a0Disco Ball\u00a0(DB), una pieza \u00fanica que alterna entre movimientos fluidos y ataques repentinos, con la capa\u00a0Wizard Rod\u00a0de dise\u00f1o aerodin\u00e1mico. Ideal para quienes dominan estrategias din\u00e1micas. Producto 100% original japon\u00e9s (Takara Tomy) \u2013 Calidad premium, dise\u00f1o exclusivo, rendimiento [&hellip;]","og_url":"https:\/\/rucua.com\/es_mx\/tienda\/ux-03-booster-wizard-rod-5-70db\/?wmc-currency=MXN","og_site_name":"Rucua","article_modified_time":"2025-05-19T19:09:44+00:00","og_image":[{"width":2000,"height":2000,"url":"https:\/\/rucua.com\/wp-content\/uploads\/2024\/11\/41-2.png","type":"image\/png"}],"twitter_card":"summary_large_image","twitter_misc":{"Precio":"449.00 MXN","Disponibilidad":"Sin existencias"},"schema":{"@context":"https:\/\/schema.org","@graph":[{"@type":"WebPage","@id":"https:\/\/rucua.com\/en_uss\/tienda\/ux-03-booster-wizard-rod-5-70db\/","url":"https:\/\/rucua.com\/en_uss\/tienda\/ux-03-booster-wizard-rod-5-70db\/","name":"UX-03 Booster Wizard Rod 5-70DB - Rucua","isPartOf":{"@id":"https:\/\/rucua.com\/ja\/#website"},"primaryImageOfPage":{"@id":"https:\/\/rucua.com\/en_uss\/tienda\/ux-03-booster-wizard-rod-5-70db\/#primaryimage"},"image":{"@id":"https:\/\/rucua.com\/en_uss\/tienda\/ux-03-booster-wizard-rod-5-70db\/#primaryimage"},"thumbnailUrl":"https:\/\/rucua.com\/wp-content\/uploads\/2024\/11\/41-2.png","datePublished":"2024-11-28T02:28:51+00:00","dateModified":"2025-05-19T19:09:44+00:00","breadcrumb":{"@id":"https:\/\/rucua.com\/en_uss\/tienda\/ux-03-booster-wizard-rod-5-70db\/#breadcrumb"},"inLanguage":"es","potentialAction":[{"@type":"ReadAction","target":["https:\/\/rucua.com\/en_uss\/tienda\/ux-03-booster-wizard-rod-5-70db\/"]}]},{"@type":"ImageObject","inLanguage":"es","@id":"https:\/\/rucua.com\/en_uss\/tienda\/ux-03-booster-wizard-rod-5-70db\/#primaryimage","url":"https:\/\/rucua.com\/wp-content\/uploads\/2024\/11\/41-2.png","contentUrl":"https:\/\/rucua.com\/wp-content\/uploads\/2024\/11\/41-2.png","width":2000,"height":2000},{"@type":"BreadcrumbList","@id":"https:\/\/rucua.com\/en_uss\/tienda\/ux-03-booster-wizard-rod-5-70db\/#breadcrumb","itemListElement":[{"@type":"ListItem","position":1,"name":"Inicio","item":"https:\/\/rucua.com\/"},{"@type":"ListItem","position":2,"name":"Tienda","item":"https:\/\/rucua.com\/tienda\/"},{"@type":"ListItem","position":3,"name":"UX-03 Booster Wizard Rod 5-70DB"}]},{"@type":"WebSite","@id":"https:\/\/rucua.com\/ja\/#website","url":"https:\/\/rucua.com\/ja\/","name":"Rucua","description":"","potentialAction":[{"@type":"SearchAction","target":{"@type":"EntryPoint","urlTemplate":"https:\/\/rucua.com\/ja\/?s={search_term_string}"},"query-input":{"@type":"PropertyValueSpecification","valueRequired":true,"valueName":"search_term_string"}}],"inLanguage":"es"}]},"product_price_amount":"449.00","product_price_currency":"MXN","og_availability":"out of stock","product_availability":"out of stock","product_condition":"new"},"_links":{"self":[{"href":"https:\/\/rucua.com\/es_mx\/wp-json\/wp\/v2\/product\/21208","targetHints":{"allow":["GET"]}}],"collection":[{"href":"https:\/\/rucua.com\/es_mx\/wp-json\/wp\/v2\/product"}],"about":[{"href":"https:\/\/rucua.com\/es_mx\/wp-json\/wp\/v2\/types\/product"}],"replies":[{"embeddable":true,"href":"https:\/\/rucua.com\/es_mx\/wp-json\/wp\/v2\/comments?post=21208"}],"wp:featuredmedia":[{"embeddable":true,"href":"https:\/\/rucua.com\/es_mx\/wp-json\/wp\/v2\/media\/22638"}],"wp:attachment":[{"href":"https:\/\/rucua.com\/es_mx\/wp-json\/wp\/v2\/media?parent=21208"}],"wp:term":[{"taxonomy":"product_brand","embeddable":true,"href":"https:\/\/rucua.com\/es_mx\/wp-json\/wp\/v2\/product_brand?post=21208"},{"taxonomy":"product_cat","embeddable":true,"href":"https:\/\/rucua.com\/es_mx\/wp-json\/wp\/v2\/product_cat?post=21208"},{"taxonomy":"product_tag","embeddable":true,"href":"https:\/\/rucua.com\/es_mx\/wp-json\/wp\/v2\/product_tag?post=21208"}],"curies":[{"name":"wp","href":"https:\/\/api.w.org\/{rel}","templated":true}]}}