{"id":20991,"date":"2024-11-28T20:54:10","date_gmt":"2024-11-28T20:54:10","guid":{"rendered":"https:\/\/manuelrodarte.com\/rucua\/nueva\/product\/bx-07-start-dash-set\/"},"modified":"2026-01-16T19:54:07","modified_gmt":"2026-01-16T19:54:07","slug":"bx-07-start-dash-set","status":"publish","type":"product","link":"https:\/\/rucua.com\/es_mx\/tienda\/bx-07-start-dash-set\/","title":{"rendered":"BX-07 Start Dash Set"},"content":{"rendered":"<p>El\u00a0<strong>BX-07 Start Dash Set<\/strong>\u00a0es el kit perfecto para bladers que est\u00e1n comenzando en el mundo de Beyblade X. Este set incluye todo lo necesario para disfrutar de emocionantes batallas desde el primer momento, con Beyblades balanceados, un lanzador y un estadio b\u00e1sico. Ideal para principiantes, este set ofrece diversi\u00f3n y versatilidad, permitiendo a los bladers aprender y mejorar sus habilidades r\u00e1pidamente.<\/p>\n<p data-start=\"1545\" data-end=\"1651\"><strong data-start=\"1548\" data-end=\"1596\">Producto 100% original japon\u00e9s (Takara Tomy)<\/strong> \u2013 Calidad premium, dise\u00f1o exclusivo, rendimiento real.<\/p>\n<p class=\"p1\"><b>Detalles del producto:<\/b> Hoja (Blade) (1), Trinquete (Ratchet) (1), Punta (Bit) (1),\u00a0Lanzador de cuerda, (String launcher) (1), Cubierta (Cover) (1), Cuerpo principal\u00a0(Main body) (1), Sujetadores\u00a0(Fasteners) (4), Tarjeta Beycode (Beycode card) (1), Empu\u00f1adura de lanzador (Launcher grip) (1), Panel de empu\u00f1adura (Grip panel) (1), Manual de instrucciones (Instruction manual) (1).<\/p>\n","protected":false},"excerpt":{"rendered":"<p>El\u00a0BX-07 Start Dash Set\u00a0es el kit perfecto para bladers que est\u00e1n comenzando en el mundo de Beyblade X. Este set incluye todo lo necesario para disfrutar de emocionantes batallas desde el primer momento, con Beyblades balanceados, un lanzador y un estadio b\u00e1sico. Ideal para principiantes, este set ofrece diversi\u00f3n y versatilidad, permitiendo a los bladers [&hellip;]<\/p>\n","protected":false},"featured_media":22410,"comment_status":"open","ping_status":"closed","template":"","meta":[],"product_brand":[],"product_cat":[422],"product_tag":[],"class_list":{"0":"post-20991","1":"product","2":"type-product","3":"status-publish","4":"has-post-thumbnail","6":"product_cat-estadios-y-stands","7":"product_shipping_class-03-grande","9":"first","10":"instock","11":"shipping-taxable","12":"purchasable","13":"product-type-simple"},"yoast_head":"<!-- This site is optimized with the Yoast SEO Premium plugin v26.4 (Yoast SEO v26.4) - https:\/\/yoast.com\/wordpress\/plugins\/seo\/ -->\n<title>BX-07 Start Dash Set - Rucua<\/title>\n<meta name=\"robots\" content=\"index, follow, max-snippet:-1, max-image-preview:large, max-video-preview:-1\" \/>\n<link rel=\"canonical\" href=\"https:\/\/rucua.com\/es_mx\/tienda\/bx-07-start-dash-set\/?wmc-currency=MXN\" \/>\n<meta property=\"og:locale\" content=\"es_MX\" \/>\n<meta property=\"og:type\" content=\"article\" \/>\n<meta property=\"og:title\" content=\"BX-07 Start Dash Set\" \/>\n<meta property=\"og:description\" content=\"El\u00a0BX-07 Start Dash Set\u00a0es el kit perfecto para bladers que est\u00e1n comenzando en el mundo de Beyblade X. Este set incluye todo lo necesario para disfrutar de emocionantes batallas desde el primer momento, con Beyblades balanceados, un lanzador y un estadio b\u00e1sico. Ideal para principiantes, este set ofrece diversi\u00f3n y versatilidad, permitiendo a los bladers [&hellip;]\" \/>\n<meta property=\"og:url\" content=\"https:\/\/rucua.com\/es_mx\/tienda\/bx-07-start-dash-set\/?wmc-currency=MXN\" \/>\n<meta property=\"og:site_name\" content=\"Rucua\" \/>\n<meta property=\"article:modified_time\" content=\"2026-01-16T19:54:07+00:00\" \/>\n<meta property=\"og:image\" content=\"http:\/\/rucua.com\/wp-content\/uploads\/2024\/11\/3-1.png\" \/>\n\t<meta property=\"og:image:width\" content=\"2000\" \/>\n\t<meta property=\"og:image:height\" content=\"2000\" \/>\n\t<meta property=\"og:image:type\" content=\"image\/png\" \/>\n<meta name=\"twitter:card\" content=\"summary_large_image\" \/>\n<meta name=\"twitter:label1\" content=\"Precio\" \/>\n\t<meta name=\"twitter:data1\" content=\"3,199.00 MXN\" \/>\n\t<meta name=\"twitter:label2\" content=\"Disponibilidad\" \/>\n\t<meta name=\"twitter:data2\" content=\"Disponible\" \/>\n<script type=\"application\/ld+json\" class=\"yoast-schema-graph\">{\"@context\":\"https:\/\/schema.org\",\"@graph\":[{\"@type\":\"WebPage\",\"@id\":\"https:\/\/rucua.com\/tienda\/bx-07-start-dash-set\/\",\"url\":\"https:\/\/rucua.com\/tienda\/bx-07-start-dash-set\/\",\"name\":\"BX-07 Start Dash Set - Rucua\",\"isPartOf\":{\"@id\":\"https:\/\/rucua.com\/ja\/#website\"},\"primaryImageOfPage\":{\"@id\":\"https:\/\/rucua.com\/tienda\/bx-07-start-dash-set\/#primaryimage\"},\"image\":{\"@id\":\"https:\/\/rucua.com\/tienda\/bx-07-start-dash-set\/#primaryimage\"},\"thumbnailUrl\":\"https:\/\/rucua.com\/wp-content\/uploads\/2024\/11\/3-1.png\",\"datePublished\":\"2024-11-28T20:54:10+00:00\",\"dateModified\":\"2026-01-16T19:54:07+00:00\",\"breadcrumb\":{\"@id\":\"https:\/\/rucua.com\/tienda\/bx-07-start-dash-set\/#breadcrumb\"},\"inLanguage\":\"es\",\"potentialAction\":[{\"@type\":\"ReadAction\",\"target\":[\"https:\/\/rucua.com\/tienda\/bx-07-start-dash-set\/\"]}]},{\"@type\":\"ImageObject\",\"inLanguage\":\"es\",\"@id\":\"https:\/\/rucua.com\/tienda\/bx-07-start-dash-set\/#primaryimage\",\"url\":\"https:\/\/rucua.com\/wp-content\/uploads\/2024\/11\/3-1.png\",\"contentUrl\":\"https:\/\/rucua.com\/wp-content\/uploads\/2024\/11\/3-1.png\",\"width\":2000,\"height\":2000},{\"@type\":\"BreadcrumbList\",\"@id\":\"https:\/\/rucua.com\/tienda\/bx-07-start-dash-set\/#breadcrumb\",\"itemListElement\":[{\"@type\":\"ListItem\",\"position\":1,\"name\":\"Inicio\",\"item\":\"https:\/\/rucua.com\/\"},{\"@type\":\"ListItem\",\"position\":2,\"name\":\"Tienda\",\"item\":\"https:\/\/rucua.com\/tienda\/\"},{\"@type\":\"ListItem\",\"position\":3,\"name\":\"BX-07 Start Dash Set\"}]},{\"@type\":\"WebSite\",\"@id\":\"https:\/\/rucua.com\/ja\/#website\",\"url\":\"https:\/\/rucua.com\/ja\/\",\"name\":\"Rucua\",\"description\":\"\",\"potentialAction\":[{\"@type\":\"SearchAction\",\"target\":{\"@type\":\"EntryPoint\",\"urlTemplate\":\"https:\/\/rucua.com\/ja\/?s={search_term_string}\"},\"query-input\":{\"@type\":\"PropertyValueSpecification\",\"valueRequired\":true,\"valueName\":\"search_term_string\"}}],\"inLanguage\":\"es\"}]}<\/script>\n<meta property=\"product:price:amount\" content=\"3199.00\" \/>\n<meta property=\"product:price:currency\" content=\"MXN\" \/>\n<meta property=\"og:availability\" content=\"instock\" \/>\n<meta property=\"product:availability\" content=\"instock\" \/>\n<meta property=\"product:condition\" content=\"new\" \/>\n<!-- \/ Yoast SEO Premium plugin. -->","yoast_head_json":{"title":"BX-07 Start Dash Set - Rucua","robots":{"index":"index","follow":"follow","max-snippet":"max-snippet:-1","max-image-preview":"max-image-preview:large","max-video-preview":"max-video-preview:-1"},"canonical":"https:\/\/rucua.com\/es_mx\/tienda\/bx-07-start-dash-set\/?wmc-currency=MXN","og_locale":"es_MX","og_type":"article","og_title":"BX-07 Start Dash Set","og_description":"El\u00a0BX-07 Start Dash Set\u00a0es el kit perfecto para bladers que est\u00e1n comenzando en el mundo de Beyblade X. Este set incluye todo lo necesario para disfrutar de emocionantes batallas desde el primer momento, con Beyblades balanceados, un lanzador y un estadio b\u00e1sico. Ideal para principiantes, este set ofrece diversi\u00f3n y versatilidad, permitiendo a los bladers [&hellip;]","og_url":"https:\/\/rucua.com\/es_mx\/tienda\/bx-07-start-dash-set\/?wmc-currency=MXN","og_site_name":"Rucua","article_modified_time":"2026-01-16T19:54:07+00:00","og_image":[{"width":2000,"height":2000,"url":"http:\/\/rucua.com\/wp-content\/uploads\/2024\/11\/3-1.png","type":"image\/png"}],"twitter_card":"summary_large_image","twitter_misc":{"Precio":"3,199.00 MXN","Disponibilidad":"Disponible"},"schema":{"@context":"https:\/\/schema.org","@graph":[{"@type":"WebPage","@id":"https:\/\/rucua.com\/tienda\/bx-07-start-dash-set\/","url":"https:\/\/rucua.com\/tienda\/bx-07-start-dash-set\/","name":"BX-07 Start Dash Set - Rucua","isPartOf":{"@id":"https:\/\/rucua.com\/ja\/#website"},"primaryImageOfPage":{"@id":"https:\/\/rucua.com\/tienda\/bx-07-start-dash-set\/#primaryimage"},"image":{"@id":"https:\/\/rucua.com\/tienda\/bx-07-start-dash-set\/#primaryimage"},"thumbnailUrl":"https:\/\/rucua.com\/wp-content\/uploads\/2024\/11\/3-1.png","datePublished":"2024-11-28T20:54:10+00:00","dateModified":"2026-01-16T19:54:07+00:00","breadcrumb":{"@id":"https:\/\/rucua.com\/tienda\/bx-07-start-dash-set\/#breadcrumb"},"inLanguage":"es","potentialAction":[{"@type":"ReadAction","target":["https:\/\/rucua.com\/tienda\/bx-07-start-dash-set\/"]}]},{"@type":"ImageObject","inLanguage":"es","@id":"https:\/\/rucua.com\/tienda\/bx-07-start-dash-set\/#primaryimage","url":"https:\/\/rucua.com\/wp-content\/uploads\/2024\/11\/3-1.png","contentUrl":"https:\/\/rucua.com\/wp-content\/uploads\/2024\/11\/3-1.png","width":2000,"height":2000},{"@type":"BreadcrumbList","@id":"https:\/\/rucua.com\/tienda\/bx-07-start-dash-set\/#breadcrumb","itemListElement":[{"@type":"ListItem","position":1,"name":"Inicio","item":"https:\/\/rucua.com\/"},{"@type":"ListItem","position":2,"name":"Tienda","item":"https:\/\/rucua.com\/tienda\/"},{"@type":"ListItem","position":3,"name":"BX-07 Start Dash Set"}]},{"@type":"WebSite","@id":"https:\/\/rucua.com\/ja\/#website","url":"https:\/\/rucua.com\/ja\/","name":"Rucua","description":"","potentialAction":[{"@type":"SearchAction","target":{"@type":"EntryPoint","urlTemplate":"https:\/\/rucua.com\/ja\/?s={search_term_string}"},"query-input":{"@type":"PropertyValueSpecification","valueRequired":true,"valueName":"search_term_string"}}],"inLanguage":"es"}]},"product_price_amount":"3199.00","product_price_currency":"MXN","og_availability":"instock","product_availability":"instock","product_condition":"new"},"_links":{"self":[{"href":"https:\/\/rucua.com\/es_mx\/wp-json\/wp\/v2\/product\/20991","targetHints":{"allow":["GET"]}}],"collection":[{"href":"https:\/\/rucua.com\/es_mx\/wp-json\/wp\/v2\/product"}],"about":[{"href":"https:\/\/rucua.com\/es_mx\/wp-json\/wp\/v2\/types\/product"}],"replies":[{"embeddable":true,"href":"https:\/\/rucua.com\/es_mx\/wp-json\/wp\/v2\/comments?post=20991"}],"wp:featuredmedia":[{"embeddable":true,"href":"https:\/\/rucua.com\/es_mx\/wp-json\/wp\/v2\/media\/22410"}],"wp:attachment":[{"href":"https:\/\/rucua.com\/es_mx\/wp-json\/wp\/v2\/media?parent=20991"}],"wp:term":[{"taxonomy":"product_brand","embeddable":true,"href":"https:\/\/rucua.com\/es_mx\/wp-json\/wp\/v2\/product_brand?post=20991"},{"taxonomy":"product_cat","embeddable":true,"href":"https:\/\/rucua.com\/es_mx\/wp-json\/wp\/v2\/product_cat?post=20991"},{"taxonomy":"product_tag","embeddable":true,"href":"https:\/\/rucua.com\/es_mx\/wp-json\/wp\/v2\/product_tag?post=20991"}],"curies":[{"name":"wp","href":"https:\/\/api.w.org\/{rel}","templated":true}]}}