{"id":24286,"date":"2026-01-20T23:20:17","date_gmt":"2026-01-20T23:20:17","guid":{"rendered":"https:\/\/rucua.com\/?post_type=product&#038;p=24286"},"modified":"2026-04-18T19:50:52","modified_gmt":"2026-04-18T19:50:52","slug":"ux-00-aero-pegasus-3-70a-red-ver","status":"publish","type":"product","link":"https:\/\/rucua.com\/en_uss\/tienda\/ux-00-aero-pegasus-3-70a-red-ver\/","title":{"rendered":"UX-00 Aero Pegasus 3-70A Red Ver."},"content":{"rendered":"<p class=\"p1\"><span style=\"color: #ff0000;\"><b>PREORDEN<\/b> | <span class=\"s1\">\ud835\uddd8\ud835\uddfb\ud835\ude03\ud835\uddf6\u0301\ud835\uddfc<\/span> <span class=\"s1\">\ud835\uddf1\ud835\uddf2\ud835\ude00\ud835\uddf1\ud835\uddf2<\/span> <span class=\"s1\">\ud835\udddd\ud835\uddee\ud835\uddfd\ud835\uddfc\u0301\ud835\uddfb<\/span> (<span class=\"s1\">\ud835\udfee<\/span>&#8211;<span class=\"s1\">\ud835\udfef<\/span> <span class=\"s1\">\ud835\ude00\ud835\uddf2\ud835\uddfa\ud835\uddee\ud835\uddfb\ud835\uddee\ud835\ude00<\/span>)<\/span><br \/>\n\u00a1Garantiza tu <strong><em>UX-00 Aero Pegasus 3-70A Red Ver.<\/em><\/strong> antes de que se agote! Este art\u00edculo se importa directamente desde Jap\u00f3n en lotes limitados para asegurar autenticidad y el mejor precio.<\/p>\n<p data-path-to-node=\"3\">Este no es un Beyblade com\u00fan. El <b data-path-to-node=\"3\" data-index-in-node=\"33\">UX-00 Aero Pegasus 3-70A Red Ver.<\/b> llega con una est\u00e9tica agresiva y vibrante que lo distingue inmediatamente en la arena. Al igual que otras piezas de la l\u00ednea <b data-path-to-node=\"3\" data-index-in-node=\"193\">UX (Unique Line)<\/b>, este modelo lleva el rendimiento al extremo, pero con un acabado en rojo intenso que lo convierte en una pieza central para cualquier colecci\u00f3n seria.<\/p>\n<p data-path-to-node=\"4\">Su dise\u00f1o est\u00e1 meticulosamente esculpido para la velocidad. La forma del Blade reduce la resistencia al viento, permitiendo una aceleraci\u00f3n explosiva para asestar golpes r\u00e1pidos y contundentes, caracter\u00edsticos del legendario motivo del Pegaso. <strong>\u00a1Una fusi\u00f3n perfecta de belleza carmes\u00ed y potencia aerodin\u00e1mica!<\/strong><\/p>\n<p class=\"p1\"><b>Producto 100% original japon\u00e9s (Takara Tomy)<\/b> \u2013 Calidad premium, dise\u00f1o exclusivo, rendimiento real.<\/p>\n<p><strong>Detalles del producto<\/strong>: Blade (1), Ratchet (1), Bit (1), Beycode (1).<\/p>","protected":false},"excerpt":{"rendered":"<p>PREORDEN | \ud835\uddd8\ud835\uddfb\ud835\ude03\ud835\uddf6\u0301\ud835\uddfc \ud835\uddf1\ud835\uddf2\ud835\ude00\ud835\uddf1\ud835\uddf2 \ud835\udddd\ud835\uddee\ud835\uddfd\ud835\uddfc\u0301\ud835\uddfb (\ud835\udfee&#8211;\ud835\udfef \ud835\ude00\ud835\uddf2\ud835\uddfa\ud835\uddee\ud835\uddfb\ud835\uddee\ud835\ude00) \u00a1Garantiza tu UX-00 Aero Pegasus 3-70A Red Ver. antes de que se agote! Este art\u00edculo se importa directamente desde Jap\u00f3n en lotes limitados para asegurar autenticidad y el mejor precio. Este no es un Beyblade com\u00fan. El UX-00 Aero Pegasus 3-70A Red Ver. llega con una est\u00e9tica agresiva [&hellip;]<\/p>","protected":false},"featured_media":24289,"comment_status":"open","ping_status":"closed","template":"","meta":[],"product_brand":[],"product_cat":[428,419],"product_tag":[439,442,440],"class_list":{"0":"post-24286","1":"product","2":"type-product","3":"status-publish","4":"has-post-thumbnail","6":"product_cat-ediciones-especiales","7":"product_cat-boosters-y-sets","8":"product_tag-lo-nuevo","9":"product_tag-lo-vendidos","10":"product_tag-preventa","12":"first","13":"onbackorder","14":"shipping-taxable","15":"purchasable","16":"product-type-simple"},"yoast_head":"<!-- This site is optimized with the Yoast SEO Premium plugin v26.4 (Yoast SEO v26.4) - https:\/\/yoast.com\/wordpress\/plugins\/seo\/ -->\n<title>UX-00 Aero Pegasus 3-70A Red Ver. - Rucua<\/title>\n<meta name=\"robots\" content=\"index, follow, max-snippet:-1, max-image-preview:large, max-video-preview:-1\" \/>\n<link rel=\"canonical\" href=\"https:\/\/rucua.com\/en_uss\/tienda\/ux-00-aero-pegasus-3-70a-red-ver\/?wmc-currency=EUR\" \/>\n<meta property=\"og:locale\" content=\"en_US\" \/>\n<meta property=\"og:type\" content=\"article\" \/>\n<meta property=\"og:title\" content=\"UX-00 Aero Pegasus 3-70A Red Ver.\" \/>\n<meta property=\"og:description\" content=\"PREORDEN | \ud835\uddd8\ud835\uddfb\ud835\ude03\ud835\uddf6\u0301\ud835\uddfc \ud835\uddf1\ud835\uddf2\ud835\ude00\ud835\uddf1\ud835\uddf2 \ud835\udddd\ud835\uddee\ud835\uddfd\ud835\uddfc\u0301\ud835\uddfb (\ud835\udfee&#8211;\ud835\udfef \ud835\ude00\ud835\uddf2\ud835\uddfa\ud835\uddee\ud835\uddfb\ud835\uddee\ud835\ude00) \u00a1Garantiza tu UX-00 Aero Pegasus 3-70A Red Ver. antes de que se agote! Este art\u00edculo se importa directamente desde Jap\u00f3n en lotes limitados para asegurar autenticidad y el mejor precio. Este no es un Beyblade com\u00fan. El UX-00 Aero Pegasus 3-70A Red Ver. llega con una est\u00e9tica agresiva [&hellip;]\" \/>\n<meta property=\"og:url\" content=\"https:\/\/rucua.com\/en_uss\/tienda\/ux-00-aero-pegasus-3-70a-red-ver\/?wmc-currency=EUR\" \/>\n<meta property=\"og:site_name\" content=\"Rucua\" \/>\n<meta property=\"article:modified_time\" content=\"2026-04-18T19:50:52+00:00\" \/>\n<meta property=\"og:image\" content=\"http:\/\/rucua.com\/wp-content\/uploads\/2026\/01\/1.png\" \/>\n\t<meta property=\"og:image:width\" content=\"1000\" \/>\n\t<meta property=\"og:image:height\" content=\"1000\" \/>\n\t<meta property=\"og:image:type\" content=\"image\/png\" \/>\n<meta name=\"twitter:card\" content=\"summary_large_image\" \/>\n<meta name=\"twitter:label1\" content=\"Price\" \/>\n\t<meta name=\"twitter:data1\" content=\"3,499.00 MXN\" \/>\n\t<meta name=\"twitter:label2\" content=\"Availability\" \/>\n\t<meta name=\"twitter:data2\" content=\"On backorder\" \/>\n<script type=\"application\/ld+json\" class=\"yoast-schema-graph\">{\"@context\":\"https:\/\/schema.org\",\"@graph\":[{\"@type\":\"WebPage\",\"@id\":\"https:\/\/rucua.com\/tienda\/ux-00-aero-pegasus-3-70a-red-ver\/\",\"url\":\"https:\/\/rucua.com\/tienda\/ux-00-aero-pegasus-3-70a-red-ver\/\",\"name\":\"UX-00 Aero Pegasus 3-70A Red Ver. - Rucua\",\"isPartOf\":{\"@id\":\"https:\/\/rucua.com\/ja\/#website\"},\"primaryImageOfPage\":{\"@id\":\"https:\/\/rucua.com\/tienda\/ux-00-aero-pegasus-3-70a-red-ver\/#primaryimage\"},\"image\":{\"@id\":\"https:\/\/rucua.com\/tienda\/ux-00-aero-pegasus-3-70a-red-ver\/#primaryimage\"},\"thumbnailUrl\":\"https:\/\/rucua.com\/wp-content\/uploads\/2026\/01\/1.png\",\"datePublished\":\"2026-01-20T23:20:17+00:00\",\"dateModified\":\"2026-04-18T19:50:52+00:00\",\"breadcrumb\":{\"@id\":\"https:\/\/rucua.com\/tienda\/ux-00-aero-pegasus-3-70a-red-ver\/#breadcrumb\"},\"inLanguage\":\"en-USS\",\"potentialAction\":[{\"@type\":\"ReadAction\",\"target\":[\"https:\/\/rucua.com\/tienda\/ux-00-aero-pegasus-3-70a-red-ver\/\"]}]},{\"@type\":\"ImageObject\",\"inLanguage\":\"en-USS\",\"@id\":\"https:\/\/rucua.com\/tienda\/ux-00-aero-pegasus-3-70a-red-ver\/#primaryimage\",\"url\":\"https:\/\/rucua.com\/wp-content\/uploads\/2026\/01\/1.png\",\"contentUrl\":\"https:\/\/rucua.com\/wp-content\/uploads\/2026\/01\/1.png\",\"width\":1000,\"height\":1000},{\"@type\":\"BreadcrumbList\",\"@id\":\"https:\/\/rucua.com\/tienda\/ux-00-aero-pegasus-3-70a-red-ver\/#breadcrumb\",\"itemListElement\":[{\"@type\":\"ListItem\",\"position\":1,\"name\":\"Inicio\",\"item\":\"https:\/\/rucua.com\/\"},{\"@type\":\"ListItem\",\"position\":2,\"name\":\"Tienda\",\"item\":\"https:\/\/rucua.com\/tienda\/\"},{\"@type\":\"ListItem\",\"position\":3,\"name\":\"UX-00 Aero Pegasus 3-70A Red Ver.\"}]},{\"@type\":\"WebSite\",\"@id\":\"https:\/\/rucua.com\/ja\/#website\",\"url\":\"https:\/\/rucua.com\/ja\/\",\"name\":\"Rucua\",\"description\":\"\",\"potentialAction\":[{\"@type\":\"SearchAction\",\"target\":{\"@type\":\"EntryPoint\",\"urlTemplate\":\"https:\/\/rucua.com\/ja\/?s={search_term_string}\"},\"query-input\":{\"@type\":\"PropertyValueSpecification\",\"valueRequired\":true,\"valueName\":\"search_term_string\"}}],\"inLanguage\":\"en-USS\"}]}<\/script>\n<meta property=\"product:price:amount\" content=\"3499.00\" \/>\n<meta property=\"product:price:currency\" content=\"MXN\" \/>\n<meta property=\"og:availability\" content=\"backorder\" \/>\n<meta property=\"product:availability\" content=\"available for order\" \/>\n<meta property=\"product:condition\" content=\"new\" \/>\n<!-- \/ Yoast SEO Premium plugin. -->","yoast_head_json":{"title":"UX-00 Aero Pegasus 3-70A Red Ver. - Rucua","robots":{"index":"index","follow":"follow","max-snippet":"max-snippet:-1","max-image-preview":"max-image-preview:large","max-video-preview":"max-video-preview:-1"},"canonical":"https:\/\/rucua.com\/en_uss\/tienda\/ux-00-aero-pegasus-3-70a-red-ver\/?wmc-currency=EUR","og_locale":"en_US","og_type":"article","og_title":"UX-00 Aero Pegasus 3-70A Red Ver.","og_description":"PREORDEN | \ud835\uddd8\ud835\uddfb\ud835\ude03\ud835\uddf6\u0301\ud835\uddfc \ud835\uddf1\ud835\uddf2\ud835\ude00\ud835\uddf1\ud835\uddf2 \ud835\udddd\ud835\uddee\ud835\uddfd\ud835\uddfc\u0301\ud835\uddfb (\ud835\udfee&#8211;\ud835\udfef \ud835\ude00\ud835\uddf2\ud835\uddfa\ud835\uddee\ud835\uddfb\ud835\uddee\ud835\ude00) \u00a1Garantiza tu UX-00 Aero Pegasus 3-70A Red Ver. antes de que se agote! Este art\u00edculo se importa directamente desde Jap\u00f3n en lotes limitados para asegurar autenticidad y el mejor precio. Este no es un Beyblade com\u00fan. El UX-00 Aero Pegasus 3-70A Red Ver. llega con una est\u00e9tica agresiva [&hellip;]","og_url":"https:\/\/rucua.com\/en_uss\/tienda\/ux-00-aero-pegasus-3-70a-red-ver\/?wmc-currency=EUR","og_site_name":"Rucua","article_modified_time":"2026-04-18T19:50:52+00:00","og_image":[{"width":1000,"height":1000,"url":"http:\/\/rucua.com\/wp-content\/uploads\/2026\/01\/1.png","type":"image\/png"}],"twitter_card":"summary_large_image","twitter_misc":{"Price":"3,499.00 MXN","Availability":"On backorder"},"schema":{"@context":"https:\/\/schema.org","@graph":[{"@type":"WebPage","@id":"https:\/\/rucua.com\/tienda\/ux-00-aero-pegasus-3-70a-red-ver\/","url":"https:\/\/rucua.com\/tienda\/ux-00-aero-pegasus-3-70a-red-ver\/","name":"UX-00 Aero Pegasus 3-70A Red Ver. - Rucua","isPartOf":{"@id":"https:\/\/rucua.com\/ja\/#website"},"primaryImageOfPage":{"@id":"https:\/\/rucua.com\/tienda\/ux-00-aero-pegasus-3-70a-red-ver\/#primaryimage"},"image":{"@id":"https:\/\/rucua.com\/tienda\/ux-00-aero-pegasus-3-70a-red-ver\/#primaryimage"},"thumbnailUrl":"https:\/\/rucua.com\/wp-content\/uploads\/2026\/01\/1.png","datePublished":"2026-01-20T23:20:17+00:00","dateModified":"2026-04-18T19:50:52+00:00","breadcrumb":{"@id":"https:\/\/rucua.com\/tienda\/ux-00-aero-pegasus-3-70a-red-ver\/#breadcrumb"},"inLanguage":"en-USS","potentialAction":[{"@type":"ReadAction","target":["https:\/\/rucua.com\/tienda\/ux-00-aero-pegasus-3-70a-red-ver\/"]}]},{"@type":"ImageObject","inLanguage":"en-USS","@id":"https:\/\/rucua.com\/tienda\/ux-00-aero-pegasus-3-70a-red-ver\/#primaryimage","url":"https:\/\/rucua.com\/wp-content\/uploads\/2026\/01\/1.png","contentUrl":"https:\/\/rucua.com\/wp-content\/uploads\/2026\/01\/1.png","width":1000,"height":1000},{"@type":"BreadcrumbList","@id":"https:\/\/rucua.com\/tienda\/ux-00-aero-pegasus-3-70a-red-ver\/#breadcrumb","itemListElement":[{"@type":"ListItem","position":1,"name":"Inicio","item":"https:\/\/rucua.com\/"},{"@type":"ListItem","position":2,"name":"Tienda","item":"https:\/\/rucua.com\/tienda\/"},{"@type":"ListItem","position":3,"name":"UX-00 Aero Pegasus 3-70A Red Ver."}]},{"@type":"WebSite","@id":"https:\/\/rucua.com\/ja\/#website","url":"https:\/\/rucua.com\/ja\/","name":"Rucua","description":"","potentialAction":[{"@type":"SearchAction","target":{"@type":"EntryPoint","urlTemplate":"https:\/\/rucua.com\/ja\/?s={search_term_string}"},"query-input":{"@type":"PropertyValueSpecification","valueRequired":true,"valueName":"search_term_string"}}],"inLanguage":"en-USS"}]},"product_price_amount":"3499.00","product_price_currency":"MXN","og_availability":"backorder","product_availability":"available for order","product_condition":"new"},"_links":{"self":[{"href":"https:\/\/rucua.com\/en_uss\/wp-json\/wp\/v2\/product\/24286","targetHints":{"allow":["GET"]}}],"collection":[{"href":"https:\/\/rucua.com\/en_uss\/wp-json\/wp\/v2\/product"}],"about":[{"href":"https:\/\/rucua.com\/en_uss\/wp-json\/wp\/v2\/types\/product"}],"replies":[{"embeddable":true,"href":"https:\/\/rucua.com\/en_uss\/wp-json\/wp\/v2\/comments?post=24286"}],"wp:featuredmedia":[{"embeddable":true,"href":"https:\/\/rucua.com\/en_uss\/wp-json\/wp\/v2\/media\/24289"}],"wp:attachment":[{"href":"https:\/\/rucua.com\/en_uss\/wp-json\/wp\/v2\/media?parent=24286"}],"wp:term":[{"taxonomy":"product_brand","embeddable":true,"href":"https:\/\/rucua.com\/en_uss\/wp-json\/wp\/v2\/product_brand?post=24286"},{"taxonomy":"product_cat","embeddable":true,"href":"https:\/\/rucua.com\/en_uss\/wp-json\/wp\/v2\/product_cat?post=24286"},{"taxonomy":"product_tag","embeddable":true,"href":"https:\/\/rucua.com\/en_uss\/wp-json\/wp\/v2\/product_tag?post=24286"}],"curies":[{"name":"wp","href":"https:\/\/api.w.org\/{rel}","templated":true}]}}