{"id":23181,"date":"2025-05-15T21:10:12","date_gmt":"2025-05-15T21:10:12","guid":{"rendered":"https:\/\/rucua.com\/?post_type=product&#038;p=23181"},"modified":"2026-01-16T22:16:12","modified_gmt":"2026-01-16T22:16:12","slug":"bx-00-corocoro-croc-crunch-2-60q-metal-coat-green","status":"publish","type":"product","link":"https:\/\/rucua.com\/en_uss\/tienda\/bx-00-corocoro-croc-crunch-2-60q-metal-coat-green\/","title":{"rendered":"BX-00 CoroCoro Croc Crunch 2-60Q Metal Coat: Green"},"content":{"rendered":"<p class=\"p1\"><strong data-start=\"345\" data-end=\"360\">Croc Crunch<\/strong> emerge con una nueva y feroz apariencia gracias a su acabado exclusivo <strong data-start=\"432\" data-end=\"453\">Metal Coat: Green<\/strong>, parte de la serie especial <strong data-start=\"482\" data-end=\"491\">BX-00<\/strong> lanzada en colaboraci\u00f3n con <strong data-start=\"520\" data-end=\"544\">CoroCoro Comic Jap\u00f3n<\/strong>. Este beyblade de tipo <strong data-start=\"568\" data-end=\"579\">defensa<\/strong> est\u00e1 dise\u00f1ado para resistir ataques frontales sin perder su fuerza bruta.<\/p>\n<p class=\"p1\"><b>Producto 100% original japon\u00e9s (Takara Tomy)<\/b>\u00a0\u2013 Calidad premium, dise\u00f1o exclusivo, rendimiento real.<\/p>\n<p class=\"p1\"><strong>Detalles del Producto:<\/strong>\u00a0Hoja (Blade) (1), Trinquete (Ratchet) (1), Punta (Bit) (1), Manual de instrucciones (Instruction manual) (1).<\/p>","protected":false},"excerpt":{"rendered":"<p>Croc Crunch emerge con una nueva y feroz apariencia gracias a su acabado exclusivo Metal Coat: Green, parte de la serie especial BX-00 lanzada en colaboraci\u00f3n con CoroCoro Comic Jap\u00f3n. Este beyblade de tipo defensa est\u00e1 dise\u00f1ado para resistir ataques frontales sin perder su fuerza bruta. Producto 100% original japon\u00e9s (Takara Tomy)\u00a0\u2013 Calidad premium, dise\u00f1o [&hellip;]<\/p>","protected":false},"featured_media":23199,"comment_status":"open","ping_status":"closed","template":"","meta":[],"product_brand":[],"product_cat":[428],"product_tag":[],"class_list":{"0":"post-23181","1":"product","2":"type-product","3":"status-publish","4":"has-post-thumbnail","6":"product_cat-ediciones-especiales","8":"first","9":"instock","10":"shipping-taxable","11":"purchasable","12":"product-type-simple"},"yoast_head":"<!-- This site is optimized with the Yoast SEO Premium plugin v26.4 (Yoast SEO v26.4) - https:\/\/yoast.com\/wordpress\/plugins\/seo\/ -->\n<title>BX-00 CoroCoro Croc Crunch 2-60Q Metal Coat: Green - Rucua<\/title>\n<meta name=\"robots\" content=\"index, follow, max-snippet:-1, max-image-preview:large, max-video-preview:-1\" \/>\n<link rel=\"canonical\" href=\"https:\/\/rucua.com\/en_uss\/tienda\/bx-00-corocoro-croc-crunch-2-60q-metal-coat-green\/?wmc-currency=EUR\" \/>\n<meta property=\"og:locale\" content=\"en_US\" \/>\n<meta property=\"og:type\" content=\"article\" \/>\n<meta property=\"og:title\" content=\"BX-00 CoroCoro Croc Crunch 2-60Q Metal Coat: Green\" \/>\n<meta property=\"og:description\" content=\"Croc Crunch emerge con una nueva y feroz apariencia gracias a su acabado exclusivo Metal Coat: Green, parte de la serie especial BX-00 lanzada en colaboraci\u00f3n con CoroCoro Comic Jap\u00f3n. Este beyblade de tipo defensa est\u00e1 dise\u00f1ado para resistir ataques frontales sin perder su fuerza bruta. Producto 100% original japon\u00e9s (Takara Tomy)\u00a0\u2013 Calidad premium, dise\u00f1o [&hellip;]\" \/>\n<meta property=\"og:url\" content=\"https:\/\/rucua.com\/en_uss\/tienda\/bx-00-corocoro-croc-crunch-2-60q-metal-coat-green\/?wmc-currency=EUR\" \/>\n<meta property=\"og:site_name\" content=\"Rucua\" \/>\n<meta property=\"article:modified_time\" content=\"2026-01-16T22:16:12+00:00\" \/>\n<meta property=\"og:image\" content=\"http:\/\/rucua.com\/wp-content\/uploads\/2025\/05\/23-1.png\" \/>\n\t<meta property=\"og:image:width\" content=\"2000\" \/>\n\t<meta property=\"og:image:height\" content=\"2000\" \/>\n\t<meta property=\"og:image:type\" content=\"image\/png\" \/>\n<meta name=\"twitter:card\" content=\"summary_large_image\" \/>\n<meta name=\"twitter:label1\" content=\"Price\" \/>\n\t<meta name=\"twitter:data1\" content=\"999.00 MXN\" \/>\n\t<meta name=\"twitter:label2\" content=\"Availability\" \/>\n\t<meta name=\"twitter:data2\" content=\"In stock\" \/>\n<script type=\"application\/ld+json\" class=\"yoast-schema-graph\">{\"@context\":\"https:\/\/schema.org\",\"@graph\":[{\"@type\":\"WebPage\",\"@id\":\"https:\/\/rucua.com\/tienda\/bx-00-corocoro-croc-crunch-2-60q-metal-coat-green\/\",\"url\":\"https:\/\/rucua.com\/tienda\/bx-00-corocoro-croc-crunch-2-60q-metal-coat-green\/\",\"name\":\"BX-00 CoroCoro Croc Crunch 2-60Q Metal Coat: Green - Rucua\",\"isPartOf\":{\"@id\":\"https:\/\/rucua.com\/ja\/#website\"},\"primaryImageOfPage\":{\"@id\":\"https:\/\/rucua.com\/tienda\/bx-00-corocoro-croc-crunch-2-60q-metal-coat-green\/#primaryimage\"},\"image\":{\"@id\":\"https:\/\/rucua.com\/tienda\/bx-00-corocoro-croc-crunch-2-60q-metal-coat-green\/#primaryimage\"},\"thumbnailUrl\":\"https:\/\/rucua.com\/wp-content\/uploads\/2025\/05\/23-1.png\",\"datePublished\":\"2025-05-15T21:10:12+00:00\",\"dateModified\":\"2026-01-16T22:16:12+00:00\",\"breadcrumb\":{\"@id\":\"https:\/\/rucua.com\/tienda\/bx-00-corocoro-croc-crunch-2-60q-metal-coat-green\/#breadcrumb\"},\"inLanguage\":\"en-USS\",\"potentialAction\":[{\"@type\":\"ReadAction\",\"target\":[\"https:\/\/rucua.com\/tienda\/bx-00-corocoro-croc-crunch-2-60q-metal-coat-green\/\"]}]},{\"@type\":\"ImageObject\",\"inLanguage\":\"en-USS\",\"@id\":\"https:\/\/rucua.com\/tienda\/bx-00-corocoro-croc-crunch-2-60q-metal-coat-green\/#primaryimage\",\"url\":\"https:\/\/rucua.com\/wp-content\/uploads\/2025\/05\/23-1.png\",\"contentUrl\":\"https:\/\/rucua.com\/wp-content\/uploads\/2025\/05\/23-1.png\",\"width\":2000,\"height\":2000},{\"@type\":\"BreadcrumbList\",\"@id\":\"https:\/\/rucua.com\/tienda\/bx-00-corocoro-croc-crunch-2-60q-metal-coat-green\/#breadcrumb\",\"itemListElement\":[{\"@type\":\"ListItem\",\"position\":1,\"name\":\"Inicio\",\"item\":\"https:\/\/rucua.com\/\"},{\"@type\":\"ListItem\",\"position\":2,\"name\":\"Tienda\",\"item\":\"https:\/\/rucua.com\/tienda\/\"},{\"@type\":\"ListItem\",\"position\":3,\"name\":\"BX-00 CoroCoro Croc Crunch 2-60Q Metal Coat: Green\"}]},{\"@type\":\"WebSite\",\"@id\":\"https:\/\/rucua.com\/ja\/#website\",\"url\":\"https:\/\/rucua.com\/ja\/\",\"name\":\"Rucua\",\"description\":\"\",\"potentialAction\":[{\"@type\":\"SearchAction\",\"target\":{\"@type\":\"EntryPoint\",\"urlTemplate\":\"https:\/\/rucua.com\/ja\/?s={search_term_string}\"},\"query-input\":{\"@type\":\"PropertyValueSpecification\",\"valueRequired\":true,\"valueName\":\"search_term_string\"}}],\"inLanguage\":\"en-USS\"}]}<\/script>\n<meta property=\"product:price:amount\" content=\"999.00\" \/>\n<meta property=\"product:price:currency\" content=\"MXN\" \/>\n<meta property=\"og:availability\" content=\"instock\" \/>\n<meta property=\"product:availability\" content=\"instock\" \/>\n<meta property=\"product:condition\" content=\"new\" \/>\n<!-- \/ Yoast SEO Premium plugin. -->","yoast_head_json":{"title":"BX-00 CoroCoro Croc Crunch 2-60Q Metal Coat: Green - Rucua","robots":{"index":"index","follow":"follow","max-snippet":"max-snippet:-1","max-image-preview":"max-image-preview:large","max-video-preview":"max-video-preview:-1"},"canonical":"https:\/\/rucua.com\/en_uss\/tienda\/bx-00-corocoro-croc-crunch-2-60q-metal-coat-green\/?wmc-currency=EUR","og_locale":"en_US","og_type":"article","og_title":"BX-00 CoroCoro Croc Crunch 2-60Q Metal Coat: Green","og_description":"Croc Crunch emerge con una nueva y feroz apariencia gracias a su acabado exclusivo Metal Coat: Green, parte de la serie especial BX-00 lanzada en colaboraci\u00f3n con CoroCoro Comic Jap\u00f3n. Este beyblade de tipo defensa est\u00e1 dise\u00f1ado para resistir ataques frontales sin perder su fuerza bruta. Producto 100% original japon\u00e9s (Takara Tomy)\u00a0\u2013 Calidad premium, dise\u00f1o [&hellip;]","og_url":"https:\/\/rucua.com\/en_uss\/tienda\/bx-00-corocoro-croc-crunch-2-60q-metal-coat-green\/?wmc-currency=EUR","og_site_name":"Rucua","article_modified_time":"2026-01-16T22:16:12+00:00","og_image":[{"width":2000,"height":2000,"url":"http:\/\/rucua.com\/wp-content\/uploads\/2025\/05\/23-1.png","type":"image\/png"}],"twitter_card":"summary_large_image","twitter_misc":{"Price":"999.00 MXN","Availability":"In stock"},"schema":{"@context":"https:\/\/schema.org","@graph":[{"@type":"WebPage","@id":"https:\/\/rucua.com\/tienda\/bx-00-corocoro-croc-crunch-2-60q-metal-coat-green\/","url":"https:\/\/rucua.com\/tienda\/bx-00-corocoro-croc-crunch-2-60q-metal-coat-green\/","name":"BX-00 CoroCoro Croc Crunch 2-60Q Metal Coat: Green - Rucua","isPartOf":{"@id":"https:\/\/rucua.com\/ja\/#website"},"primaryImageOfPage":{"@id":"https:\/\/rucua.com\/tienda\/bx-00-corocoro-croc-crunch-2-60q-metal-coat-green\/#primaryimage"},"image":{"@id":"https:\/\/rucua.com\/tienda\/bx-00-corocoro-croc-crunch-2-60q-metal-coat-green\/#primaryimage"},"thumbnailUrl":"https:\/\/rucua.com\/wp-content\/uploads\/2025\/05\/23-1.png","datePublished":"2025-05-15T21:10:12+00:00","dateModified":"2026-01-16T22:16:12+00:00","breadcrumb":{"@id":"https:\/\/rucua.com\/tienda\/bx-00-corocoro-croc-crunch-2-60q-metal-coat-green\/#breadcrumb"},"inLanguage":"en-USS","potentialAction":[{"@type":"ReadAction","target":["https:\/\/rucua.com\/tienda\/bx-00-corocoro-croc-crunch-2-60q-metal-coat-green\/"]}]},{"@type":"ImageObject","inLanguage":"en-USS","@id":"https:\/\/rucua.com\/tienda\/bx-00-corocoro-croc-crunch-2-60q-metal-coat-green\/#primaryimage","url":"https:\/\/rucua.com\/wp-content\/uploads\/2025\/05\/23-1.png","contentUrl":"https:\/\/rucua.com\/wp-content\/uploads\/2025\/05\/23-1.png","width":2000,"height":2000},{"@type":"BreadcrumbList","@id":"https:\/\/rucua.com\/tienda\/bx-00-corocoro-croc-crunch-2-60q-metal-coat-green\/#breadcrumb","itemListElement":[{"@type":"ListItem","position":1,"name":"Inicio","item":"https:\/\/rucua.com\/"},{"@type":"ListItem","position":2,"name":"Tienda","item":"https:\/\/rucua.com\/tienda\/"},{"@type":"ListItem","position":3,"name":"BX-00 CoroCoro Croc Crunch 2-60Q Metal Coat: Green"}]},{"@type":"WebSite","@id":"https:\/\/rucua.com\/ja\/#website","url":"https:\/\/rucua.com\/ja\/","name":"Rucua","description":"","potentialAction":[{"@type":"SearchAction","target":{"@type":"EntryPoint","urlTemplate":"https:\/\/rucua.com\/ja\/?s={search_term_string}"},"query-input":{"@type":"PropertyValueSpecification","valueRequired":true,"valueName":"search_term_string"}}],"inLanguage":"en-USS"}]},"product_price_amount":"999.00","product_price_currency":"MXN","og_availability":"instock","product_availability":"instock","product_condition":"new"},"_links":{"self":[{"href":"https:\/\/rucua.com\/en_uss\/wp-json\/wp\/v2\/product\/23181","targetHints":{"allow":["GET"]}}],"collection":[{"href":"https:\/\/rucua.com\/en_uss\/wp-json\/wp\/v2\/product"}],"about":[{"href":"https:\/\/rucua.com\/en_uss\/wp-json\/wp\/v2\/types\/product"}],"replies":[{"embeddable":true,"href":"https:\/\/rucua.com\/en_uss\/wp-json\/wp\/v2\/comments?post=23181"}],"wp:featuredmedia":[{"embeddable":true,"href":"https:\/\/rucua.com\/en_uss\/wp-json\/wp\/v2\/media\/23199"}],"wp:attachment":[{"href":"https:\/\/rucua.com\/en_uss\/wp-json\/wp\/v2\/media?parent=23181"}],"wp:term":[{"taxonomy":"product_brand","embeddable":true,"href":"https:\/\/rucua.com\/en_uss\/wp-json\/wp\/v2\/product_brand?post=23181"},{"taxonomy":"product_cat","embeddable":true,"href":"https:\/\/rucua.com\/en_uss\/wp-json\/wp\/v2\/product_cat?post=23181"},{"taxonomy":"product_tag","embeddable":true,"href":"https:\/\/rucua.com\/en_uss\/wp-json\/wp\/v2\/product_tag?post=23181"}],"curies":[{"name":"wp","href":"https:\/\/api.w.org\/{rel}","templated":true}]}}