{"id":21469,"date":"2024-12-07T03:31:54","date_gmt":"2024-12-07T03:31:54","guid":{"rendered":"https:\/\/manuelrodarte.com\/rucua\/nueva\/product\/portafolio-x\/"},"modified":"2026-02-04T07:55:47","modified_gmt":"2026-02-04T07:55:47","slug":"portafolio-x","status":"publish","type":"product","link":"https:\/\/rucua.com\/en_uss\/tienda\/portafolio-x\/","title":{"rendered":"Portafolio X"},"content":{"rendered":"<h5>\u00a1Guarda, transporta y protege tus Beyblades como un campe\u00f3n!<\/h5>\n<h6><em>La esencia t\u00e1ctica del Team Persona, concentrada.<\/em><\/h6>\n<p><strong>EL EQUIPO DEFINITIVO PARA BLADERS COMPETITIVOS EN TAMA\u00d1O COMPACTO. <\/strong>Dise\u00f1ado por expertos, para quienes juegan en serio. No solo transporta,\u00a0<strong>optimiza tu juego<\/strong>\u00a0con organizaci\u00f3n profesional.<\/p>\n<p><strong style=\"font-size: 1rem;\">Capacidad:<\/strong><\/p>\n<ul>\n<li style=\"list-style-type: none;\">\n<ul>\n<li><span style=\"font-size: 1rem;\">12 Beyblades completos\u00a0*(12 blades + 12 ratchets + 12 bits)*<\/span><\/li>\n<li><strong>Compatibilidad total<\/strong> con Beyblade X y est\u00e1ndares Takara Tomy<\/li>\n<li><strong>Zona exclusiva<\/strong>\u00a0para 3 lanzadores (<em>String Launcher\/Winder<\/em>)<\/li>\n<li><strong>Red el\u00e1stica<\/strong> en tapa para accesorios extras (grips, herramientas, stickers, extras)<\/li>\n<\/ul>\n<\/li>\n<\/ul>\n<div class=\"dad65929\">\n<div class=\"_4f9bf79 d7dc56a8 _43c05b5\">\n<div class=\"ds-markdown ds-markdown--block\">\n<p class=\"ds-markdown-paragraph\"><strong>Protecci\u00f3n premium:<\/strong><\/p>\n<ul>\n<li style=\"list-style-type: none;\">\n<ul>\n<li class=\"ds-markdown-paragraph\"><strong>Exterior r\u00edgido<\/strong> resistente a salpicaduras e impactos<\/li>\n<li class=\"ds-markdown-paragraph\"><strong>Espuma de alta densidad<\/strong> para m\u00e1xima protecci\u00f3n y orden<\/li>\n<li class=\"ds-markdown-paragraph\"><strong>Doble cierre seguro<\/strong>\u00a0+ asa reforzada<\/li>\n<\/ul>\n<\/li>\n<\/ul>\n<\/div>\n<\/div>\n<\/div>\n<hr \/>\n<p><span style=\"color: #ff0000;\"><em>ES IDEAL para\u00a0<strong>bladers profesionales<\/strong>\u00a0que viajan a competencias, para\u00a0<strong>entrenamientos intensivos<\/strong>\u00a0con m\u00faltiples combinaciones o\u00a0<strong>coleccionistas<\/strong>\u00a0que protegen sus piezas premium.<\/em><\/span><\/p>\n<p><strong>Detalles del producto:<\/strong> Portafolio (1), espuma alta densidad (2)<\/p>\n<p><strong>Dimensiones: <\/strong>21 cm de altura, 31 cm de longitud y 8 cm de anchura<\/p>\n<h5 style=\"text-align: center;\"><strong><span style=\"color: #ff0000;\">Por favor lea antes de realizar su pedido<\/span><\/strong><\/h5>\n<p data-start=\"296\" data-end=\"464\">Debido a la <strong data-start=\"308\" data-end=\"324\">alta demanda<\/strong> y al proceso de <strong data-start=\"341\" data-end=\"369\">producci\u00f3n personalizada<\/strong> de nuestros productos Rucua, el env\u00edo de este art\u00edculo puede tardar entre <strong data-start=\"444\" data-end=\"461\">1 y 2 semanas<\/strong>.<\/p>\n<p data-start=\"296\" data-end=\"464\">Nos aseguramos de que cada unidad cumpla con los m\u00e1s altos est\u00e1ndares de calidad, fabricada con el detalle que exige cada Blader serio. <strong>\u00a1Gracias por tu paciencia y por ser parte de la comunidad Rucua!<\/strong><\/p>","protected":false},"excerpt":{"rendered":"<p>\u00a1Guarda, transporta y protege tus Beyblades como un campe\u00f3n! La esencia t\u00e1ctica del Team Persona, concentrada. EL EQUIPO DEFINITIVO PARA BLADERS COMPETITIVOS EN TAMA\u00d1O COMPACTO. Dise\u00f1ado por expertos, para quienes juegan en serio. No solo transporta,\u00a0optimiza tu juego\u00a0con organizaci\u00f3n profesional. Capacidad: 12 Beyblades completos\u00a0*(12 blades + 12 ratchets + 12 bits)* Compatibilidad total con Beyblade [&hellip;]<\/p>","protected":false},"featured_media":22081,"comment_status":"open","ping_status":"closed","template":"","meta":[],"product_brand":[],"product_cat":[456,425],"product_tag":[442],"class_list":{"0":"post-21469","1":"product","2":"type-product","3":"status-publish","4":"has-post-thumbnail","6":"product_cat-productos-rucua","7":"product_cat-accesorios","8":"product_tag-lo-vendidos","9":"product_shipping_class-02mediana","11":"first","12":"outofstock","13":"shipping-taxable","14":"purchasable","15":"product-type-simple"},"yoast_head":"<!-- This site is optimized with the Yoast SEO Premium plugin v26.4 (Yoast SEO v26.4) - https:\/\/yoast.com\/wordpress\/plugins\/seo\/ -->\n<title>Portafolio X - Rucua<\/title>\n<meta name=\"robots\" content=\"index, follow, max-snippet:-1, max-image-preview:large, max-video-preview:-1\" \/>\n<link rel=\"canonical\" href=\"https:\/\/rucua.com\/en_uss\/tienda\/portafolio-x\/?wmc-currency=EUR\" \/>\n<meta property=\"og:locale\" content=\"en_US\" \/>\n<meta property=\"og:type\" content=\"article\" \/>\n<meta property=\"og:title\" content=\"Portafolio X\" \/>\n<meta property=\"og:description\" content=\"\u00a1Guarda, transporta y protege tus Beyblades como un campe\u00f3n! La esencia t\u00e1ctica del Team Persona, concentrada. EL EQUIPO DEFINITIVO PARA BLADERS COMPETITIVOS EN TAMA\u00d1O COMPACTO. Dise\u00f1ado por expertos, para quienes juegan en serio. No solo transporta,\u00a0optimiza tu juego\u00a0con organizaci\u00f3n profesional. Capacidad: 12 Beyblades completos\u00a0*(12 blades + 12 ratchets + 12 bits)* Compatibilidad total con Beyblade [&hellip;]\" \/>\n<meta property=\"og:url\" content=\"https:\/\/rucua.com\/en_uss\/tienda\/portafolio-x\/?wmc-currency=EUR\" \/>\n<meta property=\"og:site_name\" content=\"Rucua\" \/>\n<meta property=\"article:modified_time\" content=\"2026-02-04T07:55:47+00:00\" \/>\n<meta property=\"og:image\" content=\"http:\/\/rucua.com\/wp-content\/uploads\/2024\/12\/1-1.png\" \/>\n\t<meta property=\"og:image:width\" content=\"1000\" \/>\n\t<meta property=\"og:image:height\" content=\"1000\" \/>\n\t<meta property=\"og:image:type\" content=\"image\/png\" \/>\n<meta name=\"twitter:card\" content=\"summary_large_image\" \/>\n<meta name=\"twitter:label1\" content=\"Price\" \/>\n\t<meta name=\"twitter:data1\" content=\"699.00 MXN\" \/>\n\t<meta name=\"twitter:label2\" content=\"Availability\" \/>\n\t<meta name=\"twitter:data2\" content=\"Out of stock\" \/>\n<script type=\"application\/ld+json\" class=\"yoast-schema-graph\">{\"@context\":\"https:\/\/schema.org\",\"@graph\":[{\"@type\":\"WebPage\",\"@id\":\"https:\/\/rucua.com\/tienda\/portafolio-x\/\",\"url\":\"https:\/\/rucua.com\/tienda\/portafolio-x\/\",\"name\":\"Portafolio X - Rucua\",\"isPartOf\":{\"@id\":\"https:\/\/rucua.com\/ja\/#website\"},\"primaryImageOfPage\":{\"@id\":\"https:\/\/rucua.com\/tienda\/portafolio-x\/#primaryimage\"},\"image\":{\"@id\":\"https:\/\/rucua.com\/tienda\/portafolio-x\/#primaryimage\"},\"thumbnailUrl\":\"https:\/\/rucua.com\/wp-content\/uploads\/2024\/12\/1-1.png\",\"datePublished\":\"2024-12-07T03:31:54+00:00\",\"dateModified\":\"2026-02-04T07:55:47+00:00\",\"breadcrumb\":{\"@id\":\"https:\/\/rucua.com\/tienda\/portafolio-x\/#breadcrumb\"},\"inLanguage\":\"en-USS\",\"potentialAction\":[{\"@type\":\"ReadAction\",\"target\":[\"https:\/\/rucua.com\/tienda\/portafolio-x\/\"]}]},{\"@type\":\"ImageObject\",\"inLanguage\":\"en-USS\",\"@id\":\"https:\/\/rucua.com\/tienda\/portafolio-x\/#primaryimage\",\"url\":\"https:\/\/rucua.com\/wp-content\/uploads\/2024\/12\/1-1.png\",\"contentUrl\":\"https:\/\/rucua.com\/wp-content\/uploads\/2024\/12\/1-1.png\",\"width\":1000,\"height\":1000},{\"@type\":\"BreadcrumbList\",\"@id\":\"https:\/\/rucua.com\/tienda\/portafolio-x\/#breadcrumb\",\"itemListElement\":[{\"@type\":\"ListItem\",\"position\":1,\"name\":\"Inicio\",\"item\":\"https:\/\/rucua.com\/\"},{\"@type\":\"ListItem\",\"position\":2,\"name\":\"Tienda\",\"item\":\"https:\/\/rucua.com\/tienda\/\"},{\"@type\":\"ListItem\",\"position\":3,\"name\":\"Portafolio X\"}]},{\"@type\":\"WebSite\",\"@id\":\"https:\/\/rucua.com\/ja\/#website\",\"url\":\"https:\/\/rucua.com\/ja\/\",\"name\":\"Rucua\",\"description\":\"\",\"potentialAction\":[{\"@type\":\"SearchAction\",\"target\":{\"@type\":\"EntryPoint\",\"urlTemplate\":\"https:\/\/rucua.com\/ja\/?s={search_term_string}\"},\"query-input\":{\"@type\":\"PropertyValueSpecification\",\"valueRequired\":true,\"valueName\":\"search_term_string\"}}],\"inLanguage\":\"en-USS\"}]}<\/script>\n<meta property=\"product:price:amount\" content=\"699.00\" \/>\n<meta property=\"product:price:currency\" content=\"MXN\" \/>\n<meta property=\"og:availability\" content=\"out of stock\" \/>\n<meta property=\"product:availability\" content=\"out of stock\" \/>\n<meta property=\"product:condition\" content=\"new\" \/>\n<!-- \/ Yoast SEO Premium plugin. -->","yoast_head_json":{"title":"Portafolio X - Rucua","robots":{"index":"index","follow":"follow","max-snippet":"max-snippet:-1","max-image-preview":"max-image-preview:large","max-video-preview":"max-video-preview:-1"},"canonical":"https:\/\/rucua.com\/en_uss\/tienda\/portafolio-x\/?wmc-currency=EUR","og_locale":"en_US","og_type":"article","og_title":"Portafolio X","og_description":"\u00a1Guarda, transporta y protege tus Beyblades como un campe\u00f3n! La esencia t\u00e1ctica del Team Persona, concentrada. EL EQUIPO DEFINITIVO PARA BLADERS COMPETITIVOS EN TAMA\u00d1O COMPACTO. Dise\u00f1ado por expertos, para quienes juegan en serio. No solo transporta,\u00a0optimiza tu juego\u00a0con organizaci\u00f3n profesional. Capacidad: 12 Beyblades completos\u00a0*(12 blades + 12 ratchets + 12 bits)* Compatibilidad total con Beyblade [&hellip;]","og_url":"https:\/\/rucua.com\/en_uss\/tienda\/portafolio-x\/?wmc-currency=EUR","og_site_name":"Rucua","article_modified_time":"2026-02-04T07:55:47+00:00","og_image":[{"width":1000,"height":1000,"url":"http:\/\/rucua.com\/wp-content\/uploads\/2024\/12\/1-1.png","type":"image\/png"}],"twitter_card":"summary_large_image","twitter_misc":{"Price":"699.00 MXN","Availability":"Out of stock"},"schema":{"@context":"https:\/\/schema.org","@graph":[{"@type":"WebPage","@id":"https:\/\/rucua.com\/tienda\/portafolio-x\/","url":"https:\/\/rucua.com\/tienda\/portafolio-x\/","name":"Portafolio X - Rucua","isPartOf":{"@id":"https:\/\/rucua.com\/ja\/#website"},"primaryImageOfPage":{"@id":"https:\/\/rucua.com\/tienda\/portafolio-x\/#primaryimage"},"image":{"@id":"https:\/\/rucua.com\/tienda\/portafolio-x\/#primaryimage"},"thumbnailUrl":"https:\/\/rucua.com\/wp-content\/uploads\/2024\/12\/1-1.png","datePublished":"2024-12-07T03:31:54+00:00","dateModified":"2026-02-04T07:55:47+00:00","breadcrumb":{"@id":"https:\/\/rucua.com\/tienda\/portafolio-x\/#breadcrumb"},"inLanguage":"en-USS","potentialAction":[{"@type":"ReadAction","target":["https:\/\/rucua.com\/tienda\/portafolio-x\/"]}]},{"@type":"ImageObject","inLanguage":"en-USS","@id":"https:\/\/rucua.com\/tienda\/portafolio-x\/#primaryimage","url":"https:\/\/rucua.com\/wp-content\/uploads\/2024\/12\/1-1.png","contentUrl":"https:\/\/rucua.com\/wp-content\/uploads\/2024\/12\/1-1.png","width":1000,"height":1000},{"@type":"BreadcrumbList","@id":"https:\/\/rucua.com\/tienda\/portafolio-x\/#breadcrumb","itemListElement":[{"@type":"ListItem","position":1,"name":"Inicio","item":"https:\/\/rucua.com\/"},{"@type":"ListItem","position":2,"name":"Tienda","item":"https:\/\/rucua.com\/tienda\/"},{"@type":"ListItem","position":3,"name":"Portafolio X"}]},{"@type":"WebSite","@id":"https:\/\/rucua.com\/ja\/#website","url":"https:\/\/rucua.com\/ja\/","name":"Rucua","description":"","potentialAction":[{"@type":"SearchAction","target":{"@type":"EntryPoint","urlTemplate":"https:\/\/rucua.com\/ja\/?s={search_term_string}"},"query-input":{"@type":"PropertyValueSpecification","valueRequired":true,"valueName":"search_term_string"}}],"inLanguage":"en-USS"}]},"product_price_amount":"699.00","product_price_currency":"MXN","og_availability":"out of stock","product_availability":"out of stock","product_condition":"new"},"_links":{"self":[{"href":"https:\/\/rucua.com\/en_uss\/wp-json\/wp\/v2\/product\/21469","targetHints":{"allow":["GET"]}}],"collection":[{"href":"https:\/\/rucua.com\/en_uss\/wp-json\/wp\/v2\/product"}],"about":[{"href":"https:\/\/rucua.com\/en_uss\/wp-json\/wp\/v2\/types\/product"}],"replies":[{"embeddable":true,"href":"https:\/\/rucua.com\/en_uss\/wp-json\/wp\/v2\/comments?post=21469"}],"wp:featuredmedia":[{"embeddable":true,"href":"https:\/\/rucua.com\/en_uss\/wp-json\/wp\/v2\/media\/22081"}],"wp:attachment":[{"href":"https:\/\/rucua.com\/en_uss\/wp-json\/wp\/v2\/media?parent=21469"}],"wp:term":[{"taxonomy":"product_brand","embeddable":true,"href":"https:\/\/rucua.com\/en_uss\/wp-json\/wp\/v2\/product_brand?post=21469"},{"taxonomy":"product_cat","embeddable":true,"href":"https:\/\/rucua.com\/en_uss\/wp-json\/wp\/v2\/product_cat?post=21469"},{"taxonomy":"product_tag","embeddable":true,"href":"https:\/\/rucua.com\/en_uss\/wp-json\/wp\/v2\/product_tag?post=21469"}],"curies":[{"name":"wp","href":"https:\/\/api.w.org\/{rel}","templated":true}]}}