{"id":21415,"date":"2024-11-29T14:43:38","date_gmt":"2024-11-29T14:43:38","guid":{"rendered":"https:\/\/manuelrodarte.com\/rucua\/nueva\/product\/bx-00-g3-tournament-prize-knight-shield-3-80n-metal-coat-gold\/"},"modified":"2026-02-18T18:05:58","modified_gmt":"2026-02-18T18:05:58","slug":"bx-00-g3-tournament-prize-knight-shield-3-80n-metal-coat-gold","status":"publish","type":"product","link":"https:\/\/rucua.com\/en_uss\/tienda\/bx-00-g3-tournament-prize-knight-shield-3-80n-metal-coat-gold\/","title":{"rendered":"BX-00 G3 Tournament Prize Knight Shield 3-80N Metal Coat: Gold"},"content":{"rendered":"<p><strong data-start=\"221\" data-end=\"268\">\u00a1Una defensa legendaria digna de campeones!<\/strong><br data-start=\"268\" data-end=\"271\" \/>El <strong data-start=\"274\" data-end=\"316\">Knight Shield 3-80N (Metal Coat: Gold)<\/strong> es un Beyblade exclusivo y de edici\u00f3n limitada otorgado como <strong data-start=\"378\" data-end=\"419\">premio oficial de torneos G3 en Jap\u00f3n<\/strong>. Con un espectacular acabado dorado tipo <strong data-start=\"461\" data-end=\"475\">Metal Coat<\/strong>, este Beyblade no solo es una joya de colecci\u00f3n, sino tambi\u00e9n una aut\u00e9ntica muralla en la arena.<\/p>\n<p class=\"p1\"><b>Producto 100% original japon\u00e9s (Takara Tomy)<\/b> \u2013 Calidad premium, dise\u00f1o exclusivo, rendimiento real<\/p>\n<p class=\"p1\"><strong>Detalles del Producto:<\/strong> Hoja (Blade) (1), Trinquete (Ratchet) (1), Punta (Bit) (1).<\/p>","protected":false},"excerpt":{"rendered":"<p>\u00a1Una defensa legendaria digna de campeones!El Knight Shield 3-80N (Metal Coat: Gold) es un Beyblade exclusivo y de edici\u00f3n limitada otorgado como premio oficial de torneos G3 en Jap\u00f3n. Con un espectacular acabado dorado tipo Metal Coat, este Beyblade no solo es una joya de colecci\u00f3n, sino tambi\u00e9n una aut\u00e9ntica muralla en la arena. Producto [&hellip;]<\/p>","protected":false},"featured_media":23527,"comment_status":"open","ping_status":"closed","template":"","meta":[],"product_brand":[],"product_cat":[449,428],"product_tag":[],"class_list":{"0":"post-21415","1":"product","2":"type-product","3":"status-publish","4":"has-post-thumbnail","6":"product_cat-mejores-ofertas","7":"product_cat-ediciones-especiales","8":"product-has-variation-images","10":"first","11":"instock","12":"shipping-taxable","13":"purchasable","14":"product-type-variable"},"yoast_head":"<!-- This site is optimized with the Yoast SEO Premium plugin v26.4 (Yoast SEO v26.4) - https:\/\/yoast.com\/wordpress\/plugins\/seo\/ -->\n<title>BX-00 G3 Tournament Prize Knight Shield 3-80N Metal Coat: Gold - Rucua<\/title>\n<meta name=\"robots\" content=\"index, follow, max-snippet:-1, max-image-preview:large, max-video-preview:-1\" \/>\n<link rel=\"canonical\" href=\"https:\/\/rucua.com\/en_uss\/tienda\/bx-00-g3-tournament-prize-knight-shield-3-80n-metal-coat-gold\/?wmc-currency=EUR\" \/>\n<meta property=\"og:locale\" content=\"en_US\" \/>\n<meta property=\"og:type\" content=\"article\" \/>\n<meta property=\"og:title\" content=\"BX-00 G3 Tournament Prize Knight Shield 3-80N Metal Coat: Gold\" \/>\n<meta property=\"og:description\" content=\"\u00a1Una defensa legendaria digna de campeones!El Knight Shield 3-80N (Metal Coat: Gold) es un Beyblade exclusivo y de edici\u00f3n limitada otorgado como premio oficial de torneos G3 en Jap\u00f3n. Con un espectacular acabado dorado tipo Metal Coat, este Beyblade no solo es una joya de colecci\u00f3n, sino tambi\u00e9n una aut\u00e9ntica muralla en la arena. Producto [&hellip;]\" \/>\n<meta property=\"og:url\" content=\"https:\/\/rucua.com\/en_uss\/tienda\/bx-00-g3-tournament-prize-knight-shield-3-80n-metal-coat-gold\/?wmc-currency=EUR\" \/>\n<meta property=\"og:site_name\" content=\"Rucua\" \/>\n<meta property=\"article:modified_time\" content=\"2026-02-18T18:05:58+00:00\" \/>\n<meta property=\"og:image\" content=\"http:\/\/rucua.com\/wp-content\/uploads\/2024\/11\/70-1024x1024.png\" \/>\n\t<meta property=\"og:image:width\" content=\"1024\" \/>\n\t<meta property=\"og:image:height\" content=\"1024\" \/>\n\t<meta property=\"og:image:type\" content=\"image\/png\" \/>\n<meta name=\"twitter:card\" content=\"summary_large_image\" \/>\n<meta name=\"twitter:label1\" content=\"Availability\" \/>\n\t<meta name=\"twitter:data1\" content=\"In stock\" \/>\n<script type=\"application\/ld+json\" class=\"yoast-schema-graph\">{\"@context\":\"https:\/\/schema.org\",\"@graph\":[{\"@type\":\"WebPage\",\"@id\":\"https:\/\/rucua.com\/tienda\/bx-00-g3-tournament-prize-knight-shield-3-80n-metal-coat-gold\/\",\"url\":\"https:\/\/rucua.com\/tienda\/bx-00-g3-tournament-prize-knight-shield-3-80n-metal-coat-gold\/\",\"name\":\"BX-00 G3 Tournament Prize Knight Shield 3-80N Metal Coat: Gold - Rucua\",\"isPartOf\":{\"@id\":\"https:\/\/rucua.com\/ja\/#website\"},\"primaryImageOfPage\":{\"@id\":\"https:\/\/rucua.com\/tienda\/bx-00-g3-tournament-prize-knight-shield-3-80n-metal-coat-gold\/#primaryimage\"},\"image\":{\"@id\":\"https:\/\/rucua.com\/tienda\/bx-00-g3-tournament-prize-knight-shield-3-80n-metal-coat-gold\/#primaryimage\"},\"thumbnailUrl\":\"https:\/\/rucua.com\/wp-content\/uploads\/2024\/11\/70.png\",\"datePublished\":\"2024-11-29T14:43:38+00:00\",\"dateModified\":\"2026-02-18T18:05:58+00:00\",\"breadcrumb\":{\"@id\":\"https:\/\/rucua.com\/tienda\/bx-00-g3-tournament-prize-knight-shield-3-80n-metal-coat-gold\/#breadcrumb\"},\"inLanguage\":\"en-USS\",\"potentialAction\":[{\"@type\":\"ReadAction\",\"target\":[\"https:\/\/rucua.com\/tienda\/bx-00-g3-tournament-prize-knight-shield-3-80n-metal-coat-gold\/\"]}]},{\"@type\":\"ImageObject\",\"inLanguage\":\"en-USS\",\"@id\":\"https:\/\/rucua.com\/tienda\/bx-00-g3-tournament-prize-knight-shield-3-80n-metal-coat-gold\/#primaryimage\",\"url\":\"https:\/\/rucua.com\/wp-content\/uploads\/2024\/11\/70.png\",\"contentUrl\":\"https:\/\/rucua.com\/wp-content\/uploads\/2024\/11\/70.png\",\"width\":2000,\"height\":2000},{\"@type\":\"BreadcrumbList\",\"@id\":\"https:\/\/rucua.com\/tienda\/bx-00-g3-tournament-prize-knight-shield-3-80n-metal-coat-gold\/#breadcrumb\",\"itemListElement\":[{\"@type\":\"ListItem\",\"position\":1,\"name\":\"Inicio\",\"item\":\"https:\/\/rucua.com\/\"},{\"@type\":\"ListItem\",\"position\":2,\"name\":\"Tienda\",\"item\":\"https:\/\/rucua.com\/tienda\/\"},{\"@type\":\"ListItem\",\"position\":3,\"name\":\"BX-00 G3 Tournament Prize Knight Shield 3-80N Metal Coat: Gold\"}]},{\"@type\":\"WebSite\",\"@id\":\"https:\/\/rucua.com\/ja\/#website\",\"url\":\"https:\/\/rucua.com\/ja\/\",\"name\":\"Rucua\",\"description\":\"\",\"potentialAction\":[{\"@type\":\"SearchAction\",\"target\":{\"@type\":\"EntryPoint\",\"urlTemplate\":\"https:\/\/rucua.com\/ja\/?s={search_term_string}\"},\"query-input\":{\"@type\":\"PropertyValueSpecification\",\"valueRequired\":true,\"valueName\":\"search_term_string\"}}],\"inLanguage\":\"en-USS\"}]}<\/script>\n<meta property=\"og:availability\" content=\"instock\" \/>\n<meta property=\"product:availability\" content=\"instock\" \/>\n<meta property=\"product:condition\" content=\"new\" \/>\n<!-- \/ Yoast SEO Premium plugin. -->","yoast_head_json":{"title":"BX-00 G3 Tournament Prize Knight Shield 3-80N Metal Coat: Gold - Rucua","robots":{"index":"index","follow":"follow","max-snippet":"max-snippet:-1","max-image-preview":"max-image-preview:large","max-video-preview":"max-video-preview:-1"},"canonical":"https:\/\/rucua.com\/en_uss\/tienda\/bx-00-g3-tournament-prize-knight-shield-3-80n-metal-coat-gold\/?wmc-currency=EUR","og_locale":"en_US","og_type":"article","og_title":"BX-00 G3 Tournament Prize Knight Shield 3-80N Metal Coat: Gold","og_description":"\u00a1Una defensa legendaria digna de campeones!El Knight Shield 3-80N (Metal Coat: Gold) es un Beyblade exclusivo y de edici\u00f3n limitada otorgado como premio oficial de torneos G3 en Jap\u00f3n. Con un espectacular acabado dorado tipo Metal Coat, este Beyblade no solo es una joya de colecci\u00f3n, sino tambi\u00e9n una aut\u00e9ntica muralla en la arena. Producto [&hellip;]","og_url":"https:\/\/rucua.com\/en_uss\/tienda\/bx-00-g3-tournament-prize-knight-shield-3-80n-metal-coat-gold\/?wmc-currency=EUR","og_site_name":"Rucua","article_modified_time":"2026-02-18T18:05:58+00:00","og_image":[{"width":1024,"height":1024,"url":"http:\/\/rucua.com\/wp-content\/uploads\/2024\/11\/70-1024x1024.png","type":"image\/png"}],"twitter_card":"summary_large_image","twitter_misc":{"Availability":"In stock"},"schema":{"@context":"https:\/\/schema.org","@graph":[{"@type":"WebPage","@id":"https:\/\/rucua.com\/tienda\/bx-00-g3-tournament-prize-knight-shield-3-80n-metal-coat-gold\/","url":"https:\/\/rucua.com\/tienda\/bx-00-g3-tournament-prize-knight-shield-3-80n-metal-coat-gold\/","name":"BX-00 G3 Tournament Prize Knight Shield 3-80N Metal Coat: Gold - Rucua","isPartOf":{"@id":"https:\/\/rucua.com\/ja\/#website"},"primaryImageOfPage":{"@id":"https:\/\/rucua.com\/tienda\/bx-00-g3-tournament-prize-knight-shield-3-80n-metal-coat-gold\/#primaryimage"},"image":{"@id":"https:\/\/rucua.com\/tienda\/bx-00-g3-tournament-prize-knight-shield-3-80n-metal-coat-gold\/#primaryimage"},"thumbnailUrl":"https:\/\/rucua.com\/wp-content\/uploads\/2024\/11\/70.png","datePublished":"2024-11-29T14:43:38+00:00","dateModified":"2026-02-18T18:05:58+00:00","breadcrumb":{"@id":"https:\/\/rucua.com\/tienda\/bx-00-g3-tournament-prize-knight-shield-3-80n-metal-coat-gold\/#breadcrumb"},"inLanguage":"en-USS","potentialAction":[{"@type":"ReadAction","target":["https:\/\/rucua.com\/tienda\/bx-00-g3-tournament-prize-knight-shield-3-80n-metal-coat-gold\/"]}]},{"@type":"ImageObject","inLanguage":"en-USS","@id":"https:\/\/rucua.com\/tienda\/bx-00-g3-tournament-prize-knight-shield-3-80n-metal-coat-gold\/#primaryimage","url":"https:\/\/rucua.com\/wp-content\/uploads\/2024\/11\/70.png","contentUrl":"https:\/\/rucua.com\/wp-content\/uploads\/2024\/11\/70.png","width":2000,"height":2000},{"@type":"BreadcrumbList","@id":"https:\/\/rucua.com\/tienda\/bx-00-g3-tournament-prize-knight-shield-3-80n-metal-coat-gold\/#breadcrumb","itemListElement":[{"@type":"ListItem","position":1,"name":"Inicio","item":"https:\/\/rucua.com\/"},{"@type":"ListItem","position":2,"name":"Tienda","item":"https:\/\/rucua.com\/tienda\/"},{"@type":"ListItem","position":3,"name":"BX-00 G3 Tournament Prize Knight Shield 3-80N Metal Coat: Gold"}]},{"@type":"WebSite","@id":"https:\/\/rucua.com\/ja\/#website","url":"https:\/\/rucua.com\/ja\/","name":"Rucua","description":"","potentialAction":[{"@type":"SearchAction","target":{"@type":"EntryPoint","urlTemplate":"https:\/\/rucua.com\/ja\/?s={search_term_string}"},"query-input":{"@type":"PropertyValueSpecification","valueRequired":true,"valueName":"search_term_string"}}],"inLanguage":"en-USS"}]},"og_availability":"instock","product_availability":"instock","product_condition":"new"},"_links":{"self":[{"href":"https:\/\/rucua.com\/en_uss\/wp-json\/wp\/v2\/product\/21415","targetHints":{"allow":["GET"]}}],"collection":[{"href":"https:\/\/rucua.com\/en_uss\/wp-json\/wp\/v2\/product"}],"about":[{"href":"https:\/\/rucua.com\/en_uss\/wp-json\/wp\/v2\/types\/product"}],"replies":[{"embeddable":true,"href":"https:\/\/rucua.com\/en_uss\/wp-json\/wp\/v2\/comments?post=21415"}],"wp:featuredmedia":[{"embeddable":true,"href":"https:\/\/rucua.com\/en_uss\/wp-json\/wp\/v2\/media\/23527"}],"wp:attachment":[{"href":"https:\/\/rucua.com\/en_uss\/wp-json\/wp\/v2\/media?parent=21415"}],"wp:term":[{"taxonomy":"product_brand","embeddable":true,"href":"https:\/\/rucua.com\/en_uss\/wp-json\/wp\/v2\/product_brand?post=21415"},{"taxonomy":"product_cat","embeddable":true,"href":"https:\/\/rucua.com\/en_uss\/wp-json\/wp\/v2\/product_cat?post=21415"},{"taxonomy":"product_tag","embeddable":true,"href":"https:\/\/rucua.com\/en_uss\/wp-json\/wp\/v2\/product_tag?post=21415"}],"curies":[{"name":"wp","href":"https:\/\/api.w.org\/{rel}","templated":true}]}}