{"id":21179,"date":"2024-11-29T14:54:15","date_gmt":"2024-11-29T14:54:15","guid":{"rendered":"https:\/\/manuelrodarte.com\/rucua\/nueva\/product\/bx-30-custom-grid-red-ver\/"},"modified":"2026-01-26T23:24:39","modified_gmt":"2026-01-26T23:24:39","slug":"bx-30-custom-grid-red-ver","status":"publish","type":"product","link":"https:\/\/rucua.com\/en_uss\/tienda\/bx-30-custom-grid-red-ver\/","title":{"rendered":"BX-30 Custom Grid Red Ver."},"content":{"rendered":"<p class=\"p1\"><strong>BX-30 Custom Grip Red Ver.<\/strong>\u00a0es la empu\u00f1adura oficial de edici\u00f3n especial en rojo intenso, dise\u00f1ada para bladers profesionales que exigen m\u00e1ximo control y estilo. Con su dise\u00f1o ergon\u00f3mico y materiales premium, ofrece un agarre perfecto para ejecutar lanzamientos potentes y precisos en competiciones de alto nivel.<\/p>\n<p class=\"p1\"><b>Producto 100% original japon\u00e9s (Takara Tomy)<\/b> \u2013 Calidad premium, dise\u00f1o exclusivo, rendimiento real.<\/p>\n<p class=\"p1\"><strong>Detalles del Producto:\u00a0<\/strong>Launcher grip (Empu\u00f1adura de lanzador) (1), Grip panel (Panel de agarre) (2), Side panel (Panel lateral) (2).<\/p>","protected":false},"excerpt":{"rendered":"<p>BX-30 Custom Grip Red Ver.\u00a0es la empu\u00f1adura oficial de edici\u00f3n especial en rojo intenso, dise\u00f1ada para bladers profesionales que exigen m\u00e1ximo control y estilo. Con su dise\u00f1o ergon\u00f3mico y materiales premium, ofrece un agarre perfecto para ejecutar lanzamientos potentes y precisos en competiciones de alto nivel. Producto 100% original japon\u00e9s (Takara Tomy) \u2013 Calidad premium, [&hellip;]<\/p>","protected":false},"featured_media":22615,"comment_status":"open","ping_status":"closed","template":"","meta":[],"product_brand":[],"product_cat":[425],"product_tag":[],"class_list":{"0":"post-21179","1":"product","2":"type-product","3":"status-publish","4":"has-post-thumbnail","6":"product_cat-accesorios","8":"first","9":"onbackorder","10":"shipping-taxable","11":"purchasable","12":"product-type-simple"},"yoast_head":"<!-- This site is optimized with the Yoast SEO Premium plugin v26.4 (Yoast SEO v26.4) - https:\/\/yoast.com\/wordpress\/plugins\/seo\/ -->\n<title>BX-30 Custom Grid Red Ver. - Rucua<\/title>\n<meta name=\"robots\" content=\"index, follow, max-snippet:-1, max-image-preview:large, max-video-preview:-1\" \/>\n<link rel=\"canonical\" href=\"https:\/\/rucua.com\/en_uss\/tienda\/bx-30-custom-grid-red-ver\/?wmc-currency=EUR\" \/>\n<meta property=\"og:locale\" content=\"en_US\" \/>\n<meta property=\"og:type\" content=\"article\" \/>\n<meta property=\"og:title\" content=\"BX-30 Custom Grid Red Ver.\" \/>\n<meta property=\"og:description\" content=\"BX-30 Custom Grip Red Ver.\u00a0es la empu\u00f1adura oficial de edici\u00f3n especial en rojo intenso, dise\u00f1ada para bladers profesionales que exigen m\u00e1ximo control y estilo. Con su dise\u00f1o ergon\u00f3mico y materiales premium, ofrece un agarre perfecto para ejecutar lanzamientos potentes y precisos en competiciones de alto nivel. Producto 100% original japon\u00e9s (Takara Tomy) \u2013 Calidad premium, [&hellip;]\" \/>\n<meta property=\"og:url\" content=\"https:\/\/rucua.com\/en_uss\/tienda\/bx-30-custom-grid-red-ver\/?wmc-currency=EUR\" \/>\n<meta property=\"og:site_name\" content=\"Rucua\" \/>\n<meta property=\"article:modified_time\" content=\"2026-01-26T23:24:39+00:00\" \/>\n<meta property=\"og:image\" content=\"http:\/\/rucua.com\/wp-content\/uploads\/2024\/11\/11-5.png\" \/>\n\t<meta property=\"og:image:width\" content=\"2000\" \/>\n\t<meta property=\"og:image:height\" content=\"2000\" \/>\n\t<meta property=\"og:image:type\" content=\"image\/png\" \/>\n<meta name=\"twitter:card\" content=\"summary_large_image\" \/>\n<meta name=\"twitter:label1\" content=\"Price\" \/>\n\t<meta name=\"twitter:data1\" content=\"499.00 MXN\" \/>\n\t<meta name=\"twitter:label2\" content=\"Availability\" \/>\n\t<meta name=\"twitter:data2\" content=\"On backorder\" \/>\n<script type=\"application\/ld+json\" class=\"yoast-schema-graph\">{\"@context\":\"https:\/\/schema.org\",\"@graph\":[{\"@type\":\"WebPage\",\"@id\":\"https:\/\/rucua.com\/tienda\/bx-30-custom-grid-red-ver\/\",\"url\":\"https:\/\/rucua.com\/tienda\/bx-30-custom-grid-red-ver\/\",\"name\":\"BX-30 Custom Grid Red Ver. - Rucua\",\"isPartOf\":{\"@id\":\"https:\/\/rucua.com\/ja\/#website\"},\"primaryImageOfPage\":{\"@id\":\"https:\/\/rucua.com\/tienda\/bx-30-custom-grid-red-ver\/#primaryimage\"},\"image\":{\"@id\":\"https:\/\/rucua.com\/tienda\/bx-30-custom-grid-red-ver\/#primaryimage\"},\"thumbnailUrl\":\"https:\/\/rucua.com\/wp-content\/uploads\/2024\/11\/11-5.png\",\"datePublished\":\"2024-11-29T14:54:15+00:00\",\"dateModified\":\"2026-01-26T23:24:39+00:00\",\"breadcrumb\":{\"@id\":\"https:\/\/rucua.com\/tienda\/bx-30-custom-grid-red-ver\/#breadcrumb\"},\"inLanguage\":\"en-USS\",\"potentialAction\":[{\"@type\":\"ReadAction\",\"target\":[\"https:\/\/rucua.com\/tienda\/bx-30-custom-grid-red-ver\/\"]}]},{\"@type\":\"ImageObject\",\"inLanguage\":\"en-USS\",\"@id\":\"https:\/\/rucua.com\/tienda\/bx-30-custom-grid-red-ver\/#primaryimage\",\"url\":\"https:\/\/rucua.com\/wp-content\/uploads\/2024\/11\/11-5.png\",\"contentUrl\":\"https:\/\/rucua.com\/wp-content\/uploads\/2024\/11\/11-5.png\",\"width\":2000,\"height\":2000},{\"@type\":\"BreadcrumbList\",\"@id\":\"https:\/\/rucua.com\/tienda\/bx-30-custom-grid-red-ver\/#breadcrumb\",\"itemListElement\":[{\"@type\":\"ListItem\",\"position\":1,\"name\":\"Inicio\",\"item\":\"https:\/\/rucua.com\/\"},{\"@type\":\"ListItem\",\"position\":2,\"name\":\"Tienda\",\"item\":\"https:\/\/rucua.com\/tienda\/\"},{\"@type\":\"ListItem\",\"position\":3,\"name\":\"BX-30 Custom Grid Red Ver.\"}]},{\"@type\":\"WebSite\",\"@id\":\"https:\/\/rucua.com\/ja\/#website\",\"url\":\"https:\/\/rucua.com\/ja\/\",\"name\":\"Rucua\",\"description\":\"\",\"potentialAction\":[{\"@type\":\"SearchAction\",\"target\":{\"@type\":\"EntryPoint\",\"urlTemplate\":\"https:\/\/rucua.com\/ja\/?s={search_term_string}\"},\"query-input\":{\"@type\":\"PropertyValueSpecification\",\"valueRequired\":true,\"valueName\":\"search_term_string\"}}],\"inLanguage\":\"en-USS\"}]}<\/script>\n<meta property=\"product:price:amount\" content=\"499.00\" \/>\n<meta property=\"product:price:currency\" content=\"MXN\" \/>\n<meta property=\"og:availability\" content=\"backorder\" \/>\n<meta property=\"product:availability\" content=\"available for order\" \/>\n<meta property=\"product:condition\" content=\"new\" \/>\n<!-- \/ Yoast SEO Premium plugin. -->","yoast_head_json":{"title":"BX-30 Custom Grid Red Ver. - Rucua","robots":{"index":"index","follow":"follow","max-snippet":"max-snippet:-1","max-image-preview":"max-image-preview:large","max-video-preview":"max-video-preview:-1"},"canonical":"https:\/\/rucua.com\/en_uss\/tienda\/bx-30-custom-grid-red-ver\/?wmc-currency=EUR","og_locale":"en_US","og_type":"article","og_title":"BX-30 Custom Grid Red Ver.","og_description":"BX-30 Custom Grip Red Ver.\u00a0es la empu\u00f1adura oficial de edici\u00f3n especial en rojo intenso, dise\u00f1ada para bladers profesionales que exigen m\u00e1ximo control y estilo. Con su dise\u00f1o ergon\u00f3mico y materiales premium, ofrece un agarre perfecto para ejecutar lanzamientos potentes y precisos en competiciones de alto nivel. Producto 100% original japon\u00e9s (Takara Tomy) \u2013 Calidad premium, [&hellip;]","og_url":"https:\/\/rucua.com\/en_uss\/tienda\/bx-30-custom-grid-red-ver\/?wmc-currency=EUR","og_site_name":"Rucua","article_modified_time":"2026-01-26T23:24:39+00:00","og_image":[{"width":2000,"height":2000,"url":"http:\/\/rucua.com\/wp-content\/uploads\/2024\/11\/11-5.png","type":"image\/png"}],"twitter_card":"summary_large_image","twitter_misc":{"Price":"499.00 MXN","Availability":"On backorder"},"schema":{"@context":"https:\/\/schema.org","@graph":[{"@type":"WebPage","@id":"https:\/\/rucua.com\/tienda\/bx-30-custom-grid-red-ver\/","url":"https:\/\/rucua.com\/tienda\/bx-30-custom-grid-red-ver\/","name":"BX-30 Custom Grid Red Ver. - Rucua","isPartOf":{"@id":"https:\/\/rucua.com\/ja\/#website"},"primaryImageOfPage":{"@id":"https:\/\/rucua.com\/tienda\/bx-30-custom-grid-red-ver\/#primaryimage"},"image":{"@id":"https:\/\/rucua.com\/tienda\/bx-30-custom-grid-red-ver\/#primaryimage"},"thumbnailUrl":"https:\/\/rucua.com\/wp-content\/uploads\/2024\/11\/11-5.png","datePublished":"2024-11-29T14:54:15+00:00","dateModified":"2026-01-26T23:24:39+00:00","breadcrumb":{"@id":"https:\/\/rucua.com\/tienda\/bx-30-custom-grid-red-ver\/#breadcrumb"},"inLanguage":"en-USS","potentialAction":[{"@type":"ReadAction","target":["https:\/\/rucua.com\/tienda\/bx-30-custom-grid-red-ver\/"]}]},{"@type":"ImageObject","inLanguage":"en-USS","@id":"https:\/\/rucua.com\/tienda\/bx-30-custom-grid-red-ver\/#primaryimage","url":"https:\/\/rucua.com\/wp-content\/uploads\/2024\/11\/11-5.png","contentUrl":"https:\/\/rucua.com\/wp-content\/uploads\/2024\/11\/11-5.png","width":2000,"height":2000},{"@type":"BreadcrumbList","@id":"https:\/\/rucua.com\/tienda\/bx-30-custom-grid-red-ver\/#breadcrumb","itemListElement":[{"@type":"ListItem","position":1,"name":"Inicio","item":"https:\/\/rucua.com\/"},{"@type":"ListItem","position":2,"name":"Tienda","item":"https:\/\/rucua.com\/tienda\/"},{"@type":"ListItem","position":3,"name":"BX-30 Custom Grid Red Ver."}]},{"@type":"WebSite","@id":"https:\/\/rucua.com\/ja\/#website","url":"https:\/\/rucua.com\/ja\/","name":"Rucua","description":"","potentialAction":[{"@type":"SearchAction","target":{"@type":"EntryPoint","urlTemplate":"https:\/\/rucua.com\/ja\/?s={search_term_string}"},"query-input":{"@type":"PropertyValueSpecification","valueRequired":true,"valueName":"search_term_string"}}],"inLanguage":"en-USS"}]},"product_price_amount":"499.00","product_price_currency":"MXN","og_availability":"backorder","product_availability":"available for order","product_condition":"new"},"_links":{"self":[{"href":"https:\/\/rucua.com\/en_uss\/wp-json\/wp\/v2\/product\/21179","targetHints":{"allow":["GET"]}}],"collection":[{"href":"https:\/\/rucua.com\/en_uss\/wp-json\/wp\/v2\/product"}],"about":[{"href":"https:\/\/rucua.com\/en_uss\/wp-json\/wp\/v2\/types\/product"}],"replies":[{"embeddable":true,"href":"https:\/\/rucua.com\/en_uss\/wp-json\/wp\/v2\/comments?post=21179"}],"wp:featuredmedia":[{"embeddable":true,"href":"https:\/\/rucua.com\/en_uss\/wp-json\/wp\/v2\/media\/22615"}],"wp:attachment":[{"href":"https:\/\/rucua.com\/en_uss\/wp-json\/wp\/v2\/media?parent=21179"}],"wp:term":[{"taxonomy":"product_brand","embeddable":true,"href":"https:\/\/rucua.com\/en_uss\/wp-json\/wp\/v2\/product_brand?post=21179"},{"taxonomy":"product_cat","embeddable":true,"href":"https:\/\/rucua.com\/en_uss\/wp-json\/wp\/v2\/product_cat?post=21179"},{"taxonomy":"product_tag","embeddable":true,"href":"https:\/\/rucua.com\/en_uss\/wp-json\/wp\/v2\/product_tag?post=21179"}],"curies":[{"name":"wp","href":"https:\/\/api.w.org\/{rel}","templated":true}]}}