{"id":21018,"date":"2024-11-28T20:59:34","date_gmt":"2024-11-28T20:59:34","guid":{"rendered":"https:\/\/manuelrodarte.com\/rucua\/nueva\/product\/bx-10-xtreme-stadium\/"},"modified":"2026-02-03T21:43:33","modified_gmt":"2026-02-03T21:43:33","slug":"bx-10-xtreme-stadium","status":"publish","type":"product","link":"https:\/\/rucua.com\/en_uss\/tienda\/bx-10-xtreme-stadium\/","title":{"rendered":"BX-10 Xtreme Stadium"},"content":{"rendered":"<p>El\u00a0<strong>BX-10 Xtreme Stadium<\/strong>\u00a0es un estadio oficial dise\u00f1ado para llevar tus batallas de Beyblade al m\u00e1ximo nivel. Con un dise\u00f1o amplio y una superficie optimizada, este estadio permite movimientos r\u00e1pidos, giros intensos y batallas emocionantes. Perfecto para torneos, pr\u00e1cticas o partidas casuales, es una adici\u00f3n esencial para cualquier blader que busque mejorar su experiencia de juego..<\/p>\n<p data-start=\"1545\" data-end=\"1651\"><strong data-start=\"1548\" data-end=\"1596\">Producto 100% original japon\u00e9s (Takara Tomy)<\/strong> \u2013 Calidad premium, dise\u00f1o exclusivo, rendimiento real.<\/p>\n<p class=\"p1\"><b>Detalles del producto: <\/b>Cubierta (Cover) (1), Cuerpo principal\u00a0(Main body) (1), Sujetadores\u00a0(Fasteners) (4), Tarjeta Beycode (Beycode card)\u00a0(1)<\/p>","protected":false},"excerpt":{"rendered":"<p>El\u00a0BX-10 Xtreme Stadium\u00a0es un estadio oficial dise\u00f1ado para llevar tus batallas de Beyblade al m\u00e1ximo nivel. Con un dise\u00f1o amplio y una superficie optimizada, este estadio permite movimientos r\u00e1pidos, giros intensos y batallas emocionantes. Perfecto para torneos, pr\u00e1cticas o partidas casuales, es una adici\u00f3n esencial para cualquier blader que busque mejorar su experiencia de juego.. [&hellip;]<\/p>","protected":false},"featured_media":22439,"comment_status":"open","ping_status":"closed","template":"","meta":[],"product_brand":[],"product_cat":[422],"product_tag":[],"class_list":{"0":"post-21018","1":"product","2":"type-product","3":"status-publish","4":"has-post-thumbnail","6":"product_cat-estadios-y-stands","7":"product_shipping_class-03-grande","9":"first","10":"onbackorder","11":"shipping-taxable","12":"purchasable","13":"product-type-simple"},"yoast_head":"<!-- This site is optimized with the Yoast SEO Premium plugin v26.4 (Yoast SEO v26.4) - https:\/\/yoast.com\/wordpress\/plugins\/seo\/ -->\n<title>BX-10 Xtreme Stadium - Rucua<\/title>\n<meta name=\"robots\" content=\"index, follow, max-snippet:-1, max-image-preview:large, max-video-preview:-1\" \/>\n<link rel=\"canonical\" href=\"https:\/\/rucua.com\/en_uss\/tienda\/bx-10-xtreme-stadium\/?wmc-currency=EUR\" \/>\n<meta property=\"og:locale\" content=\"en_US\" \/>\n<meta property=\"og:type\" content=\"article\" \/>\n<meta property=\"og:title\" content=\"BX-10 Xtreme Stadium\" \/>\n<meta property=\"og:description\" content=\"El\u00a0BX-10 Xtreme Stadium\u00a0es un estadio oficial dise\u00f1ado para llevar tus batallas de Beyblade al m\u00e1ximo nivel. Con un dise\u00f1o amplio y una superficie optimizada, este estadio permite movimientos r\u00e1pidos, giros intensos y batallas emocionantes. Perfecto para torneos, pr\u00e1cticas o partidas casuales, es una adici\u00f3n esencial para cualquier blader que busque mejorar su experiencia de juego.. [&hellip;]\" \/>\n<meta property=\"og:url\" content=\"https:\/\/rucua.com\/en_uss\/tienda\/bx-10-xtreme-stadium\/?wmc-currency=EUR\" \/>\n<meta property=\"og:site_name\" content=\"Rucua\" \/>\n<meta property=\"article:modified_time\" content=\"2026-02-03T21:43:33+00:00\" \/>\n<meta property=\"og:image\" content=\"http:\/\/rucua.com\/wp-content\/uploads\/2024\/11\/11-3.png\" \/>\n\t<meta property=\"og:image:width\" content=\"2000\" \/>\n\t<meta property=\"og:image:height\" content=\"2000\" \/>\n\t<meta property=\"og:image:type\" content=\"image\/png\" \/>\n<meta name=\"twitter:card\" content=\"summary_large_image\" \/>\n<meta name=\"twitter:label1\" content=\"Price\" \/>\n\t<meta name=\"twitter:data1\" content=\"1,399.00 MXN\" \/>\n\t<meta name=\"twitter:label2\" content=\"Availability\" \/>\n\t<meta name=\"twitter:data2\" content=\"On backorder\" \/>\n<script type=\"application\/ld+json\" class=\"yoast-schema-graph\">{\"@context\":\"https:\/\/schema.org\",\"@graph\":[{\"@type\":\"WebPage\",\"@id\":\"https:\/\/rucua.com\/tienda\/bx-10-xtreme-stadium\/\",\"url\":\"https:\/\/rucua.com\/tienda\/bx-10-xtreme-stadium\/\",\"name\":\"BX-10 Xtreme Stadium - Rucua\",\"isPartOf\":{\"@id\":\"https:\/\/rucua.com\/ja\/#website\"},\"primaryImageOfPage\":{\"@id\":\"https:\/\/rucua.com\/tienda\/bx-10-xtreme-stadium\/#primaryimage\"},\"image\":{\"@id\":\"https:\/\/rucua.com\/tienda\/bx-10-xtreme-stadium\/#primaryimage\"},\"thumbnailUrl\":\"https:\/\/rucua.com\/wp-content\/uploads\/2024\/11\/11-3.png\",\"datePublished\":\"2024-11-28T20:59:34+00:00\",\"dateModified\":\"2026-02-03T21:43:33+00:00\",\"breadcrumb\":{\"@id\":\"https:\/\/rucua.com\/tienda\/bx-10-xtreme-stadium\/#breadcrumb\"},\"inLanguage\":\"en-USS\",\"potentialAction\":[{\"@type\":\"ReadAction\",\"target\":[\"https:\/\/rucua.com\/tienda\/bx-10-xtreme-stadium\/\"]}]},{\"@type\":\"ImageObject\",\"inLanguage\":\"en-USS\",\"@id\":\"https:\/\/rucua.com\/tienda\/bx-10-xtreme-stadium\/#primaryimage\",\"url\":\"https:\/\/rucua.com\/wp-content\/uploads\/2024\/11\/11-3.png\",\"contentUrl\":\"https:\/\/rucua.com\/wp-content\/uploads\/2024\/11\/11-3.png\",\"width\":2000,\"height\":2000},{\"@type\":\"BreadcrumbList\",\"@id\":\"https:\/\/rucua.com\/tienda\/bx-10-xtreme-stadium\/#breadcrumb\",\"itemListElement\":[{\"@type\":\"ListItem\",\"position\":1,\"name\":\"Inicio\",\"item\":\"https:\/\/rucua.com\/\"},{\"@type\":\"ListItem\",\"position\":2,\"name\":\"Tienda\",\"item\":\"https:\/\/rucua.com\/tienda\/\"},{\"@type\":\"ListItem\",\"position\":3,\"name\":\"BX-10 Xtreme Stadium\"}]},{\"@type\":\"WebSite\",\"@id\":\"https:\/\/rucua.com\/ja\/#website\",\"url\":\"https:\/\/rucua.com\/ja\/\",\"name\":\"Rucua\",\"description\":\"\",\"potentialAction\":[{\"@type\":\"SearchAction\",\"target\":{\"@type\":\"EntryPoint\",\"urlTemplate\":\"https:\/\/rucua.com\/ja\/?s={search_term_string}\"},\"query-input\":{\"@type\":\"PropertyValueSpecification\",\"valueRequired\":true,\"valueName\":\"search_term_string\"}}],\"inLanguage\":\"en-USS\"}]}<\/script>\n<meta property=\"product:price:amount\" content=\"1399.00\" \/>\n<meta property=\"product:price:currency\" content=\"MXN\" \/>\n<meta property=\"og:availability\" content=\"backorder\" \/>\n<meta property=\"product:availability\" content=\"available for order\" \/>\n<meta property=\"product:condition\" content=\"new\" \/>\n<!-- \/ Yoast SEO Premium plugin. -->","yoast_head_json":{"title":"BX-10 Xtreme Stadium - Rucua","robots":{"index":"index","follow":"follow","max-snippet":"max-snippet:-1","max-image-preview":"max-image-preview:large","max-video-preview":"max-video-preview:-1"},"canonical":"https:\/\/rucua.com\/en_uss\/tienda\/bx-10-xtreme-stadium\/?wmc-currency=EUR","og_locale":"en_US","og_type":"article","og_title":"BX-10 Xtreme Stadium","og_description":"El\u00a0BX-10 Xtreme Stadium\u00a0es un estadio oficial dise\u00f1ado para llevar tus batallas de Beyblade al m\u00e1ximo nivel. Con un dise\u00f1o amplio y una superficie optimizada, este estadio permite movimientos r\u00e1pidos, giros intensos y batallas emocionantes. Perfecto para torneos, pr\u00e1cticas o partidas casuales, es una adici\u00f3n esencial para cualquier blader que busque mejorar su experiencia de juego.. [&hellip;]","og_url":"https:\/\/rucua.com\/en_uss\/tienda\/bx-10-xtreme-stadium\/?wmc-currency=EUR","og_site_name":"Rucua","article_modified_time":"2026-02-03T21:43:33+00:00","og_image":[{"width":2000,"height":2000,"url":"http:\/\/rucua.com\/wp-content\/uploads\/2024\/11\/11-3.png","type":"image\/png"}],"twitter_card":"summary_large_image","twitter_misc":{"Price":"1,399.00 MXN","Availability":"On backorder"},"schema":{"@context":"https:\/\/schema.org","@graph":[{"@type":"WebPage","@id":"https:\/\/rucua.com\/tienda\/bx-10-xtreme-stadium\/","url":"https:\/\/rucua.com\/tienda\/bx-10-xtreme-stadium\/","name":"BX-10 Xtreme Stadium - Rucua","isPartOf":{"@id":"https:\/\/rucua.com\/ja\/#website"},"primaryImageOfPage":{"@id":"https:\/\/rucua.com\/tienda\/bx-10-xtreme-stadium\/#primaryimage"},"image":{"@id":"https:\/\/rucua.com\/tienda\/bx-10-xtreme-stadium\/#primaryimage"},"thumbnailUrl":"https:\/\/rucua.com\/wp-content\/uploads\/2024\/11\/11-3.png","datePublished":"2024-11-28T20:59:34+00:00","dateModified":"2026-02-03T21:43:33+00:00","breadcrumb":{"@id":"https:\/\/rucua.com\/tienda\/bx-10-xtreme-stadium\/#breadcrumb"},"inLanguage":"en-USS","potentialAction":[{"@type":"ReadAction","target":["https:\/\/rucua.com\/tienda\/bx-10-xtreme-stadium\/"]}]},{"@type":"ImageObject","inLanguage":"en-USS","@id":"https:\/\/rucua.com\/tienda\/bx-10-xtreme-stadium\/#primaryimage","url":"https:\/\/rucua.com\/wp-content\/uploads\/2024\/11\/11-3.png","contentUrl":"https:\/\/rucua.com\/wp-content\/uploads\/2024\/11\/11-3.png","width":2000,"height":2000},{"@type":"BreadcrumbList","@id":"https:\/\/rucua.com\/tienda\/bx-10-xtreme-stadium\/#breadcrumb","itemListElement":[{"@type":"ListItem","position":1,"name":"Inicio","item":"https:\/\/rucua.com\/"},{"@type":"ListItem","position":2,"name":"Tienda","item":"https:\/\/rucua.com\/tienda\/"},{"@type":"ListItem","position":3,"name":"BX-10 Xtreme Stadium"}]},{"@type":"WebSite","@id":"https:\/\/rucua.com\/ja\/#website","url":"https:\/\/rucua.com\/ja\/","name":"Rucua","description":"","potentialAction":[{"@type":"SearchAction","target":{"@type":"EntryPoint","urlTemplate":"https:\/\/rucua.com\/ja\/?s={search_term_string}"},"query-input":{"@type":"PropertyValueSpecification","valueRequired":true,"valueName":"search_term_string"}}],"inLanguage":"en-USS"}]},"product_price_amount":"1399.00","product_price_currency":"MXN","og_availability":"backorder","product_availability":"available for order","product_condition":"new"},"_links":{"self":[{"href":"https:\/\/rucua.com\/en_uss\/wp-json\/wp\/v2\/product\/21018","targetHints":{"allow":["GET"]}}],"collection":[{"href":"https:\/\/rucua.com\/en_uss\/wp-json\/wp\/v2\/product"}],"about":[{"href":"https:\/\/rucua.com\/en_uss\/wp-json\/wp\/v2\/types\/product"}],"replies":[{"embeddable":true,"href":"https:\/\/rucua.com\/en_uss\/wp-json\/wp\/v2\/comments?post=21018"}],"wp:featuredmedia":[{"embeddable":true,"href":"https:\/\/rucua.com\/en_uss\/wp-json\/wp\/v2\/media\/22439"}],"wp:attachment":[{"href":"https:\/\/rucua.com\/en_uss\/wp-json\/wp\/v2\/media?parent=21018"}],"wp:term":[{"taxonomy":"product_brand","embeddable":true,"href":"https:\/\/rucua.com\/en_uss\/wp-json\/wp\/v2\/product_brand?post=21018"},{"taxonomy":"product_cat","embeddable":true,"href":"https:\/\/rucua.com\/en_uss\/wp-json\/wp\/v2\/product_cat?post=21018"},{"taxonomy":"product_tag","embeddable":true,"href":"https:\/\/rucua.com\/en_uss\/wp-json\/wp\/v2\/product_tag?post=21018"}],"curies":[{"name":"wp","href":"https:\/\/api.w.org\/{rel}","templated":true}]}}