{"id":6675,"date":"2022-04-13T02:46:10","date_gmt":"2022-04-13T02:46:10","guid":{"rendered":"https:\/\/demo3.drfuri.com\/motta\/?page_id=13"},"modified":"2025-05-08T05:42:19","modified_gmt":"2025-05-08T05:42:19","slug":"about-us-v1","status":"publish","type":"page","link":"https:\/\/rucua.com\/en_uss\/about-us-v1\/","title":{"rendered":"Nosotros"},"content":{"rendered":"<div data-elementor-type=\"wp-page\" data-elementor-id=\"6675\" class=\"elementor elementor-6675\" data-elementor-post-type=\"page\">\n\t\t\t\t\t\t<section class=\"elementor-section elementor-top-section elementor-element elementor-element-3c70f15b elementor-section-stretched elementor-section-boxed elementor-section-height-default elementor-section-height-default motta-responsive-column motta-tablet-column--default motta-responsive-column motta-mobile-column--default\" data-id=\"3c70f15b\" data-element_type=\"section\" data-settings=\"{&quot;stretch_section&quot;:&quot;section-stretched&quot;,&quot;background_background&quot;:&quot;classic&quot;}\">\n\t\t\t\t\t\t\t<div class=\"elementor-background-overlay\"><\/div>\n\t\t\t\t\t\t\t<div class=\"elementor-container elementor-column-gap-default\">\n\t\t\t\t\t<div class=\"elementor-column elementor-col-100 elementor-top-column elementor-element elementor-element-50f1962c\" data-id=\"50f1962c\" data-element_type=\"column\">\n\t\t\t<div class=\"elementor-widget-wrap elementor-element-populated\">\n\t\t\t\t\t\t<div class=\"elementor-element elementor-element-2c4e185b elementor-widget elementor-widget-motta-heading\" data-id=\"2c4e185b\" data-element_type=\"widget\" data-widget_type=\"motta-heading.default\">\n\t\t\t\t<div class=\"elementor-widget-container\">\n\t\t\t\t\t\t\t<div class=\"motta-heading-elementor motta-heading__button-on\">\n\t\t\t\t<div class=\"motta-heading motta-heading--default\">\n\t\t\t\t\tNosotros\t\t\t\t<\/div>\n\t\t\t\t\t\t\t<\/div>\n\t\t\t\t\t\t<\/div>\n\t\t\t\t<\/div>\n\t\t\t\t<div class=\"elementor-element elementor-element-a6c9ace motta-slides__arrow-position-center-center motta-slides__dots-position-center elementor-widget elementor-widget-motta-slides\" data-id=\"a6c9ace\" data-element_type=\"widget\" data-settings=\"{&quot;slides_to_show&quot;:1,&quot;slides_to_scroll&quot;:1,&quot;effect&quot;:&quot;fade&quot;,&quot;navigation&quot;:&quot;arrows&quot;,&quot;autoplay&quot;:&quot;yes&quot;,&quot;delay&quot;:3000,&quot;autoplay_speed&quot;:1000,&quot;space_between&quot;:{&quot;unit&quot;:&quot;px&quot;,&quot;size&quot;:&quot;&quot;,&quot;sizes&quot;:[]},&quot;space_between_tablet&quot;:{&quot;unit&quot;:&quot;px&quot;,&quot;size&quot;:&quot;&quot;,&quot;sizes&quot;:[]},&quot;space_between_mobile&quot;:{&quot;unit&quot;:&quot;px&quot;,&quot;size&quot;:&quot;&quot;,&quot;sizes&quot;:[]}}\" data-widget_type=\"motta-slides.default\">\n\t\t\t\t<div class=\"elementor-widget-container\">\n\t\t\t\t\t\t\t\t<div class=\"motta-slides-elementor motta-swiper-carousel-elementor motta-swiper-slider-elementor navigation-arrows navigation-tablet-arrows navigation-mobile-arrows\">\n\t\t\t\t<div class=\"motta-slides-elementor__wrapper swiper-container\">\n\t\t\t\t\t<div class=\"motta-slides-elementor__inner swiper-wrapper\">\n\t\t\t\t\t\t\t\t\t\t\t\t\t\t\t<div class=\"elementor-repeater-item-33d2002 item-slider swiper-slide\" data-dots=\"[]\" data-arrow=\"[]\">\n\t\t\t\t\t\t\t\t\t\t<div class=\"slick-slide-inner\">\n\t\t\t\t\t\t\t\t\t\t\t<div class=\"motta-slide__content\">\n\t\t\t\t\t\t\t\t\t\t\t\t\t\t\t\t\t\t\t\t\t\t\t\t\n\t\t\t\t\t\t\t\t\t\t\t\t\n\t\t\t\t\t\t\t\t\t\t\t\t\n\t\t\t\t\t\t\t\t\t\t\t\t\t\t\t\t\t\t\t\t\t\t\t\t<div class=\"motta-slide-button\">\n\t\t\t\t\t\t\t\t\t\t\t\t\t\t\t\t\t\t\t\t\t\t\t\t\t\t\t\t\t\t\t\t\t\t\t\t\t\t<\/div>\n\t\t\t\t\t\t\t\t\t\t\t\t\n\t\t\t\t\t\t\t\t\t\t\t<\/div>\n\n\t\t\t\t\t\t\t\t\t\t\t\t\t\t\t\t\t\t\t\t\t<\/div>\n\t\t\t\t\t\t\t\t\t\t\t\t\t\t\t\t\t\t\t<\/div>\n\t\t\t\t\t\t\t\t\t\t\t\t\t<\/div>\n\t\t\t\t<\/div>\n\t\t\t\t<div class=\"motta-swiper-arrows-inner\">\n\t\t\t\t\t<span class=\"motta-svg-icon motta-svg-icon--left motta-swiper-button-prev swiper-button motta-swiper-button\" ><svg width=\"24\" height=\"24\" aria-hidden=\"true\" role=\"img\" focusable=\"false\" viewbox=\"0 0 32 32\"><path d=\"M20.58 2.58l2.84 2.84-10.6 10.58 10.6 10.58-2.84 2.84-13.4-13.42z\"><\/path><\/svg><\/span><span class=\"motta-svg-icon motta-svg-icon--right motta-swiper-button-next swiper-button motta-swiper-button\" ><svg width=\"24\" height=\"24\" aria-hidden=\"true\" role=\"img\" focusable=\"false\" viewbox=\"0 0 32 32\"><path d=\"M11.42 29.42l-2.84-2.84 10.6-10.58-10.6-10.58 2.84-2.84 13.4 13.42z\"><\/path><\/svg><\/span>\t\t\t\t<\/div>\n\t\t\t\t<div class=\"swiper-pagination\"><\/div>\n\t\t\t<\/div>\n\t\t\t\t\t\t<\/div>\n\t\t\t\t<\/div>\n\t\t\t\t\t<\/div>\n\t\t<\/div>\n\t\t\t\t\t<\/div>\n\t\t<\/section>\n\t\t\t\t<section class=\"elementor-section elementor-top-section elementor-element elementor-element-6eb23444 elementor-section-height-min-height elementor-section-stretched elementor-section-boxed elementor-section-height-default elementor-section-items-middle motta-responsive-column motta-tablet-column--default motta-responsive-column motta-mobile-column--default\" data-id=\"6eb23444\" data-element_type=\"section\" data-settings=\"{&quot;stretch_section&quot;:&quot;section-stretched&quot;,&quot;background_background&quot;:&quot;classic&quot;}\">\n\t\t\t\t\t\t<div class=\"elementor-container elementor-column-gap-default\">\n\t\t\t\t\t<div class=\"elementor-column elementor-col-100 elementor-top-column elementor-element elementor-element-4ef425fb\" data-id=\"4ef425fb\" data-element_type=\"column\">\n\t\t\t<div class=\"elementor-widget-wrap\">\n\t\t\t\t\t\t\t<\/div>\n\t\t<\/div>\n\t\t\t\t\t<\/div>\n\t\t<\/section>\n\t\t\t\t<section class=\"elementor-section elementor-top-section elementor-element elementor-element-657c62af elementor-section-stretched elementor-section-boxed elementor-section-height-default elementor-section-height-default motta-responsive-column motta-tablet-column--default motta-responsive-column motta-mobile-column--default\" data-id=\"657c62af\" data-element_type=\"section\" data-settings=\"{&quot;stretch_section&quot;:&quot;section-stretched&quot;,&quot;background_background&quot;:&quot;classic&quot;}\">\n\t\t\t\t\t\t<div class=\"elementor-container elementor-column-gap-default\">\n\t\t\t\t\t<div class=\"elementor-column elementor-col-20 elementor-top-column elementor-element elementor-element-777f16fe elementor-hidden-tablet elementor-hidden-mobile\" data-id=\"777f16fe\" data-element_type=\"column\">\n\t\t\t<div class=\"elementor-widget-wrap\">\n\t\t\t\t\t\t\t<\/div>\n\t\t<\/div>\n\t\t\t\t<div class=\"elementor-column elementor-col-20 elementor-top-column elementor-element elementor-element-24230d89\" data-id=\"24230d89\" data-element_type=\"column\">\n\t\t\t<div class=\"elementor-widget-wrap elementor-element-populated\">\n\t\t\t\t\t\t<div class=\"elementor-element elementor-element-0e08d8a elementor-widget elementor-widget-image\" data-id=\"0e08d8a\" data-element_type=\"widget\" data-widget_type=\"image.default\">\n\t\t\t\t<div class=\"elementor-widget-container\">\n\t\t\t\t\t\t\t\t\t\t\t\t\t\t\t<img loading=\"lazy\" decoding=\"async\" width=\"1536\" height=\"1152\" src=\"https:\/\/rucua.com\/wp-content\/uploads\/2025\/01\/Dark-monotone-primary-logo-1-1-1536x1152.png\" class=\"attachment-1536x1536 size-1536x1536 wp-image-21466\" alt=\"\" srcset=\"https:\/\/rucua.com\/wp-content\/uploads\/2025\/01\/Dark-monotone-primary-logo-1-1-1536x1152.png 1536w, https:\/\/rucua.com\/wp-content\/uploads\/2025\/01\/Dark-monotone-primary-logo-1-1-600x450.png 600w, https:\/\/rucua.com\/wp-content\/uploads\/2025\/01\/Dark-monotone-primary-logo-1-1-300x225.png 300w, https:\/\/rucua.com\/wp-content\/uploads\/2025\/01\/Dark-monotone-primary-logo-1-1-1024x768.png 1024w, https:\/\/rucua.com\/wp-content\/uploads\/2025\/01\/Dark-monotone-primary-logo-1-1-768x576.png 768w, https:\/\/rucua.com\/wp-content\/uploads\/2025\/01\/Dark-monotone-primary-logo-1-1.png 1949w\" sizes=\"auto, (max-width: 1536px) 100vw, 1536px\" \/>\t\t\t\t\t\t\t\t\t\t\t\t\t\t\t<\/div>\n\t\t\t\t<\/div>\n\t\t\t\t\t<\/div>\n\t\t<\/div>\n\t\t\t\t<div class=\"elementor-column elementor-col-20 elementor-top-column elementor-element elementor-element-4ab11295 elementor-hidden-tablet elementor-hidden-mobile\" data-id=\"4ab11295\" data-element_type=\"column\">\n\t\t\t<div class=\"elementor-widget-wrap\">\n\t\t\t\t\t\t\t<\/div>\n\t\t<\/div>\n\t\t\t\t<div class=\"elementor-column elementor-col-20 elementor-top-column elementor-element elementor-element-665915e5\" data-id=\"665915e5\" data-element_type=\"column\">\n\t\t\t<div class=\"elementor-widget-wrap elementor-element-populated\">\n\t\t\t\t\t\t<div class=\"elementor-element elementor-element-9e67637 elementor-widget elementor-widget-motta-heading\" data-id=\"9e67637\" data-element_type=\"widget\" data-widget_type=\"motta-heading.default\">\n\t\t\t\t<div class=\"elementor-widget-container\">\n\t\t\t\t\t\t\t<div class=\"motta-heading-elementor motta-heading__button-on\">\n\t\t\t\t<h3 class=\"motta-heading motta-heading--default\">\n\t\t\t\t\tLO QUE AMAS DE JAP\u00d3N, AHORA M\u00c1S CERCA DE TI.\t\t\t\t<\/h3>\n\t\t\t\t\t\t\t<\/div>\n\t\t\t\t\t\t<\/div>\n\t\t\t\t<\/div>\n\t\t\t\t<div class=\"elementor-element elementor-element-444708d9 elementor-widget elementor-widget-text-editor\" data-id=\"444708d9\" data-element_type=\"widget\" data-widget_type=\"text-editor.default\">\n\t\t\t\t<div class=\"elementor-widget-container\">\n\t\t\t\t\t\t\t\t\t<p style=\"text-align: center;\">En RUCUA respiramos y vivimos la cultura japonesa, y hemos creado este espacio especialmente para quienes, como nosotros, valoran la autenticidad y exclusividad de los productos nipones.<\/p><p style=\"text-align: center;\">Nacimos de la frustraci\u00f3n de no poder encontrar en M\u00e9xico esos art\u00edculos especiales que tanto amamos, por eso nos dedicamos a importar directamente desde las tiendas oficiales de Jap\u00f3n, seleccionando cuidadosamente cada pieza para garantizar su originalidad y calidad excepcional.<\/p>\t\t\t\t\t\t\t\t<\/div>\n\t\t\t\t<\/div>\n\t\t\t\t\t<\/div>\n\t\t<\/div>\n\t\t\t\t<div class=\"elementor-column elementor-col-20 elementor-top-column elementor-element elementor-element-49e4aeca elementor-hidden-tablet elementor-hidden-mobile\" data-id=\"49e4aeca\" data-element_type=\"column\">\n\t\t\t<div class=\"elementor-widget-wrap\">\n\t\t\t\t\t\t\t<\/div>\n\t\t<\/div>\n\t\t\t\t\t<\/div>\n\t\t<\/section>\n\t\t<div class=\"elementor-element elementor-element-ce85e2e e-flex e-con-boxed e-con e-parent\" data-id=\"ce85e2e\" data-element_type=\"container\">\n\t\t\t\t\t<div class=\"e-con-inner\">\n\t\t<div class=\"elementor-element elementor-element-87a3fdd e-con-full e-flex e-con e-child\" data-id=\"87a3fdd\" data-element_type=\"container\">\n\t\t\t\t<div class=\"elementor-element elementor-element-8873324 elementor-widget elementor-widget-image\" data-id=\"8873324\" data-element_type=\"widget\" data-widget_type=\"image.default\">\n\t\t\t\t<div class=\"elementor-widget-container\">\n\t\t\t\t\t\t\t\t\t\t\t\t\t\t\t<img loading=\"lazy\" decoding=\"async\" width=\"640\" height=\"427\" src=\"https:\/\/rucua.com\/wp-content\/uploads\/2025\/05\/DSC4621-1024x683.jpg\" class=\"attachment-large size-large wp-image-22995\" alt=\"\" srcset=\"https:\/\/rucua.com\/wp-content\/uploads\/2025\/05\/DSC4621-1024x683.jpg 1024w, https:\/\/rucua.com\/wp-content\/uploads\/2025\/05\/DSC4621-scaled-600x400.jpg 600w, https:\/\/rucua.com\/wp-content\/uploads\/2025\/05\/DSC4621-300x200.jpg 300w, https:\/\/rucua.com\/wp-content\/uploads\/2025\/05\/DSC4621-768x512.jpg 768w, https:\/\/rucua.com\/wp-content\/uploads\/2025\/05\/DSC4621-1536x1024.jpg 1536w, https:\/\/rucua.com\/wp-content\/uploads\/2025\/05\/DSC4621-2048x1365.jpg 2048w, https:\/\/rucua.com\/wp-content\/uploads\/2025\/05\/DSC4621-18x12.jpg 18w\" sizes=\"auto, (max-width: 640px) 100vw, 640px\" \/>\t\t\t\t\t\t\t\t\t\t\t\t\t\t\t<\/div>\n\t\t\t\t<\/div>\n\t\t\t\t<\/div>\n\t\t<div class=\"elementor-element elementor-element-ec96874 e-con-full e-flex e-con e-child\" data-id=\"ec96874\" data-element_type=\"container\">\n\t\t\t\t<div class=\"elementor-element elementor-element-52d31d4 elementor-widget elementor-widget-image\" data-id=\"52d31d4\" data-element_type=\"widget\" data-widget_type=\"image.default\">\n\t\t\t\t<div class=\"elementor-widget-container\">\n\t\t\t\t\t\t\t\t\t\t\t\t\t\t\t<img loading=\"lazy\" decoding=\"async\" width=\"640\" height=\"427\" src=\"https:\/\/rucua.com\/wp-content\/uploads\/2025\/05\/DSC4679-1024x683.jpg\" class=\"attachment-large size-large wp-image-22998\" alt=\"\" srcset=\"https:\/\/rucua.com\/wp-content\/uploads\/2025\/05\/DSC4679-1024x683.jpg 1024w, https:\/\/rucua.com\/wp-content\/uploads\/2025\/05\/DSC4679-scaled-600x400.jpg 600w, https:\/\/rucua.com\/wp-content\/uploads\/2025\/05\/DSC4679-300x200.jpg 300w, https:\/\/rucua.com\/wp-content\/uploads\/2025\/05\/DSC4679-768x512.jpg 768w, https:\/\/rucua.com\/wp-content\/uploads\/2025\/05\/DSC4679-1536x1024.jpg 1536w, https:\/\/rucua.com\/wp-content\/uploads\/2025\/05\/DSC4679-2048x1365.jpg 2048w, https:\/\/rucua.com\/wp-content\/uploads\/2025\/05\/DSC4679-18x12.jpg 18w\" sizes=\"auto, (max-width: 640px) 100vw, 640px\" \/>\t\t\t\t\t\t\t\t\t\t\t\t\t\t\t<\/div>\n\t\t\t\t<\/div>\n\t\t\t\t<\/div>\n\t\t\t\t\t<\/div>\n\t\t\t\t<\/div>\n\t\t\t\t<section class=\"elementor-section elementor-top-section elementor-element elementor-element-216b529f elementor-section-boxed elementor-section-height-default elementor-section-height-default motta-responsive-column motta-tablet-column--default motta-responsive-column motta-mobile-column--default\" data-id=\"216b529f\" data-element_type=\"section\">\n\t\t\t\t\t\t<div class=\"elementor-container elementor-column-gap-default\">\n\t\t\t\t\t<div class=\"elementor-column elementor-col-100 elementor-top-column elementor-element elementor-element-3064f567\" data-id=\"3064f567\" data-element_type=\"column\">\n\t\t\t<div class=\"elementor-widget-wrap elementor-element-populated\">\n\t\t\t\t\t\t<div class=\"elementor-element elementor-element-6e306c2 elementor-widget elementor-widget-motta-heading\" data-id=\"6e306c2\" data-element_type=\"widget\" data-widget_type=\"motta-heading.default\">\n\t\t\t\t<div class=\"elementor-widget-container\">\n\t\t\t\t\t\t\t<div class=\"motta-heading-elementor motta-heading__button-on\">\n\t\t\t\t<p class=\"motta-heading motta-heading--default\">\n\t\t\t\t\tCREACI\u00d3N E INSPIRACI\u00d3N\t\t\t\t<\/p>\n\t\t\t\t\t\t\t<\/div>\n\t\t\t\t\t\t<\/div>\n\t\t\t\t<\/div>\n\t\t\t\t<div class=\"elementor-element elementor-element-202795d1 elementor-widget elementor-widget-motta-heading\" data-id=\"202795d1\" data-element_type=\"widget\" data-widget_type=\"motta-heading.default\">\n\t\t\t\t<div class=\"elementor-widget-container\">\n\t\t\t\t\t\t\t<div class=\"motta-heading-elementor motta-heading__button-on\">\n\t\t\t\t<h2 class=\"motta-heading motta-heading--default\">\n\t\t\t\t\tCreamos dise\u00f1os propios para brindarte una experiencia completa de los productos y la vida en Jap\u00f3n\t\t\t\t<\/h2>\n\t\t\t\t\t\t\t<\/div>\n\t\t\t\t\t\t<\/div>\n\t\t\t\t<\/div>\n\t\t\t\t\t<\/div>\n\t\t<\/div>\n\t\t\t\t\t<\/div>\n\t\t<\/section>\n\t\t\t\t<section class=\"elementor-section elementor-top-section elementor-element elementor-element-535b4574 elementor-section-boxed elementor-section-height-default elementor-section-height-default motta-responsive-column motta-tablet-column--default motta-responsive-column motta-mobile-column--default\" data-id=\"535b4574\" data-element_type=\"section\">\n\t\t\t\t\t\t<div class=\"elementor-container elementor-column-gap-default\">\n\t\t\t\t\t<div class=\"elementor-column elementor-col-50 elementor-top-column elementor-element elementor-element-72593dd9\" data-id=\"72593dd9\" data-element_type=\"column\">\n\t\t\t<div class=\"elementor-widget-wrap elementor-element-populated\">\n\t\t\t\t\t\t<div class=\"elementor-element elementor-element-1ae6274 elementor-widget elementor-widget-text-editor\" data-id=\"1ae6274\" data-element_type=\"widget\" data-widget_type=\"text-editor.default\">\n\t\t\t\t<div class=\"elementor-widget-container\">\n\t\t\t\t\t\t\t\t\t<p style=\"text-align: justify;\">Adem\u00e1s, creamos dise\u00f1os propios para brindarte una experiencia completa de los productos y la vida en Jap\u00f3n, acerc\u00e1ndote a su est\u00e9tica y tradici\u00f3n de manera \u00fanica. Ya sea que busques un art\u00edculo de colecci\u00f3n, un regalo especial o un detalle que refleje tu amor por Jap\u00f3n, en nuestra tienda encontrar\u00e1s productos que cumplen con los m\u00e1s altos est\u00e1ndares de calidad.\u00a0<\/p><p style=\"text-align: justify;\">Te invitamos a explorar nuestro cat\u00e1logo y disfrutar de un pedazo de Jap\u00f3n, entregado con todo nuestro cari\u00f1o directamente hasta tu puerta.<\/p>\t\t\t\t\t\t\t\t<\/div>\n\t\t\t\t<\/div>\n\t\t\t\t\t<\/div>\n\t\t<\/div>\n\t\t\t\t<div class=\"elementor-column elementor-col-50 elementor-top-column elementor-element elementor-element-2c36898a\" data-id=\"2c36898a\" data-element_type=\"column\">\n\t\t\t<div class=\"elementor-widget-wrap elementor-element-populated\">\n\t\t\t\t\t\t<div class=\"elementor-element elementor-element-d244eb5 elementor-widget elementor-widget-video\" data-id=\"d244eb5\" data-element_type=\"widget\" data-settings=\"{&quot;video_type&quot;:&quot;hosted&quot;,&quot;autoplay&quot;:&quot;yes&quot;,&quot;play_on_mobile&quot;:&quot;yes&quot;,&quot;loop&quot;:&quot;yes&quot;,&quot;controls&quot;:&quot;yes&quot;}\" data-widget_type=\"video.default\">\n\t\t\t\t<div class=\"elementor-widget-container\">\n\t\t\t\t\t\t\t<div class=\"e-hosted-video elementor-wrapper elementor-open-inline\">\n\t\t\t\t\t<video class=\"elementor-video\" src=\"http:\/\/rucua.com\/wp-content\/uploads\/2025\/05\/Stop-Motion-Final-1.0.mp4\" autoplay=\"\" loop=\"\" controls=\"\" playsinline=\"\" controlslist=\"nodownload\"><\/video>\n\t\t\t\t<\/div>\n\t\t\t\t\t\t<\/div>\n\t\t\t\t<\/div>\n\t\t\t\t\t<\/div>\n\t\t<\/div>\n\t\t\t\t\t<\/div>\n\t\t<\/section>\n\t\t\t\t<\/div>","protected":false},"excerpt":{"rendered":"<p>Nosotros LO QUE AMAS DE JAP\u00d3N, AHORA M\u00c1S CERCA DE TI. En RUCUA respiramos y vivimos la cultura japonesa, y hemos creado este espacio especialmente para quienes, como nosotros, valoran la autenticidad y exclusividad de los productos nipones. Nacimos de la frustraci\u00f3n de no poder encontrar en M\u00e9xico esos art\u00edculos especiales que tanto amamos, por [&hellip;]<\/p>","protected":false},"author":1,"featured_media":0,"parent":0,"menu_order":0,"comment_status":"closed","ping_status":"closed","template":"","meta":{"footnotes":""},"class_list":["post-6675","page","type-page","status-publish","hentry"],"yoast_head":"<!-- This site is optimized with the Yoast SEO Premium plugin v26.4 (Yoast SEO v26.4) - https:\/\/yoast.com\/wordpress\/plugins\/seo\/ -->\n<title>Nosotros - Rucua<\/title>\n<meta name=\"robots\" content=\"index, follow, max-snippet:-1, max-image-preview:large, max-video-preview:-1\" \/>\n<link rel=\"canonical\" href=\"https:\/\/rucua.com\/en_uss\/about-us-v1\/?wmc-currency=EUR\" \/>\n<meta property=\"og:locale\" content=\"en_US\" \/>\n<meta property=\"og:type\" content=\"article\" \/>\n<meta property=\"og:title\" content=\"Nosotros\" \/>\n<meta property=\"og:description\" content=\"Nosotros LO QUE AMAS DE JAP\u00d3N, AHORA M\u00c1S CERCA DE TI. En RUCUA respiramos y vivimos la cultura japonesa, y hemos creado este espacio especialmente para quienes, como nosotros, valoran la autenticidad y exclusividad de los productos nipones. Nacimos de la frustraci\u00f3n de no poder encontrar en M\u00e9xico esos art\u00edculos especiales que tanto amamos, por [&hellip;]\" \/>\n<meta property=\"og:url\" content=\"https:\/\/rucua.com\/en_uss\/about-us-v1\/?wmc-currency=EUR\" \/>\n<meta property=\"og:site_name\" content=\"Rucua\" \/>\n<meta property=\"article:modified_time\" content=\"2025-05-08T05:42:19+00:00\" \/>\n<meta property=\"og:image\" content=\"http:\/\/rucua.com\/wp-content\/uploads\/2025\/01\/Dark-monotone-primary-logo-1-1-1536x1152.png\" \/>\n<meta name=\"twitter:card\" content=\"summary_large_image\" \/>\n<meta name=\"twitter:label1\" content=\"Est. reading time\" \/>\n\t<meta name=\"twitter:data1\" content=\"1 minute\" \/>\n<script type=\"application\/ld+json\" class=\"yoast-schema-graph\">{\"@context\":\"https:\/\/schema.org\",\"@graph\":[{\"@type\":\"WebPage\",\"@id\":\"https:\/\/rucua.com\/about-us-v1\/\",\"url\":\"https:\/\/rucua.com\/about-us-v1\/\",\"name\":\"Nosotros - Rucua\",\"isPartOf\":{\"@id\":\"https:\/\/rucua.com\/ja\/#website\"},\"primaryImageOfPage\":{\"@id\":\"https:\/\/rucua.com\/about-us-v1\/#primaryimage\"},\"image\":{\"@id\":\"https:\/\/rucua.com\/about-us-v1\/#primaryimage\"},\"thumbnailUrl\":\"http:\/\/rucua.com\/wp-content\/uploads\/2025\/01\/Dark-monotone-primary-logo-1-1-1536x1152.png\",\"datePublished\":\"2022-04-13T02:46:10+00:00\",\"dateModified\":\"2025-05-08T05:42:19+00:00\",\"breadcrumb\":{\"@id\":\"https:\/\/rucua.com\/about-us-v1\/#breadcrumb\"},\"inLanguage\":\"en-USS\",\"potentialAction\":[{\"@type\":\"ReadAction\",\"target\":[\"https:\/\/rucua.com\/about-us-v1\/\"]}]},{\"@type\":\"ImageObject\",\"inLanguage\":\"en-USS\",\"@id\":\"https:\/\/rucua.com\/about-us-v1\/#primaryimage\",\"url\":\"http:\/\/rucua.com\/wp-content\/uploads\/2025\/01\/Dark-monotone-primary-logo-1-1-1536x1152.png\",\"contentUrl\":\"http:\/\/rucua.com\/wp-content\/uploads\/2025\/01\/Dark-monotone-primary-logo-1-1-1536x1152.png\"},{\"@type\":\"BreadcrumbList\",\"@id\":\"https:\/\/rucua.com\/about-us-v1\/#breadcrumb\",\"itemListElement\":[{\"@type\":\"ListItem\",\"position\":1,\"name\":\"Inicio\",\"item\":\"https:\/\/rucua.com\/\"},{\"@type\":\"ListItem\",\"position\":2,\"name\":\"Nosotros\"}]},{\"@type\":\"WebSite\",\"@id\":\"https:\/\/rucua.com\/ja\/#website\",\"url\":\"https:\/\/rucua.com\/ja\/\",\"name\":\"Rucua\",\"description\":\"\",\"potentialAction\":[{\"@type\":\"SearchAction\",\"target\":{\"@type\":\"EntryPoint\",\"urlTemplate\":\"https:\/\/rucua.com\/ja\/?s={search_term_string}\"},\"query-input\":{\"@type\":\"PropertyValueSpecification\",\"valueRequired\":true,\"valueName\":\"search_term_string\"}}],\"inLanguage\":\"en-USS\"}]}<\/script>\n<!-- \/ Yoast SEO Premium plugin. -->","yoast_head_json":{"title":"Nosotros - Rucua","robots":{"index":"index","follow":"follow","max-snippet":"max-snippet:-1","max-image-preview":"max-image-preview:large","max-video-preview":"max-video-preview:-1"},"canonical":"https:\/\/rucua.com\/en_uss\/about-us-v1\/?wmc-currency=EUR","og_locale":"en_US","og_type":"article","og_title":"Nosotros","og_description":"Nosotros LO QUE AMAS DE JAP\u00d3N, AHORA M\u00c1S CERCA DE TI. En RUCUA respiramos y vivimos la cultura japonesa, y hemos creado este espacio especialmente para quienes, como nosotros, valoran la autenticidad y exclusividad de los productos nipones. Nacimos de la frustraci\u00f3n de no poder encontrar en M\u00e9xico esos art\u00edculos especiales que tanto amamos, por [&hellip;]","og_url":"https:\/\/rucua.com\/en_uss\/about-us-v1\/?wmc-currency=EUR","og_site_name":"Rucua","article_modified_time":"2025-05-08T05:42:19+00:00","og_image":[{"url":"http:\/\/rucua.com\/wp-content\/uploads\/2025\/01\/Dark-monotone-primary-logo-1-1-1536x1152.png","type":"","width":"","height":""}],"twitter_card":"summary_large_image","twitter_misc":{"Est. reading time":"1 minute"},"schema":{"@context":"https:\/\/schema.org","@graph":[{"@type":"WebPage","@id":"https:\/\/rucua.com\/about-us-v1\/","url":"https:\/\/rucua.com\/about-us-v1\/","name":"Nosotros - Rucua","isPartOf":{"@id":"https:\/\/rucua.com\/ja\/#website"},"primaryImageOfPage":{"@id":"https:\/\/rucua.com\/about-us-v1\/#primaryimage"},"image":{"@id":"https:\/\/rucua.com\/about-us-v1\/#primaryimage"},"thumbnailUrl":"http:\/\/rucua.com\/wp-content\/uploads\/2025\/01\/Dark-monotone-primary-logo-1-1-1536x1152.png","datePublished":"2022-04-13T02:46:10+00:00","dateModified":"2025-05-08T05:42:19+00:00","breadcrumb":{"@id":"https:\/\/rucua.com\/about-us-v1\/#breadcrumb"},"inLanguage":"en-USS","potentialAction":[{"@type":"ReadAction","target":["https:\/\/rucua.com\/about-us-v1\/"]}]},{"@type":"ImageObject","inLanguage":"en-USS","@id":"https:\/\/rucua.com\/about-us-v1\/#primaryimage","url":"http:\/\/rucua.com\/wp-content\/uploads\/2025\/01\/Dark-monotone-primary-logo-1-1-1536x1152.png","contentUrl":"http:\/\/rucua.com\/wp-content\/uploads\/2025\/01\/Dark-monotone-primary-logo-1-1-1536x1152.png"},{"@type":"BreadcrumbList","@id":"https:\/\/rucua.com\/about-us-v1\/#breadcrumb","itemListElement":[{"@type":"ListItem","position":1,"name":"Inicio","item":"https:\/\/rucua.com\/"},{"@type":"ListItem","position":2,"name":"Nosotros"}]},{"@type":"WebSite","@id":"https:\/\/rucua.com\/ja\/#website","url":"https:\/\/rucua.com\/ja\/","name":"Rucua","description":"","potentialAction":[{"@type":"SearchAction","target":{"@type":"EntryPoint","urlTemplate":"https:\/\/rucua.com\/ja\/?s={search_term_string}"},"query-input":{"@type":"PropertyValueSpecification","valueRequired":true,"valueName":"search_term_string"}}],"inLanguage":"en-USS"}]}},"_links":{"self":[{"href":"https:\/\/rucua.com\/en_uss\/wp-json\/wp\/v2\/pages\/6675","targetHints":{"allow":["GET"]}}],"collection":[{"href":"https:\/\/rucua.com\/en_uss\/wp-json\/wp\/v2\/pages"}],"about":[{"href":"https:\/\/rucua.com\/en_uss\/wp-json\/wp\/v2\/types\/page"}],"author":[{"embeddable":true,"href":"https:\/\/rucua.com\/en_uss\/wp-json\/wp\/v2\/users\/1"}],"replies":[{"embeddable":true,"href":"https:\/\/rucua.com\/en_uss\/wp-json\/wp\/v2\/comments?post=6675"}],"version-history":[{"count":0,"href":"https:\/\/rucua.com\/en_uss\/wp-json\/wp\/v2\/pages\/6675\/revisions"}],"wp:attachment":[{"href":"https:\/\/rucua.com\/en_uss\/wp-json\/wp\/v2\/media?parent=6675"}],"curies":[{"name":"wp","href":"https:\/\/api.w.org\/{rel}","templated":true}]}}