{"id":24425,"date":"2026-02-28T21:58:14","date_gmt":"2026-02-28T21:58:14","guid":{"rendered":"https:\/\/rucua.com\/?post_type=product&#038;p=24425"},"modified":"2026-03-20T22:12:19","modified_gmt":"2026-03-20T22:12:19","slug":"cx-15-ragna-rage-fe4-55y","status":"publish","type":"product","link":"https:\/\/rucua.com\/en\/tienda\/cx-15-ragna-rage-fe4-55y\/","title":{"rendered":"CX-15 Ragna Rage FE4-55Y"},"content":{"rendered":"<p class=\"p1\"><b>\ud835\udde3\ud835\udde5\ud835\uddd8<\/b><span class=\"s1\"><b>VENTA<\/b><\/span> | <span class=\"s1\">\ud835\uddd8\ud835\uddfb\ud835\ude03\ud835\uddf6\u0301\ud835\uddfc<\/span> <span class=\"s1\">\ud835\uddf1\ud835\uddf2\ud835\ude00\ud835\uddf1\ud835\uddf2<\/span> <span class=\"s1\">\ud835\udddd\ud835\uddee\ud835\uddfd\ud835\uddfc\u0301\ud835\uddfb<\/span><strong> (2-3 <\/strong><span class=\"s1\"><strong>\ud835\ude00\ud835\uddf2<\/strong>\ud835\uddfa\ud835\uddee\ud835\uddfb\ud835\uddee\ud835\ude00<\/span>)<br \/>\n\u00a1Garantiza tu <strong><em>CX-15 Ragna Rage FE4-55Y<\/em><\/strong>\u00a0antes de que se agote! Este art\u00edculo se importa directamente desde Jap\u00f3n en lotes limitados para asegurar autenticidad y el mejor precio.<\/p>\n<p class=\"p1\"><span style=\"color: #ff0000;\"><em>Fecha de lanzamiento en Jap\u00f3n:<strong> Marzo 28, 2026.<\/strong><\/em><\/span><\/p>\n<p>El <b data-path-to-node=\"4\" data-index-in-node=\"53\">CX-15 Ragna Rage FE4-55Y<\/b> marca el retorno de una de las l\u00edneas de Resistencia (<i data-path-to-node=\"4\" data-index-in-node=\"132\">Stamina<\/i>) m\u00e1s ic\u00f3nicas. Su ventaja mec\u00e1nica radica en su impresionante aerodin\u00e1mica modular de cuatro capas. <span class=\"citation-120\">Mientras el <\/span><span class=\"citation-120\">Lock Chip<\/span><span class=\"citation-120\">\u00a0asegura la integridad, el <\/span><span class=\"citation-120\">Over Blade<\/span><span class=\"citation-120\">, el <\/span><span class=\"citation-120\">Metal Blade<\/span><span class=\"citation-120\">\u00a0y el <\/span><span class=\"citation-120\">Assist Blade<\/span><span class=\"citation-120 citation-end-120\">\u00a0se combinan para crear un contorno fluido que minimiza la fricci\u00f3n del aire.<\/span> Montado sobre el Ratchet para un centro de gravedad estable, y finalizado con el Bit, este combo est\u00e1 optimizado para adue\u00f1arse del centro del estadio y girar hasta el \u00faltimo segundo.<\/p>\n<p><b>Producto 100% original japon\u00e9s (Takara Tomy)<\/b> \u2013 Calidad premium, dise\u00f1o exclusivo, rendimiento real.<\/p>\n<p><strong>Detalles del producto<\/strong>: Lock Chip(1), Over Blade(1), Metal Blade(1), Assist Blade(1), Ratchet(1), Bit(1), Manual de Instrucciones(1), Beycode(1).<\/p>","protected":false},"excerpt":{"rendered":"<p>\ud835\udde3\ud835\udde5\ud835\uddd8VENTA | \ud835\uddd8\ud835\uddfb\ud835\ude03\ud835\uddf6\u0301\ud835\uddfc \ud835\uddf1\ud835\uddf2\ud835\ude00\ud835\uddf1\ud835\uddf2 \ud835\udddd\ud835\uddee\ud835\uddfd\ud835\uddfc\u0301\ud835\uddfb (2-3 \ud835\ude00\ud835\uddf2\ud835\uddfa\ud835\uddee\ud835\uddfb\ud835\uddee\ud835\ude00) \u00a1Garantiza tu CX-15 Ragna Rage FE4-55Y\u00a0antes de que se agote! Este art\u00edculo se importa directamente desde Jap\u00f3n en lotes limitados para asegurar autenticidad y el mejor precio. Fecha de lanzamiento en Jap\u00f3n: Marzo 28, 2026. El CX-15 Ragna Rage FE4-55Y marca el retorno de una de las l\u00edneas [&hellip;]<\/p>","protected":false},"featured_media":24466,"comment_status":"open","ping_status":"closed","template":"","meta":[],"product_brand":[],"product_cat":[419,448],"product_tag":[439],"class_list":{"0":"post-24425","1":"product","2":"type-product","3":"status-publish","4":"has-post-thumbnail","6":"product_cat-boosters-y-sets","7":"product_cat-preventas","8":"product_tag-lo-nuevo","10":"first","11":"onbackorder","12":"shipping-taxable","13":"purchasable","14":"product-type-simple"},"yoast_head":"<!-- This site is optimized with the Yoast SEO Premium plugin v26.4 (Yoast SEO v26.4) - https:\/\/yoast.com\/wordpress\/plugins\/seo\/ -->\n<title>CX-15 Ragna Rage FE4-55Y - Rucua<\/title>\n<meta name=\"robots\" content=\"index, follow, max-snippet:-1, max-image-preview:large, max-video-preview:-1\" \/>\n<link rel=\"canonical\" href=\"https:\/\/rucua.com\/en\/tienda\/cx-15-ragna-rage-fe4-55y\/?wmc-currency=USD\" \/>\n<meta property=\"og:locale\" content=\"en_US\" \/>\n<meta property=\"og:type\" content=\"article\" \/>\n<meta property=\"og:title\" content=\"CX-15 Ragna Rage FE4-55Y\" \/>\n<meta property=\"og:description\" content=\"\ud835\udde3\ud835\udde5\ud835\uddd8VENTA | \ud835\uddd8\ud835\uddfb\ud835\ude03\ud835\uddf6\u0301\ud835\uddfc \ud835\uddf1\ud835\uddf2\ud835\ude00\ud835\uddf1\ud835\uddf2 \ud835\udddd\ud835\uddee\ud835\uddfd\ud835\uddfc\u0301\ud835\uddfb (2-3 \ud835\ude00\ud835\uddf2\ud835\uddfa\ud835\uddee\ud835\uddfb\ud835\uddee\ud835\ude00) \u00a1Garantiza tu CX-15 Ragna Rage FE4-55Y\u00a0antes de que se agote! Este art\u00edculo se importa directamente desde Jap\u00f3n en lotes limitados para asegurar autenticidad y el mejor precio. Fecha de lanzamiento en Jap\u00f3n: Marzo 28, 2026. El CX-15 Ragna Rage FE4-55Y marca el retorno de una de las l\u00edneas [&hellip;]\" \/>\n<meta property=\"og:url\" content=\"https:\/\/rucua.com\/en\/tienda\/cx-15-ragna-rage-fe4-55y\/?wmc-currency=USD\" \/>\n<meta property=\"og:site_name\" content=\"Rucua\" \/>\n<meta property=\"article:modified_time\" content=\"2026-03-20T22:12:19+00:00\" \/>\n<meta property=\"og:image\" content=\"http:\/\/rucua.com\/wp-content\/uploads\/2026\/02\/27-1.png\" \/>\n\t<meta property=\"og:image:width\" content=\"1000\" \/>\n\t<meta property=\"og:image:height\" content=\"1000\" \/>\n\t<meta property=\"og:image:type\" content=\"image\/png\" \/>\n<meta name=\"twitter:card\" content=\"summary_large_image\" \/>\n<meta name=\"twitter:label1\" content=\"Price\" \/>\n\t<meta name=\"twitter:data1\" content=\"559.00 MXN\" \/>\n\t<meta name=\"twitter:label2\" content=\"Availability\" \/>\n\t<meta name=\"twitter:data2\" content=\"On backorder\" \/>\n<script type=\"application\/ld+json\" class=\"yoast-schema-graph\">{\"@context\":\"https:\/\/schema.org\",\"@graph\":[{\"@type\":\"WebPage\",\"@id\":\"https:\/\/rucua.com\/tienda\/cx-15-ragna-rage-fe4-55y\/\",\"url\":\"https:\/\/rucua.com\/tienda\/cx-15-ragna-rage-fe4-55y\/\",\"name\":\"CX-15 Ragna Rage FE4-55Y - Rucua\",\"isPartOf\":{\"@id\":\"https:\/\/rucua.com\/ja\/#website\"},\"primaryImageOfPage\":{\"@id\":\"https:\/\/rucua.com\/tienda\/cx-15-ragna-rage-fe4-55y\/#primaryimage\"},\"image\":{\"@id\":\"https:\/\/rucua.com\/tienda\/cx-15-ragna-rage-fe4-55y\/#primaryimage\"},\"thumbnailUrl\":\"https:\/\/rucua.com\/wp-content\/uploads\/2026\/02\/27-1.png\",\"datePublished\":\"2026-02-28T21:58:14+00:00\",\"dateModified\":\"2026-03-20T22:12:19+00:00\",\"breadcrumb\":{\"@id\":\"https:\/\/rucua.com\/tienda\/cx-15-ragna-rage-fe4-55y\/#breadcrumb\"},\"inLanguage\":\"en-US\",\"potentialAction\":[{\"@type\":\"ReadAction\",\"target\":[\"https:\/\/rucua.com\/tienda\/cx-15-ragna-rage-fe4-55y\/\"]}]},{\"@type\":\"ImageObject\",\"inLanguage\":\"en-US\",\"@id\":\"https:\/\/rucua.com\/tienda\/cx-15-ragna-rage-fe4-55y\/#primaryimage\",\"url\":\"https:\/\/rucua.com\/wp-content\/uploads\/2026\/02\/27-1.png\",\"contentUrl\":\"https:\/\/rucua.com\/wp-content\/uploads\/2026\/02\/27-1.png\",\"width\":1000,\"height\":1000},{\"@type\":\"BreadcrumbList\",\"@id\":\"https:\/\/rucua.com\/tienda\/cx-15-ragna-rage-fe4-55y\/#breadcrumb\",\"itemListElement\":[{\"@type\":\"ListItem\",\"position\":1,\"name\":\"Inicio\",\"item\":\"https:\/\/rucua.com\/\"},{\"@type\":\"ListItem\",\"position\":2,\"name\":\"Tienda\",\"item\":\"https:\/\/rucua.com\/tienda\/\"},{\"@type\":\"ListItem\",\"position\":3,\"name\":\"CX-15 Ragna Rage FE4-55Y\"}]},{\"@type\":\"WebSite\",\"@id\":\"https:\/\/rucua.com\/ja\/#website\",\"url\":\"https:\/\/rucua.com\/ja\/\",\"name\":\"Rucua\",\"description\":\"\",\"potentialAction\":[{\"@type\":\"SearchAction\",\"target\":{\"@type\":\"EntryPoint\",\"urlTemplate\":\"https:\/\/rucua.com\/ja\/?s={search_term_string}\"},\"query-input\":{\"@type\":\"PropertyValueSpecification\",\"valueRequired\":true,\"valueName\":\"search_term_string\"}}],\"inLanguage\":\"en-US\"}]}<\/script>\n<meta property=\"product:price:amount\" content=\"559.00\" \/>\n<meta property=\"product:price:currency\" content=\"MXN\" \/>\n<meta property=\"og:availability\" content=\"backorder\" \/>\n<meta property=\"product:availability\" content=\"available for order\" \/>\n<meta property=\"product:condition\" content=\"new\" \/>\n<!-- \/ Yoast SEO Premium plugin. -->","yoast_head_json":{"title":"CX-15 Ragna Rage FE4-55Y - Rucua","robots":{"index":"index","follow":"follow","max-snippet":"max-snippet:-1","max-image-preview":"max-image-preview:large","max-video-preview":"max-video-preview:-1"},"canonical":"https:\/\/rucua.com\/en\/tienda\/cx-15-ragna-rage-fe4-55y\/?wmc-currency=USD","og_locale":"en_US","og_type":"article","og_title":"CX-15 Ragna Rage FE4-55Y","og_description":"\ud835\udde3\ud835\udde5\ud835\uddd8VENTA | \ud835\uddd8\ud835\uddfb\ud835\ude03\ud835\uddf6\u0301\ud835\uddfc \ud835\uddf1\ud835\uddf2\ud835\ude00\ud835\uddf1\ud835\uddf2 \ud835\udddd\ud835\uddee\ud835\uddfd\ud835\uddfc\u0301\ud835\uddfb (2-3 \ud835\ude00\ud835\uddf2\ud835\uddfa\ud835\uddee\ud835\uddfb\ud835\uddee\ud835\ude00) \u00a1Garantiza tu CX-15 Ragna Rage FE4-55Y\u00a0antes de que se agote! Este art\u00edculo se importa directamente desde Jap\u00f3n en lotes limitados para asegurar autenticidad y el mejor precio. Fecha de lanzamiento en Jap\u00f3n: Marzo 28, 2026. El CX-15 Ragna Rage FE4-55Y marca el retorno de una de las l\u00edneas [&hellip;]","og_url":"https:\/\/rucua.com\/en\/tienda\/cx-15-ragna-rage-fe4-55y\/?wmc-currency=USD","og_site_name":"Rucua","article_modified_time":"2026-03-20T22:12:19+00:00","og_image":[{"width":1000,"height":1000,"url":"http:\/\/rucua.com\/wp-content\/uploads\/2026\/02\/27-1.png","type":"image\/png"}],"twitter_card":"summary_large_image","twitter_misc":{"Price":"559.00 MXN","Availability":"On backorder"},"schema":{"@context":"https:\/\/schema.org","@graph":[{"@type":"WebPage","@id":"https:\/\/rucua.com\/tienda\/cx-15-ragna-rage-fe4-55y\/","url":"https:\/\/rucua.com\/tienda\/cx-15-ragna-rage-fe4-55y\/","name":"CX-15 Ragna Rage FE4-55Y - Rucua","isPartOf":{"@id":"https:\/\/rucua.com\/ja\/#website"},"primaryImageOfPage":{"@id":"https:\/\/rucua.com\/tienda\/cx-15-ragna-rage-fe4-55y\/#primaryimage"},"image":{"@id":"https:\/\/rucua.com\/tienda\/cx-15-ragna-rage-fe4-55y\/#primaryimage"},"thumbnailUrl":"https:\/\/rucua.com\/wp-content\/uploads\/2026\/02\/27-1.png","datePublished":"2026-02-28T21:58:14+00:00","dateModified":"2026-03-20T22:12:19+00:00","breadcrumb":{"@id":"https:\/\/rucua.com\/tienda\/cx-15-ragna-rage-fe4-55y\/#breadcrumb"},"inLanguage":"en-US","potentialAction":[{"@type":"ReadAction","target":["https:\/\/rucua.com\/tienda\/cx-15-ragna-rage-fe4-55y\/"]}]},{"@type":"ImageObject","inLanguage":"en-US","@id":"https:\/\/rucua.com\/tienda\/cx-15-ragna-rage-fe4-55y\/#primaryimage","url":"https:\/\/rucua.com\/wp-content\/uploads\/2026\/02\/27-1.png","contentUrl":"https:\/\/rucua.com\/wp-content\/uploads\/2026\/02\/27-1.png","width":1000,"height":1000},{"@type":"BreadcrumbList","@id":"https:\/\/rucua.com\/tienda\/cx-15-ragna-rage-fe4-55y\/#breadcrumb","itemListElement":[{"@type":"ListItem","position":1,"name":"Inicio","item":"https:\/\/rucua.com\/"},{"@type":"ListItem","position":2,"name":"Tienda","item":"https:\/\/rucua.com\/tienda\/"},{"@type":"ListItem","position":3,"name":"CX-15 Ragna Rage FE4-55Y"}]},{"@type":"WebSite","@id":"https:\/\/rucua.com\/ja\/#website","url":"https:\/\/rucua.com\/ja\/","name":"Rucua","description":"","potentialAction":[{"@type":"SearchAction","target":{"@type":"EntryPoint","urlTemplate":"https:\/\/rucua.com\/ja\/?s={search_term_string}"},"query-input":{"@type":"PropertyValueSpecification","valueRequired":true,"valueName":"search_term_string"}}],"inLanguage":"en-US"}]},"product_price_amount":"559.00","product_price_currency":"MXN","og_availability":"backorder","product_availability":"available for order","product_condition":"new"},"_links":{"self":[{"href":"https:\/\/rucua.com\/en\/wp-json\/wp\/v2\/product\/24425","targetHints":{"allow":["GET"]}}],"collection":[{"href":"https:\/\/rucua.com\/en\/wp-json\/wp\/v2\/product"}],"about":[{"href":"https:\/\/rucua.com\/en\/wp-json\/wp\/v2\/types\/product"}],"replies":[{"embeddable":true,"href":"https:\/\/rucua.com\/en\/wp-json\/wp\/v2\/comments?post=24425"}],"wp:featuredmedia":[{"embeddable":true,"href":"https:\/\/rucua.com\/en\/wp-json\/wp\/v2\/media\/24466"}],"wp:attachment":[{"href":"https:\/\/rucua.com\/en\/wp-json\/wp\/v2\/media?parent=24425"}],"wp:term":[{"taxonomy":"product_brand","embeddable":true,"href":"https:\/\/rucua.com\/en\/wp-json\/wp\/v2\/product_brand?post=24425"},{"taxonomy":"product_cat","embeddable":true,"href":"https:\/\/rucua.com\/en\/wp-json\/wp\/v2\/product_cat?post=24425"},{"taxonomy":"product_tag","embeddable":true,"href":"https:\/\/rucua.com\/en\/wp-json\/wp\/v2\/product_tag?post=24425"}],"curies":[{"name":"wp","href":"https:\/\/api.w.org\/{rel}","templated":true}]}}