{"id":23113,"date":"2025-05-10T16:29:50","date_gmt":"2025-05-10T16:29:50","guid":{"rendered":"https:\/\/rucua.com\/?post_type=product&#038;p=23113"},"modified":"2026-01-31T18:02:17","modified_gmt":"2026-01-31T18:02:17","slug":"portafolio-multi-estratega","status":"publish","type":"product","link":"https:\/\/rucua.com\/en\/tienda\/portafolio-multi-estratega\/","title":{"rendered":"Portafolio Multi Estratega"},"content":{"rendered":"<h5 class=\"ds-markdown-paragraph\"><strong>Desde tus primeros Beyblades hasta tus rarezas m\u00e1s valiosas, todos tienen su lugar aqu\u00ed<\/strong><\/h5>\n<h6 class=\"ds-markdown-paragraph\"><em>Inspirado en la esencia estrat\u00e9gica y multicolor de Multi Nanairo (Beyblade X).<\/em><\/h6>\n<p data-start=\"471\" data-end=\"807\"><strong>EL EQUIPO DEFINITIVO PARA BLADERS COMPETITIVOS. <\/strong>Dise\u00f1ado por expertos, para quienes juegan en serio. No solo transporta,\u00a0<strong>optimiza tu juego<\/strong>\u00a0con organizaci\u00f3n profesional.<\/p>\n<p><strong style=\"font-size: 1rem;\">Capacidad:<\/strong><\/p>\n<ul>\n<li style=\"list-style-type: none;\">\n<ul>\n<li><span style=\"font-size: 1rem;\">18 Beyblades completos *(18 blades + 18 ratchets + 18 bits)*<\/span><\/li>\n<li><strong>Compatibilidad total<\/strong> con Beyblade X y est\u00e1ndares Takara Tomy<\/li>\n<li><strong>Zona exclusiva<\/strong>\u00a0para 3 lanzadores (<em>String Launcher\/Winder<\/em>) + 1 grip<\/li>\n<li><strong>Red el\u00e1stica<\/strong> en tapa para accesorios extras (grips, herramientas, stickers, extras)<\/li>\n<\/ul>\n<\/li>\n<\/ul>\n<div class=\"dad65929\">\n<div class=\"_4f9bf79 d7dc56a8 _43c05b5\">\n<div class=\"ds-markdown ds-markdown--block\">\n<p class=\"ds-markdown-paragraph\"><strong>Protecci\u00f3n premium:<\/strong><\/p>\n<ul>\n<li style=\"list-style-type: none;\">\n<ul>\n<li class=\"ds-markdown-paragraph\"><strong>Exterior r\u00edgido<\/strong> resistente a salpicaduras e impactos<\/li>\n<li class=\"ds-markdown-paragraph\"><strong>Espuma de alta densidad<\/strong> para m\u00e1xima protecci\u00f3n y orden<\/li>\n<li class=\"ds-markdown-paragraph\"><strong>Doble cierre seguro<\/strong>\u00a0+ asa reforzada<\/li>\n<\/ul>\n<\/li>\n<\/ul>\n<\/div>\n<\/div>\n<\/div>\n<p><span style=\"color: #ff0000;\"><em>ES IDEAL para <strong>bladers profesionales<\/strong> que viajan a competencias, para <strong>entrenamientos intensivos<\/strong> con m\u00faltiples combinaciones o <strong>coleccionistas<\/strong> que protegen sus piezas premium.<\/em><\/span><\/p>\n<hr \/>\n<p><strong>Detalles del producto:<\/strong> Portafolio (1), espuma alta densidad (2)<\/p>\n<p><strong>Dimensiones: <\/strong>\u00a026 cm de altura, 41 cm de longitud y 9.5 cm de anchura<\/p>\n<h5 style=\"text-align: center;\"><strong><span style=\"color: #ff0000;\">Por favor lea antes de realizar su pedido<\/span><\/strong><\/h5>\n<p data-start=\"296\" data-end=\"464\">Debido a la <strong data-start=\"308\" data-end=\"324\">alta demanda<\/strong> y al proceso de <strong data-start=\"341\" data-end=\"369\">producci\u00f3n personalizada<\/strong> de nuestros productos Rucua, el env\u00edo de este art\u00edculo puede tardar entre <strong data-start=\"444\" data-end=\"461\">1 y 2 semanas<\/strong>.<\/p>\n<p data-start=\"296\" data-end=\"464\">Nos aseguramos de que cada unidad cumpla con los m\u00e1s altos est\u00e1ndares de calidad, fabricada con el detalle que exige cada Blader serio. <strong>\u00a1Gracias por tu paciencia y por ser parte de la comunidad Rucua!<\/strong><\/p>","protected":false},"excerpt":{"rendered":"<p>Desde tus primeros Beyblades hasta tus rarezas m\u00e1s valiosas, todos tienen su lugar aqu\u00ed Inspirado en la esencia estrat\u00e9gica y multicolor de Multi Nanairo (Beyblade X). EL EQUIPO DEFINITIVO PARA BLADERS COMPETITIVOS. Dise\u00f1ado por expertos, para quienes juegan en serio. No solo transporta,\u00a0optimiza tu juego\u00a0con organizaci\u00f3n profesional. Capacidad: 18 Beyblades completos *(18 blades + 18 [&hellip;]<\/p>","protected":false},"featured_media":23100,"comment_status":"open","ping_status":"closed","template":"","meta":[],"product_brand":[],"product_cat":[456,425],"product_tag":[441],"class_list":{"0":"post-23113","1":"product","2":"type-product","3":"status-publish","4":"has-post-thumbnail","6":"product_cat-productos-rucua","7":"product_cat-accesorios","8":"product_tag-recien-llegados","9":"product_shipping_class-02mediana","11":"first","12":"outofstock","13":"shipping-taxable","14":"purchasable","15":"product-type-simple"},"yoast_head":"<!-- This site is optimized with the Yoast SEO Premium plugin v26.4 (Yoast SEO v26.4) - https:\/\/yoast.com\/wordpress\/plugins\/seo\/ -->\n<title>Portafolio Multi Estratega - Rucua<\/title>\n<meta name=\"robots\" content=\"index, follow, max-snippet:-1, max-image-preview:large, max-video-preview:-1\" \/>\n<link rel=\"canonical\" href=\"https:\/\/rucua.com\/en\/tienda\/portafolio-multi-estratega\/?wmc-currency=USD\" \/>\n<meta property=\"og:locale\" content=\"en_US\" \/>\n<meta property=\"og:type\" content=\"article\" \/>\n<meta property=\"og:title\" content=\"Portafolio Multi Estratega\" \/>\n<meta property=\"og:description\" content=\"Desde tus primeros Beyblades hasta tus rarezas m\u00e1s valiosas, todos tienen su lugar aqu\u00ed Inspirado en la esencia estrat\u00e9gica y multicolor de Multi Nanairo (Beyblade X). EL EQUIPO DEFINITIVO PARA BLADERS COMPETITIVOS. Dise\u00f1ado por expertos, para quienes juegan en serio. No solo transporta,\u00a0optimiza tu juego\u00a0con organizaci\u00f3n profesional. Capacidad: 18 Beyblades completos *(18 blades + 18 [&hellip;]\" \/>\n<meta property=\"og:url\" content=\"https:\/\/rucua.com\/en\/tienda\/portafolio-multi-estratega\/?wmc-currency=USD\" \/>\n<meta property=\"og:site_name\" content=\"Rucua\" \/>\n<meta property=\"article:modified_time\" content=\"2026-01-31T18:02:17+00:00\" \/>\n<meta property=\"og:image\" content=\"http:\/\/rucua.com\/wp-content\/uploads\/2025\/05\/16.png\" \/>\n\t<meta property=\"og:image:width\" content=\"1000\" \/>\n\t<meta property=\"og:image:height\" content=\"1000\" \/>\n\t<meta property=\"og:image:type\" content=\"image\/png\" \/>\n<meta name=\"twitter:card\" content=\"summary_large_image\" \/>\n<meta name=\"twitter:label1\" content=\"Price\" \/>\n\t<meta name=\"twitter:data1\" content=\"1,199.00 MXN\" \/>\n\t<meta name=\"twitter:label2\" content=\"Availability\" \/>\n\t<meta name=\"twitter:data2\" content=\"Out of stock\" \/>\n<script type=\"application\/ld+json\" class=\"yoast-schema-graph\">{\"@context\":\"https:\/\/schema.org\",\"@graph\":[{\"@type\":\"WebPage\",\"@id\":\"https:\/\/rucua.com\/tienda\/portafolio-multi-estratega\/\",\"url\":\"https:\/\/rucua.com\/tienda\/portafolio-multi-estratega\/\",\"name\":\"Portafolio Multi Estratega - Rucua\",\"isPartOf\":{\"@id\":\"https:\/\/rucua.com\/ja\/#website\"},\"primaryImageOfPage\":{\"@id\":\"https:\/\/rucua.com\/tienda\/portafolio-multi-estratega\/#primaryimage\"},\"image\":{\"@id\":\"https:\/\/rucua.com\/tienda\/portafolio-multi-estratega\/#primaryimage\"},\"thumbnailUrl\":\"https:\/\/rucua.com\/wp-content\/uploads\/2025\/05\/16.png\",\"datePublished\":\"2025-05-10T16:29:50+00:00\",\"dateModified\":\"2026-01-31T18:02:17+00:00\",\"breadcrumb\":{\"@id\":\"https:\/\/rucua.com\/tienda\/portafolio-multi-estratega\/#breadcrumb\"},\"inLanguage\":\"en-US\",\"potentialAction\":[{\"@type\":\"ReadAction\",\"target\":[\"https:\/\/rucua.com\/tienda\/portafolio-multi-estratega\/\"]}]},{\"@type\":\"ImageObject\",\"inLanguage\":\"en-US\",\"@id\":\"https:\/\/rucua.com\/tienda\/portafolio-multi-estratega\/#primaryimage\",\"url\":\"https:\/\/rucua.com\/wp-content\/uploads\/2025\/05\/16.png\",\"contentUrl\":\"https:\/\/rucua.com\/wp-content\/uploads\/2025\/05\/16.png\",\"width\":1000,\"height\":1000},{\"@type\":\"BreadcrumbList\",\"@id\":\"https:\/\/rucua.com\/tienda\/portafolio-multi-estratega\/#breadcrumb\",\"itemListElement\":[{\"@type\":\"ListItem\",\"position\":1,\"name\":\"Inicio\",\"item\":\"https:\/\/rucua.com\/\"},{\"@type\":\"ListItem\",\"position\":2,\"name\":\"Tienda\",\"item\":\"https:\/\/rucua.com\/tienda\/\"},{\"@type\":\"ListItem\",\"position\":3,\"name\":\"Portafolio Multi Estratega\"}]},{\"@type\":\"WebSite\",\"@id\":\"https:\/\/rucua.com\/ja\/#website\",\"url\":\"https:\/\/rucua.com\/ja\/\",\"name\":\"Rucua\",\"description\":\"\",\"potentialAction\":[{\"@type\":\"SearchAction\",\"target\":{\"@type\":\"EntryPoint\",\"urlTemplate\":\"https:\/\/rucua.com\/ja\/?s={search_term_string}\"},\"query-input\":{\"@type\":\"PropertyValueSpecification\",\"valueRequired\":true,\"valueName\":\"search_term_string\"}}],\"inLanguage\":\"en-US\"}]}<\/script>\n<meta property=\"product:price:amount\" content=\"1199.00\" \/>\n<meta property=\"product:price:currency\" content=\"MXN\" \/>\n<meta property=\"og:availability\" content=\"out of stock\" \/>\n<meta property=\"product:availability\" content=\"out of stock\" \/>\n<meta property=\"product:condition\" content=\"new\" \/>\n<!-- \/ Yoast SEO Premium plugin. -->","yoast_head_json":{"title":"Portafolio Multi Estratega - Rucua","robots":{"index":"index","follow":"follow","max-snippet":"max-snippet:-1","max-image-preview":"max-image-preview:large","max-video-preview":"max-video-preview:-1"},"canonical":"https:\/\/rucua.com\/en\/tienda\/portafolio-multi-estratega\/?wmc-currency=USD","og_locale":"en_US","og_type":"article","og_title":"Portafolio Multi Estratega","og_description":"Desde tus primeros Beyblades hasta tus rarezas m\u00e1s valiosas, todos tienen su lugar aqu\u00ed Inspirado en la esencia estrat\u00e9gica y multicolor de Multi Nanairo (Beyblade X). EL EQUIPO DEFINITIVO PARA BLADERS COMPETITIVOS. Dise\u00f1ado por expertos, para quienes juegan en serio. No solo transporta,\u00a0optimiza tu juego\u00a0con organizaci\u00f3n profesional. Capacidad: 18 Beyblades completos *(18 blades + 18 [&hellip;]","og_url":"https:\/\/rucua.com\/en\/tienda\/portafolio-multi-estratega\/?wmc-currency=USD","og_site_name":"Rucua","article_modified_time":"2026-01-31T18:02:17+00:00","og_image":[{"width":1000,"height":1000,"url":"http:\/\/rucua.com\/wp-content\/uploads\/2025\/05\/16.png","type":"image\/png"}],"twitter_card":"summary_large_image","twitter_misc":{"Price":"1,199.00 MXN","Availability":"Out of stock"},"schema":{"@context":"https:\/\/schema.org","@graph":[{"@type":"WebPage","@id":"https:\/\/rucua.com\/tienda\/portafolio-multi-estratega\/","url":"https:\/\/rucua.com\/tienda\/portafolio-multi-estratega\/","name":"Portafolio Multi Estratega - Rucua","isPartOf":{"@id":"https:\/\/rucua.com\/ja\/#website"},"primaryImageOfPage":{"@id":"https:\/\/rucua.com\/tienda\/portafolio-multi-estratega\/#primaryimage"},"image":{"@id":"https:\/\/rucua.com\/tienda\/portafolio-multi-estratega\/#primaryimage"},"thumbnailUrl":"https:\/\/rucua.com\/wp-content\/uploads\/2025\/05\/16.png","datePublished":"2025-05-10T16:29:50+00:00","dateModified":"2026-01-31T18:02:17+00:00","breadcrumb":{"@id":"https:\/\/rucua.com\/tienda\/portafolio-multi-estratega\/#breadcrumb"},"inLanguage":"en-US","potentialAction":[{"@type":"ReadAction","target":["https:\/\/rucua.com\/tienda\/portafolio-multi-estratega\/"]}]},{"@type":"ImageObject","inLanguage":"en-US","@id":"https:\/\/rucua.com\/tienda\/portafolio-multi-estratega\/#primaryimage","url":"https:\/\/rucua.com\/wp-content\/uploads\/2025\/05\/16.png","contentUrl":"https:\/\/rucua.com\/wp-content\/uploads\/2025\/05\/16.png","width":1000,"height":1000},{"@type":"BreadcrumbList","@id":"https:\/\/rucua.com\/tienda\/portafolio-multi-estratega\/#breadcrumb","itemListElement":[{"@type":"ListItem","position":1,"name":"Inicio","item":"https:\/\/rucua.com\/"},{"@type":"ListItem","position":2,"name":"Tienda","item":"https:\/\/rucua.com\/tienda\/"},{"@type":"ListItem","position":3,"name":"Portafolio Multi Estratega"}]},{"@type":"WebSite","@id":"https:\/\/rucua.com\/ja\/#website","url":"https:\/\/rucua.com\/ja\/","name":"Rucua","description":"","potentialAction":[{"@type":"SearchAction","target":{"@type":"EntryPoint","urlTemplate":"https:\/\/rucua.com\/ja\/?s={search_term_string}"},"query-input":{"@type":"PropertyValueSpecification","valueRequired":true,"valueName":"search_term_string"}}],"inLanguage":"en-US"}]},"product_price_amount":"1199.00","product_price_currency":"MXN","og_availability":"out of stock","product_availability":"out of stock","product_condition":"new"},"_links":{"self":[{"href":"https:\/\/rucua.com\/en\/wp-json\/wp\/v2\/product\/23113","targetHints":{"allow":["GET"]}}],"collection":[{"href":"https:\/\/rucua.com\/en\/wp-json\/wp\/v2\/product"}],"about":[{"href":"https:\/\/rucua.com\/en\/wp-json\/wp\/v2\/types\/product"}],"replies":[{"embeddable":true,"href":"https:\/\/rucua.com\/en\/wp-json\/wp\/v2\/comments?post=23113"}],"wp:featuredmedia":[{"embeddable":true,"href":"https:\/\/rucua.com\/en\/wp-json\/wp\/v2\/media\/23100"}],"wp:attachment":[{"href":"https:\/\/rucua.com\/en\/wp-json\/wp\/v2\/media?parent=23113"}],"wp:term":[{"taxonomy":"product_brand","embeddable":true,"href":"https:\/\/rucua.com\/en\/wp-json\/wp\/v2\/product_brand?post=23113"},{"taxonomy":"product_cat","embeddable":true,"href":"https:\/\/rucua.com\/en\/wp-json\/wp\/v2\/product_cat?post=23113"},{"taxonomy":"product_tag","embeddable":true,"href":"https:\/\/rucua.com\/en\/wp-json\/wp\/v2\/product_tag?post=23113"}],"curies":[{"name":"wp","href":"https:\/\/api.w.org\/{rel}","templated":true}]}}