{"id":22251,"date":"2025-03-10T10:22:34","date_gmt":"2025-03-10T10:22:34","guid":{"rendered":"https:\/\/rucua.com\/?post_type=product&#038;p=22251"},"modified":"2025-07-17T15:18:52","modified_gmt":"2025-07-17T15:18:52","slug":"ux-00-set-exclusivo-beyblade-x-fc-barcelona","status":"publish","type":"product","link":"https:\/\/rucua.com\/en\/tienda\/ux-00-set-exclusivo-beyblade-x-fc-barcelona\/","title":{"rendered":"UX-00 Set Exclusivo Beyblade X FC Barcelona"},"content":{"rendered":"<div class=\"dad65929\">\n<div class=\"f9bf7997 d7dc56a8 c05b5566\">\n<div class=\"ds-markdown ds-markdown--block\">\n<p class=\"p1\"><span class=\"s1\">\ud835\udde3\ud835\udde5\ud835\uddd8<\/span>\u2013<span class=\"s1\">\ud835\udde2\ud835\udde5\ud835\uddd7\ud835\uddd8\ud835\udde1<\/span>\u00a0|\u00a0<span class=\"s1\">\ud835\uddd8\ud835\uddfb\ud835\ude03\ud835\uddf6\u0301\ud835\uddfc<\/span>\u00a0<span class=\"s1\">\ud835\uddf1\ud835\uddf2\ud835\ude00\ud835\uddf1\ud835\uddf2<\/span>\u00a0<span class=\"s1\">\ud835\udddd\ud835\uddee\ud835\uddfd\ud835\uddfc\u0301\ud835\uddfb<\/span>\u00a0(<span class=\"s1\">\ud835\udfee<\/span>\u2013<span class=\"s1\">\ud835\udfef<\/span>\u00a0<span class=\"s1\">\ud835\ude00\ud835\uddf2\ud835\uddfa\ud835\uddee\ud835\uddfb\ud835\uddee\ud835\ude00<\/span>)<br \/>\n\u00a1Garantiza tu UX-00 Set Exclusivo Beyblade X FC Barcelona antes de que se agote! Este art\u00edculo se importa directamente desde Jap\u00f3n en lotes limitados para asegurar autenticidad y el mejor precio.<\/p>\n<p class=\"p1\"><span class=\"s2\"><img decoding=\"async\" class=\"emoji\" role=\"img\" draggable=\"false\" src=\"https:\/\/s.w.org\/images\/core\/emoji\/15.1.0\/svg\/1f4e6.svg\" alt=\"\ud83d\udce6\" \/><\/span>\u00a0\u00bfPor qu\u00e9 comprar en PRE-ORDER?<br \/>\n<span class=\"s3\"><img decoding=\"async\" class=\"emoji\" role=\"img\" draggable=\"false\" src=\"https:\/\/s.w.org\/images\/core\/emoji\/15.1.0\/svg\/2714.svg\" alt=\"\u2714\" \/><\/span>\u00a0Precio exclusivo (evita sobrecostos de reventa).<br \/>\n<span class=\"s3\"><img decoding=\"async\" class=\"emoji\" role=\"img\" draggable=\"false\" src=\"https:\/\/s.w.org\/images\/core\/emoji\/15.1.0\/svg\/2714.svg\" alt=\"\u2714\" \/><\/span>\u00a0Producto 100% original, sin intermediarios.<br \/>\n<span class=\"s3\"><img decoding=\"async\" class=\"emoji\" role=\"img\" draggable=\"false\" src=\"https:\/\/s.w.org\/images\/core\/emoji\/15.1.0\/svg\/2714.svg\" alt=\"\u2714\" \/><\/span>\u00a0\u00daltimas unidades disponibles en este lote.<\/p>\n<p class=\"p1\">El\u00a0<strong>Set Exclusivo Beyblade X FC Barcelona<\/strong>\u00a0es una edici\u00f3n especial que fusiona la pasi\u00f3n del f\u00fatbol y Beyblade. Incluye un estadio tem\u00e1tico inspirado en el Camp Nou, un lanzador de edici\u00f3n especial del Bar\u00e7a y el Beyblade exclusivo\u00a0<strong>Hells Hammer<\/strong>\u00a0con colores azul y grana. Perfecto para fans del FC Barcelona y bladers competitivos, este set ofrece todo lo necesario para batallas emocionantes y coleccionables \u00fanicos.<\/p>\n<p class=\"p1\"><b>Producto 100% original japon\u00e9s (Takara Tomy)<\/b> \u2013 Calidad premium, dise\u00f1o exclusivo, rendimiento real.<\/p>\n<p><strong>Detalles del Producto: <\/strong>Hoja (Blade) (1), Trinquete (Ratchet) (1), Punta (Bit) (1), Lanzador de cuerda (Winder launcher) (1), Cuerda (Winder) (1), Cubierta (Cover) (1), Cuerpo principal (Main body) (1), Sujetadores (Fasteners) (4), Tarjeta Beycode (Beycode card) (1), Pegatinas (Stickers) (2)<\/p>\n<p>&nbsp;<\/p>\n<p>&nbsp;<\/p>\n<\/div>\n<\/div>\n<\/div>","protected":false},"excerpt":{"rendered":"<p>\ud835\udde3\ud835\udde5\ud835\uddd8\u2013\ud835\udde2\ud835\udde5\ud835\uddd7\ud835\uddd8\ud835\udde1\u00a0|\u00a0\ud835\uddd8\ud835\uddfb\ud835\ude03\ud835\uddf6\u0301\ud835\uddfc\u00a0\ud835\uddf1\ud835\uddf2\ud835\ude00\ud835\uddf1\ud835\uddf2\u00a0\ud835\udddd\ud835\uddee\ud835\uddfd\ud835\uddfc\u0301\ud835\uddfb\u00a0(\ud835\udfee\u2013\ud835\udfef\u00a0\ud835\ude00\ud835\uddf2\ud835\uddfa\ud835\uddee\ud835\uddfb\ud835\uddee\ud835\ude00) \u00a1Garantiza tu UX-00 Set Exclusivo Beyblade X FC Barcelona antes de que se agote! Este art\u00edculo se importa directamente desde Jap\u00f3n en lotes limitados para asegurar autenticidad y el mejor precio. \u00a0\u00bfPor qu\u00e9 comprar en PRE-ORDER? \u00a0Precio exclusivo (evita sobrecostos de reventa). \u00a0Producto 100% original, sin intermediarios. \u00a0\u00daltimas unidades disponibles en este lote. El\u00a0Set [&hellip;]<\/p>","protected":false},"featured_media":23407,"comment_status":"open","ping_status":"closed","template":"","meta":[],"product_brand":[],"product_cat":[428,422],"product_tag":[],"class_list":{"0":"post-22251","1":"product","2":"type-product","3":"status-publish","4":"has-post-thumbnail","6":"product_cat-ediciones-especiales","7":"product_cat-estadios-y-stands","8":"product_shipping_class-03-grande","10":"first","11":"onbackorder","12":"shipping-taxable","13":"purchasable","14":"product-type-simple"},"yoast_head":"<!-- This site is optimized with the Yoast SEO Premium plugin v26.4 (Yoast SEO v26.4) - https:\/\/yoast.com\/wordpress\/plugins\/seo\/ -->\n<title>UX-00 Set Exclusivo Beyblade X FC Barcelona - Rucua<\/title>\n<meta name=\"robots\" content=\"index, follow, max-snippet:-1, max-image-preview:large, max-video-preview:-1\" \/>\n<link rel=\"canonical\" href=\"https:\/\/rucua.com\/en\/tienda\/ux-00-set-exclusivo-beyblade-x-fc-barcelona\/?wmc-currency=USD\" \/>\n<meta property=\"og:locale\" content=\"en_US\" \/>\n<meta property=\"og:type\" content=\"article\" \/>\n<meta property=\"og:title\" content=\"UX-00 Set Exclusivo Beyblade X FC Barcelona\" \/>\n<meta property=\"og:description\" content=\"\ud835\udde3\ud835\udde5\ud835\uddd8\u2013\ud835\udde2\ud835\udde5\ud835\uddd7\ud835\uddd8\ud835\udde1\u00a0|\u00a0\ud835\uddd8\ud835\uddfb\ud835\ude03\ud835\uddf6\u0301\ud835\uddfc\u00a0\ud835\uddf1\ud835\uddf2\ud835\ude00\ud835\uddf1\ud835\uddf2\u00a0\ud835\udddd\ud835\uddee\ud835\uddfd\ud835\uddfc\u0301\ud835\uddfb\u00a0(\ud835\udfee\u2013\ud835\udfef\u00a0\ud835\ude00\ud835\uddf2\ud835\uddfa\ud835\uddee\ud835\uddfb\ud835\uddee\ud835\ude00) \u00a1Garantiza tu UX-00 Set Exclusivo Beyblade X FC Barcelona antes de que se agote! Este art\u00edculo se importa directamente desde Jap\u00f3n en lotes limitados para asegurar autenticidad y el mejor precio. \u00a0\u00bfPor qu\u00e9 comprar en PRE-ORDER? \u00a0Precio exclusivo (evita sobrecostos de reventa). \u00a0Producto 100% original, sin intermediarios. \u00a0\u00daltimas unidades disponibles en este lote. El\u00a0Set [&hellip;]\" \/>\n<meta property=\"og:url\" content=\"https:\/\/rucua.com\/en\/tienda\/ux-00-set-exclusivo-beyblade-x-fc-barcelona\/?wmc-currency=USD\" \/>\n<meta property=\"og:site_name\" content=\"Rucua\" \/>\n<meta property=\"article:modified_time\" content=\"2025-07-17T15:18:52+00:00\" \/>\n<meta property=\"og:image\" content=\"https:\/\/rucua.com\/wp-content\/uploads\/2025\/03\/36-1.png\" \/>\n\t<meta property=\"og:image:width\" content=\"2000\" \/>\n\t<meta property=\"og:image:height\" content=\"2000\" \/>\n\t<meta property=\"og:image:type\" content=\"image\/png\" \/>\n<meta name=\"twitter:card\" content=\"summary_large_image\" \/>\n<meta name=\"twitter:label1\" content=\"Price\" \/>\n\t<meta name=\"twitter:data1\" content=\"2,799.00 MXN\" \/>\n\t<meta name=\"twitter:label2\" content=\"Availability\" \/>\n\t<meta name=\"twitter:data2\" content=\"On backorder\" \/>\n<script type=\"application\/ld+json\" class=\"yoast-schema-graph\">{\"@context\":\"https:\/\/schema.org\",\"@graph\":[{\"@type\":\"WebPage\",\"@id\":\"https:\/\/rucua.com\/es_mx\/tienda\/ux-00-set-exclusivo-beyblade-x-fc-barcelona\/\",\"url\":\"https:\/\/rucua.com\/es_mx\/tienda\/ux-00-set-exclusivo-beyblade-x-fc-barcelona\/\",\"name\":\"UX-00 Set Exclusivo Beyblade X FC Barcelona - Rucua\",\"isPartOf\":{\"@id\":\"https:\/\/rucua.com\/ja\/#website\"},\"primaryImageOfPage\":{\"@id\":\"https:\/\/rucua.com\/es_mx\/tienda\/ux-00-set-exclusivo-beyblade-x-fc-barcelona\/#primaryimage\"},\"image\":{\"@id\":\"https:\/\/rucua.com\/es_mx\/tienda\/ux-00-set-exclusivo-beyblade-x-fc-barcelona\/#primaryimage\"},\"thumbnailUrl\":\"https:\/\/rucua.com\/wp-content\/uploads\/2025\/03\/36-1.png\",\"datePublished\":\"2025-03-10T10:22:34+00:00\",\"dateModified\":\"2025-07-17T15:18:52+00:00\",\"breadcrumb\":{\"@id\":\"https:\/\/rucua.com\/es_mx\/tienda\/ux-00-set-exclusivo-beyblade-x-fc-barcelona\/#breadcrumb\"},\"inLanguage\":\"en-US\",\"potentialAction\":[{\"@type\":\"ReadAction\",\"target\":[\"https:\/\/rucua.com\/es_mx\/tienda\/ux-00-set-exclusivo-beyblade-x-fc-barcelona\/\"]}]},{\"@type\":\"ImageObject\",\"inLanguage\":\"en-US\",\"@id\":\"https:\/\/rucua.com\/es_mx\/tienda\/ux-00-set-exclusivo-beyblade-x-fc-barcelona\/#primaryimage\",\"url\":\"https:\/\/rucua.com\/wp-content\/uploads\/2025\/03\/36-1.png\",\"contentUrl\":\"https:\/\/rucua.com\/wp-content\/uploads\/2025\/03\/36-1.png\",\"width\":2000,\"height\":2000},{\"@type\":\"BreadcrumbList\",\"@id\":\"https:\/\/rucua.com\/es_mx\/tienda\/ux-00-set-exclusivo-beyblade-x-fc-barcelona\/#breadcrumb\",\"itemListElement\":[{\"@type\":\"ListItem\",\"position\":1,\"name\":\"Inicio\",\"item\":\"https:\/\/rucua.com\/\"},{\"@type\":\"ListItem\",\"position\":2,\"name\":\"Tienda\",\"item\":\"https:\/\/rucua.com\/tienda\/\"},{\"@type\":\"ListItem\",\"position\":3,\"name\":\"UX-00 Set Exclusivo Beyblade X FC Barcelona\"}]},{\"@type\":\"WebSite\",\"@id\":\"https:\/\/rucua.com\/ja\/#website\",\"url\":\"https:\/\/rucua.com\/ja\/\",\"name\":\"Rucua\",\"description\":\"\",\"potentialAction\":[{\"@type\":\"SearchAction\",\"target\":{\"@type\":\"EntryPoint\",\"urlTemplate\":\"https:\/\/rucua.com\/ja\/?s={search_term_string}\"},\"query-input\":{\"@type\":\"PropertyValueSpecification\",\"valueRequired\":true,\"valueName\":\"search_term_string\"}}],\"inLanguage\":\"en-US\"}]}<\/script>\n<meta property=\"product:price:amount\" content=\"2799.00\" \/>\n<meta property=\"product:price:currency\" content=\"MXN\" \/>\n<meta property=\"og:availability\" content=\"backorder\" \/>\n<meta property=\"product:availability\" content=\"available for order\" \/>\n<meta property=\"product:condition\" content=\"new\" \/>\n<!-- \/ Yoast SEO Premium plugin. -->","yoast_head_json":{"title":"UX-00 Set Exclusivo Beyblade X FC Barcelona - Rucua","robots":{"index":"index","follow":"follow","max-snippet":"max-snippet:-1","max-image-preview":"max-image-preview:large","max-video-preview":"max-video-preview:-1"},"canonical":"https:\/\/rucua.com\/en\/tienda\/ux-00-set-exclusivo-beyblade-x-fc-barcelona\/?wmc-currency=USD","og_locale":"en_US","og_type":"article","og_title":"UX-00 Set Exclusivo Beyblade X FC Barcelona","og_description":"\ud835\udde3\ud835\udde5\ud835\uddd8\u2013\ud835\udde2\ud835\udde5\ud835\uddd7\ud835\uddd8\ud835\udde1\u00a0|\u00a0\ud835\uddd8\ud835\uddfb\ud835\ude03\ud835\uddf6\u0301\ud835\uddfc\u00a0\ud835\uddf1\ud835\uddf2\ud835\ude00\ud835\uddf1\ud835\uddf2\u00a0\ud835\udddd\ud835\uddee\ud835\uddfd\ud835\uddfc\u0301\ud835\uddfb\u00a0(\ud835\udfee\u2013\ud835\udfef\u00a0\ud835\ude00\ud835\uddf2\ud835\uddfa\ud835\uddee\ud835\uddfb\ud835\uddee\ud835\ude00) \u00a1Garantiza tu UX-00 Set Exclusivo Beyblade X FC Barcelona antes de que se agote! Este art\u00edculo se importa directamente desde Jap\u00f3n en lotes limitados para asegurar autenticidad y el mejor precio. \u00a0\u00bfPor qu\u00e9 comprar en PRE-ORDER? \u00a0Precio exclusivo (evita sobrecostos de reventa). \u00a0Producto 100% original, sin intermediarios. \u00a0\u00daltimas unidades disponibles en este lote. El\u00a0Set [&hellip;]","og_url":"https:\/\/rucua.com\/en\/tienda\/ux-00-set-exclusivo-beyblade-x-fc-barcelona\/?wmc-currency=USD","og_site_name":"Rucua","article_modified_time":"2025-07-17T15:18:52+00:00","og_image":[{"width":2000,"height":2000,"url":"https:\/\/rucua.com\/wp-content\/uploads\/2025\/03\/36-1.png","type":"image\/png"}],"twitter_card":"summary_large_image","twitter_misc":{"Price":"2,799.00 MXN","Availability":"On backorder"},"schema":{"@context":"https:\/\/schema.org","@graph":[{"@type":"WebPage","@id":"https:\/\/rucua.com\/es_mx\/tienda\/ux-00-set-exclusivo-beyblade-x-fc-barcelona\/","url":"https:\/\/rucua.com\/es_mx\/tienda\/ux-00-set-exclusivo-beyblade-x-fc-barcelona\/","name":"UX-00 Set Exclusivo Beyblade X FC Barcelona - Rucua","isPartOf":{"@id":"https:\/\/rucua.com\/ja\/#website"},"primaryImageOfPage":{"@id":"https:\/\/rucua.com\/es_mx\/tienda\/ux-00-set-exclusivo-beyblade-x-fc-barcelona\/#primaryimage"},"image":{"@id":"https:\/\/rucua.com\/es_mx\/tienda\/ux-00-set-exclusivo-beyblade-x-fc-barcelona\/#primaryimage"},"thumbnailUrl":"https:\/\/rucua.com\/wp-content\/uploads\/2025\/03\/36-1.png","datePublished":"2025-03-10T10:22:34+00:00","dateModified":"2025-07-17T15:18:52+00:00","breadcrumb":{"@id":"https:\/\/rucua.com\/es_mx\/tienda\/ux-00-set-exclusivo-beyblade-x-fc-barcelona\/#breadcrumb"},"inLanguage":"en-US","potentialAction":[{"@type":"ReadAction","target":["https:\/\/rucua.com\/es_mx\/tienda\/ux-00-set-exclusivo-beyblade-x-fc-barcelona\/"]}]},{"@type":"ImageObject","inLanguage":"en-US","@id":"https:\/\/rucua.com\/es_mx\/tienda\/ux-00-set-exclusivo-beyblade-x-fc-barcelona\/#primaryimage","url":"https:\/\/rucua.com\/wp-content\/uploads\/2025\/03\/36-1.png","contentUrl":"https:\/\/rucua.com\/wp-content\/uploads\/2025\/03\/36-1.png","width":2000,"height":2000},{"@type":"BreadcrumbList","@id":"https:\/\/rucua.com\/es_mx\/tienda\/ux-00-set-exclusivo-beyblade-x-fc-barcelona\/#breadcrumb","itemListElement":[{"@type":"ListItem","position":1,"name":"Inicio","item":"https:\/\/rucua.com\/"},{"@type":"ListItem","position":2,"name":"Tienda","item":"https:\/\/rucua.com\/tienda\/"},{"@type":"ListItem","position":3,"name":"UX-00 Set Exclusivo Beyblade X FC Barcelona"}]},{"@type":"WebSite","@id":"https:\/\/rucua.com\/ja\/#website","url":"https:\/\/rucua.com\/ja\/","name":"Rucua","description":"","potentialAction":[{"@type":"SearchAction","target":{"@type":"EntryPoint","urlTemplate":"https:\/\/rucua.com\/ja\/?s={search_term_string}"},"query-input":{"@type":"PropertyValueSpecification","valueRequired":true,"valueName":"search_term_string"}}],"inLanguage":"en-US"}]},"product_price_amount":"2799.00","product_price_currency":"MXN","og_availability":"backorder","product_availability":"available for order","product_condition":"new"},"_links":{"self":[{"href":"https:\/\/rucua.com\/en\/wp-json\/wp\/v2\/product\/22251","targetHints":{"allow":["GET"]}}],"collection":[{"href":"https:\/\/rucua.com\/en\/wp-json\/wp\/v2\/product"}],"about":[{"href":"https:\/\/rucua.com\/en\/wp-json\/wp\/v2\/types\/product"}],"replies":[{"embeddable":true,"href":"https:\/\/rucua.com\/en\/wp-json\/wp\/v2\/comments?post=22251"}],"wp:featuredmedia":[{"embeddable":true,"href":"https:\/\/rucua.com\/en\/wp-json\/wp\/v2\/media\/23407"}],"wp:attachment":[{"href":"https:\/\/rucua.com\/en\/wp-json\/wp\/v2\/media?parent=22251"}],"wp:term":[{"taxonomy":"product_brand","embeddable":true,"href":"https:\/\/rucua.com\/en\/wp-json\/wp\/v2\/product_brand?post=22251"},{"taxonomy":"product_cat","embeddable":true,"href":"https:\/\/rucua.com\/en\/wp-json\/wp\/v2\/product_cat?post=22251"},{"taxonomy":"product_tag","embeddable":true,"href":"https:\/\/rucua.com\/en\/wp-json\/wp\/v2\/product_tag?post=22251"}],"curies":[{"name":"wp","href":"https:\/\/api.w.org\/{rel}","templated":true}]}}