{"id":21032,"date":"2024-11-28T21:05:31","date_gmt":"2024-11-28T21:05:31","guid":{"rendered":"https:\/\/manuelrodarte.com\/rucua\/nueva\/product\/bx-00-extreme-stadium-light-package\/"},"modified":"2026-01-16T19:53:04","modified_gmt":"2026-01-16T19:53:04","slug":"bx-00-extreme-stadium-light-package","status":"publish","type":"product","link":"https:\/\/rucua.com\/en\/tienda\/bx-00-extreme-stadium-light-package\/","title":{"rendered":"BX-00 RED Xtreme Stadium"},"content":{"rendered":"<p>El\u00a0<strong>BX-00 RED Xtreme Stadium<\/strong>\u00a0es un estadio dise\u00f1ado para bladers que buscan batallas r\u00e1pidas, din\u00e1micas y llenas de emoci\u00f3n. Con un vibrante color rojo y una superficie optimizada, este estadio ofrece un espacio perfecto para competir y mejorar tus habilidades. Ideal para torneos y partidas casuales, es una adici\u00f3n imprescindible para cualquier fan de Beyblade<\/p>\n<p data-start=\"1433\" data-end=\"1543\"><strong data-start=\"1548\" data-end=\"1596\">Producto 100% original japon\u00e9s (Takara Tomy)<\/strong> \u2013 Calidad premium, dise\u00f1o exclusivo, rendimiento real.<\/p>\n<p><b>Detalles del producto: <\/b>Cubierta (Cover) (1), Cuerpo principal\u00a0(Main body) (1), Sujetadores\u00a0(Fasteners) (4).<\/p>\n<p>&nbsp;<\/p>","protected":false},"excerpt":{"rendered":"<p>El\u00a0BX-00 RED Xtreme Stadium\u00a0es un estadio dise\u00f1ado para bladers que buscan batallas r\u00e1pidas, din\u00e1micas y llenas de emoci\u00f3n. Con un vibrante color rojo y una superficie optimizada, este estadio ofrece un espacio perfecto para competir y mejorar tus habilidades. Ideal para torneos y partidas casuales, es una adici\u00f3n imprescindible para cualquier fan de Beyblade Producto [&hellip;]<\/p>","protected":false},"featured_media":22441,"comment_status":"open","ping_status":"closed","template":"","meta":[],"product_brand":[],"product_cat":[428,422],"product_tag":[],"class_list":{"0":"post-21032","1":"product","2":"type-product","3":"status-publish","4":"has-post-thumbnail","6":"product_cat-ediciones-especiales","7":"product_cat-estadios-y-stands","8":"product_shipping_class-03-grande","10":"first","11":"instock","12":"shipping-taxable","13":"purchasable","14":"product-type-simple"},"yoast_head":"<!-- This site is optimized with the Yoast SEO Premium plugin v26.4 (Yoast SEO v26.4) - https:\/\/yoast.com\/wordpress\/plugins\/seo\/ -->\n<title>BX-00 RED Xtreme Stadium - Rucua<\/title>\n<meta name=\"robots\" content=\"index, follow, max-snippet:-1, max-image-preview:large, max-video-preview:-1\" \/>\n<link rel=\"canonical\" href=\"https:\/\/rucua.com\/en\/tienda\/bx-00-extreme-stadium-light-package\/?wmc-currency=USD\" \/>\n<meta property=\"og:locale\" content=\"en_US\" \/>\n<meta property=\"og:type\" content=\"article\" \/>\n<meta property=\"og:title\" content=\"BX-00 RED Xtreme Stadium\" \/>\n<meta property=\"og:description\" content=\"El\u00a0BX-00 RED Xtreme Stadium\u00a0es un estadio dise\u00f1ado para bladers que buscan batallas r\u00e1pidas, din\u00e1micas y llenas de emoci\u00f3n. Con un vibrante color rojo y una superficie optimizada, este estadio ofrece un espacio perfecto para competir y mejorar tus habilidades. Ideal para torneos y partidas casuales, es una adici\u00f3n imprescindible para cualquier fan de Beyblade Producto [&hellip;]\" \/>\n<meta property=\"og:url\" content=\"https:\/\/rucua.com\/en\/tienda\/bx-00-extreme-stadium-light-package\/?wmc-currency=USD\" \/>\n<meta property=\"og:site_name\" content=\"Rucua\" \/>\n<meta property=\"article:modified_time\" content=\"2026-01-16T19:53:04+00:00\" \/>\n<meta property=\"og:image\" content=\"http:\/\/rucua.com\/wp-content\/uploads\/2024\/11\/2-2.png\" \/>\n\t<meta property=\"og:image:width\" content=\"2000\" \/>\n\t<meta property=\"og:image:height\" content=\"2000\" \/>\n\t<meta property=\"og:image:type\" content=\"image\/png\" \/>\n<meta name=\"twitter:card\" content=\"summary_large_image\" \/>\n<meta name=\"twitter:label1\" content=\"Price\" \/>\n\t<meta name=\"twitter:data1\" content=\"1,999.00 MXN\" \/>\n\t<meta name=\"twitter:label2\" content=\"Availability\" \/>\n\t<meta name=\"twitter:data2\" content=\"In stock\" \/>\n<script type=\"application\/ld+json\" class=\"yoast-schema-graph\">{\"@context\":\"https:\/\/schema.org\",\"@graph\":[{\"@type\":\"WebPage\",\"@id\":\"https:\/\/rucua.com\/tienda\/bx-00-extreme-stadium-light-package\/\",\"url\":\"https:\/\/rucua.com\/tienda\/bx-00-extreme-stadium-light-package\/\",\"name\":\"BX-00 RED Xtreme Stadium - Rucua\",\"isPartOf\":{\"@id\":\"https:\/\/rucua.com\/ja\/#website\"},\"primaryImageOfPage\":{\"@id\":\"https:\/\/rucua.com\/tienda\/bx-00-extreme-stadium-light-package\/#primaryimage\"},\"image\":{\"@id\":\"https:\/\/rucua.com\/tienda\/bx-00-extreme-stadium-light-package\/#primaryimage\"},\"thumbnailUrl\":\"https:\/\/rucua.com\/wp-content\/uploads\/2024\/11\/2-2.png\",\"datePublished\":\"2024-11-28T21:05:31+00:00\",\"dateModified\":\"2026-01-16T19:53:04+00:00\",\"breadcrumb\":{\"@id\":\"https:\/\/rucua.com\/tienda\/bx-00-extreme-stadium-light-package\/#breadcrumb\"},\"inLanguage\":\"en-US\",\"potentialAction\":[{\"@type\":\"ReadAction\",\"target\":[\"https:\/\/rucua.com\/tienda\/bx-00-extreme-stadium-light-package\/\"]}]},{\"@type\":\"ImageObject\",\"inLanguage\":\"en-US\",\"@id\":\"https:\/\/rucua.com\/tienda\/bx-00-extreme-stadium-light-package\/#primaryimage\",\"url\":\"https:\/\/rucua.com\/wp-content\/uploads\/2024\/11\/2-2.png\",\"contentUrl\":\"https:\/\/rucua.com\/wp-content\/uploads\/2024\/11\/2-2.png\",\"width\":2000,\"height\":2000},{\"@type\":\"BreadcrumbList\",\"@id\":\"https:\/\/rucua.com\/tienda\/bx-00-extreme-stadium-light-package\/#breadcrumb\",\"itemListElement\":[{\"@type\":\"ListItem\",\"position\":1,\"name\":\"Inicio\",\"item\":\"https:\/\/rucua.com\/\"},{\"@type\":\"ListItem\",\"position\":2,\"name\":\"Tienda\",\"item\":\"https:\/\/rucua.com\/tienda\/\"},{\"@type\":\"ListItem\",\"position\":3,\"name\":\"BX-00 RED Xtreme Stadium\"}]},{\"@type\":\"WebSite\",\"@id\":\"https:\/\/rucua.com\/ja\/#website\",\"url\":\"https:\/\/rucua.com\/ja\/\",\"name\":\"Rucua\",\"description\":\"\",\"potentialAction\":[{\"@type\":\"SearchAction\",\"target\":{\"@type\":\"EntryPoint\",\"urlTemplate\":\"https:\/\/rucua.com\/ja\/?s={search_term_string}\"},\"query-input\":{\"@type\":\"PropertyValueSpecification\",\"valueRequired\":true,\"valueName\":\"search_term_string\"}}],\"inLanguage\":\"en-US\"}]}<\/script>\n<meta property=\"product:price:amount\" content=\"1999.00\" \/>\n<meta property=\"product:price:currency\" content=\"MXN\" \/>\n<meta property=\"og:availability\" content=\"instock\" \/>\n<meta property=\"product:availability\" content=\"instock\" \/>\n<meta property=\"product:condition\" content=\"new\" \/>\n<!-- \/ Yoast SEO Premium plugin. -->","yoast_head_json":{"title":"BX-00 RED Xtreme Stadium - Rucua","robots":{"index":"index","follow":"follow","max-snippet":"max-snippet:-1","max-image-preview":"max-image-preview:large","max-video-preview":"max-video-preview:-1"},"canonical":"https:\/\/rucua.com\/en\/tienda\/bx-00-extreme-stadium-light-package\/?wmc-currency=USD","og_locale":"en_US","og_type":"article","og_title":"BX-00 RED Xtreme Stadium","og_description":"El\u00a0BX-00 RED Xtreme Stadium\u00a0es un estadio dise\u00f1ado para bladers que buscan batallas r\u00e1pidas, din\u00e1micas y llenas de emoci\u00f3n. Con un vibrante color rojo y una superficie optimizada, este estadio ofrece un espacio perfecto para competir y mejorar tus habilidades. Ideal para torneos y partidas casuales, es una adici\u00f3n imprescindible para cualquier fan de Beyblade Producto [&hellip;]","og_url":"https:\/\/rucua.com\/en\/tienda\/bx-00-extreme-stadium-light-package\/?wmc-currency=USD","og_site_name":"Rucua","article_modified_time":"2026-01-16T19:53:04+00:00","og_image":[{"width":2000,"height":2000,"url":"http:\/\/rucua.com\/wp-content\/uploads\/2024\/11\/2-2.png","type":"image\/png"}],"twitter_card":"summary_large_image","twitter_misc":{"Price":"1,999.00 MXN","Availability":"In stock"},"schema":{"@context":"https:\/\/schema.org","@graph":[{"@type":"WebPage","@id":"https:\/\/rucua.com\/tienda\/bx-00-extreme-stadium-light-package\/","url":"https:\/\/rucua.com\/tienda\/bx-00-extreme-stadium-light-package\/","name":"BX-00 RED Xtreme Stadium - Rucua","isPartOf":{"@id":"https:\/\/rucua.com\/ja\/#website"},"primaryImageOfPage":{"@id":"https:\/\/rucua.com\/tienda\/bx-00-extreme-stadium-light-package\/#primaryimage"},"image":{"@id":"https:\/\/rucua.com\/tienda\/bx-00-extreme-stadium-light-package\/#primaryimage"},"thumbnailUrl":"https:\/\/rucua.com\/wp-content\/uploads\/2024\/11\/2-2.png","datePublished":"2024-11-28T21:05:31+00:00","dateModified":"2026-01-16T19:53:04+00:00","breadcrumb":{"@id":"https:\/\/rucua.com\/tienda\/bx-00-extreme-stadium-light-package\/#breadcrumb"},"inLanguage":"en-US","potentialAction":[{"@type":"ReadAction","target":["https:\/\/rucua.com\/tienda\/bx-00-extreme-stadium-light-package\/"]}]},{"@type":"ImageObject","inLanguage":"en-US","@id":"https:\/\/rucua.com\/tienda\/bx-00-extreme-stadium-light-package\/#primaryimage","url":"https:\/\/rucua.com\/wp-content\/uploads\/2024\/11\/2-2.png","contentUrl":"https:\/\/rucua.com\/wp-content\/uploads\/2024\/11\/2-2.png","width":2000,"height":2000},{"@type":"BreadcrumbList","@id":"https:\/\/rucua.com\/tienda\/bx-00-extreme-stadium-light-package\/#breadcrumb","itemListElement":[{"@type":"ListItem","position":1,"name":"Inicio","item":"https:\/\/rucua.com\/"},{"@type":"ListItem","position":2,"name":"Tienda","item":"https:\/\/rucua.com\/tienda\/"},{"@type":"ListItem","position":3,"name":"BX-00 RED Xtreme Stadium"}]},{"@type":"WebSite","@id":"https:\/\/rucua.com\/ja\/#website","url":"https:\/\/rucua.com\/ja\/","name":"Rucua","description":"","potentialAction":[{"@type":"SearchAction","target":{"@type":"EntryPoint","urlTemplate":"https:\/\/rucua.com\/ja\/?s={search_term_string}"},"query-input":{"@type":"PropertyValueSpecification","valueRequired":true,"valueName":"search_term_string"}}],"inLanguage":"en-US"}]},"product_price_amount":"1999.00","product_price_currency":"MXN","og_availability":"instock","product_availability":"instock","product_condition":"new"},"_links":{"self":[{"href":"https:\/\/rucua.com\/en\/wp-json\/wp\/v2\/product\/21032","targetHints":{"allow":["GET"]}}],"collection":[{"href":"https:\/\/rucua.com\/en\/wp-json\/wp\/v2\/product"}],"about":[{"href":"https:\/\/rucua.com\/en\/wp-json\/wp\/v2\/types\/product"}],"replies":[{"embeddable":true,"href":"https:\/\/rucua.com\/en\/wp-json\/wp\/v2\/comments?post=21032"}],"wp:featuredmedia":[{"embeddable":true,"href":"https:\/\/rucua.com\/en\/wp-json\/wp\/v2\/media\/22441"}],"wp:attachment":[{"href":"https:\/\/rucua.com\/en\/wp-json\/wp\/v2\/media?parent=21032"}],"wp:term":[{"taxonomy":"product_brand","embeddable":true,"href":"https:\/\/rucua.com\/en\/wp-json\/wp\/v2\/product_brand?post=21032"},{"taxonomy":"product_cat","embeddable":true,"href":"https:\/\/rucua.com\/en\/wp-json\/wp\/v2\/product_cat?post=21032"},{"taxonomy":"product_tag","embeddable":true,"href":"https:\/\/rucua.com\/en\/wp-json\/wp\/v2\/product_tag?post=21032"}],"curies":[{"name":"wp","href":"https:\/\/api.w.org\/{rel}","templated":true}]}}